{"id":1755,"date":"2025-11-01T07:56:39","date_gmt":"2025-11-01T07:56:39","guid":{"rendered":"https:\/\/ecocretefiber.com\/?page_id=1755"},"modified":"2026-05-03T03:41:09","modified_gmt":"2026-05-03T03:41:09","slug":"nachrichten","status":"publish","type":"page","link":"https:\/\/ecocretefiber.com\/de\/nachrichten\/","title":{"rendered":"Nachrichten"},"content":{"rendered":"<div data-elementor-type=\"wp-page\" data-elementor-id=\"1755\" class=\"elementor elementor-1755\" data-elementor-post-type=\"page\">\n\t\t\t\t\t\t<section class=\"elementor-section elementor-top-section elementor-element elementor-element-7c987da3 elementor-reverse-mobile elementor-section-boxed elementor-section-height-default elementor-section-height-default elementor-invisible\" data-id=\"7c987da3\" data-element_type=\"section\" data-e-type=\"section\" data-settings=\"{&quot;background_background&quot;:&quot;classic&quot;,&quot;animation&quot;:&quot;fadeIn&quot;}\">\n\t\t\t\t\t\t\t<div class=\"elementor-background-overlay\"><\/div>\n\t\t\t\t\t\t\t<div class=\"elementor-container elementor-column-gap-default\">\n\t\t\t\t\t<div class=\"elementor-column elementor-col-100 elementor-top-column elementor-element elementor-element-32aa8340\" data-id=\"32aa8340\" data-element_type=\"column\" data-e-type=\"column\">\n\t\t\t<div class=\"elementor-widget-wrap elementor-element-populated\">\n\t\t\t\t\t\t<div class=\"elementor-element elementor-element-1d6f815b elementor-icon-list--layout-inline elementor-list-item-link-inline elementor-align-center elementor-mobile-align-center elementor-invisible elementor-widget elementor-widget-icon-list\" data-id=\"1d6f815b\" data-element_type=\"widget\" data-e-type=\"widget\" data-settings=\"{&quot;_animation&quot;:&quot;fadeInUp&quot;}\" data-widget_type=\"icon-list.default\">\n\t\t\t\t\t\t\t<ul class=\"elementor-icon-list-items elementor-inline-items\">\n\t\t\t\t\t\t\t<li class=\"elementor-icon-list-item elementor-inline-item\">\n\t\t\t\t\t\t\t\t\t\t\t<span class=\"elementor-icon-list-icon\">\n\t\t\t\t\t\t\t<i aria-hidden=\"true\" class=\"icon icon-safety\"><\/i>\t\t\t\t\t\t<\/span>\n\t\t\t\t\t\t\t\t\t\t<span class=\"elementor-icon-list-text\">Blog<\/span>\n\t\t\t\t\t\t\t\t\t<\/li>\n\t\t\t\t\t\t<\/ul>\n\t\t\t\t\t\t<\/div>\n\t\t\t\t<div class=\"elementor-element elementor-element-4dc3a6fa elementor-invisible elementor-widget elementor-widget-heading\" data-id=\"4dc3a6fa\" data-element_type=\"widget\" data-e-type=\"widget\" data-settings=\"{&quot;_animation&quot;:&quot;fadeInUp&quot;}\" data-widget_type=\"heading.default\">\n\t\t\t\t\t<h1 class=\"elementor-heading-title elementor-size-default\">Nachrichten und Updates<\/h1>\t\t\t\t<\/div>\n\t\t\t\t<div class=\"elementor-element elementor-element-326c776c elementor-invisible elementor-widget elementor-widget-text-editor\" data-id=\"326c776c\" data-element_type=\"widget\" data-e-type=\"widget\" data-settings=\"{&quot;_animation&quot;:&quot;fadeInUp&quot;}\" data-widget_type=\"text-editor.default\">\n\t\t\t\t\t\t\t\t\t<p>Lorem ipsum dolor sit amet, consectetur adipiscing elit. Ut elit tellus, luctus nec ullam corper.<\/p>\t\t\t\t\t\t\t\t<\/div>\n\t\t\t\t\t<\/div>\n\t\t<\/div>\n\t\t\t\t\t<\/div>\n\t\t<\/section>\n\t\t<div class=\"elementor-element elementor-element-14c7525 e-flex e-con-boxed e-con e-parent\" data-id=\"14c7525\" data-element_type=\"container\" data-e-type=\"container\">\n\t\t\t\t\t<div class=\"e-con-inner\">\n\t\t\t\t<div class=\"elementor-element elementor-element-057b783 elementor-grid-1 elementor-grid-tablet-1 elementor-posts--align-left elementor-posts--thumbnail-left elementor-grid-mobile-1 elementor-widget elementor-widget-posts\" data-id=\"057b783\" data-element_type=\"widget\" data-e-type=\"widget\" data-settings=\"{&quot;classic_columns&quot;:&quot;1&quot;,&quot;classic_columns_tablet&quot;:&quot;1&quot;,&quot;pagination_type&quot;:&quot;numbers_and_prev_next&quot;,&quot;classic_columns_mobile&quot;:&quot;1&quot;,&quot;classic_row_gap&quot;:{&quot;unit&quot;:&quot;px&quot;,&quot;size&quot;:35,&quot;sizes&quot;:[]},&quot;classic_row_gap_widescreen&quot;:{&quot;unit&quot;:&quot;px&quot;,&quot;size&quot;:&quot;&quot;,&quot;sizes&quot;:[]},&quot;classic_row_gap_tablet&quot;:{&quot;unit&quot;:&quot;px&quot;,&quot;size&quot;:&quot;&quot;,&quot;sizes&quot;:[]},&quot;classic_row_gap_mobile&quot;:{&quot;unit&quot;:&quot;px&quot;,&quot;size&quot;:&quot;&quot;,&quot;sizes&quot;:[]}}\" data-widget_type=\"posts.classic\">\n\t\t\t\t<div class=\"elementor-widget-container\">\n\t\t\t\t\t\t\t<div class=\"elementor-posts-container elementor-posts elementor-posts--skin-classic elementor-grid\" role=\"list\">\n\t\t\t\t<article class=\"elementor-post elementor-grid-item post-2527 post type-post status-publish format-standard has-post-thumbnail hentry category-product-news tag-micro-synthetic-fiber tag-micro-synthetic-fiber-for-concrete\" role=\"listitem\">\n\t\t\t\t<a class=\"elementor-post__thumbnail__link\" href=\"https:\/\/ecocretefiber.com\/de\/micro-synthetic-fiber-for-concrete-distributor-guide\/\" tabindex=\"-1\" >\n\t\t\t<div class=\"elementor-post__thumbnail\"><img fetchpriority=\"high\" decoding=\"async\" width=\"1448\" height=\"1086\" src=\"https:\/\/ecocretefiber.com\/wp-content\/uploads\/2026\/05\/micro-synthetic-fiber-concrete.webp\" class=\"attachment-full size-full wp-image-2530\" alt=\"Micro synthetic fiber for concrete shrinkage crack control\" srcset=\"https:\/\/ecocretefiber.com\/wp-content\/uploads\/2026\/05\/micro-synthetic-fiber-concrete.webp 1448w, https:\/\/ecocretefiber.com\/wp-content\/uploads\/2026\/05\/micro-synthetic-fiber-concrete-300x225.webp 300w, https:\/\/ecocretefiber.com\/wp-content\/uploads\/2026\/05\/micro-synthetic-fiber-concrete-1024x768.webp 1024w, https:\/\/ecocretefiber.com\/wp-content\/uploads\/2026\/05\/micro-synthetic-fiber-concrete-768x576.webp 768w, https:\/\/ecocretefiber.com\/wp-content\/uploads\/2026\/05\/micro-synthetic-fiber-concrete-16x12.webp 16w\" sizes=\"(max-width: 1448px) 100vw, 1448px\" \/><\/div>\n\t\t<\/a>\n\t\t\t\t<div class=\"elementor-post__text\">\n\t\t\t\t<h3 class=\"elementor-post__title\">\n\t\t\t<a href=\"https:\/\/ecocretefiber.com\/de\/micro-synthetic-fiber-for-concrete-distributor-guide\/\" >\n\t\t\t\tMikrosynthetische Fasern f\u00fcr Beton: Der Leitfaden f\u00fcr H\u00e4ndler zur Schwindungskontrolle, Spezifikationen und Produktauswahl\t\t\t<\/a>\n\t\t<\/h3>\n\t\t\t\t<div class=\"elementor-post__meta-data\">\n\t\t\t\t\t<span class=\"elementor-post-author\">\n\t\t\tinfo@ecocretefiber.com\t\t<\/span>\n\t\t\t\t<span class=\"elementor-post-date\">\n\t\t\tMai 17, 2026\t\t<\/span>\n\t\t\t\t<\/div>\n\t\t\n\t\t<a class=\"elementor-post__read-more\" href=\"https:\/\/ecocretefiber.com\/de\/micro-synthetic-fiber-for-concrete-distributor-guide\/\" aria-label=\"Mehr \u00fcber Micro Synthetic Fiber for Concrete: The Distributor&#8217;s Guide to Shrinkage Control, Specs &amp; Product Selection\" tabindex=\"-1\" >\n\t\t\tMehr lesen \u00bb\t\t<\/a>\n\n\t\t\t\t<\/div>\n\t\t\t\t<\/article>\n\t\t\t\t<article class=\"elementor-post elementor-grid-item post-2517 post type-post status-publish format-standard has-post-thumbnail hentry category-industry-news tag-macro-synthetic-fiber tag-macro-synthetic-fiber-for-concrete tag-synthetic-fiber\" role=\"listitem\">\n\t\t\t\t<a class=\"elementor-post__thumbnail__link\" href=\"https:\/\/ecocretefiber.com\/de\/makro-kunstfaser-fur-beton-verteilerleitfaden\/\" tabindex=\"-1\" >\n\t\t\t<div class=\"elementor-post__thumbnail\"><img decoding=\"async\" width=\"1672\" height=\"941\" src=\"https:\/\/ecocretefiber.com\/wp-content\/uploads\/2026\/05\/macro-synthetic-fiber-concrete.webp\" class=\"attachment-full size-full wp-image-2523\" alt=\"Makro-Synthetikfasern f\u00fcr die Betonbewehrung in Platten, Spritzbeton und Fertigteilanwendungen\" srcset=\"https:\/\/ecocretefiber.com\/wp-content\/uploads\/2026\/05\/macro-synthetic-fiber-concrete.webp 1672w, https:\/\/ecocretefiber.com\/wp-content\/uploads\/2026\/05\/macro-synthetic-fiber-concrete-300x169.webp 300w, https:\/\/ecocretefiber.com\/wp-content\/uploads\/2026\/05\/macro-synthetic-fiber-concrete-1024x576.webp 1024w, https:\/\/ecocretefiber.com\/wp-content\/uploads\/2026\/05\/macro-synthetic-fiber-concrete-768x432.webp 768w, https:\/\/ecocretefiber.com\/wp-content\/uploads\/2026\/05\/macro-synthetic-fiber-concrete-1536x864.webp 1536w, https:\/\/ecocretefiber.com\/wp-content\/uploads\/2026\/05\/macro-synthetic-fiber-concrete-18x10.webp 18w\" sizes=\"(max-width: 1672px) 100vw, 1672px\" \/><\/div>\n\t\t<\/a>\n\t\t\t\t<div class=\"elementor-post__text\">\n\t\t\t\t<h3 class=\"elementor-post__title\">\n\t\t\t<a href=\"https:\/\/ecocretefiber.com\/de\/makro-kunstfaser-fur-beton-verteilerleitfaden\/\" >\n\t\t\t\tMakro-Synthetikfasern f\u00fcr Beton: Der Leitfaden f\u00fcr H\u00e4ndler zu Anwendungen, Spezifikationen und Marktpositionierung\t\t\t<\/a>\n\t\t<\/h3>\n\t\t\t\t<div class=\"elementor-post__meta-data\">\n\t\t\t\t\t<span class=\"elementor-post-author\">\n\t\t\tinfo@ecocretefiber.com\t\t<\/span>\n\t\t\t\t<span class=\"elementor-post-date\">\n\t\t\tMai 16, 2026\t\t<\/span>\n\t\t\t\t<\/div>\n\t\t\n\t\t<a class=\"elementor-post__read-more\" href=\"https:\/\/ecocretefiber.com\/de\/makro-kunstfaser-fur-beton-verteilerleitfaden\/\" aria-label=\"Mehr \u00fcber Macro Synthetic Fiber for Concrete: The Distributor&#8217;s Guide to Applications, Specs &amp; Market Positioning\" tabindex=\"-1\" >\n\t\t\tMehr lesen \u00bb\t\t<\/a>\n\n\t\t\t\t<\/div>\n\t\t\t\t<\/article>\n\t\t\t\t<article class=\"elementor-post elementor-grid-item post-2506 post type-post status-publish format-standard has-post-thumbnail hentry category-industry-news tag-fiberglass-react-with-acid\" role=\"listitem\">\n\t\t\t\t<a class=\"elementor-post__thumbnail__link\" href=\"https:\/\/ecocretefiber.com\/de\/reagieren-glasfasern-mit-saure\/\" tabindex=\"-1\" >\n\t\t\t<div class=\"elementor-post__thumbnail\"><img decoding=\"async\" width=\"1672\" height=\"941\" src=\"https:\/\/ecocretefiber.com\/wp-content\/uploads\/2026\/05\/Fiberglass-and-Acid-Exposure-in-Construction-Materials.webp\" class=\"attachment-full size-full wp-image-2510\" alt=\"Neben den Zement- und Harzmustern sind Glasfasergewebe, Glasfasern und eine chemische Best\u00e4ndigkeitstabelle abgebildet.\" srcset=\"https:\/\/ecocretefiber.com\/wp-content\/uploads\/2026\/05\/Fiberglass-and-Acid-Exposure-in-Construction-Materials.webp 1672w, https:\/\/ecocretefiber.com\/wp-content\/uploads\/2026\/05\/Fiberglass-and-Acid-Exposure-in-Construction-Materials-300x169.webp 300w, https:\/\/ecocretefiber.com\/wp-content\/uploads\/2026\/05\/Fiberglass-and-Acid-Exposure-in-Construction-Materials-1024x576.webp 1024w, https:\/\/ecocretefiber.com\/wp-content\/uploads\/2026\/05\/Fiberglass-and-Acid-Exposure-in-Construction-Materials-768x432.webp 768w, https:\/\/ecocretefiber.com\/wp-content\/uploads\/2026\/05\/Fiberglass-and-Acid-Exposure-in-Construction-Materials-1536x864.webp 1536w, https:\/\/ecocretefiber.com\/wp-content\/uploads\/2026\/05\/Fiberglass-and-Acid-Exposure-in-Construction-Materials-18x10.webp 18w\" sizes=\"(max-width: 1672px) 100vw, 1672px\" \/><\/div>\n\t\t<\/a>\n\t\t\t\t<div class=\"elementor-post__text\">\n\t\t\t\t<h3 class=\"elementor-post__title\">\n\t\t\t<a href=\"https:\/\/ecocretefiber.com\/de\/reagieren-glasfasern-mit-saure\/\" >\n\t\t\t\tReagieren Glasfasern mit S\u00e4ure?\t\t\t<\/a>\n\t\t<\/h3>\n\t\t\t\t<div class=\"elementor-post__meta-data\">\n\t\t\t\t\t<span class=\"elementor-post-author\">\n\t\t\tinfo@ecocretefiber.com\t\t<\/span>\n\t\t\t\t<span class=\"elementor-post-date\">\n\t\t\tMai 14, 2026\t\t<\/span>\n\t\t\t\t<\/div>\n\t\t\n\t\t<a class=\"elementor-post__read-more\" href=\"https:\/\/ecocretefiber.com\/de\/reagieren-glasfasern-mit-saure\/\" aria-label=\"Mehr \u00fcber Does fiberglass react with acid?\" tabindex=\"-1\" >\n\t\t\tMehr lesen \u00bb\t\t<\/a>\n\n\t\t\t\t<\/div>\n\t\t\t\t<\/article>\n\t\t\t\t<article class=\"elementor-post elementor-grid-item post-2499 post type-post status-publish format-standard has-post-thumbnail hentry category-product-news tag-steel-fiber tag-steel-fiber-dosage-in-concrete\" role=\"listitem\">\n\t\t\t\t<a class=\"elementor-post__thumbnail__link\" href=\"https:\/\/ecocretefiber.com\/de\/steel-fiber-dosage-in-concrete\/\" tabindex=\"-1\" >\n\t\t\t<div class=\"elementor-post__thumbnail\"><img loading=\"lazy\" decoding=\"async\" width=\"1672\" height=\"941\" src=\"https:\/\/ecocretefiber.com\/wp-content\/uploads\/2026\/05\/steel-fiber-dosage-added-to-fresh-concrete.webp\" class=\"attachment-full size-full wp-image-2503\" alt=\"Stahlfasern werden dem Frischbeton zugesetzt, um die Risskontrolle und die Z\u00e4higkeit zu verbessern.\" srcset=\"https:\/\/ecocretefiber.com\/wp-content\/uploads\/2026\/05\/steel-fiber-dosage-added-to-fresh-concrete.webp 1672w, https:\/\/ecocretefiber.com\/wp-content\/uploads\/2026\/05\/steel-fiber-dosage-added-to-fresh-concrete-300x169.webp 300w, https:\/\/ecocretefiber.com\/wp-content\/uploads\/2026\/05\/steel-fiber-dosage-added-to-fresh-concrete-1024x576.webp 1024w, https:\/\/ecocretefiber.com\/wp-content\/uploads\/2026\/05\/steel-fiber-dosage-added-to-fresh-concrete-768x432.webp 768w, https:\/\/ecocretefiber.com\/wp-content\/uploads\/2026\/05\/steel-fiber-dosage-added-to-fresh-concrete-1536x864.webp 1536w, https:\/\/ecocretefiber.com\/wp-content\/uploads\/2026\/05\/steel-fiber-dosage-added-to-fresh-concrete-18x10.webp 18w\" sizes=\"(max-width: 1672px) 100vw, 1672px\" \/><\/div>\n\t\t<\/a>\n\t\t\t\t<div class=\"elementor-post__text\">\n\t\t\t\t<h3 class=\"elementor-post__title\">\n\t\t\t<a href=\"https:\/\/ecocretefiber.com\/de\/steel-fiber-dosage-in-concrete\/\" >\n\t\t\t\tStahlfaserdosierung in Beton: Wie sich der Volumengehalt auf Flie\u00dfen, Verteilung und Risskontrolle auswirkt\t\t\t<\/a>\n\t\t<\/h3>\n\t\t\t\t<div class=\"elementor-post__meta-data\">\n\t\t\t\t\t<span class=\"elementor-post-author\">\n\t\t\tinfo@ecocretefiber.com\t\t<\/span>\n\t\t\t\t<span class=\"elementor-post-date\">\n\t\t\tMai 10, 2026\t\t<\/span>\n\t\t\t\t<\/div>\n\t\t\n\t\t<a class=\"elementor-post__read-more\" href=\"https:\/\/ecocretefiber.com\/de\/steel-fiber-dosage-in-concrete\/\" aria-label=\"Mehr \u00fcber Steel Fiber Dosage In Concrete: How Volume Content Affects Flow, Distribution, And Crack Control\" tabindex=\"-1\" >\n\t\t\tMehr lesen \u00bb\t\t<\/a>\n\n\t\t\t\t<\/div>\n\t\t\t\t<\/article>\n\t\t\t\t<article class=\"elementor-post elementor-grid-item post-2493 post type-post status-publish format-standard has-post-thumbnail hentry category-industry-news tag-hybrid-fiber-reinforced-concrete\" role=\"listitem\">\n\t\t\t\t<a class=\"elementor-post__thumbnail__link\" href=\"https:\/\/ecocretefiber.com\/de\/hybrider-faserverstarkter-beton\/\" tabindex=\"-1\" >\n\t\t\t<div class=\"elementor-post__thumbnail\"><img loading=\"lazy\" decoding=\"async\" width=\"1448\" height=\"1086\" src=\"https:\/\/ecocretefiber.com\/wp-content\/uploads\/2026\/05\/Hybrid-Fibers-Added-To-Fresh-Concrete.webp\" class=\"attachment-full size-full wp-image-2496\" alt=\"Bei der Herstellung von hybridem faserverst\u00e4rktem Beton werden dem Frischbeton Stahlfasern und Polypropylenfasern zugesetzt.\" srcset=\"https:\/\/ecocretefiber.com\/wp-content\/uploads\/2026\/05\/Hybrid-Fibers-Added-To-Fresh-Concrete.webp 1448w, https:\/\/ecocretefiber.com\/wp-content\/uploads\/2026\/05\/Hybrid-Fibers-Added-To-Fresh-Concrete-300x225.webp 300w, https:\/\/ecocretefiber.com\/wp-content\/uploads\/2026\/05\/Hybrid-Fibers-Added-To-Fresh-Concrete-1024x768.webp 1024w, https:\/\/ecocretefiber.com\/wp-content\/uploads\/2026\/05\/Hybrid-Fibers-Added-To-Fresh-Concrete-768x576.webp 768w, https:\/\/ecocretefiber.com\/wp-content\/uploads\/2026\/05\/Hybrid-Fibers-Added-To-Fresh-Concrete-16x12.webp 16w\" sizes=\"(max-width: 1448px) 100vw, 1448px\" \/><\/div>\n\t\t<\/a>\n\t\t\t\t<div class=\"elementor-post__text\">\n\t\t\t\t<h3 class=\"elementor-post__title\">\n\t\t\t<a href=\"https:\/\/ecocretefiber.com\/de\/hybrider-faserverstarkter-beton\/\" >\n\t\t\t\tHybrider faserverst\u00e4rkter Beton: Wie multiskalige Fasern die Risskontrolle, die Z\u00e4higkeit und die Dauerhaftigkeit des Betons verbessern\t\t\t<\/a>\n\t\t<\/h3>\n\t\t\t\t<div class=\"elementor-post__meta-data\">\n\t\t\t\t\t<span class=\"elementor-post-author\">\n\t\t\tinfo@ecocretefiber.com\t\t<\/span>\n\t\t\t\t<span class=\"elementor-post-date\">\n\t\t\tMai 9, 2026\t\t<\/span>\n\t\t\t\t<\/div>\n\t\t\n\t\t<a class=\"elementor-post__read-more\" href=\"https:\/\/ecocretefiber.com\/de\/hybrider-faserverstarkter-beton\/\" aria-label=\"Mehr \u00fcber Hybrid Fiber Reinforced Concrete: How Multi-Scale Fibers Improve Crack Control, Toughness, And Concrete Durability\" tabindex=\"-1\" >\n\t\t\tMehr lesen \u00bb\t\t<\/a>\n\n\t\t\t\t<\/div>\n\t\t\t\t<\/article>\n\t\t\t\t<article class=\"elementor-post elementor-grid-item post-2481 post type-post status-publish format-standard has-post-thumbnail hentry category-industry-news tag-microfiber tag-microfiber-cement\" role=\"listitem\">\n\t\t\t\t<a class=\"elementor-post__thumbnail__link\" href=\"https:\/\/ecocretefiber.com\/de\/wozu-dient-der-mikrofaserkitt\/\" tabindex=\"-1\" >\n\t\t\t<div class=\"elementor-post__thumbnail\"><img loading=\"lazy\" decoding=\"async\" width=\"1448\" height=\"1086\" src=\"https:\/\/ecocretefiber.com\/wp-content\/uploads\/2026\/05\/Smooth-Microfiber-Cement-Surface-After-Finishing.webp\" class=\"attachment-full size-full wp-image-2483\" alt=\"Die Oberfl\u00e4che eines fertigen Mikrofaserzementbodens weist eine glatte Textur mit weniger sichtbaren Rissen auf.\" srcset=\"https:\/\/ecocretefiber.com\/wp-content\/uploads\/2026\/05\/Smooth-Microfiber-Cement-Surface-After-Finishing.webp 1448w, https:\/\/ecocretefiber.com\/wp-content\/uploads\/2026\/05\/Smooth-Microfiber-Cement-Surface-After-Finishing-300x225.webp 300w, https:\/\/ecocretefiber.com\/wp-content\/uploads\/2026\/05\/Smooth-Microfiber-Cement-Surface-After-Finishing-1024x768.webp 1024w, https:\/\/ecocretefiber.com\/wp-content\/uploads\/2026\/05\/Smooth-Microfiber-Cement-Surface-After-Finishing-768x576.webp 768w, https:\/\/ecocretefiber.com\/wp-content\/uploads\/2026\/05\/Smooth-Microfiber-Cement-Surface-After-Finishing-16x12.webp 16w\" sizes=\"(max-width: 1448px) 100vw, 1448px\" \/><\/div>\n\t\t<\/a>\n\t\t\t\t<div class=\"elementor-post__text\">\n\t\t\t\t<h3 class=\"elementor-post__title\">\n\t\t\t<a href=\"https:\/\/ecocretefiber.com\/de\/wozu-dient-der-mikrofaserkitt\/\" >\n\t\t\t\tWozu dient der Mikrofaserkitt?\t\t\t<\/a>\n\t\t<\/h3>\n\t\t\t\t<div class=\"elementor-post__meta-data\">\n\t\t\t\t\t<span class=\"elementor-post-author\">\n\t\t\tinfo@ecocretefiber.com\t\t<\/span>\n\t\t\t\t<span class=\"elementor-post-date\">\n\t\t\tMai 7, 2026\t\t<\/span>\n\t\t\t\t<\/div>\n\t\t\n\t\t<a class=\"elementor-post__read-more\" href=\"https:\/\/ecocretefiber.com\/de\/wozu-dient-der-mikrofaserkitt\/\" aria-label=\"Mehr \u00fcber What is the use of microfiber cement?\" tabindex=\"-1\" >\n\t\t\tMehr lesen \u00bb\t\t<\/a>\n\n\t\t\t\t<\/div>\n\t\t\t\t<\/article>\n\t\t\t\t<\/div>\n\t\t\n\t\t\t\t<div class=\"e-load-more-anchor\" data-page=\"1\" data-max-page=\"10\" data-next-page=\"https:\/\/ecocretefiber.com\/wp-json\/wp\/v2\/pages\/1755\/page\/2\/\"><\/div>\n\t\t\t\t<nav class=\"elementor-pagination\" aria-label=\"Seitennummerierung\">\n\t\t\t<span class=\"page-numbers prev\">\u00ab Vorherige<\/span>\n<span aria-current=\"page\" class=\"page-numbers current\"><span class=\"elementor-screen-only\">Seite<\/span>1<\/span>\n<a class=\"page-numbers\" href=\"https:\/\/ecocretefiber.com\/wp-json\/wp\/v2\/pages\/1755\/page\/2\/\"><span class=\"elementor-screen-only\">Seite<\/span>2<\/a>\n<a class=\"page-numbers\" href=\"https:\/\/ecocretefiber.com\/wp-json\/wp\/v2\/pages\/1755\/page\/3\/\"><span class=\"elementor-screen-only\">Seite<\/span>3<\/a>\n<a class=\"page-numbers\" href=\"https:\/\/ecocretefiber.com\/wp-json\/wp\/v2\/pages\/1755\/page\/4\/\"><span class=\"elementor-screen-only\">Seite<\/span>4<\/a>\n<a class=\"page-numbers\" href=\"https:\/\/ecocretefiber.com\/wp-json\/wp\/v2\/pages\/1755\/page\/5\/\"><span class=\"elementor-screen-only\">Seite<\/span>5<\/a>\n<a class=\"page-numbers\" href=\"https:\/\/ecocretefiber.com\/wp-json\/wp\/v2\/pages\/1755\/page\/6\/\"><span class=\"elementor-screen-only\">Seite<\/span>6<\/a>\n<a class=\"page-numbers\" href=\"https:\/\/ecocretefiber.com\/wp-json\/wp\/v2\/pages\/1755\/page\/7\/\"><span class=\"elementor-screen-only\">Seite<\/span>7<\/a>\n<a class=\"page-numbers\" href=\"https:\/\/ecocretefiber.com\/wp-json\/wp\/v2\/pages\/1755\/page\/8\/\"><span class=\"elementor-screen-only\">Seite<\/span>8<\/a>\n<a class=\"page-numbers\" href=\"https:\/\/ecocretefiber.com\/wp-json\/wp\/v2\/pages\/1755\/page\/9\/\"><span class=\"elementor-screen-only\">Seite<\/span>9<\/a>\n<a class=\"page-numbers\" href=\"https:\/\/ecocretefiber.com\/wp-json\/wp\/v2\/pages\/1755\/page\/10\/\"><span class=\"elementor-screen-only\">Seite<\/span>10<\/a>\n<a class=\"page-numbers next\" href=\"https:\/\/ecocretefiber.com\/wp-json\/wp\/v2\/pages\/1755\/page\/2\/\">N\u00e4chste \u00bb<\/a>\t\t<\/nav>\n\t\t\t\t\t\t<\/div>\n\t\t\t\t<\/div>\n\t\t\t\t\t<\/div>\n\t\t\t\t<\/div>\n\t\t\t\t<\/div>","protected":false},"excerpt":{"rendered":"<p>Blog News &amp; Updates Lorem ipsum dolor sit amet, consectetur adipiscing elit. Ut elit tellus, luctus nec ullam corper.<\/p>","protected":false},"author":2,"featured_media":0,"parent":0,"menu_order":0,"comment_status":"closed","ping_status":"closed","template":"","meta":{"footnotes":""},"class_list":["post-1755","page","type-page","status-publish","hentry"],"_links":{"self":[{"href":"https:\/\/ecocretefiber.com\/de\/wp-json\/wp\/v2\/pages\/1755","targetHints":{"allow":["GET"]}}],"collection":[{"href":"https:\/\/ecocretefiber.com\/de\/wp-json\/wp\/v2\/pages"}],"about":[{"href":"https:\/\/ecocretefiber.com\/de\/wp-json\/wp\/v2\/types\/page"}],"author":[{"embeddable":true,"href":"https:\/\/ecocretefiber.com\/de\/wp-json\/wp\/v2\/users\/2"}],"replies":[{"embeddable":true,"href":"https:\/\/ecocretefiber.com\/de\/wp-json\/wp\/v2\/comments?post=1755"}],"version-history":[{"count":26,"href":"https:\/\/ecocretefiber.com\/de\/wp-json\/wp\/v2\/pages\/1755\/revisions"}],"predecessor-version":[{"id":2466,"href":"https:\/\/ecocretefiber.com\/de\/wp-json\/wp\/v2\/pages\/1755\/revisions\/2466"}],"wp:attachment":[{"href":"https:\/\/ecocretefiber.com\/de\/wp-json\/wp\/v2\/media?parent=1755"}],"curies":[{"name":"wp","href":"https:\/\/api.w.org\/{rel}","templated":true}]}}