{"id":466,"date":"2025-10-04T12:38:36","date_gmt":"2025-10-04T12:38:36","guid":{"rendered":"https:\/\/ecocretefiber.com\/?page_id=466"},"modified":"2025-10-28T14:10:26","modified_gmt":"2025-10-28T14:10:26","slug":"kernkraftwerk-shidao-bay","status":"publish","type":"page","link":"https:\/\/ecocretefiber.com\/de\/projekte\/kernkraftwerk-shidao-bay\/","title":{"rendered":"Kernkraftwerk Shidao Bay"},"content":{"rendered":"<div data-elementor-type=\"wp-page\" data-elementor-id=\"466\" class=\"elementor elementor-466\" data-elementor-post-type=\"page\">\n\t\t\t\t\t\t<section class=\"elementor-section elementor-top-section elementor-element elementor-element-1d68fafc elementor-reverse-mobile elementor-section-boxed elementor-section-height-default elementor-section-height-default elementor-invisible\" data-id=\"1d68fafc\" data-element_type=\"section\" data-e-type=\"section\" data-settings=\"{&quot;background_background&quot;:&quot;classic&quot;,&quot;animation&quot;:&quot;fadeIn&quot;}\">\n\t\t\t\t\t\t\t<div class=\"elementor-background-overlay\"><\/div>\n\t\t\t\t\t\t\t<div class=\"elementor-container elementor-column-gap-default\">\n\t\t\t\t\t<div class=\"elementor-column elementor-col-100 elementor-top-column elementor-element elementor-element-3112ee69\" data-id=\"3112ee69\" data-element_type=\"column\" data-e-type=\"column\">\n\t\t\t<div class=\"elementor-widget-wrap elementor-element-populated\">\n\t\t\t\t\t\t<div class=\"elementor-element elementor-element-6400f3f9 elementor-icon-list--layout-inline elementor-list-item-link-inline elementor-align-center elementor-mobile-align-center elementor-invisible elementor-widget elementor-widget-icon-list\" data-id=\"6400f3f9\" data-element_type=\"widget\" data-e-type=\"widget\" data-settings=\"{&quot;_animation&quot;:&quot;fadeInUp&quot;}\" data-widget_type=\"icon-list.default\">\n\t\t\t\t\t\t\t<ul class=\"elementor-icon-list-items elementor-inline-items\">\n\t\t\t\t\t\t\t<li class=\"elementor-icon-list-item elementor-inline-item\">\n\t\t\t\t\t\t\t\t\t\t\t<span class=\"elementor-icon-list-icon\">\n\t\t\t\t\t\t\t<i aria-hidden=\"true\" class=\"icon icon-safety\"><\/i>\t\t\t\t\t\t<\/span>\n\t\t\t\t\t\t\t\t\t\t<span class=\"elementor-icon-list-text\">Projekt<\/span>\n\t\t\t\t\t\t\t\t\t<\/li>\n\t\t\t\t\t\t<\/ul>\n\t\t\t\t\t\t<\/div>\n\t\t\t\t<div class=\"elementor-element elementor-element-60dd54a9 elementor-invisible elementor-widget elementor-widget-heading\" data-id=\"60dd54a9\" data-element_type=\"widget\" data-e-type=\"widget\" data-settings=\"{&quot;_animation&quot;:&quot;fadeInUp&quot;}\" data-widget_type=\"heading.default\">\n\t\t\t\t\t<h1 class=\"elementor-heading-title elementor-size-default\">Kernkraftwerk Shidao Bay<\/h1>\t\t\t\t<\/div>\n\t\t\t\t<div class=\"elementor-element elementor-element-1de6a4e5 elementor-widget__width-initial elementor-invisible elementor-widget elementor-widget-text-editor\" data-id=\"1de6a4e5\" data-element_type=\"widget\" data-e-type=\"widget\" data-settings=\"{&quot;_animation&quot;:&quot;fadeInUp&quot;}\" data-widget_type=\"text-editor.default\">\n\t\t\t\t\t\t\t\t\t<p>Risskontrolle f\u00fcr Massen- und Strukturbetone mit Ecocrete\u2122 PP Monofilament Fiber<\/p>\t\t\t\t\t\t\t\t<\/div>\n\t\t\t\t\t<\/div>\n\t\t<\/div>\n\t\t\t\t\t<\/div>\n\t\t<\/section>\n\t\t\t\t<section class=\"elementor-section elementor-top-section elementor-element elementor-element-5000161d elementor-section-boxed elementor-section-height-default elementor-section-height-default\" data-id=\"5000161d\" data-element_type=\"section\" data-e-type=\"section\">\n\t\t\t\t\t\t<div class=\"elementor-container elementor-column-gap-default\">\n\t\t\t\t\t<div class=\"elementor-column elementor-col-50 elementor-top-column elementor-element elementor-element-26123f6b\" data-id=\"26123f6b\" data-element_type=\"column\" data-e-type=\"column\">\n\t\t\t<div class=\"elementor-widget-wrap elementor-element-populated\">\n\t\t\t\t\t\t<div class=\"elementor-element elementor-element-2128813b elementor-invisible elementor-widget elementor-widget-image\" data-id=\"2128813b\" data-element_type=\"widget\" data-e-type=\"widget\" data-settings=\"{&quot;_animation&quot;:&quot;fadeInUp&quot;}\" data-widget_type=\"image.default\">\n\t\t\t\t\t\t\t\t\t\t\t\t\t\t\t<img fetchpriority=\"high\" decoding=\"async\" width=\"2560\" height=\"1705\" src=\"https:\/\/ecocretefiber.com\/wp-content\/uploads\/2025\/10\/futuristic-view-inside-of-cooling-tower-of-unfinis-2025-01-08-06-08-00-utc-scaled.jpg\" class=\"attachment-full size-full wp-image-519\" alt=\"Innenansicht eines im Bau befindlichen K\u00fchlturms mit Ger\u00fcst und Betons\u00e4ulen\" srcset=\"https:\/\/ecocretefiber.com\/wp-content\/uploads\/2025\/10\/futuristic-view-inside-of-cooling-tower-of-unfinis-2025-01-08-06-08-00-utc-scaled.jpg 2560w, https:\/\/ecocretefiber.com\/wp-content\/uploads\/2025\/10\/futuristic-view-inside-of-cooling-tower-of-unfinis-2025-01-08-06-08-00-utc-300x200.jpg 300w, https:\/\/ecocretefiber.com\/wp-content\/uploads\/2025\/10\/futuristic-view-inside-of-cooling-tower-of-unfinis-2025-01-08-06-08-00-utc-1024x682.jpg 1024w, https:\/\/ecocretefiber.com\/wp-content\/uploads\/2025\/10\/futuristic-view-inside-of-cooling-tower-of-unfinis-2025-01-08-06-08-00-utc-768x512.jpg 768w, https:\/\/ecocretefiber.com\/wp-content\/uploads\/2025\/10\/futuristic-view-inside-of-cooling-tower-of-unfinis-2025-01-08-06-08-00-utc-1536x1023.jpg 1536w, https:\/\/ecocretefiber.com\/wp-content\/uploads\/2025\/10\/futuristic-view-inside-of-cooling-tower-of-unfinis-2025-01-08-06-08-00-utc-2048x1364.jpg 2048w\" sizes=\"(max-width: 2560px) 100vw, 2560px\" \/>\t\t\t\t\t\t\t\t\t\t\t\t\t\t\t<\/div>\n\t\t\t\t<div class=\"elementor-element elementor-element-12a636f3 elementor-invisible elementor-widget elementor-widget-heading\" data-id=\"12a636f3\" data-element_type=\"widget\" data-e-type=\"widget\" data-settings=\"{&quot;_animation&quot;:&quot;fadeInUp&quot;}\" data-widget_type=\"heading.default\">\n\t\t\t\t\t<h2 class=\"elementor-heading-title elementor-size-default\">Herausforderungen und L\u00f6sungen<\/h2>\t\t\t\t<\/div>\n\t\t\t\t<div class=\"elementor-element elementor-element-36c7b028 elementor-invisible elementor-widget elementor-widget-text-editor\" data-id=\"36c7b028\" data-element_type=\"widget\" data-e-type=\"widget\" data-settings=\"{&quot;_animation&quot;:&quot;fadeInUp&quot;}\" data-widget_type=\"text-editor.default\">\n\t\t\t\t\t\t\t\t\t<h3><strong>Massive Sch\u00fcttungen, \u00fcberf\u00fcllte Bewehrung, K\u00fcstenexposition - verwaltet<\/strong><\/h3><p>Fr\u00fchzeitige Rissbildung bei Massen-\/Flotteng\u00fcssen: PP-Monofilamente bilden ein 3D-Netzwerk, das die plastische Schrumpfung bei der Entwicklung von Temperaturgradienten begrenzt und dazu beitr\u00e4gt, die Rissbreite gering zu halten.<\/p><p>Durchdringungen und Kanten: Zus\u00e4tzliche Z\u00e4higkeit nach dem Riss unterst\u00fctzt das Anbringen von Muffen, Einbettungen, Ankertaschen und S\u00e4geschnitten, um Abplatzungen und kosmetische Flickarbeiten zu reduzieren.<\/p><p>Umgebung an der K\u00fcste: Polypropylen ist nicht korrosiv und widersteht Chloriden\/Alkalien, was die langfristige Haltbarkeit im Vergleich zu metallischen Mikroverst\u00e4rkungen unterst\u00fctzt.<\/p><p>Effizientes Einbringen: Die Fasern verteilen sich schnell in der zentralen Mischanlage oder auf der Baustelle, sind pumpenfreundlich und tragen zur Stabilisierung der Oberfl\u00e4chen bei, um eine gleichbleibende Textur und Fugenqualit\u00e4t zu gew\u00e4hrleisten.<\/p>\t\t\t\t\t\t\t\t<\/div>\n\t\t\t\t<div class=\"elementor-element elementor-element-47cb1168 elementor-arrows-position-inside elementor-pagination-position-outside elementor-invisible elementor-widget elementor-widget-image-carousel\" data-id=\"47cb1168\" data-element_type=\"widget\" data-e-type=\"widget\" data-settings=\"{&quot;slides_to_show&quot;:&quot;1&quot;,&quot;slides_to_show_tablet&quot;:&quot;2&quot;,&quot;slides_to_show_mobile&quot;:&quot;1&quot;,&quot;_animation_mobile&quot;:&quot;fadeInUp&quot;,&quot;_animation&quot;:&quot;fadeInUp&quot;,&quot;navigation&quot;:&quot;both&quot;,&quot;autoplay&quot;:&quot;yes&quot;,&quot;pause_on_hover&quot;:&quot;yes&quot;,&quot;pause_on_interaction&quot;:&quot;yes&quot;,&quot;autoplay_speed&quot;:5000,&quot;infinite&quot;:&quot;yes&quot;,&quot;effect&quot;:&quot;slide&quot;,&quot;speed&quot;:500}\" data-widget_type=\"image-carousel.default\">\n\t\t\t\t\t\t\t<div class=\"elementor-image-carousel-wrapper swiper\" role=\"region\" aria-roledescription=\"carousel\" aria-label=\"\u56fe\u50cf\u8f6e\u64ad\" dir=\"ltr\">\n\t\t\t<div class=\"elementor-image-carousel swiper-wrapper\" aria-live=\"off\">\n\t\t\t\t\t\t\t\t<div class=\"swiper-slide\" role=\"group\" aria-roledescription=\"slide\" aria-label=\"1 \u0645\u0646 4\" data-no-translation-aria-label=\"\"><figure class=\"swiper-slide-inner\"><img decoding=\"async\" class=\"swiper-slide-image\" src=\"https:\/\/ecocretefiber.com\/wp-content\/uploads\/2025\/10\/\u6444\u56fe\u7f51_501405437_\u5c71\u4e1c\u5a01\u6d77\u77f3\u5c9b\u6e7e\u975e\u4f01\u4e1a\u5546\u7528-scaled.jpg\" alt=\"Luftaufnahme der K\u00fcstenlinie der Shidao-Bucht in der N\u00e4he des Kernkraftwerks\" \/><\/figure><\/div><div class=\"swiper-slide\" role=\"group\" aria-roledescription=\"slide\" aria-label=\"2 \u0645\u0646 4\" data-no-translation-aria-label=\"\"><figure class=\"swiper-slide-inner\"><img decoding=\"async\" class=\"swiper-slide-image\" src=\"https:\/\/ecocretefiber.com\/wp-content\/uploads\/2025\/10\/oil-and-gas-refinery-plant-form-industry-zone-aer-2025-01-08-23-13-15-utc-scaled.jpg\" alt=\"Energie- und Versorgungskomplex an der K\u00fcste mit Einlass- und Auslasskan\u00e4len\" \/><\/figure><\/div><div class=\"swiper-slide\" role=\"group\" aria-roledescription=\"slide\" aria-label=\"3 \u0645\u0646 4\" data-no-translation-aria-label=\"\"><figure class=\"swiper-slide-inner\"><img decoding=\"async\" class=\"swiper-slide-image\" src=\"https:\/\/ecocretefiber.com\/wp-content\/uploads\/2025\/10\/heavy-industrial-coal-power-electricity-plant-with-2024-12-08-01-05-49-utc-scaled.jpg\" alt=\"Industriekraftwerkskomplex mit Lagerhallen und Nebengeb\u00e4uden\" \/><\/figure><\/div><div class=\"swiper-slide\" role=\"group\" aria-roledescription=\"slide\" aria-label=\"4 \u0645\u0646 4\" data-no-translation-aria-label=\"\"><figure class=\"swiper-slide-inner\"><img decoding=\"async\" class=\"swiper-slide-image\" src=\"https:\/\/ecocretefiber.com\/wp-content\/uploads\/2025\/10\/solar-power-in-the-desert-2025-02-22-15-05-34-utc-scaled.jpg\" alt=\"Energieinfrastrukturlandschaft mit dauerhaften konkreten Anforderungen\" \/><\/figure><\/div>\t\t\t<\/div>\n\t\t\t\t\t\t\t\t\t\t\t\t<div class=\"elementor-swiper-button elementor-swiper-button-prev\" role=\"button\" tabindex=\"0\">\n\t\t\t\t\t\t<svg aria-hidden=\"true\" class=\"e-font-icon-svg e-eicon-chevron-left\" viewbox=\"0 0 1000 1000\" xmlns=\"http:\/\/www.w3.org\/2000\/svg\"><path d=\"M646 125C629 125 613 133 604 142L308 442C296 454 292 471 292 487 292 504 296 521 308 533L604 854C617 867 629 875 646 875 663 875 679 871 692 858 704 846 713 829 713 812 713 796 708 779 692 767L438 487 692 225C700 217 708 204 708 187 708 171 704 154 692 142 675 129 663 125 646 125Z\"><\/path><\/svg>\t\t\t\t\t<\/div>\n\t\t\t\t\t<div class=\"elementor-swiper-button elementor-swiper-button-next\" role=\"button\" tabindex=\"0\">\n\t\t\t\t\t\t<svg aria-hidden=\"true\" class=\"e-font-icon-svg e-eicon-chevron-right\" viewbox=\"0 0 1000 1000\" xmlns=\"http:\/\/www.w3.org\/2000\/svg\"><path d=\"M696 533C708 521 713 504 713 487 713 471 708 454 696 446L400 146C388 133 375 125 354 125 338 125 325 129 313 142 300 154 292 171 292 187 292 204 296 221 308 233L563 492 304 771C292 783 288 800 288 817 288 833 296 850 308 863 321 871 338 875 354 875 371 875 388 867 400 854L696 533Z\"><\/path><\/svg>\t\t\t\t\t<\/div>\n\t\t\t\t\n\t\t\t\t\t\t\t\t\t<div class=\"swiper-pagination\"><\/div>\n\t\t\t\t\t\t\t\t\t<\/div>\n\t\t\t\t\t\t<\/div>\n\t\t\t\t<div class=\"elementor-element elementor-element-08c6484 elementor-invisible elementor-widget elementor-widget-text-editor\" data-id=\"08c6484\" data-element_type=\"widget\" data-e-type=\"widget\" data-settings=\"{&quot;_animation&quot;:&quot;fadeInUp&quot;}\" data-widget_type=\"text-editor.default\">\n\t\t\t\t\t\t\t\t\t<h3><strong>Engere Risse, sauberere Fugen, weniger Nacharbeit<\/strong><\/h3><p>Die Teams berichteten von einer verbesserten Kontrolle der plastischen Schwindungsrisse an freiliegenden Platten und Bel\u00e4gen, sch\u00e4rferen Fugenkanten und weniger kleinfl\u00e4chigen Reparaturen um Durchdringungen und Arbeitsfugen. Fasermodifizierte Mischungen unterst\u00fctzen die Verl\u00e4sslichkeit von Zeitpl\u00e4nen und verringern den Wartungsaufwand \u00fcber den gesamten Lebenszyklus von kritischen Betonanlagen.<\/p>\t\t\t\t\t\t\t\t<\/div>\n\t\t\t\t\t<\/div>\n\t\t<\/div>\n\t\t\t\t<div class=\"elementor-column elementor-col-50 elementor-top-column elementor-element elementor-element-108741a2\" data-id=\"108741a2\" data-element_type=\"column\" data-e-type=\"column\">\n\t\t\t<div class=\"elementor-widget-wrap elementor-element-populated\">\n\t\t\t\t\t\t<div class=\"elementor-element elementor-element-71636037 elementor-invisible elementor-widget elementor-widget-heading\" data-id=\"71636037\" data-element_type=\"widget\" data-e-type=\"widget\" data-settings=\"{&quot;_animation&quot;:&quot;fadeInUp&quot;}\" data-widget_type=\"heading.default\">\n\t\t\t\t\t<h2 class=\"elementor-heading-title elementor-size-default\">\u00dcberblick \u00fcber das Projekt<\/h2>\t\t\t\t<\/div>\n\t\t\t\t<div class=\"elementor-element elementor-element-5d4e0728 elementor-invisible elementor-widget elementor-widget-text-editor\" data-id=\"5d4e0728\" data-element_type=\"widget\" data-e-type=\"widget\" data-settings=\"{&quot;_animation&quot;:&quot;fadeInUp&quot;}\" data-widget_type=\"text-editor.default\">\n\t\t\t\t\t\t\t\t\t<p><strong>Faserverst\u00e4rkter Beton f\u00fcr sicherheitskritische Zuverl\u00e4ssigkeitMassive Betonagen, \u00fcberlastete Bewehrung, Exposition gegen\u00fcber der K\u00fcste - verwaltet<\/strong><b><\/b><\/p><p>In der Shidao-Bucht erfordern die wichtigsten Bauwerke - Grundmauern, Nebengeb\u00e4ude, K\u00fchlwasserstrukturen und hochbelastbare Bel\u00e4ge - eine strenge Risskontrolle, stabile Oberfl\u00e4chen und eine lange Lebensdauer. Um die plastische Schwindung und die fr\u00fche Mikrorissbildung in dichten Mischungen mit niedrigem w\/z-Wert zu reduzieren, wurden bei dem Projekt Ecocrete\u2122 Polypropylen-Monofilamentfasern eingesetzt. Gleichm\u00e4\u00dfig verteilte Mikrofasern \u00fcberbr\u00fccken Mikrorisse bei der Entstehung, verbessern die Oberfl\u00e4chenintegrit\u00e4t an Fugen und Durchdringungen und erh\u00f6hen die Abrieb- und Sto\u00dffestigkeit f\u00fcr den Bau- und Instandhaltungsverkehr.<\/p>\t\t\t\t\t\t\t\t<\/div>\n\t\t\t\t<div class=\"elementor-element elementor-element-26d8de8b elementor-widget-mobile__width-inherit elementor-icon-list--layout-traditional elementor-list-item-link-full_width elementor-invisible elementor-widget elementor-widget-icon-list\" data-id=\"26d8de8b\" data-element_type=\"widget\" data-e-type=\"widget\" data-settings=\"{&quot;_animation&quot;:&quot;fadeInUp&quot;}\" data-widget_type=\"icon-list.default\">\n\t\t\t\t\t\t\t<ul class=\"elementor-icon-list-items\">\n\t\t\t\t\t\t\t<li class=\"elementor-icon-list-item\">\n\t\t\t\t\t\t\t\t\t\t\t<span class=\"elementor-icon-list-icon\">\n\t\t\t\t\t\t\t<i aria-hidden=\"true\" class=\"icon icon-apartment1\"><\/i>\t\t\t\t\t\t<\/span>\n\t\t\t\t\t\t\t\t\t\t<span class=\"elementor-icon-list-text\">Anwendung: Fundament- und Flo\u00dfsch\u00fcttungen, Nebengeb\u00e4ude, Einlauf- und Auslaufbauwerke, Schutzbel\u00e4ge, Schwerlastbel\u00e4ge<\/span>\n\t\t\t\t\t\t\t\t\t<\/li>\n\t\t\t\t\t\t\t\t<li class=\"elementor-icon-list-item\">\n\t\t\t\t\t\t\t\t\t\t\t<span class=\"elementor-icon-list-icon\">\n\t\t\t\t\t\t\t<i aria-hidden=\"true\" class=\"icon icon-calendar3\"><\/i>\t\t\t\t\t\t<\/span>\n\t\t\t\t\t\t\t\t\t\t<span class=\"elementor-icon-list-text\">Fasertyp: Ecocrete\u2122 PP Monofilamentfaser (typische L\u00e4ngen 6-12 mm)<\/span>\n\t\t\t\t\t\t\t\t\t<\/li>\n\t\t\t\t\t\t\t\t<li class=\"elementor-icon-list-item\">\n\t\t\t\t\t\t\t\t\t\t\t<span class=\"elementor-icon-list-icon\">\n\t\t\t\t\t\t\t<i aria-hidden=\"true\" class=\"icon icon-user\"><\/i>\t\t\t\t\t\t<\/span>\n\t\t\t\t\t\t\t\t\t\t<span class=\"elementor-icon-list-text\">Typische Dosierung: 0,6-1,2 kg\/m\u00b3 (je nach Mischungsentwurf, Einbauverfahren und Klima optimieren)<\/span>\n\t\t\t\t\t\t\t\t\t<\/li>\n\t\t\t\t\t\t\t\t<li class=\"elementor-icon-list-item\">\n\t\t\t\t\t\t\t\t\t\t\t<span class=\"elementor-icon-list-icon\">\n\t\t\t\t\t\t\t<i aria-hidden=\"true\" class=\"icon icon-map-marker1\"><\/i>\t\t\t\t\t\t<\/span>\n\t\t\t\t\t\t\t\t\t\t<span class=\"elementor-icon-list-text\">Vorteile: Kontrolle der plastischen Schrumpfung, geringere Rissbreiten, sauberere Risse, nicht korrosiv und chemisch inert<\/span>\n\t\t\t\t\t\t\t\t\t<\/li>\n\t\t\t\t\t\t<\/ul>\n\t\t\t\t\t\t<\/div>\n\t\t\t\t<div class=\"elementor-element elementor-element-b951669 elementor-widget elementor-widget-button\" data-id=\"b951669\" data-element_type=\"widget\" data-e-type=\"widget\" data-widget_type=\"button.default\">\n\t\t\t\t\t\t\t\t\t\t<a class=\"elementor-button elementor-button-link elementor-size-sm\" href=\"#\">\n\t\t\t\t\t\t<span class=\"elementor-button-content-wrapper\">\n\t\t\t\t\t\t\t\t\t<span class=\"elementor-button-text\">Kontakt<\/span>\n\t\t\t\t\t<\/span>\n\t\t\t\t\t<\/a>\n\t\t\t\t\t\t\t\t<\/div>\n\t\t\t\t\t<\/div>\n\t\t<\/div>\n\t\t\t\t\t<\/div>\n\t\t<\/section>\n\t\t\t\t<\/div>","protected":false},"excerpt":{"rendered":"<p>project Shidao Bay Nuclear Power Plant Crack control for mass and structural concretes with Ecocrete\u2122 PP Monofilament Fiber Challenges &amp; Solution Massive Pours, Congested Rebar, Coastal Exposure \u2014 Managed Early-age cracking in mass\/raft pours: PP monofilaments form a 3D network that limits plastic shrinkage as thermal gradients develop, helping keep crack widths tight. Penetrations &amp; [&hellip;]<\/p>","protected":false},"author":2,"featured_media":0,"parent":108,"menu_order":0,"comment_status":"closed","ping_status":"closed","template":"elementor_header_footer","meta":{"footnotes":""},"class_list":["post-466","page","type-page","status-publish","hentry"],"_links":{"self":[{"href":"https:\/\/ecocretefiber.com\/de\/wp-json\/wp\/v2\/pages\/466","targetHints":{"allow":["GET"]}}],"collection":[{"href":"https:\/\/ecocretefiber.com\/de\/wp-json\/wp\/v2\/pages"}],"about":[{"href":"https:\/\/ecocretefiber.com\/de\/wp-json\/wp\/v2\/types\/page"}],"author":[{"embeddable":true,"href":"https:\/\/ecocretefiber.com\/de\/wp-json\/wp\/v2\/users\/2"}],"replies":[{"embeddable":true,"href":"https:\/\/ecocretefiber.com\/de\/wp-json\/wp\/v2\/comments?post=466"}],"version-history":[{"count":12,"href":"https:\/\/ecocretefiber.com\/de\/wp-json\/wp\/v2\/pages\/466\/revisions"}],"predecessor-version":[{"id":1618,"href":"https:\/\/ecocretefiber.com\/de\/wp-json\/wp\/v2\/pages\/466\/revisions\/1618"}],"up":[{"embeddable":true,"href":"https:\/\/ecocretefiber.com\/de\/wp-json\/wp\/v2\/pages\/108"}],"wp:attachment":[{"href":"https:\/\/ecocretefiber.com\/de\/wp-json\/wp\/v2\/media?parent=466"}],"curies":[{"name":"wp","href":"https:\/\/api.w.org\/{rel}","templated":true}]}}