{"id":754,"date":"2025-10-07T03:13:37","date_gmt":"2025-10-07T03:13:37","guid":{"rendered":"https:\/\/ecocretefiber.com\/?page_id=754"},"modified":"2025-10-28T13:59:33","modified_gmt":"2025-10-28T13:59:33","slug":"centrales-de-bombeo-fengxin","status":"publish","type":"page","link":"https:\/\/ecocretefiber.com\/es\/proyectos\/centrales-de-bombeo-fengxin\/","title":{"rendered":"Fengxin pumped-storage"},"content":{"rendered":"<div data-elementor-type=\"wp-page\" data-elementor-id=\"754\" class=\"elementor elementor-754\" data-elementor-post-type=\"page\">\n\t\t\t\t\t\t<section class=\"elementor-section elementor-top-section elementor-element elementor-element-1d68fafc elementor-reverse-mobile elementor-section-boxed elementor-section-height-default elementor-section-height-default elementor-invisible\" data-id=\"1d68fafc\" data-element_type=\"section\" data-e-type=\"section\" data-settings=\"{&quot;background_background&quot;:&quot;classic&quot;,&quot;animation&quot;:&quot;fadeIn&quot;}\">\n\t\t\t\t\t\t\t<div class=\"elementor-background-overlay\"><\/div>\n\t\t\t\t\t\t\t<div class=\"elementor-container elementor-column-gap-default\">\n\t\t\t\t\t<div class=\"elementor-column elementor-col-100 elementor-top-column elementor-element elementor-element-3112ee69\" data-id=\"3112ee69\" data-element_type=\"column\" data-e-type=\"column\">\n\t\t\t<div class=\"elementor-widget-wrap elementor-element-populated\">\n\t\t\t\t\t\t<div class=\"elementor-element elementor-element-6400f3f9 elementor-icon-list--layout-inline elementor-list-item-link-inline elementor-align-center elementor-mobile-align-center elementor-invisible elementor-widget elementor-widget-icon-list\" data-id=\"6400f3f9\" data-element_type=\"widget\" data-e-type=\"widget\" data-settings=\"{&quot;_animation&quot;:&quot;fadeInUp&quot;}\" data-widget_type=\"icon-list.default\">\n\t\t\t\t\t\t\t<ul class=\"elementor-icon-list-items elementor-inline-items\">\n\t\t\t\t\t\t\t<li class=\"elementor-icon-list-item elementor-inline-item\">\n\t\t\t\t\t\t\t\t\t\t\t<span class=\"elementor-icon-list-icon\">\n\t\t\t\t\t\t\t<i aria-hidden=\"true\" class=\"icon icon-safety\"><\/i>\t\t\t\t\t\t<\/span>\n\t\t\t\t\t\t\t\t\t\t<span class=\"elementor-icon-list-text\">proyecto<\/span>\n\t\t\t\t\t\t\t\t\t<\/li>\n\t\t\t\t\t\t<\/ul>\n\t\t\t\t\t\t<\/div>\n\t\t\t\t<div class=\"elementor-element elementor-element-60dd54a9 elementor-invisible elementor-widget elementor-widget-heading\" data-id=\"60dd54a9\" data-element_type=\"widget\" data-e-type=\"widget\" data-settings=\"{&quot;_animation&quot;:&quot;fadeInUp&quot;}\" data-widget_type=\"heading.default\">\n\t\t\t\t\t<h1 class=\"elementor-heading-title elementor-size-default\">Central de bombeo de Fengxin<\/h1>\t\t\t\t<\/div>\n\t\t\t\t<div class=\"elementor-element elementor-element-1de6a4e5 elementor-widget__width-initial elementor-invisible elementor-widget elementor-widget-text-editor\" data-id=\"1de6a4e5\" data-element_type=\"widget\" data-e-type=\"widget\" data-settings=\"{&quot;_animation&quot;:&quot;fadeInUp&quot;}\" data-widget_type=\"text-editor.default\">\n\t\t\t\t\t\t\t\t\t<p>Control de grietas y tenacidad con Ecocrete\u2122 PP Macro \u201cSteel-Like\u201d Fiber.<\/p>\t\t\t\t\t\t\t\t<\/div>\n\t\t\t\t\t<\/div>\n\t\t<\/div>\n\t\t\t\t\t<\/div>\n\t\t<\/section>\n\t\t\t\t<section class=\"elementor-section elementor-top-section elementor-element elementor-element-5000161d elementor-section-boxed elementor-section-height-default elementor-section-height-default\" data-id=\"5000161d\" data-element_type=\"section\" data-e-type=\"section\">\n\t\t\t\t\t\t<div class=\"elementor-container elementor-column-gap-default\">\n\t\t\t\t\t<div class=\"elementor-column elementor-col-50 elementor-top-column elementor-element elementor-element-26123f6b\" data-id=\"26123f6b\" data-element_type=\"column\" data-e-type=\"column\">\n\t\t\t<div class=\"elementor-widget-wrap elementor-element-populated\">\n\t\t\t\t\t\t<div class=\"elementor-element elementor-element-2128813b elementor-invisible elementor-widget elementor-widget-image\" data-id=\"2128813b\" data-element_type=\"widget\" data-e-type=\"widget\" data-settings=\"{&quot;_animation&quot;:&quot;fadeInUp&quot;}\" data-widget_type=\"image.default\">\n\t\t\t\t\t\t\t\t\t\t\t\t\t\t\t<img fetchpriority=\"high\" decoding=\"async\" width=\"673\" height=\"431\" src=\"https:\/\/ecocretefiber.com\/wp-content\/uploads\/2025\/10\/08543283241959.png\" class=\"attachment-full size-full wp-image-757\" alt=\"Vista a\u00e9rea del emplazamiento del embalse superior con carreteras de acceso y obras de drenaje\" srcset=\"https:\/\/ecocretefiber.com\/wp-content\/uploads\/2025\/10\/08543283241959.png 673w, https:\/\/ecocretefiber.com\/wp-content\/uploads\/2025\/10\/08543283241959-300x192.png 300w\" sizes=\"(max-width: 673px) 100vw, 673px\" \/>\t\t\t\t\t\t\t\t\t\t\t\t\t\t\t<\/div>\n\t\t\t\t<div class=\"elementor-element elementor-element-12a636f3 elementor-invisible elementor-widget elementor-widget-heading\" data-id=\"12a636f3\" data-element_type=\"widget\" data-e-type=\"widget\" data-settings=\"{&quot;_animation&quot;:&quot;fadeInUp&quot;}\" data-widget_type=\"heading.default\">\n\t\t\t\t\t<h2 class=\"elementor-heading-title elementor-size-default\">Retos y soluciones<\/h2>\t\t\t\t<\/div>\n\t\t\t\t<div class=\"elementor-element elementor-element-36c7b028 elementor-invisible elementor-widget elementor-widget-text-editor\" data-id=\"36c7b028\" data-element_type=\"widget\" data-e-type=\"widget\" data-settings=\"{&quot;_animation&quot;:&quot;fadeInUp&quot;}\" data-widget_type=\"text-editor.default\">\n\t\t\t\t\t\t\t\t\t<h3><strong>H\u00famedo-Seco C\u00edclico, Gradientes T\u00e9rmicos, Tr\u00e1fico de Mantenimiento Pesado - Gestionado<\/strong><\/h3><p>Ciclos de nivel de agua y secado: Las macrofibras de PP limitan la anchura de las grietas formadas por la restricci\u00f3n y los cambios de temperatura, ayudando a mantener las superficies herm\u00e9ticas y \u00fatiles.<\/p><p>Impacto y abrasi\u00f3n: La dureza a\u00f1adida resiste la abrasi\u00f3n de los residuos transportados por el agua y el tr\u00e1fico de veh\u00edculos en la carretera de cresta.<\/p><p>Anclajes, desag\u00fces, juntas: Las fibras protegen las aristas alrededor de los desag\u00fces, las cavidades de los anclajes y los detalles de las juntas, reduciendo los desprendimientos y los parches.<\/p><p>Durabilidad sin corrosi\u00f3n: Las macrofibras de polipropileno no se oxidan, ideales para zonas saturadas y zonas de salpicaduras en comparaci\u00f3n con las fibras de acero.<\/p>\t\t\t\t\t\t\t\t<\/div>\n\t\t\t\t<div class=\"elementor-element elementor-element-47cb1168 elementor-arrows-position-inside elementor-pagination-position-outside elementor-invisible elementor-widget elementor-widget-image-carousel\" data-id=\"47cb1168\" data-element_type=\"widget\" data-e-type=\"widget\" data-settings=\"{&quot;slides_to_show&quot;:&quot;1&quot;,&quot;slides_to_show_tablet&quot;:&quot;2&quot;,&quot;slides_to_show_mobile&quot;:&quot;1&quot;,&quot;_animation_mobile&quot;:&quot;fadeInUp&quot;,&quot;_animation&quot;:&quot;fadeInUp&quot;,&quot;navigation&quot;:&quot;both&quot;,&quot;autoplay&quot;:&quot;yes&quot;,&quot;pause_on_hover&quot;:&quot;yes&quot;,&quot;pause_on_interaction&quot;:&quot;yes&quot;,&quot;autoplay_speed&quot;:5000,&quot;infinite&quot;:&quot;yes&quot;,&quot;effect&quot;:&quot;slide&quot;,&quot;speed&quot;:500}\" data-widget_type=\"image-carousel.default\">\n\t\t\t\t\t\t\t<div class=\"elementor-image-carousel-wrapper swiper\" role=\"region\" aria-roledescription=\"carousel\" aria-label=\"\u56fe\u50cf\u8f6e\u64ad\" dir=\"ltr\">\n\t\t\t<div class=\"elementor-image-carousel swiper-wrapper\" aria-live=\"off\">\n\t\t\t\t\t\t\t\t<div class=\"swiper-slide\" role=\"group\" aria-roledescription=\"slide\" aria-label=\"1 de 4\" data-no-translation-aria-label=\"\"><figure class=\"swiper-slide-inner\"><img decoding=\"async\" class=\"swiper-slide-image\" src=\"https:\/\/ecocretefiber.com\/wp-content\/uploads\/2025\/10\/08550266241959.png\" alt=\"Ceremonia de inauguraci\u00f3n del proyecto de bombeo con banderas rojas\" \/><\/figure><\/div><div class=\"swiper-slide\" role=\"group\" aria-roledescription=\"slide\" aria-label=\"2 de 4\" data-no-translation-aria-label=\"\"><figure class=\"swiper-slide-inner\"><img decoding=\"async\" class=\"swiper-slide-image\" src=\"https:\/\/ecocretefiber.com\/wp-content\/uploads\/2025\/10\/94be8d25705f4e3ea49b61bdc81a6529-scaled.jpg\" alt=\"Excavaci\u00f3n de terraplenes y bancos con caminos de acarreo alrededor del emplazamiento\" \/><\/figure><\/div><div class=\"swiper-slide\" role=\"group\" aria-roledescription=\"slide\" aria-label=\"3 de 4\" data-no-translation-aria-label=\"\"><figure class=\"swiper-slide-inner\"><img decoding=\"async\" class=\"swiper-slide-image\" src=\"https:\/\/ecocretefiber.com\/wp-content\/uploads\/2025\/10\/08544417241959.png\" alt=\"Valle boscoso y embalse inferior cerca del proyecto\" \/><\/figure><\/div><div class=\"swiper-slide\" role=\"group\" aria-roledescription=\"slide\" aria-label=\"4 de 4\" data-no-translation-aria-label=\"\"><figure class=\"swiper-slide-inner\"><img decoding=\"async\" class=\"swiper-slide-image\" src=\"https:\/\/ecocretefiber.com\/wp-content\/uploads\/2025\/10\/20250718144840514051.png\" alt=\"20250718144840514051\" \/><\/figure><\/div>\t\t\t<\/div>\n\t\t\t\t\t\t\t\t\t\t\t\t<div class=\"elementor-swiper-button elementor-swiper-button-prev\" role=\"button\" tabindex=\"0\">\n\t\t\t\t\t\t<svg aria-hidden=\"true\" class=\"e-font-icon-svg e-eicon-chevron-left\" viewbox=\"0 0 1000 1000\" xmlns=\"http:\/\/www.w3.org\/2000\/svg\"><path d=\"M646 125C629 125 613 133 604 142L308 442C296 454 292 471 292 487 292 504 296 521 308 533L604 854C617 867 629 875 646 875 663 875 679 871 692 858 704 846 713 829 713 812 713 796 708 779 692 767L438 487 692 225C700 217 708 204 708 187 708 171 704 154 692 142 675 129 663 125 646 125Z\"><\/path><\/svg>\t\t\t\t\t<\/div>\n\t\t\t\t\t<div class=\"elementor-swiper-button elementor-swiper-button-next\" role=\"button\" tabindex=\"0\">\n\t\t\t\t\t\t<svg aria-hidden=\"true\" class=\"e-font-icon-svg e-eicon-chevron-right\" viewbox=\"0 0 1000 1000\" xmlns=\"http:\/\/www.w3.org\/2000\/svg\"><path d=\"M696 533C708 521 713 504 713 487 713 471 708 454 696 446L400 146C388 133 375 125 354 125 338 125 325 129 313 142 300 154 292 171 292 187 292 204 296 221 308 233L563 492 304 771C292 783 288 800 288 817 288 833 296 850 308 863 321 871 338 875 354 875 371 875 388 867 400 854L696 533Z\"><\/path><\/svg>\t\t\t\t\t<\/div>\n\t\t\t\t\n\t\t\t\t\t\t\t\t\t<div class=\"swiper-pagination\"><\/div>\n\t\t\t\t\t\t\t\t\t<\/div>\n\t\t\t\t\t\t<\/div>\n\t\t\t\t<div class=\"elementor-element elementor-element-08c6484 elementor-invisible elementor-widget elementor-widget-text-editor\" data-id=\"08c6484\" data-element_type=\"widget\" data-e-type=\"widget\" data-settings=\"{&quot;_animation&quot;:&quot;fadeInUp&quot;}\" data-widget_type=\"text-editor.default\">\n\t\t\t\t\t\t\t\t\t<h3><strong>Grietas m\u00e1s estrechas, mayor resistencia, menos mantenimiento<\/strong><\/h3><p>Los equipos de construcci\u00f3n informaron de una menor anchura de las grietas tras los cambios de temperatura, unos bordes de junta m\u00e1s limpios en desag\u00fces y anclajes, y una mayor resistencia a la abrasi\u00f3n en los pavimentos de las crestas. Las secciones modificadas con fibra permiten prolongar los intervalos de mantenimiento y un funcionamiento fiable de los embalses.<\/p>\t\t\t\t\t\t\t\t<\/div>\n\t\t\t\t\t<\/div>\n\t\t<\/div>\n\t\t\t\t<div class=\"elementor-column elementor-col-50 elementor-top-column elementor-element elementor-element-108741a2\" data-id=\"108741a2\" data-element_type=\"column\" data-e-type=\"column\">\n\t\t\t<div class=\"elementor-widget-wrap elementor-element-populated\">\n\t\t\t\t\t\t<div class=\"elementor-element elementor-element-71636037 elementor-invisible elementor-widget elementor-widget-heading\" data-id=\"71636037\" data-element_type=\"widget\" data-e-type=\"widget\" data-settings=\"{&quot;_animation&quot;:&quot;fadeInUp&quot;}\" data-widget_type=\"heading.default\">\n\t\t\t\t\t<h2 class=\"elementor-heading-title elementor-size-default\">Resumen del proyecto<\/h2>\t\t\t\t<\/div>\n\t\t\t\t<div class=\"elementor-element elementor-element-5d4e0728 elementor-invisible elementor-widget elementor-widget-text-editor\" data-id=\"5d4e0728\" data-element_type=\"widget\" data-e-type=\"widget\" data-settings=\"{&quot;_animation&quot;:&quot;fadeInUp&quot;}\" data-widget_type=\"text-editor.default\">\n\t\t\t\t\t\t\t\t\t<p><strong>Hormig\u00f3n duro y resistente a las fisuras para obras de coronaci\u00f3n de presas y aliviaderos<\/strong><\/p>\n<p><b><\/b>El embalse superior de Fengxin incluye losas de coronaci\u00f3n de presa, vertederos, canales de aproximaci\u00f3n y pavimentos de mantenimiento expuestos a niveles de agua c\u00edclicos, cambios de temperatura y cargas de veh\u00edculos. Para limitar el agrietamiento por contracci\u00f3n\/temperatura y a\u00f1adir dureza estructural sin riesgo de corrosi\u00f3n, la mezcla adopt\u00f3 Ecocrete\u2122 PP Macro \u201cSteel-Like\u201d Fiber. Los macrohilos en relieve crean una red entrelazada que cubre las grietas m\u00e1s amplias, mejora la resistencia al impacto\/abrasi\u00f3n y favorece una larga vida \u00fatil en entornos h\u00famedos y secos.<\/p>\t\t\t\t\t\t\t\t<\/div>\n\t\t\t\t<div class=\"elementor-element elementor-element-26d8de8b elementor-widget-mobile__width-inherit elementor-icon-list--layout-traditional elementor-list-item-link-full_width elementor-invisible elementor-widget elementor-widget-icon-list\" data-id=\"26d8de8b\" data-element_type=\"widget\" data-e-type=\"widget\" data-settings=\"{&quot;_animation&quot;:&quot;fadeInUp&quot;}\" data-widget_type=\"icon-list.default\">\n\t\t\t\t\t\t\t<ul class=\"elementor-icon-list-items\">\n\t\t\t\t\t\t\t<li class=\"elementor-icon-list-item\">\n\t\t\t\t\t\t\t\t\t\t\t<span class=\"elementor-icon-list-icon\">\n\t\t\t\t\t\t\t<i aria-hidden=\"true\" class=\"icon icon-apartment1\"><\/i>\t\t\t\t\t\t<\/span>\n\t\t\t\t\t\t\t\t\t\t<span class=\"elementor-icon-list-text\">Aplicaci\u00f3n: losas de coronaci\u00f3n\/cara de presa, hormig\u00f3n de aliviadero y vertedero, canales de aproximaci\u00f3n, pavimentos de mantenimiento, zonas de anclaje.<\/span>\n\t\t\t\t\t\t\t\t\t<\/li>\n\t\t\t\t\t\t\t\t<li class=\"elementor-icon-list-item\">\n\t\t\t\t\t\t\t\t\t\t\t<span class=\"elementor-icon-list-icon\">\n\t\t\t\t\t\t\t<i aria-hidden=\"true\" class=\"icon icon-calendar3\"><\/i>\t\t\t\t\t\t<\/span>\n\t\t\t\t\t\t\t\t\t\t<span class=\"elementor-icon-list-text\">Tipo de fibra: Ecocrete\u2122 PP Macro (similar al acero) Fibra (longitud t\u00edpica 38-54 mm).<\/span>\n\t\t\t\t\t\t\t\t\t<\/li>\n\t\t\t\t\t\t\t\t<li class=\"elementor-icon-list-item\">\n\t\t\t\t\t\t\t\t\t\t\t<span class=\"elementor-icon-list-icon\">\n\t\t\t\t\t\t\t<i aria-hidden=\"true\" class=\"icon icon-user\"><\/i>\t\t\t\t\t\t<\/span>\n\t\t\t\t\t\t\t\t\t\t<span class=\"elementor-icon-list-text\">Dosificaci\u00f3n t\u00edpica: 3,0-6,0 kg\/m\u00b3 (optimizar seg\u00fan el grosor de la secci\u00f3n y el dise\u00f1o)<\/span>\n\t\t\t\t\t\t\t\t\t<\/li>\n\t\t\t\t\t\t\t\t<li class=\"elementor-icon-list-item\">\n\t\t\t\t\t\t\t\t\t\t\t<span class=\"elementor-icon-list-icon\">\n\t\t\t\t\t\t\t<i aria-hidden=\"true\" class=\"icon icon-map-marker1\"><\/i>\t\t\t\t\t\t<\/span>\n\t\t\t\t\t\t\t\t\t\t<span class=\"elementor-icon-list-text\">Ventajas: control de fisuras por temperatura\/contracci\u00f3n, mayor capacidad de carga tras la fisuraci\u00f3n, mayor durabilidad de los bordes, alternativa no corrosiva a las microfibras de acero.<\/span>\n\t\t\t\t\t\t\t\t\t<\/li>\n\t\t\t\t\t\t<\/ul>\n\t\t\t\t\t\t<\/div>\n\t\t\t\t<div class=\"elementor-element elementor-element-b951669 elementor-widget elementor-widget-button\" data-id=\"b951669\" data-element_type=\"widget\" data-e-type=\"widget\" data-widget_type=\"button.default\">\n\t\t\t\t\t\t\t\t\t\t<a class=\"elementor-button elementor-button-link elementor-size-sm\" href=\"#elementor-action%3Aaction%3Dpopup%3Aopen%26settings%3DeyJpZCI6IjI0OSIsInRvZ2dsZSI6ZmFsc2V9\">\n\t\t\t\t\t\t<span class=\"elementor-button-content-wrapper\">\n\t\t\t\t\t\t\t\t\t<span class=\"elementor-button-text\">P\u00f3ngase en contacto con<\/span>\n\t\t\t\t\t<\/span>\n\t\t\t\t\t<\/a>\n\t\t\t\t\t\t\t\t<\/div>\n\t\t\t\t\t<\/div>\n\t\t<\/div>\n\t\t\t\t\t<\/div>\n\t\t<\/section>\n\t\t\t\t<\/div>","protected":false},"excerpt":{"rendered":"<p>project Fengxin Pumped-Storage Power Station Crack control &amp; toughness with Ecocrete\u2122 PP Macro \u201cSteel-Like\u201d Fiber Challenges &amp; Solution Cyclic Wet\u2013Dry, Thermal Gradients, Heavy Maintenance Traffic \u2014 Managed Water-level cycling &amp; drying: Macro PP fibers limit crack widths formed by restraint and temperature swings, helping keep surfaces tight and serviceable. Impact &amp; abrasion: Added toughness resists [&hellip;]<\/p>","protected":false},"author":1,"featured_media":0,"parent":108,"menu_order":0,"comment_status":"closed","ping_status":"closed","template":"elementor_header_footer","meta":{"footnotes":""},"class_list":["post-754","page","type-page","status-publish","hentry"],"_links":{"self":[{"href":"https:\/\/ecocretefiber.com\/es\/wp-json\/wp\/v2\/pages\/754","targetHints":{"allow":["GET"]}}],"collection":[{"href":"https:\/\/ecocretefiber.com\/es\/wp-json\/wp\/v2\/pages"}],"about":[{"href":"https:\/\/ecocretefiber.com\/es\/wp-json\/wp\/v2\/types\/page"}],"author":[{"embeddable":true,"href":"https:\/\/ecocretefiber.com\/es\/wp-json\/wp\/v2\/users\/1"}],"replies":[{"embeddable":true,"href":"https:\/\/ecocretefiber.com\/es\/wp-json\/wp\/v2\/comments?post=754"}],"version-history":[{"count":8,"href":"https:\/\/ecocretefiber.com\/es\/wp-json\/wp\/v2\/pages\/754\/revisions"}],"predecessor-version":[{"id":1587,"href":"https:\/\/ecocretefiber.com\/es\/wp-json\/wp\/v2\/pages\/754\/revisions\/1587"}],"up":[{"embeddable":true,"href":"https:\/\/ecocretefiber.com\/es\/wp-json\/wp\/v2\/pages\/108"}],"wp:attachment":[{"href":"https:\/\/ecocretefiber.com\/es\/wp-json\/wp\/v2\/media?parent=754"}],"curies":[{"name":"wp","href":"https:\/\/api.w.org\/{rel}","templated":true}]}}