{"id":1755,"date":"2025-11-01T07:56:39","date_gmt":"2025-11-01T07:56:39","guid":{"rendered":"https:\/\/ecocretefiber.com\/?page_id=1755"},"modified":"2026-05-03T03:41:09","modified_gmt":"2026-05-03T03:41:09","slug":"nouvelles","status":"publish","type":"page","link":"https:\/\/ecocretefiber.com\/fr\/nouvelles\/","title":{"rendered":"Actualit\u00e9s"},"content":{"rendered":"<div data-elementor-type=\"wp-page\" data-elementor-id=\"1755\" class=\"elementor elementor-1755\" data-elementor-post-type=\"page\">\n\t\t\t\t\t\t<section class=\"elementor-section elementor-top-section elementor-element elementor-element-7c987da3 elementor-reverse-mobile elementor-section-boxed elementor-section-height-default elementor-section-height-default elementor-invisible\" data-id=\"7c987da3\" data-element_type=\"section\" data-e-type=\"section\" data-settings=\"{&quot;background_background&quot;:&quot;classic&quot;,&quot;animation&quot;:&quot;fadeIn&quot;}\">\n\t\t\t\t\t\t\t<div class=\"elementor-background-overlay\"><\/div>\n\t\t\t\t\t\t\t<div class=\"elementor-container elementor-column-gap-default\">\n\t\t\t\t\t<div class=\"elementor-column elementor-col-100 elementor-top-column elementor-element elementor-element-32aa8340\" data-id=\"32aa8340\" data-element_type=\"column\" data-e-type=\"column\">\n\t\t\t<div class=\"elementor-widget-wrap elementor-element-populated\">\n\t\t\t\t\t\t<div class=\"elementor-element elementor-element-1d6f815b elementor-icon-list--layout-inline elementor-list-item-link-inline elementor-align-center elementor-mobile-align-center elementor-invisible elementor-widget elementor-widget-icon-list\" data-id=\"1d6f815b\" data-element_type=\"widget\" data-e-type=\"widget\" data-settings=\"{&quot;_animation&quot;:&quot;fadeInUp&quot;}\" data-widget_type=\"icon-list.default\">\n\t\t\t\t\t\t\t<ul class=\"elementor-icon-list-items elementor-inline-items\">\n\t\t\t\t\t\t\t<li class=\"elementor-icon-list-item elementor-inline-item\">\n\t\t\t\t\t\t\t\t\t\t\t<span class=\"elementor-icon-list-icon\">\n\t\t\t\t\t\t\t<i aria-hidden=\"true\" class=\"icon icon-safety\"><\/i>\t\t\t\t\t\t<\/span>\n\t\t\t\t\t\t\t\t\t\t<span class=\"elementor-icon-list-text\">Blog<\/span>\n\t\t\t\t\t\t\t\t\t<\/li>\n\t\t\t\t\t\t<\/ul>\n\t\t\t\t\t\t<\/div>\n\t\t\t\t<div class=\"elementor-element elementor-element-4dc3a6fa elementor-invisible elementor-widget elementor-widget-heading\" data-id=\"4dc3a6fa\" data-element_type=\"widget\" data-e-type=\"widget\" data-settings=\"{&quot;_animation&quot;:&quot;fadeInUp&quot;}\" data-widget_type=\"heading.default\">\n\t\t\t\t\t<h1 class=\"elementor-heading-title elementor-size-default\">Nouvelles et mises \u00e0 jour<\/h1>\t\t\t\t<\/div>\n\t\t\t\t<div class=\"elementor-element elementor-element-326c776c elementor-invisible elementor-widget elementor-widget-text-editor\" data-id=\"326c776c\" data-element_type=\"widget\" data-e-type=\"widget\" data-settings=\"{&quot;_animation&quot;:&quot;fadeInUp&quot;}\" data-widget_type=\"text-editor.default\">\n\t\t\t\t\t\t\t\t\t<p>Lorem ipsum dolor sit amet, consectetur adipiscing elit. Ut elit tellus, luctus nec ullam corper.<\/p>\t\t\t\t\t\t\t\t<\/div>\n\t\t\t\t\t<\/div>\n\t\t<\/div>\n\t\t\t\t\t<\/div>\n\t\t<\/section>\n\t\t<div class=\"elementor-element elementor-element-14c7525 e-flex e-con-boxed e-con e-parent\" data-id=\"14c7525\" data-element_type=\"container\" data-e-type=\"container\">\n\t\t\t\t\t<div class=\"e-con-inner\">\n\t\t\t\t<div class=\"elementor-element elementor-element-057b783 elementor-grid-1 elementor-grid-tablet-1 elementor-posts--align-left elementor-posts--thumbnail-left elementor-grid-mobile-1 elementor-widget elementor-widget-posts\" data-id=\"057b783\" data-element_type=\"widget\" data-e-type=\"widget\" data-settings=\"{&quot;classic_columns&quot;:&quot;1&quot;,&quot;classic_columns_tablet&quot;:&quot;1&quot;,&quot;pagination_type&quot;:&quot;numbers_and_prev_next&quot;,&quot;classic_columns_mobile&quot;:&quot;1&quot;,&quot;classic_row_gap&quot;:{&quot;unit&quot;:&quot;px&quot;,&quot;size&quot;:35,&quot;sizes&quot;:[]},&quot;classic_row_gap_widescreen&quot;:{&quot;unit&quot;:&quot;px&quot;,&quot;size&quot;:&quot;&quot;,&quot;sizes&quot;:[]},&quot;classic_row_gap_tablet&quot;:{&quot;unit&quot;:&quot;px&quot;,&quot;size&quot;:&quot;&quot;,&quot;sizes&quot;:[]},&quot;classic_row_gap_mobile&quot;:{&quot;unit&quot;:&quot;px&quot;,&quot;size&quot;:&quot;&quot;,&quot;sizes&quot;:[]}}\" data-widget_type=\"posts.classic\">\n\t\t\t\t<div class=\"elementor-widget-container\">\n\t\t\t\t\t\t\t<div class=\"elementor-posts-container elementor-posts elementor-posts--skin-classic elementor-grid\" role=\"list\">\n\t\t\t\t<article class=\"elementor-post elementor-grid-item post-2527 post type-post status-publish format-standard has-post-thumbnail hentry category-product-news tag-micro-synthetic-fiber tag-micro-synthetic-fiber-for-concrete\" role=\"listitem\">\n\t\t\t\t<a class=\"elementor-post__thumbnail__link\" href=\"https:\/\/ecocretefiber.com\/fr\/micro-synthetic-fiber-for-concrete-distributor-guide\/\" tabindex=\"-1\" >\n\t\t\t<div class=\"elementor-post__thumbnail\"><img fetchpriority=\"high\" decoding=\"async\" width=\"1448\" height=\"1086\" src=\"https:\/\/ecocretefiber.com\/wp-content\/uploads\/2026\/05\/micro-synthetic-fiber-concrete.webp\" class=\"attachment-full size-full wp-image-2530\" alt=\"Micro synthetic fiber for concrete shrinkage crack control\" srcset=\"https:\/\/ecocretefiber.com\/wp-content\/uploads\/2026\/05\/micro-synthetic-fiber-concrete.webp 1448w, https:\/\/ecocretefiber.com\/wp-content\/uploads\/2026\/05\/micro-synthetic-fiber-concrete-300x225.webp 300w, https:\/\/ecocretefiber.com\/wp-content\/uploads\/2026\/05\/micro-synthetic-fiber-concrete-1024x768.webp 1024w, https:\/\/ecocretefiber.com\/wp-content\/uploads\/2026\/05\/micro-synthetic-fiber-concrete-768x576.webp 768w, https:\/\/ecocretefiber.com\/wp-content\/uploads\/2026\/05\/micro-synthetic-fiber-concrete-16x12.webp 16w\" sizes=\"(max-width: 1448px) 100vw, 1448px\" \/><\/div>\n\t\t<\/a>\n\t\t\t\t<div class=\"elementor-post__text\">\n\t\t\t\t<h3 class=\"elementor-post__title\">\n\t\t\t<a href=\"https:\/\/ecocretefiber.com\/fr\/micro-synthetic-fiber-for-concrete-distributor-guide\/\" >\n\t\t\t\tFibres micro-synth\u00e9tiques pour le b\u00e9ton : le guide du distributeur pour le contr\u00f4le du retrait, les sp\u00e9cifications et la s\u00e9lection des produits\t\t\t<\/a>\n\t\t<\/h3>\n\t\t\t\t<div class=\"elementor-post__meta-data\">\n\t\t\t\t\t<span class=\"elementor-post-author\">\n\t\t\tinfo@ecocretefiber.com\t\t<\/span>\n\t\t\t\t<span class=\"elementor-post-date\">\n\t\t\tmai 17, 2026\t\t<\/span>\n\t\t\t\t<\/div>\n\t\t\n\t\t<a class=\"elementor-post__read-more\" href=\"https:\/\/ecocretefiber.com\/fr\/micro-synthetic-fiber-for-concrete-distributor-guide\/\" aria-label=\"En savoir plus sur Micro Synthetic Fiber for Concrete: The Distributor&#8217;s Guide to Shrinkage Control, Specs &amp; Product Selection\" tabindex=\"-1\" >\n\t\t\tLire plus \u00bb\t\t<\/a>\n\n\t\t\t\t<\/div>\n\t\t\t\t<\/article>\n\t\t\t\t<article class=\"elementor-post elementor-grid-item post-2517 post type-post status-publish format-standard has-post-thumbnail hentry category-industry-news tag-macro-synthetic-fiber tag-macro-synthetic-fiber-for-concrete tag-synthetic-fiber\" role=\"listitem\">\n\t\t\t\t<a class=\"elementor-post__thumbnail__link\" href=\"https:\/\/ecocretefiber.com\/fr\/macro-fibre-synthetique-pour-le-beton-guide-du-distributeur\/\" tabindex=\"-1\" >\n\t\t\t<div class=\"elementor-post__thumbnail\"><img decoding=\"async\" width=\"1672\" height=\"941\" src=\"https:\/\/ecocretefiber.com\/wp-content\/uploads\/2026\/05\/macro-synthetic-fiber-concrete.webp\" class=\"attachment-full size-full wp-image-2523\" alt=\"Fibre synth\u00e9tique macro pour le renforcement du b\u00e9ton utilis\u00e9 dans les dalles, le b\u00e9ton projet\u00e9 et les applications pr\u00e9fabriqu\u00e9es.\" srcset=\"https:\/\/ecocretefiber.com\/wp-content\/uploads\/2026\/05\/macro-synthetic-fiber-concrete.webp 1672w, https:\/\/ecocretefiber.com\/wp-content\/uploads\/2026\/05\/macro-synthetic-fiber-concrete-300x169.webp 300w, https:\/\/ecocretefiber.com\/wp-content\/uploads\/2026\/05\/macro-synthetic-fiber-concrete-1024x576.webp 1024w, https:\/\/ecocretefiber.com\/wp-content\/uploads\/2026\/05\/macro-synthetic-fiber-concrete-768x432.webp 768w, https:\/\/ecocretefiber.com\/wp-content\/uploads\/2026\/05\/macro-synthetic-fiber-concrete-1536x864.webp 1536w, https:\/\/ecocretefiber.com\/wp-content\/uploads\/2026\/05\/macro-synthetic-fiber-concrete-18x10.webp 18w\" sizes=\"(max-width: 1672px) 100vw, 1672px\" \/><\/div>\n\t\t<\/a>\n\t\t\t\t<div class=\"elementor-post__text\">\n\t\t\t\t<h3 class=\"elementor-post__title\">\n\t\t\t<a href=\"https:\/\/ecocretefiber.com\/fr\/macro-fibre-synthetique-pour-le-beton-guide-du-distributeur\/\" >\n\t\t\t\tFibres macrosynth\u00e9tiques pour le b\u00e9ton : le guide du distributeur sur les applications, les sp\u00e9cifications et le positionnement sur le march\u00e9\t\t\t<\/a>\n\t\t<\/h3>\n\t\t\t\t<div class=\"elementor-post__meta-data\">\n\t\t\t\t\t<span class=\"elementor-post-author\">\n\t\t\tinfo@ecocretefiber.com\t\t<\/span>\n\t\t\t\t<span class=\"elementor-post-date\">\n\t\t\t16 mai 2026\t\t<\/span>\n\t\t\t\t<\/div>\n\t\t\n\t\t<a class=\"elementor-post__read-more\" href=\"https:\/\/ecocretefiber.com\/fr\/macro-fibre-synthetique-pour-le-beton-guide-du-distributeur\/\" aria-label=\"En savoir plus sur Macro Synthetic Fiber for Concrete: The Distributor&#8217;s Guide to Applications, Specs &amp; Market Positioning\" tabindex=\"-1\" >\n\t\t\tLire plus \u00bb\t\t<\/a>\n\n\t\t\t\t<\/div>\n\t\t\t\t<\/article>\n\t\t\t\t<article class=\"elementor-post elementor-grid-item post-2506 post type-post status-publish format-standard has-post-thumbnail hentry category-industry-news tag-fiberglass-react-with-acid\" role=\"listitem\">\n\t\t\t\t<a class=\"elementor-post__thumbnail__link\" href=\"https:\/\/ecocretefiber.com\/fr\/la-fibre-de-verre-reagit-elle-a-lacide\/\" tabindex=\"-1\" >\n\t\t\t<div class=\"elementor-post__thumbnail\"><img decoding=\"async\" width=\"1672\" height=\"941\" src=\"https:\/\/ecocretefiber.com\/wp-content\/uploads\/2026\/05\/Fiberglass-and-Acid-Exposure-in-Construction-Materials.webp\" class=\"attachment-full size-full wp-image-2510\" alt=\"Un treillis en fibre de verre, des fibres de verre et un tableau de r\u00e9sistance chimique sont pr\u00e9sent\u00e9s \u00e0 c\u00f4t\u00e9 des \u00e9chantillons de ciment et de r\u00e9sine.\" srcset=\"https:\/\/ecocretefiber.com\/wp-content\/uploads\/2026\/05\/Fiberglass-and-Acid-Exposure-in-Construction-Materials.webp 1672w, https:\/\/ecocretefiber.com\/wp-content\/uploads\/2026\/05\/Fiberglass-and-Acid-Exposure-in-Construction-Materials-300x169.webp 300w, https:\/\/ecocretefiber.com\/wp-content\/uploads\/2026\/05\/Fiberglass-and-Acid-Exposure-in-Construction-Materials-1024x576.webp 1024w, https:\/\/ecocretefiber.com\/wp-content\/uploads\/2026\/05\/Fiberglass-and-Acid-Exposure-in-Construction-Materials-768x432.webp 768w, https:\/\/ecocretefiber.com\/wp-content\/uploads\/2026\/05\/Fiberglass-and-Acid-Exposure-in-Construction-Materials-1536x864.webp 1536w, https:\/\/ecocretefiber.com\/wp-content\/uploads\/2026\/05\/Fiberglass-and-Acid-Exposure-in-Construction-Materials-18x10.webp 18w\" sizes=\"(max-width: 1672px) 100vw, 1672px\" \/><\/div>\n\t\t<\/a>\n\t\t\t\t<div class=\"elementor-post__text\">\n\t\t\t\t<h3 class=\"elementor-post__title\">\n\t\t\t<a href=\"https:\/\/ecocretefiber.com\/fr\/la-fibre-de-verre-reagit-elle-a-lacide\/\" >\n\t\t\t\tLa fibre de verre r\u00e9agit-elle \u00e0 l'acide ?\t\t\t<\/a>\n\t\t<\/h3>\n\t\t\t\t<div class=\"elementor-post__meta-data\">\n\t\t\t\t\t<span class=\"elementor-post-author\">\n\t\t\tinfo@ecocretefiber.com\t\t<\/span>\n\t\t\t\t<span class=\"elementor-post-date\">\n\t\t\t14 mai 2026\t\t<\/span>\n\t\t\t\t<\/div>\n\t\t\n\t\t<a class=\"elementor-post__read-more\" href=\"https:\/\/ecocretefiber.com\/fr\/la-fibre-de-verre-reagit-elle-a-lacide\/\" aria-label=\"En savoir plus sur Does fiberglass react with acid?\" tabindex=\"-1\" >\n\t\t\tLire plus \u00bb\t\t<\/a>\n\n\t\t\t\t<\/div>\n\t\t\t\t<\/article>\n\t\t\t\t<article class=\"elementor-post elementor-grid-item post-2499 post type-post status-publish format-standard has-post-thumbnail hentry category-product-news tag-steel-fiber tag-steel-fiber-dosage-in-concrete\" role=\"listitem\">\n\t\t\t\t<a class=\"elementor-post__thumbnail__link\" href=\"https:\/\/ecocretefiber.com\/fr\/dosage-des-fibres-dacier-dans-le-beton\/\" tabindex=\"-1\" >\n\t\t\t<div class=\"elementor-post__thumbnail\"><img loading=\"lazy\" decoding=\"async\" width=\"1672\" height=\"941\" src=\"https:\/\/ecocretefiber.com\/wp-content\/uploads\/2026\/05\/steel-fiber-dosage-added-to-fresh-concrete.webp\" class=\"attachment-full size-full wp-image-2503\" alt=\"Des fibres d&#039;acier sont ajout\u00e9es au b\u00e9ton frais pour am\u00e9liorer le contr\u00f4le des fissures et la r\u00e9sistance.\" srcset=\"https:\/\/ecocretefiber.com\/wp-content\/uploads\/2026\/05\/steel-fiber-dosage-added-to-fresh-concrete.webp 1672w, https:\/\/ecocretefiber.com\/wp-content\/uploads\/2026\/05\/steel-fiber-dosage-added-to-fresh-concrete-300x169.webp 300w, https:\/\/ecocretefiber.com\/wp-content\/uploads\/2026\/05\/steel-fiber-dosage-added-to-fresh-concrete-1024x576.webp 1024w, https:\/\/ecocretefiber.com\/wp-content\/uploads\/2026\/05\/steel-fiber-dosage-added-to-fresh-concrete-768x432.webp 768w, https:\/\/ecocretefiber.com\/wp-content\/uploads\/2026\/05\/steel-fiber-dosage-added-to-fresh-concrete-1536x864.webp 1536w, https:\/\/ecocretefiber.com\/wp-content\/uploads\/2026\/05\/steel-fiber-dosage-added-to-fresh-concrete-18x10.webp 18w\" sizes=\"(max-width: 1672px) 100vw, 1672px\" \/><\/div>\n\t\t<\/a>\n\t\t\t\t<div class=\"elementor-post__text\">\n\t\t\t\t<h3 class=\"elementor-post__title\">\n\t\t\t<a href=\"https:\/\/ecocretefiber.com\/fr\/dosage-des-fibres-dacier-dans-le-beton\/\" >\n\t\t\t\tDosage des fibres d'acier dans le b\u00e9ton : comment la teneur en volume affecte l'\u00e9coulement, la distribution et le contr\u00f4le des fissures\t\t\t<\/a>\n\t\t<\/h3>\n\t\t\t\t<div class=\"elementor-post__meta-data\">\n\t\t\t\t\t<span class=\"elementor-post-author\">\n\t\t\tinfo@ecocretefiber.com\t\t<\/span>\n\t\t\t\t<span class=\"elementor-post-date\">\n\t\t\t10 mai 2026\t\t<\/span>\n\t\t\t\t<\/div>\n\t\t\n\t\t<a class=\"elementor-post__read-more\" href=\"https:\/\/ecocretefiber.com\/fr\/dosage-des-fibres-dacier-dans-le-beton\/\" aria-label=\"En savoir plus sur Steel Fiber Dosage In Concrete: How Volume Content Affects Flow, Distribution, And Crack Control\" tabindex=\"-1\" >\n\t\t\tLire plus \u00bb\t\t<\/a>\n\n\t\t\t\t<\/div>\n\t\t\t\t<\/article>\n\t\t\t\t<article class=\"elementor-post elementor-grid-item post-2493 post type-post status-publish format-standard has-post-thumbnail hentry category-industry-news tag-hybrid-fiber-reinforced-concrete\" role=\"listitem\">\n\t\t\t\t<a class=\"elementor-post__thumbnail__link\" href=\"https:\/\/ecocretefiber.com\/fr\/beton-hybride-renforce-de-fibres\/\" tabindex=\"-1\" >\n\t\t\t<div class=\"elementor-post__thumbnail\"><img loading=\"lazy\" decoding=\"async\" width=\"1448\" height=\"1086\" src=\"https:\/\/ecocretefiber.com\/wp-content\/uploads\/2026\/05\/Hybrid-Fibers-Added-To-Fresh-Concrete.webp\" class=\"attachment-full size-full wp-image-2496\" alt=\"Des fibres d&#039;acier et des fibres de polypropyl\u00e8ne sont ajout\u00e9es au b\u00e9ton frais pour obtenir un b\u00e9ton renforc\u00e9 de fibres hybrides.\" srcset=\"https:\/\/ecocretefiber.com\/wp-content\/uploads\/2026\/05\/Hybrid-Fibers-Added-To-Fresh-Concrete.webp 1448w, https:\/\/ecocretefiber.com\/wp-content\/uploads\/2026\/05\/Hybrid-Fibers-Added-To-Fresh-Concrete-300x225.webp 300w, https:\/\/ecocretefiber.com\/wp-content\/uploads\/2026\/05\/Hybrid-Fibers-Added-To-Fresh-Concrete-1024x768.webp 1024w, https:\/\/ecocretefiber.com\/wp-content\/uploads\/2026\/05\/Hybrid-Fibers-Added-To-Fresh-Concrete-768x576.webp 768w, https:\/\/ecocretefiber.com\/wp-content\/uploads\/2026\/05\/Hybrid-Fibers-Added-To-Fresh-Concrete-16x12.webp 16w\" sizes=\"(max-width: 1448px) 100vw, 1448px\" \/><\/div>\n\t\t<\/a>\n\t\t\t\t<div class=\"elementor-post__text\">\n\t\t\t\t<h3 class=\"elementor-post__title\">\n\t\t\t<a href=\"https:\/\/ecocretefiber.com\/fr\/beton-hybride-renforce-de-fibres\/\" >\n\t\t\t\tB\u00e9ton renforc\u00e9 de fibres hybrides : comment les fibres multi\u00e9chelles am\u00e9liorent le contr\u00f4le des fissures, la t\u00e9nacit\u00e9 et la durabilit\u00e9 du b\u00e9ton\t\t\t<\/a>\n\t\t<\/h3>\n\t\t\t\t<div class=\"elementor-post__meta-data\">\n\t\t\t\t\t<span class=\"elementor-post-author\">\n\t\t\tinfo@ecocretefiber.com\t\t<\/span>\n\t\t\t\t<span class=\"elementor-post-date\">\n\t\t\t9 mai 2026\t\t<\/span>\n\t\t\t\t<\/div>\n\t\t\n\t\t<a class=\"elementor-post__read-more\" href=\"https:\/\/ecocretefiber.com\/fr\/beton-hybride-renforce-de-fibres\/\" aria-label=\"En savoir plus sur Hybrid Fiber Reinforced Concrete: How Multi-Scale Fibers Improve Crack Control, Toughness, And Concrete Durability\" tabindex=\"-1\" >\n\t\t\tLire plus \u00bb\t\t<\/a>\n\n\t\t\t\t<\/div>\n\t\t\t\t<\/article>\n\t\t\t\t<article class=\"elementor-post elementor-grid-item post-2481 post type-post status-publish format-standard has-post-thumbnail hentry category-industry-news tag-microfiber tag-microfiber-cement\" role=\"listitem\">\n\t\t\t\t<a class=\"elementor-post__thumbnail__link\" href=\"https:\/\/ecocretefiber.com\/fr\/quelle-est-lutilisation-du-ciment-microfibre\/\" tabindex=\"-1\" >\n\t\t\t<div class=\"elementor-post__thumbnail\"><img loading=\"lazy\" decoding=\"async\" width=\"1448\" height=\"1086\" src=\"https:\/\/ecocretefiber.com\/wp-content\/uploads\/2026\/05\/Smooth-Microfiber-Cement-Surface-After-Finishing.webp\" class=\"attachment-full size-full wp-image-2483\" alt=\"La surface d&#039;un sol en ciment microfibres fini pr\u00e9sente une texture lisse et des fissures visibles r\u00e9duites.\" srcset=\"https:\/\/ecocretefiber.com\/wp-content\/uploads\/2026\/05\/Smooth-Microfiber-Cement-Surface-After-Finishing.webp 1448w, https:\/\/ecocretefiber.com\/wp-content\/uploads\/2026\/05\/Smooth-Microfiber-Cement-Surface-After-Finishing-300x225.webp 300w, https:\/\/ecocretefiber.com\/wp-content\/uploads\/2026\/05\/Smooth-Microfiber-Cement-Surface-After-Finishing-1024x768.webp 1024w, https:\/\/ecocretefiber.com\/wp-content\/uploads\/2026\/05\/Smooth-Microfiber-Cement-Surface-After-Finishing-768x576.webp 768w, https:\/\/ecocretefiber.com\/wp-content\/uploads\/2026\/05\/Smooth-Microfiber-Cement-Surface-After-Finishing-16x12.webp 16w\" sizes=\"(max-width: 1448px) 100vw, 1448px\" \/><\/div>\n\t\t<\/a>\n\t\t\t\t<div class=\"elementor-post__text\">\n\t\t\t\t<h3 class=\"elementor-post__title\">\n\t\t\t<a href=\"https:\/\/ecocretefiber.com\/fr\/quelle-est-lutilisation-du-ciment-microfibre\/\" >\n\t\t\t\tQuelle est l'utilit\u00e9 du ciment microfibre ?\t\t\t<\/a>\n\t\t<\/h3>\n\t\t\t\t<div class=\"elementor-post__meta-data\">\n\t\t\t\t\t<span class=\"elementor-post-author\">\n\t\t\tinfo@ecocretefiber.com\t\t<\/span>\n\t\t\t\t<span class=\"elementor-post-date\">\n\t\t\t7 mai 2026\t\t<\/span>\n\t\t\t\t<\/div>\n\t\t\n\t\t<a class=\"elementor-post__read-more\" href=\"https:\/\/ecocretefiber.com\/fr\/quelle-est-lutilisation-du-ciment-microfibre\/\" aria-label=\"En savoir plus sur What is the use of microfiber cement?\" tabindex=\"-1\" >\n\t\t\tLire plus \u00bb\t\t<\/a>\n\n\t\t\t\t<\/div>\n\t\t\t\t<\/article>\n\t\t\t\t<\/div>\n\t\t\n\t\t\t\t<div class=\"e-load-more-anchor\" data-page=\"1\" data-max-page=\"10\" data-next-page=\"https:\/\/ecocretefiber.com\/wp-json\/wp\/v2\/pages\/1755\/page\/2\/\"><\/div>\n\t\t\t\t<nav class=\"elementor-pagination\" aria-label=\"Pagination\">\n\t\t\t<span class=\"page-numbers prev\">\u00ab Pr\u00e9c\u00e9dent<\/span>\n<span aria-current=\"page\" class=\"page-numbers current\"><span class=\"elementor-screen-only\">Page<\/span>1<\/span>\n<a class=\"page-numbers\" href=\"https:\/\/ecocretefiber.com\/wp-json\/wp\/v2\/pages\/1755\/page\/2\/\"><span class=\"elementor-screen-only\">Page<\/span>2<\/a>\n<a class=\"page-numbers\" href=\"https:\/\/ecocretefiber.com\/wp-json\/wp\/v2\/pages\/1755\/page\/3\/\"><span class=\"elementor-screen-only\">Page<\/span>3<\/a>\n<a class=\"page-numbers\" href=\"https:\/\/ecocretefiber.com\/wp-json\/wp\/v2\/pages\/1755\/page\/4\/\"><span class=\"elementor-screen-only\">Page<\/span>4<\/a>\n<a class=\"page-numbers\" href=\"https:\/\/ecocretefiber.com\/wp-json\/wp\/v2\/pages\/1755\/page\/5\/\"><span class=\"elementor-screen-only\">Page<\/span>5<\/a>\n<a class=\"page-numbers\" href=\"https:\/\/ecocretefiber.com\/wp-json\/wp\/v2\/pages\/1755\/page\/6\/\"><span class=\"elementor-screen-only\">Page<\/span>6<\/a>\n<a class=\"page-numbers\" href=\"https:\/\/ecocretefiber.com\/wp-json\/wp\/v2\/pages\/1755\/page\/7\/\"><span class=\"elementor-screen-only\">Page<\/span>7<\/a>\n<a class=\"page-numbers\" href=\"https:\/\/ecocretefiber.com\/wp-json\/wp\/v2\/pages\/1755\/page\/8\/\"><span class=\"elementor-screen-only\">Page<\/span>8<\/a>\n<a class=\"page-numbers\" href=\"https:\/\/ecocretefiber.com\/wp-json\/wp\/v2\/pages\/1755\/page\/9\/\"><span class=\"elementor-screen-only\">Page<\/span>9<\/a>\n<a class=\"page-numbers\" href=\"https:\/\/ecocretefiber.com\/wp-json\/wp\/v2\/pages\/1755\/page\/10\/\"><span class=\"elementor-screen-only\">Page<\/span>10<\/a>\n<a class=\"page-numbers next\" href=\"https:\/\/ecocretefiber.com\/wp-json\/wp\/v2\/pages\/1755\/page\/2\/\">Suivant \u00bb<\/a>\t\t<\/nav>\n\t\t\t\t\t\t<\/div>\n\t\t\t\t<\/div>\n\t\t\t\t\t<\/div>\n\t\t\t\t<\/div>\n\t\t\t\t<\/div>","protected":false},"excerpt":{"rendered":"<p>Blog News &amp; Updates Lorem ipsum dolor sit amet, consectetur adipiscing elit. Ut elit tellus, luctus nec ullam corper.<\/p>","protected":false},"author":2,"featured_media":0,"parent":0,"menu_order":0,"comment_status":"closed","ping_status":"closed","template":"","meta":{"footnotes":""},"class_list":["post-1755","page","type-page","status-publish","hentry"],"_links":{"self":[{"href":"https:\/\/ecocretefiber.com\/fr\/wp-json\/wp\/v2\/pages\/1755","targetHints":{"allow":["GET"]}}],"collection":[{"href":"https:\/\/ecocretefiber.com\/fr\/wp-json\/wp\/v2\/pages"}],"about":[{"href":"https:\/\/ecocretefiber.com\/fr\/wp-json\/wp\/v2\/types\/page"}],"author":[{"embeddable":true,"href":"https:\/\/ecocretefiber.com\/fr\/wp-json\/wp\/v2\/users\/2"}],"replies":[{"embeddable":true,"href":"https:\/\/ecocretefiber.com\/fr\/wp-json\/wp\/v2\/comments?post=1755"}],"version-history":[{"count":26,"href":"https:\/\/ecocretefiber.com\/fr\/wp-json\/wp\/v2\/pages\/1755\/revisions"}],"predecessor-version":[{"id":2466,"href":"https:\/\/ecocretefiber.com\/fr\/wp-json\/wp\/v2\/pages\/1755\/revisions\/2466"}],"wp:attachment":[{"href":"https:\/\/ecocretefiber.com\/fr\/wp-json\/wp\/v2\/media?parent=1755"}],"curies":[{"name":"wp","href":"https:\/\/api.w.org\/{rel}","templated":true}]}}