{"id":1755,"date":"2025-11-01T07:56:39","date_gmt":"2025-11-01T07:56:39","guid":{"rendered":"https:\/\/ecocretefiber.com\/?page_id=1755"},"modified":"2026-05-03T03:41:09","modified_gmt":"2026-05-03T03:41:09","slug":"noticias","status":"publish","type":"page","link":"https:\/\/ecocretefiber.com\/pt\/noticias\/","title":{"rendered":"Not\u00edcias"},"content":{"rendered":"<div data-elementor-type=\"wp-page\" data-elementor-id=\"1755\" class=\"elementor elementor-1755\" data-elementor-post-type=\"page\">\n\t\t\t\t\t\t<section class=\"elementor-section elementor-top-section elementor-element elementor-element-7c987da3 elementor-reverse-mobile elementor-section-boxed elementor-section-height-default elementor-section-height-default elementor-invisible\" data-id=\"7c987da3\" data-element_type=\"section\" data-e-type=\"section\" data-settings=\"{&quot;background_background&quot;:&quot;classic&quot;,&quot;animation&quot;:&quot;fadeIn&quot;}\">\n\t\t\t\t\t\t\t<div class=\"elementor-background-overlay\"><\/div>\n\t\t\t\t\t\t\t<div class=\"elementor-container elementor-column-gap-default\">\n\t\t\t\t\t<div class=\"elementor-column elementor-col-100 elementor-top-column elementor-element elementor-element-32aa8340\" data-id=\"32aa8340\" data-element_type=\"column\" data-e-type=\"column\">\n\t\t\t<div class=\"elementor-widget-wrap elementor-element-populated\">\n\t\t\t\t\t\t<div class=\"elementor-element elementor-element-1d6f815b elementor-icon-list--layout-inline elementor-list-item-link-inline elementor-align-center elementor-mobile-align-center elementor-invisible elementor-widget elementor-widget-icon-list\" data-id=\"1d6f815b\" data-element_type=\"widget\" data-e-type=\"widget\" data-settings=\"{&quot;_animation&quot;:&quot;fadeInUp&quot;}\" data-widget_type=\"icon-list.default\">\n\t\t\t\t\t\t\t<ul class=\"elementor-icon-list-items elementor-inline-items\">\n\t\t\t\t\t\t\t<li class=\"elementor-icon-list-item elementor-inline-item\">\n\t\t\t\t\t\t\t\t\t\t\t<span class=\"elementor-icon-list-icon\">\n\t\t\t\t\t\t\t<i aria-hidden=\"true\" class=\"icon icon-safety\"><\/i>\t\t\t\t\t\t<\/span>\n\t\t\t\t\t\t\t\t\t\t<span class=\"elementor-icon-list-text\">Blog<\/span>\n\t\t\t\t\t\t\t\t\t<\/li>\n\t\t\t\t\t\t<\/ul>\n\t\t\t\t\t\t<\/div>\n\t\t\t\t<div class=\"elementor-element elementor-element-4dc3a6fa elementor-invisible elementor-widget elementor-widget-heading\" data-id=\"4dc3a6fa\" data-element_type=\"widget\" data-e-type=\"widget\" data-settings=\"{&quot;_animation&quot;:&quot;fadeInUp&quot;}\" data-widget_type=\"heading.default\">\n\t\t\t\t\t<h1 class=\"elementor-heading-title elementor-size-default\">Not\u00edcias e atualiza\u00e7\u00f5es<\/h1>\t\t\t\t<\/div>\n\t\t\t\t<div class=\"elementor-element elementor-element-326c776c elementor-invisible elementor-widget elementor-widget-text-editor\" data-id=\"326c776c\" data-element_type=\"widget\" data-e-type=\"widget\" data-settings=\"{&quot;_animation&quot;:&quot;fadeInUp&quot;}\" data-widget_type=\"text-editor.default\">\n\t\t\t\t\t\t\t\t\t<p>Lorem ipsum dolor sit amet, consectetur adipiscing elit. Ut elit tellus, luctus nec ullam corper.<\/p>\t\t\t\t\t\t\t\t<\/div>\n\t\t\t\t\t<\/div>\n\t\t<\/div>\n\t\t\t\t\t<\/div>\n\t\t<\/section>\n\t\t<div class=\"elementor-element elementor-element-14c7525 e-flex e-con-boxed e-con e-parent\" data-id=\"14c7525\" data-element_type=\"container\" data-e-type=\"container\">\n\t\t\t\t\t<div class=\"e-con-inner\">\n\t\t\t\t<div class=\"elementor-element elementor-element-057b783 elementor-grid-1 elementor-grid-tablet-1 elementor-posts--align-left elementor-posts--thumbnail-left elementor-grid-mobile-1 elementor-widget elementor-widget-posts\" data-id=\"057b783\" data-element_type=\"widget\" data-e-type=\"widget\" data-settings=\"{&quot;classic_columns&quot;:&quot;1&quot;,&quot;classic_columns_tablet&quot;:&quot;1&quot;,&quot;pagination_type&quot;:&quot;numbers_and_prev_next&quot;,&quot;classic_columns_mobile&quot;:&quot;1&quot;,&quot;classic_row_gap&quot;:{&quot;unit&quot;:&quot;px&quot;,&quot;size&quot;:35,&quot;sizes&quot;:[]},&quot;classic_row_gap_widescreen&quot;:{&quot;unit&quot;:&quot;px&quot;,&quot;size&quot;:&quot;&quot;,&quot;sizes&quot;:[]},&quot;classic_row_gap_tablet&quot;:{&quot;unit&quot;:&quot;px&quot;,&quot;size&quot;:&quot;&quot;,&quot;sizes&quot;:[]},&quot;classic_row_gap_mobile&quot;:{&quot;unit&quot;:&quot;px&quot;,&quot;size&quot;:&quot;&quot;,&quot;sizes&quot;:[]}}\" data-widget_type=\"posts.classic\">\n\t\t\t\t<div class=\"elementor-widget-container\">\n\t\t\t\t\t\t\t<div class=\"elementor-posts-container elementor-posts elementor-posts--skin-classic elementor-grid\" role=\"list\">\n\t\t\t\t<article class=\"elementor-post elementor-grid-item post-2473 post type-post status-publish format-standard has-post-thumbnail hentry category-product-news\" role=\"listitem\">\n\t\t\t\t<a class=\"elementor-post__thumbnail__link\" href=\"https:\/\/ecocretefiber.com\/pt\/o-que-e-macrofibra-no-concreto\/\" tabindex=\"-1\" >\n\t\t\t<div class=\"elementor-post__thumbnail\"><img fetchpriority=\"high\" decoding=\"async\" width=\"1586\" height=\"992\" src=\"https:\/\/ecocretefiber.com\/wp-content\/uploads\/2026\/05\/Macro-Fibers-Mixed-Into-Structural-Concrete-.webp\" class=\"attachment-full size-full wp-image-2478\" alt=\"Fibras longas de refor\u00e7o de concreto ao lado do concreto fresco e de uma amostra de laje acabada.\" srcset=\"https:\/\/ecocretefiber.com\/wp-content\/uploads\/2026\/05\/Macro-Fibers-Mixed-Into-Structural-Concrete-.webp 1586w, https:\/\/ecocretefiber.com\/wp-content\/uploads\/2026\/05\/Macro-Fibers-Mixed-Into-Structural-Concrete--300x188.webp 300w, https:\/\/ecocretefiber.com\/wp-content\/uploads\/2026\/05\/Macro-Fibers-Mixed-Into-Structural-Concrete--1024x640.webp 1024w, https:\/\/ecocretefiber.com\/wp-content\/uploads\/2026\/05\/Macro-Fibers-Mixed-Into-Structural-Concrete--768x480.webp 768w, https:\/\/ecocretefiber.com\/wp-content\/uploads\/2026\/05\/Macro-Fibers-Mixed-Into-Structural-Concrete--1536x961.webp 1536w, https:\/\/ecocretefiber.com\/wp-content\/uploads\/2026\/05\/Macro-Fibers-Mixed-Into-Structural-Concrete--18x12.webp 18w\" sizes=\"(max-width: 1586px) 100vw, 1586px\" \/><\/div>\n\t\t<\/a>\n\t\t\t\t<div class=\"elementor-post__text\">\n\t\t\t\t<h3 class=\"elementor-post__title\">\n\t\t\t<a href=\"https:\/\/ecocretefiber.com\/pt\/o-que-e-macrofibra-no-concreto\/\" >\n\t\t\t\tO que \u00e9 macrofibra no concreto?\t\t\t<\/a>\n\t\t<\/h3>\n\t\t\t\t<div class=\"elementor-post__meta-data\">\n\t\t\t\t\t<span class=\"elementor-post-author\">\n\t\t\t111@qq.com\t\t<\/span>\n\t\t\t\t<span class=\"elementor-post-date\">\n\t\t\t5 de maio de 2026\t\t<\/span>\n\t\t\t\t<\/div>\n\t\t\n\t\t<a class=\"elementor-post__read-more\" href=\"https:\/\/ecocretefiber.com\/pt\/o-que-e-macrofibra-no-concreto\/\" aria-label=\"Leia mais sobre What is macro fiber in concrete?\" tabindex=\"-1\" >\n\t\t\tLeia mais \u00bb\t\t<\/a>\n\n\t\t\t\t<\/div>\n\t\t\t\t<\/article>\n\t\t\t\t<article class=\"elementor-post elementor-grid-item post-2469 post type-post status-publish format-standard has-post-thumbnail hentry category-product-news tag-micro-fiber tag-micro-fiber-in-concrete\" role=\"listitem\">\n\t\t\t\t<a class=\"elementor-post__thumbnail__link\" href=\"https:\/\/ecocretefiber.com\/pt\/o-que-e-microfibra-no-concreto\/\" tabindex=\"-1\" >\n\t\t\t<div class=\"elementor-post__thumbnail\"><img decoding=\"async\" width=\"1881\" height=\"836\" src=\"https:\/\/ecocretefiber.com\/wp-content\/uploads\/2026\/05\/polypropylene-micro-fiber-concrete-crack-control.webp\" class=\"attachment-full size-full wp-image-2471\" alt=\"Microfibras finas de polipropileno usadas no concreto para reduzir a retra\u00e7\u00e3o pl\u00e1stica e as rachaduras de assentamento\" srcset=\"https:\/\/ecocretefiber.com\/wp-content\/uploads\/2026\/05\/polypropylene-micro-fiber-concrete-crack-control.webp 1881w, https:\/\/ecocretefiber.com\/wp-content\/uploads\/2026\/05\/polypropylene-micro-fiber-concrete-crack-control-300x133.webp 300w, https:\/\/ecocretefiber.com\/wp-content\/uploads\/2026\/05\/polypropylene-micro-fiber-concrete-crack-control-1024x455.webp 1024w, https:\/\/ecocretefiber.com\/wp-content\/uploads\/2026\/05\/polypropylene-micro-fiber-concrete-crack-control-768x341.webp 768w, https:\/\/ecocretefiber.com\/wp-content\/uploads\/2026\/05\/polypropylene-micro-fiber-concrete-crack-control-1536x683.webp 1536w, https:\/\/ecocretefiber.com\/wp-content\/uploads\/2026\/05\/polypropylene-micro-fiber-concrete-crack-control-18x8.webp 18w\" sizes=\"(max-width: 1881px) 100vw, 1881px\" \/><\/div>\n\t\t<\/a>\n\t\t\t\t<div class=\"elementor-post__text\">\n\t\t\t\t<h3 class=\"elementor-post__title\">\n\t\t\t<a href=\"https:\/\/ecocretefiber.com\/pt\/o-que-e-microfibra-no-concreto\/\" >\n\t\t\t\tO que \u00e9 microfibra no concreto?\t\t\t<\/a>\n\t\t<\/h3>\n\t\t\t\t<div class=\"elementor-post__meta-data\">\n\t\t\t\t\t<span class=\"elementor-post-author\">\n\t\t\tinfo@ecocretefiber.com\t\t<\/span>\n\t\t\t\t<span class=\"elementor-post-date\">\n\t\t\t4 de maio de 2026\t\t<\/span>\n\t\t\t\t<\/div>\n\t\t\n\t\t<a class=\"elementor-post__read-more\" href=\"https:\/\/ecocretefiber.com\/pt\/o-que-e-microfibra-no-concreto\/\" aria-label=\"Leia mais sobre What is micro fiber in concrete?\" tabindex=\"-1\" >\n\t\t\tLeia mais \u00bb\t\t<\/a>\n\n\t\t\t\t<\/div>\n\t\t\t\t<\/article>\n\t\t\t\t<article class=\"elementor-post elementor-grid-item post-2445 post type-post status-publish format-standard has-post-thumbnail hentry category-product-news tag-pva-fiber tag-pva-fiber-for-concrete\" role=\"listitem\">\n\t\t\t\t<a class=\"elementor-post__thumbnail__link\" href=\"https:\/\/ecocretefiber.com\/pt\/fibra-de-pva-para-concreto\/\" tabindex=\"-1\" >\n\t\t\t<div class=\"elementor-post__thumbnail\"><img decoding=\"async\" width=\"1448\" height=\"1086\" src=\"https:\/\/ecocretefiber.com\/wp-content\/uploads\/2026\/04\/pva-fiber-micro-crack-control.webp\" class=\"attachment-full size-full wp-image-2454\" alt=\"Fibra de PVA que preenche uma microfissura no concreto com liga\u00e7\u00e3o qu\u00edmica e transfer\u00eancia de tens\u00e3o\" srcset=\"https:\/\/ecocretefiber.com\/wp-content\/uploads\/2026\/04\/pva-fiber-micro-crack-control.webp 1448w, https:\/\/ecocretefiber.com\/wp-content\/uploads\/2026\/04\/pva-fiber-micro-crack-control-300x225.webp 300w, https:\/\/ecocretefiber.com\/wp-content\/uploads\/2026\/04\/pva-fiber-micro-crack-control-1024x768.webp 1024w, https:\/\/ecocretefiber.com\/wp-content\/uploads\/2026\/04\/pva-fiber-micro-crack-control-768x576.webp 768w, https:\/\/ecocretefiber.com\/wp-content\/uploads\/2026\/04\/pva-fiber-micro-crack-control-16x12.webp 16w\" sizes=\"(max-width: 1448px) 100vw, 1448px\" \/><\/div>\n\t\t<\/a>\n\t\t\t\t<div class=\"elementor-post__text\">\n\t\t\t\t<h3 class=\"elementor-post__title\">\n\t\t\t<a href=\"https:\/\/ecocretefiber.com\/pt\/fibra-de-pva-para-concreto\/\" >\n\t\t\t\tFibra de PVA para concreto: Guia do Distribuidor para Especifica\u00e7\u00f5es, Aplica\u00e7\u00f5es e Fornecimento\t\t\t<\/a>\n\t\t<\/h3>\n\t\t\t\t<div class=\"elementor-post__meta-data\">\n\t\t\t\t\t<span class=\"elementor-post-author\">\n\t\t\tinfo@ecocretefiber.com\t\t<\/span>\n\t\t\t\t<span class=\"elementor-post-date\">\n\t\t\t3 de maio de 2026\t\t<\/span>\n\t\t\t\t<\/div>\n\t\t\n\t\t<a class=\"elementor-post__read-more\" href=\"https:\/\/ecocretefiber.com\/pt\/fibra-de-pva-para-concreto\/\" aria-label=\"Leia mais sobre PVA Fiber for Concrete: A Distributor&#8217;s Guide to Specifications, Applications, and Sourcing\" tabindex=\"-1\" >\n\t\t\tLeia mais \u00bb\t\t<\/a>\n\n\t\t\t\t<\/div>\n\t\t\t\t<\/article>\n\t\t\t\t<article class=\"elementor-post elementor-grid-item post-2442 post type-post status-publish format-standard has-post-thumbnail hentry category-company-news tag-polypropylene-fiber tag-polypropylene-fiber-supplier\" role=\"listitem\">\n\t\t\t\t<a class=\"elementor-post__thumbnail__link\" href=\"https:\/\/ecocretefiber.com\/pt\/fornecedores-de-fibra-de-polipropileno\/\" tabindex=\"-1\" >\n\t\t\t<div class=\"elementor-post__thumbnail\"><img loading=\"lazy\" decoding=\"async\" width=\"1536\" height=\"1024\" src=\"https:\/\/ecocretefiber.com\/wp-content\/uploads\/2026\/05\/PVA-Fiber-for-Concrete.webp\" class=\"attachment-full size-full wp-image-2452\" alt=\"Fornecedores de fibra de polipropileno\" srcset=\"https:\/\/ecocretefiber.com\/wp-content\/uploads\/2026\/05\/PVA-Fiber-for-Concrete.webp 1536w, https:\/\/ecocretefiber.com\/wp-content\/uploads\/2026\/05\/PVA-Fiber-for-Concrete-300x200.webp 300w, https:\/\/ecocretefiber.com\/wp-content\/uploads\/2026\/05\/PVA-Fiber-for-Concrete-1024x683.webp 1024w, https:\/\/ecocretefiber.com\/wp-content\/uploads\/2026\/05\/PVA-Fiber-for-Concrete-768x512.webp 768w, https:\/\/ecocretefiber.com\/wp-content\/uploads\/2026\/05\/PVA-Fiber-for-Concrete-18x12.webp 18w\" sizes=\"(max-width: 1536px) 100vw, 1536px\" \/><\/div>\n\t\t<\/a>\n\t\t\t\t<div class=\"elementor-post__text\">\n\t\t\t\t<h3 class=\"elementor-post__title\">\n\t\t\t<a href=\"https:\/\/ecocretefiber.com\/pt\/fornecedores-de-fibra-de-polipropileno\/\" >\n\t\t\t\tFornecedores de fibra de polipropileno: Como avaliar, comparar e escolher o fornecedor certo\t\t\t<\/a>\n\t\t<\/h3>\n\t\t\t\t<div class=\"elementor-post__meta-data\">\n\t\t\t\t\t<span class=\"elementor-post-author\">\n\t\t\tinfo@ecocretefiber.com\t\t<\/span>\n\t\t\t\t<span class=\"elementor-post-date\">\n\t\t\t2 de maio de 2026\t\t<\/span>\n\t\t\t\t<\/div>\n\t\t\n\t\t<a class=\"elementor-post__read-more\" href=\"https:\/\/ecocretefiber.com\/pt\/fornecedores-de-fibra-de-polipropileno\/\" aria-label=\"Leia mais sobre Polypropylene Fiber Suppliers: How to Evaluate, Compare, and Choose the Right One\" tabindex=\"-1\" >\n\t\t\tLeia mais \u00bb\t\t<\/a>\n\n\t\t\t\t<\/div>\n\t\t\t\t<\/article>\n\t\t\t\t<article class=\"elementor-post elementor-grid-item post-2436 post type-post status-publish format-standard has-post-thumbnail hentry category-industry-news tag-3d-printing-filament\" role=\"listitem\">\n\t\t\t\t<a class=\"elementor-post__thumbnail__link\" href=\"https:\/\/ecocretefiber.com\/pt\/filamento-de-polipropileno-para-impressao-3d\/\" tabindex=\"-1\" >\n\t\t\t<div class=\"elementor-post__thumbnail\"><img loading=\"lazy\" decoding=\"async\" width=\"1536\" height=\"864\" src=\"https:\/\/ecocretefiber.com\/wp-content\/uploads\/2026\/04\/main-cover-is-there-polypropylene-3d-printing-filament.webp\" class=\"attachment-full size-full wp-image-2440\" alt=\"Existe um filamento de impress\u00e3o 3D de polipropileno? Usos, benef\u00edcios e limites\" srcset=\"https:\/\/ecocretefiber.com\/wp-content\/uploads\/2026\/04\/main-cover-is-there-polypropylene-3d-printing-filament.webp 1536w, https:\/\/ecocretefiber.com\/wp-content\/uploads\/2026\/04\/main-cover-is-there-polypropylene-3d-printing-filament-300x169.webp 300w, https:\/\/ecocretefiber.com\/wp-content\/uploads\/2026\/04\/main-cover-is-there-polypropylene-3d-printing-filament-1024x576.webp 1024w, https:\/\/ecocretefiber.com\/wp-content\/uploads\/2026\/04\/main-cover-is-there-polypropylene-3d-printing-filament-768x432.webp 768w, https:\/\/ecocretefiber.com\/wp-content\/uploads\/2026\/04\/main-cover-is-there-polypropylene-3d-printing-filament-18x10.webp 18w\" sizes=\"(max-width: 1536px) 100vw, 1536px\" \/><\/div>\n\t\t<\/a>\n\t\t\t\t<div class=\"elementor-post__text\">\n\t\t\t\t<h3 class=\"elementor-post__title\">\n\t\t\t<a href=\"https:\/\/ecocretefiber.com\/pt\/filamento-de-polipropileno-para-impressao-3d\/\" >\n\t\t\t\tExiste um filamento de impress\u00e3o 3D de polipropileno?\t\t\t<\/a>\n\t\t<\/h3>\n\t\t\t\t<div class=\"elementor-post__meta-data\">\n\t\t\t\t\t<span class=\"elementor-post-author\">\n\t\t\tinfo@ecocretefiber.com\t\t<\/span>\n\t\t\t\t<span class=\"elementor-post-date\">\n\t\t\t1\u00ba de maio de 2026\t\t<\/span>\n\t\t\t\t<\/div>\n\t\t\n\t\t<a class=\"elementor-post__read-more\" href=\"https:\/\/ecocretefiber.com\/pt\/filamento-de-polipropileno-para-impressao-3d\/\" aria-label=\"Leia mais sobre Is there a polypropylene 3D printing filament?\" tabindex=\"-1\" >\n\t\t\tLeia mais \u00bb\t\t<\/a>\n\n\t\t\t\t<\/div>\n\t\t\t\t<\/article>\n\t\t\t\t<article class=\"elementor-post elementor-grid-item post-2429 post type-post status-publish format-standard has-post-thumbnail hentry category-industry-news tag-pp-cf-filament\" role=\"listitem\">\n\t\t\t\t<a class=\"elementor-post__thumbnail__link\" href=\"https:\/\/ecocretefiber.com\/pt\/o-que-e-filamento-pp-cf\/\" tabindex=\"-1\" >\n\t\t\t<div class=\"elementor-post__thumbnail\"><img loading=\"lazy\" decoding=\"async\" width=\"1536\" height=\"864\" src=\"https:\/\/ecocretefiber.com\/wp-content\/uploads\/2026\/04\/main-article-cover-what-is-pp-cf-filament.webp\" class=\"attachment-full size-full wp-image-2433\" alt=\"O que \u00e9 o filamento PP CF?\" srcset=\"https:\/\/ecocretefiber.com\/wp-content\/uploads\/2026\/04\/main-article-cover-what-is-pp-cf-filament.webp 1536w, https:\/\/ecocretefiber.com\/wp-content\/uploads\/2026\/04\/main-article-cover-what-is-pp-cf-filament-300x169.webp 300w, https:\/\/ecocretefiber.com\/wp-content\/uploads\/2026\/04\/main-article-cover-what-is-pp-cf-filament-1024x576.webp 1024w, https:\/\/ecocretefiber.com\/wp-content\/uploads\/2026\/04\/main-article-cover-what-is-pp-cf-filament-768x432.webp 768w, https:\/\/ecocretefiber.com\/wp-content\/uploads\/2026\/04\/main-article-cover-what-is-pp-cf-filament-18x10.webp 18w\" sizes=\"(max-width: 1536px) 100vw, 1536px\" \/><\/div>\n\t\t<\/a>\n\t\t\t\t<div class=\"elementor-post__text\">\n\t\t\t\t<h3 class=\"elementor-post__title\">\n\t\t\t<a href=\"https:\/\/ecocretefiber.com\/pt\/o-que-e-filamento-pp-cf\/\" >\n\t\t\t\tO que \u00e9 o filamento PP CF?\t\t\t<\/a>\n\t\t<\/h3>\n\t\t\t\t<div class=\"elementor-post__meta-data\">\n\t\t\t\t\t<span class=\"elementor-post-author\">\n\t\t\tinfo@ecocretefiber.com\t\t<\/span>\n\t\t\t\t<span class=\"elementor-post-date\">\n\t\t\t29 de abril de 2026\t\t<\/span>\n\t\t\t\t<\/div>\n\t\t\n\t\t<a class=\"elementor-post__read-more\" href=\"https:\/\/ecocretefiber.com\/pt\/o-que-e-filamento-pp-cf\/\" aria-label=\"Leia mais sobre What is PP CF filament?\" tabindex=\"-1\" >\n\t\t\tLeia mais \u00bb\t\t<\/a>\n\n\t\t\t\t<\/div>\n\t\t\t\t<\/article>\n\t\t\t\t<\/div>\n\t\t\n\t\t\t\t<div class=\"e-load-more-anchor\" data-page=\"1\" data-max-page=\"9\" data-next-page=\"https:\/\/ecocretefiber.com\/wp-json\/wp\/v2\/pages\/1755\/page\/2\/\"><\/div>\n\t\t\t\t<nav class=\"elementor-pagination\" aria-label=\"Pagina\u00e7\u00e3o\">\n\t\t\t<span class=\"page-numbers prev\">&laquo; Previous<\/span>\n<span aria-current=\"page\" class=\"page-numbers current\"><span class=\"elementor-screen-only\">P\u00e1gina<\/span>1<\/span>\n<a class=\"page-numbers\" href=\"https:\/\/ecocretefiber.com\/wp-json\/wp\/v2\/pages\/1755\/page\/2\/\"><span class=\"elementor-screen-only\">P\u00e1gina<\/span>2<\/a>\n<a class=\"page-numbers\" href=\"https:\/\/ecocretefiber.com\/wp-json\/wp\/v2\/pages\/1755\/page\/3\/\"><span class=\"elementor-screen-only\">P\u00e1gina<\/span>3<\/a>\n<a class=\"page-numbers\" href=\"https:\/\/ecocretefiber.com\/wp-json\/wp\/v2\/pages\/1755\/page\/4\/\"><span class=\"elementor-screen-only\">P\u00e1gina<\/span>4<\/a>\n<a class=\"page-numbers\" href=\"https:\/\/ecocretefiber.com\/wp-json\/wp\/v2\/pages\/1755\/page\/5\/\"><span class=\"elementor-screen-only\">P\u00e1gina<\/span>5<\/a>\n<a class=\"page-numbers\" href=\"https:\/\/ecocretefiber.com\/wp-json\/wp\/v2\/pages\/1755\/page\/6\/\"><span class=\"elementor-screen-only\">P\u00e1gina<\/span>6<\/a>\n<a class=\"page-numbers\" href=\"https:\/\/ecocretefiber.com\/wp-json\/wp\/v2\/pages\/1755\/page\/7\/\"><span class=\"elementor-screen-only\">P\u00e1gina<\/span>7<\/a>\n<a class=\"page-numbers\" href=\"https:\/\/ecocretefiber.com\/wp-json\/wp\/v2\/pages\/1755\/page\/8\/\"><span class=\"elementor-screen-only\">P\u00e1gina<\/span>8<\/a>\n<a class=\"page-numbers\" href=\"https:\/\/ecocretefiber.com\/wp-json\/wp\/v2\/pages\/1755\/page\/9\/\"><span class=\"elementor-screen-only\">P\u00e1gina<\/span>9<\/a>\n<a class=\"page-numbers next\" href=\"https:\/\/ecocretefiber.com\/wp-json\/wp\/v2\/pages\/1755\/page\/2\/\">Next &raquo;<\/a>\t\t<\/nav>\n\t\t\t\t\t\t<\/div>\n\t\t\t\t<\/div>\n\t\t\t\t\t<\/div>\n\t\t\t\t<\/div>\n\t\t\t\t<\/div>","protected":false},"excerpt":{"rendered":"<p>Blog News &amp; Updates Lorem ipsum dolor sit amet, consectetur adipiscing elit. Ut elit tellus, luctus nec ullam corper.<\/p>","protected":false},"author":2,"featured_media":0,"parent":0,"menu_order":0,"comment_status":"closed","ping_status":"closed","template":"","meta":{"footnotes":""},"class_list":["post-1755","page","type-page","status-publish","hentry"],"_links":{"self":[{"href":"https:\/\/ecocretefiber.com\/pt\/wp-json\/wp\/v2\/pages\/1755","targetHints":{"allow":["GET"]}}],"collection":[{"href":"https:\/\/ecocretefiber.com\/pt\/wp-json\/wp\/v2\/pages"}],"about":[{"href":"https:\/\/ecocretefiber.com\/pt\/wp-json\/wp\/v2\/types\/page"}],"author":[{"embeddable":true,"href":"https:\/\/ecocretefiber.com\/pt\/wp-json\/wp\/v2\/users\/2"}],"replies":[{"embeddable":true,"href":"https:\/\/ecocretefiber.com\/pt\/wp-json\/wp\/v2\/comments?post=1755"}],"version-history":[{"count":26,"href":"https:\/\/ecocretefiber.com\/pt\/wp-json\/wp\/v2\/pages\/1755\/revisions"}],"predecessor-version":[{"id":2466,"href":"https:\/\/ecocretefiber.com\/pt\/wp-json\/wp\/v2\/pages\/1755\/revisions\/2466"}],"wp:attachment":[{"href":"https:\/\/ecocretefiber.com\/pt\/wp-json\/wp\/v2\/media?parent=1755"}],"curies":[{"name":"wp","href":"https:\/\/api.w.org\/{rel}","templated":true}]}}