{"id":466,"date":"2025-10-04T12:38:36","date_gmt":"2025-10-04T12:38:36","guid":{"rendered":"https:\/\/ecocretefiber.com\/?page_id=466"},"modified":"2025-10-28T14:10:26","modified_gmt":"2025-10-28T14:10:26","slug":"usina-nuclear-de-shidao-bay","status":"publish","type":"page","link":"https:\/\/ecocretefiber.com\/pt\/projetos\/usina-nuclear-de-shidao-bay\/","title":{"rendered":"Usina nuclear de Shidao Bay"},"content":{"rendered":"<div data-elementor-type=\"wp-page\" data-elementor-id=\"466\" class=\"elementor elementor-466\" data-elementor-post-type=\"page\">\n\t\t\t\t\t\t<section class=\"elementor-section elementor-top-section elementor-element elementor-element-1d68fafc elementor-reverse-mobile elementor-section-boxed elementor-section-height-default elementor-section-height-default elementor-invisible\" data-id=\"1d68fafc\" data-element_type=\"section\" data-e-type=\"section\" data-settings=\"{&quot;background_background&quot;:&quot;classic&quot;,&quot;animation&quot;:&quot;fadeIn&quot;}\">\n\t\t\t\t\t\t\t<div class=\"elementor-background-overlay\"><\/div>\n\t\t\t\t\t\t\t<div class=\"elementor-container elementor-column-gap-default\">\n\t\t\t\t\t<div class=\"elementor-column elementor-col-100 elementor-top-column elementor-element elementor-element-3112ee69\" data-id=\"3112ee69\" data-element_type=\"column\" data-e-type=\"column\">\n\t\t\t<div class=\"elementor-widget-wrap elementor-element-populated\">\n\t\t\t\t\t\t<div class=\"elementor-element elementor-element-6400f3f9 elementor-icon-list--layout-inline elementor-list-item-link-inline elementor-align-center elementor-mobile-align-center elementor-invisible elementor-widget elementor-widget-icon-list\" data-id=\"6400f3f9\" data-element_type=\"widget\" data-e-type=\"widget\" data-settings=\"{&quot;_animation&quot;:&quot;fadeInUp&quot;}\" data-widget_type=\"icon-list.default\">\n\t\t\t\t\t\t\t<ul class=\"elementor-icon-list-items elementor-inline-items\">\n\t\t\t\t\t\t\t<li class=\"elementor-icon-list-item elementor-inline-item\">\n\t\t\t\t\t\t\t\t\t\t\t<span class=\"elementor-icon-list-icon\">\n\t\t\t\t\t\t\t<i aria-hidden=\"true\" class=\"icon icon-safety\"><\/i>\t\t\t\t\t\t<\/span>\n\t\t\t\t\t\t\t\t\t\t<span class=\"elementor-icon-list-text\">projeto<\/span>\n\t\t\t\t\t\t\t\t\t<\/li>\n\t\t\t\t\t\t<\/ul>\n\t\t\t\t\t\t<\/div>\n\t\t\t\t<div class=\"elementor-element elementor-element-60dd54a9 elementor-invisible elementor-widget elementor-widget-heading\" data-id=\"60dd54a9\" data-element_type=\"widget\" data-e-type=\"widget\" data-settings=\"{&quot;_animation&quot;:&quot;fadeInUp&quot;}\" data-widget_type=\"heading.default\">\n\t\t\t\t\t<h1 class=\"elementor-heading-title elementor-size-default\">Usina nuclear de Shidao Bay<\/h1>\t\t\t\t<\/div>\n\t\t\t\t<div class=\"elementor-element elementor-element-1de6a4e5 elementor-widget__width-initial elementor-invisible elementor-widget elementor-widget-text-editor\" data-id=\"1de6a4e5\" data-element_type=\"widget\" data-e-type=\"widget\" data-settings=\"{&quot;_animation&quot;:&quot;fadeInUp&quot;}\" data-widget_type=\"text-editor.default\">\n\t\t\t\t\t\t\t\t\t<p>Controle de fissuras para concretos estruturais e de massa com a fibra monofilamentar Ecocrete\u2122 PP<\/p>\t\t\t\t\t\t\t\t<\/div>\n\t\t\t\t\t<\/div>\n\t\t<\/div>\n\t\t\t\t\t<\/div>\n\t\t<\/section>\n\t\t\t\t<section class=\"elementor-section elementor-top-section elementor-element elementor-element-5000161d elementor-section-boxed elementor-section-height-default elementor-section-height-default\" data-id=\"5000161d\" data-element_type=\"section\" data-e-type=\"section\">\n\t\t\t\t\t\t<div class=\"elementor-container elementor-column-gap-default\">\n\t\t\t\t\t<div class=\"elementor-column elementor-col-50 elementor-top-column elementor-element elementor-element-26123f6b\" data-id=\"26123f6b\" data-element_type=\"column\" data-e-type=\"column\">\n\t\t\t<div class=\"elementor-widget-wrap elementor-element-populated\">\n\t\t\t\t\t\t<div class=\"elementor-element elementor-element-2128813b elementor-invisible elementor-widget elementor-widget-image\" data-id=\"2128813b\" data-element_type=\"widget\" data-e-type=\"widget\" data-settings=\"{&quot;_animation&quot;:&quot;fadeInUp&quot;}\" data-widget_type=\"image.default\">\n\t\t\t\t\t\t\t\t\t\t\t\t\t\t\t<img fetchpriority=\"high\" decoding=\"async\" width=\"2560\" height=\"1705\" src=\"https:\/\/ecocretefiber.com\/wp-content\/uploads\/2025\/10\/futuristic-view-inside-of-cooling-tower-of-unfinis-2025-01-08-06-08-00-utc-scaled.jpg\" class=\"attachment-full size-full wp-image-519\" alt=\"Vista interna de uma torre de resfriamento em constru\u00e7\u00e3o com andaimes e colunas de concreto\" srcset=\"https:\/\/ecocretefiber.com\/wp-content\/uploads\/2025\/10\/futuristic-view-inside-of-cooling-tower-of-unfinis-2025-01-08-06-08-00-utc-scaled.jpg 2560w, https:\/\/ecocretefiber.com\/wp-content\/uploads\/2025\/10\/futuristic-view-inside-of-cooling-tower-of-unfinis-2025-01-08-06-08-00-utc-300x200.jpg 300w, https:\/\/ecocretefiber.com\/wp-content\/uploads\/2025\/10\/futuristic-view-inside-of-cooling-tower-of-unfinis-2025-01-08-06-08-00-utc-1024x682.jpg 1024w, https:\/\/ecocretefiber.com\/wp-content\/uploads\/2025\/10\/futuristic-view-inside-of-cooling-tower-of-unfinis-2025-01-08-06-08-00-utc-768x512.jpg 768w, https:\/\/ecocretefiber.com\/wp-content\/uploads\/2025\/10\/futuristic-view-inside-of-cooling-tower-of-unfinis-2025-01-08-06-08-00-utc-1536x1023.jpg 1536w, https:\/\/ecocretefiber.com\/wp-content\/uploads\/2025\/10\/futuristic-view-inside-of-cooling-tower-of-unfinis-2025-01-08-06-08-00-utc-2048x1364.jpg 2048w\" sizes=\"(max-width: 2560px) 100vw, 2560px\" \/>\t\t\t\t\t\t\t\t\t\t\t\t\t\t\t<\/div>\n\t\t\t\t<div class=\"elementor-element elementor-element-12a636f3 elementor-invisible elementor-widget elementor-widget-heading\" data-id=\"12a636f3\" data-element_type=\"widget\" data-e-type=\"widget\" data-settings=\"{&quot;_animation&quot;:&quot;fadeInUp&quot;}\" data-widget_type=\"heading.default\">\n\t\t\t\t\t<h2 class=\"elementor-heading-title elementor-size-default\">Desafios e solu\u00e7\u00f5es<\/h2>\t\t\t\t<\/div>\n\t\t\t\t<div class=\"elementor-element elementor-element-36c7b028 elementor-invisible elementor-widget elementor-widget-text-editor\" data-id=\"36c7b028\" data-element_type=\"widget\" data-e-type=\"widget\" data-settings=\"{&quot;_animation&quot;:&quot;fadeInUp&quot;}\" data-widget_type=\"text-editor.default\">\n\t\t\t\t\t\t\t\t\t<h3><strong>Picos maci\u00e7os, vergalh\u00f5es congestionados, exposi\u00e7\u00e3o costeira - gerenciada<\/strong><\/h3><p>Rachaduras no in\u00edcio da idade em derramamentos de massa\/raft: Os monofilamentos de PP formam uma rede 3D que limita o encolhimento do pl\u00e1stico \u00e0 medida que os gradientes t\u00e9rmicos se desenvolvem, ajudando a manter a largura das rachaduras reduzida.<\/p><p>Penetra\u00e7\u00f5es e bordas: A resist\u00eancia p\u00f3s-fissura adicionada suporta arestas em torno de luvas, incrusta\u00e7\u00f5es, bols\u00f5es de ancoragem e cortes de serra para reduzir os desprendimentos e os remendos cosm\u00e9ticos.<\/p><p>Ambiente costeiro: O polipropileno n\u00e3o \u00e9 corrosivo e resiste a cloretos\/alcalinos, o que favorece a durabilidade a longo prazo em compara\u00e7\u00e3o com o micro-refor\u00e7o met\u00e1lico.<\/p><p>Efici\u00eancia de coloca\u00e7\u00e3o: As fibras se dispersam rapidamente na mistura central ou na dosagem no local, s\u00e3o f\u00e1ceis de bombear e ajudam a estabilizar os acabamentos para uma textura consistente e qualidade das juntas.<\/p>\t\t\t\t\t\t\t\t<\/div>\n\t\t\t\t<div class=\"elementor-element elementor-element-47cb1168 elementor-arrows-position-inside elementor-pagination-position-outside elementor-invisible elementor-widget elementor-widget-image-carousel\" data-id=\"47cb1168\" data-element_type=\"widget\" data-e-type=\"widget\" data-settings=\"{&quot;slides_to_show&quot;:&quot;1&quot;,&quot;slides_to_show_tablet&quot;:&quot;2&quot;,&quot;slides_to_show_mobile&quot;:&quot;1&quot;,&quot;_animation_mobile&quot;:&quot;fadeInUp&quot;,&quot;_animation&quot;:&quot;fadeInUp&quot;,&quot;navigation&quot;:&quot;both&quot;,&quot;autoplay&quot;:&quot;yes&quot;,&quot;pause_on_hover&quot;:&quot;yes&quot;,&quot;pause_on_interaction&quot;:&quot;yes&quot;,&quot;autoplay_speed&quot;:5000,&quot;infinite&quot;:&quot;yes&quot;,&quot;effect&quot;:&quot;slide&quot;,&quot;speed&quot;:500}\" data-widget_type=\"image-carousel.default\">\n\t\t\t\t\t\t\t<div class=\"elementor-image-carousel-wrapper swiper\" role=\"region\" aria-roledescription=\"carousel\" aria-label=\"\u56fe\u50cf\u8f6e\u64ad\" dir=\"ltr\">\n\t\t\t<div class=\"elementor-image-carousel swiper-wrapper\" aria-live=\"off\">\n\t\t\t\t\t\t\t\t<div class=\"swiper-slide\" role=\"group\" aria-roledescription=\"slide\" aria-label=\"1 \u0645\u0646 4\" data-no-translation-aria-label=\"\"><figure class=\"swiper-slide-inner\"><img decoding=\"async\" class=\"swiper-slide-image\" src=\"https:\/\/ecocretefiber.com\/wp-content\/uploads\/2025\/10\/\u6444\u56fe\u7f51_501405437_\u5c71\u4e1c\u5a01\u6d77\u77f3\u5c9b\u6e7e\u975e\u4f01\u4e1a\u5546\u7528-scaled.jpg\" alt=\"Vista a\u00e9rea do litoral da Ba\u00eda de Shidao, pr\u00f3ximo ao local da usina nuclear\" \/><\/figure><\/div><div class=\"swiper-slide\" role=\"group\" aria-roledescription=\"slide\" aria-label=\"2 \u0645\u0646 4\" data-no-translation-aria-label=\"\"><figure class=\"swiper-slide-inner\"><img decoding=\"async\" class=\"swiper-slide-image\" src=\"https:\/\/ecocretefiber.com\/wp-content\/uploads\/2025\/10\/oil-and-gas-refinery-plant-form-industry-zone-aer-2025-01-08-23-13-15-utc-scaled.jpg\" alt=\"Complexo costeiro de energia\/utilidade com canais de entrada e sa\u00edda\" \/><\/figure><\/div><div class=\"swiper-slide\" role=\"group\" aria-roledescription=\"slide\" aria-label=\"3 \u0645\u0646 4\" data-no-translation-aria-label=\"\"><figure class=\"swiper-slide-inner\"><img decoding=\"async\" class=\"swiper-slide-image\" src=\"https:\/\/ecocretefiber.com\/wp-content\/uploads\/2025\/10\/heavy-industrial-coal-power-electricity-plant-with-2024-12-08-01-05-49-utc-scaled.jpg\" alt=\"Complexo de usina de energia industrial com p\u00e1tios de armazenamento e edif\u00edcios auxiliares\" \/><\/figure><\/div><div class=\"swiper-slide\" role=\"group\" aria-roledescription=\"slide\" aria-label=\"4 \u0645\u0646 4\" data-no-translation-aria-label=\"\"><figure class=\"swiper-slide-inner\"><img decoding=\"async\" class=\"swiper-slide-image\" src=\"https:\/\/ecocretefiber.com\/wp-content\/uploads\/2025\/10\/solar-power-in-the-desert-2025-02-22-15-05-34-utc-scaled.jpg\" alt=\"O cen\u00e1rio da infraestrutura de energia ilustra os requisitos de concreto dur\u00e1vel\" \/><\/figure><\/div>\t\t\t<\/div>\n\t\t\t\t\t\t\t\t\t\t\t\t<div class=\"elementor-swiper-button elementor-swiper-button-prev\" role=\"button\" tabindex=\"0\">\n\t\t\t\t\t\t<svg aria-hidden=\"true\" class=\"e-font-icon-svg e-eicon-chevron-left\" viewbox=\"0 0 1000 1000\" xmlns=\"http:\/\/www.w3.org\/2000\/svg\"><path d=\"M646 125C629 125 613 133 604 142L308 442C296 454 292 471 292 487 292 504 296 521 308 533L604 854C617 867 629 875 646 875 663 875 679 871 692 858 704 846 713 829 713 812 713 796 708 779 692 767L438 487 692 225C700 217 708 204 708 187 708 171 704 154 692 142 675 129 663 125 646 125Z\"><\/path><\/svg>\t\t\t\t\t<\/div>\n\t\t\t\t\t<div class=\"elementor-swiper-button elementor-swiper-button-next\" role=\"button\" tabindex=\"0\">\n\t\t\t\t\t\t<svg aria-hidden=\"true\" class=\"e-font-icon-svg e-eicon-chevron-right\" viewbox=\"0 0 1000 1000\" xmlns=\"http:\/\/www.w3.org\/2000\/svg\"><path d=\"M696 533C708 521 713 504 713 487 713 471 708 454 696 446L400 146C388 133 375 125 354 125 338 125 325 129 313 142 300 154 292 171 292 187 292 204 296 221 308 233L563 492 304 771C292 783 288 800 288 817 288 833 296 850 308 863 321 871 338 875 354 875 371 875 388 867 400 854L696 533Z\"><\/path><\/svg>\t\t\t\t\t<\/div>\n\t\t\t\t\n\t\t\t\t\t\t\t\t\t<div class=\"swiper-pagination\"><\/div>\n\t\t\t\t\t\t\t\t\t<\/div>\n\t\t\t\t\t\t<\/div>\n\t\t\t\t<div class=\"elementor-element elementor-element-08c6484 elementor-invisible elementor-widget elementor-widget-text-editor\" data-id=\"08c6484\" data-element_type=\"widget\" data-e-type=\"widget\" data-settings=\"{&quot;_animation&quot;:&quot;fadeInUp&quot;}\" data-widget_type=\"text-editor.default\">\n\t\t\t\t\t\t\t\t\t<h3><strong>Rachaduras mais apertadas, juntas mais limpas, retrabalho reduzido<\/strong><\/h3><p>As equipes relataram melhor controle de rachaduras por retra\u00e7\u00e3o pl\u00e1stica em lajes e coberturas expostas, bordas de juntas mais n\u00edtidas e menos reparos em pequenas \u00e1reas ao redor de penetra\u00e7\u00f5es e juntas de constru\u00e7\u00e3o. As misturas modificadas por fibras apoiam a confiabilidade do cronograma e reduzem a manuten\u00e7\u00e3o do ciclo de vida em ativos cr\u00edticos de concreto.<\/p>\t\t\t\t\t\t\t\t<\/div>\n\t\t\t\t\t<\/div>\n\t\t<\/div>\n\t\t\t\t<div class=\"elementor-column elementor-col-50 elementor-top-column elementor-element elementor-element-108741a2\" data-id=\"108741a2\" data-element_type=\"column\" data-e-type=\"column\">\n\t\t\t<div class=\"elementor-widget-wrap elementor-element-populated\">\n\t\t\t\t\t\t<div class=\"elementor-element elementor-element-71636037 elementor-invisible elementor-widget elementor-widget-heading\" data-id=\"71636037\" data-element_type=\"widget\" data-e-type=\"widget\" data-settings=\"{&quot;_animation&quot;:&quot;fadeInUp&quot;}\" data-widget_type=\"heading.default\">\n\t\t\t\t\t<h2 class=\"elementor-heading-title elementor-size-default\">Vis\u00e3o geral do projeto<\/h2>\t\t\t\t<\/div>\n\t\t\t\t<div class=\"elementor-element elementor-element-5d4e0728 elementor-invisible elementor-widget elementor-widget-text-editor\" data-id=\"5d4e0728\" data-element_type=\"widget\" data-e-type=\"widget\" data-settings=\"{&quot;_animation&quot;:&quot;fadeInUp&quot;}\" data-widget_type=\"text-editor.default\">\n\t\t\t\t\t\t\t\t\t<p><strong>Concreto refor\u00e7ado com fibras para confiabilidade cr\u00edtica em termos de seguran\u00e7aConstru\u00e7\u00f5es maci\u00e7as, vergalh\u00f5es congestionados, exposi\u00e7\u00e3o costeira - Gerenciado<\/strong><b><\/b><\/p><p>Na Ba\u00eda de Shidao, as principais obras civis - bases, edif\u00edcios auxiliares, estruturas de \u00e1gua de resfriamento e pavimentos pesados - exigem controle r\u00edgido de rachaduras, acabamentos est\u00e1veis e longa vida \u00fatil. Para ajudar a reduzir o encolhimento do pl\u00e1stico e as microfissuras precoces em misturas densas e de baixo peso por metro c\u00fabico, o projeto adotou a fibra de monofilamento de polipropileno Ecocrete\u2122. As microfibras uniformemente dispersas reduzem as microfissuras no in\u00edcio, melhoram a integridade da superf\u00edcie nas juntas e penetra\u00e7\u00f5es e adicionam resist\u00eancia \u00e0 abras\u00e3o\/impacto para o tr\u00e1fego de constru\u00e7\u00e3o e manuten\u00e7\u00e3o.<\/p>\t\t\t\t\t\t\t\t<\/div>\n\t\t\t\t<div class=\"elementor-element elementor-element-26d8de8b elementor-widget-mobile__width-inherit elementor-icon-list--layout-traditional elementor-list-item-link-full_width elementor-invisible elementor-widget elementor-widget-icon-list\" data-id=\"26d8de8b\" data-element_type=\"widget\" data-e-type=\"widget\" data-settings=\"{&quot;_animation&quot;:&quot;fadeInUp&quot;}\" data-widget_type=\"icon-list.default\">\n\t\t\t\t\t\t\t<ul class=\"elementor-icon-list-items\">\n\t\t\t\t\t\t\t<li class=\"elementor-icon-list-item\">\n\t\t\t\t\t\t\t\t\t\t\t<span class=\"elementor-icon-list-icon\">\n\t\t\t\t\t\t\t<i aria-hidden=\"true\" class=\"icon icon-apartment1\"><\/i>\t\t\t\t\t\t<\/span>\n\t\t\t\t\t\t\t\t\t\t<span class=\"elementor-icon-list-text\">Aplica\u00e7\u00e3o: bases e balsas, edif\u00edcios auxiliares, estruturas de entrada\/sa\u00edda, coberturas protetoras, pavimentos para servi\u00e7os pesados<\/span>\n\t\t\t\t\t\t\t\t\t<\/li>\n\t\t\t\t\t\t\t\t<li class=\"elementor-icon-list-item\">\n\t\t\t\t\t\t\t\t\t\t\t<span class=\"elementor-icon-list-icon\">\n\t\t\t\t\t\t\t<i aria-hidden=\"true\" class=\"icon icon-calendar3\"><\/i>\t\t\t\t\t\t<\/span>\n\t\t\t\t\t\t\t\t\t\t<span class=\"elementor-icon-list-text\">Tipo de fibra: Fibra de monofilamento Ecocrete\u2122 PP (comprimentos t\u00edpicos de 6-12 mm)<\/span>\n\t\t\t\t\t\t\t\t\t<\/li>\n\t\t\t\t\t\t\t\t<li class=\"elementor-icon-list-item\">\n\t\t\t\t\t\t\t\t\t\t\t<span class=\"elementor-icon-list-icon\">\n\t\t\t\t\t\t\t<i aria-hidden=\"true\" class=\"icon icon-user\"><\/i>\t\t\t\t\t\t<\/span>\n\t\t\t\t\t\t\t\t\t\t<span class=\"elementor-icon-list-text\">Dosagem t\u00edpica: 0,6-1,2 kg\/m\u00b3 (otimizar de acordo com o projeto da mistura, m\u00e9todo de coloca\u00e7\u00e3o e clima)<\/span>\n\t\t\t\t\t\t\t\t\t<\/li>\n\t\t\t\t\t\t\t\t<li class=\"elementor-icon-list-item\">\n\t\t\t\t\t\t\t\t\t\t\t<span class=\"elementor-icon-list-icon\">\n\t\t\t\t\t\t\t<i aria-hidden=\"true\" class=\"icon icon-map-marker1\"><\/i>\t\t\t\t\t\t<\/span>\n\t\t\t\t\t\t\t\t\t\t<span class=\"elementor-icon-list-text\">Vantagens: controle de rachaduras por encolhimento de pl\u00e1stico, rachaduras mais estreitas, arestas mais limpas, n\u00e3o corrosivo e quimicamente inerte<\/span>\n\t\t\t\t\t\t\t\t\t<\/li>\n\t\t\t\t\t\t<\/ul>\n\t\t\t\t\t\t<\/div>\n\t\t\t\t<div class=\"elementor-element elementor-element-b951669 elementor-widget elementor-widget-button\" data-id=\"b951669\" data-element_type=\"widget\" data-e-type=\"widget\" data-widget_type=\"button.default\">\n\t\t\t\t\t\t\t\t\t\t<a class=\"elementor-button elementor-button-link elementor-size-sm\" href=\"#\">\n\t\t\t\t\t\t<span class=\"elementor-button-content-wrapper\">\n\t\t\t\t\t\t\t\t\t<span class=\"elementor-button-text\">Contato<\/span>\n\t\t\t\t\t<\/span>\n\t\t\t\t\t<\/a>\n\t\t\t\t\t\t\t\t<\/div>\n\t\t\t\t\t<\/div>\n\t\t<\/div>\n\t\t\t\t\t<\/div>\n\t\t<\/section>\n\t\t\t\t<\/div>","protected":false},"excerpt":{"rendered":"<p>project Shidao Bay Nuclear Power Plant Crack control for mass and structural concretes with Ecocrete\u2122 PP Monofilament Fiber Challenges &amp; Solution Massive Pours, Congested Rebar, Coastal Exposure \u2014 Managed Early-age cracking in mass\/raft pours: PP monofilaments form a 3D network that limits plastic shrinkage as thermal gradients develop, helping keep crack widths tight. Penetrations &amp; [&hellip;]<\/p>","protected":false},"author":2,"featured_media":0,"parent":108,"menu_order":0,"comment_status":"closed","ping_status":"closed","template":"elementor_header_footer","meta":{"footnotes":""},"class_list":["post-466","page","type-page","status-publish","hentry"],"_links":{"self":[{"href":"https:\/\/ecocretefiber.com\/pt\/wp-json\/wp\/v2\/pages\/466","targetHints":{"allow":["GET"]}}],"collection":[{"href":"https:\/\/ecocretefiber.com\/pt\/wp-json\/wp\/v2\/pages"}],"about":[{"href":"https:\/\/ecocretefiber.com\/pt\/wp-json\/wp\/v2\/types\/page"}],"author":[{"embeddable":true,"href":"https:\/\/ecocretefiber.com\/pt\/wp-json\/wp\/v2\/users\/2"}],"replies":[{"embeddable":true,"href":"https:\/\/ecocretefiber.com\/pt\/wp-json\/wp\/v2\/comments?post=466"}],"version-history":[{"count":12,"href":"https:\/\/ecocretefiber.com\/pt\/wp-json\/wp\/v2\/pages\/466\/revisions"}],"predecessor-version":[{"id":1618,"href":"https:\/\/ecocretefiber.com\/pt\/wp-json\/wp\/v2\/pages\/466\/revisions\/1618"}],"up":[{"embeddable":true,"href":"https:\/\/ecocretefiber.com\/pt\/wp-json\/wp\/v2\/pages\/108"}],"wp:attachment":[{"href":"https:\/\/ecocretefiber.com\/pt\/wp-json\/wp\/v2\/media?parent=466"}],"curies":[{"name":"wp","href":"https:\/\/api.w.org\/{rel}","templated":true}]}}