{"id":165,"date":"2025-09-14T12:34:51","date_gmt":"2025-09-14T12:34:51","guid":{"rendered":"https:\/\/ecocretefiber.com\/?page_id=165"},"modified":"2025-10-28T14:07:21","modified_gmt":"2025-10-28T14:07:21","slug":"peki%cc%87n-daxing-havali%cc%87mani-projesi%cc%87","status":"publish","type":"page","link":"https:\/\/ecocretefiber.com\/tr\/projeler\/peki%cc%87n-daxing-havali%cc%87mani-projesi%cc%87\/","title":{"rendered":"peki\u0307n daxing havali\u0307mani projesi\u0307"},"content":{"rendered":"<div data-elementor-type=\"wp-page\" data-elementor-id=\"165\" class=\"elementor elementor-165\" data-elementor-post-type=\"page\">\n\t\t\t\t\t\t<section class=\"elementor-section elementor-top-section elementor-element elementor-element-1d68fafc elementor-reverse-mobile elementor-section-boxed elementor-section-height-default elementor-section-height-default elementor-invisible\" data-id=\"1d68fafc\" data-element_type=\"section\" data-e-type=\"section\" data-settings=\"{&quot;background_background&quot;:&quot;classic&quot;,&quot;animation&quot;:&quot;fadeIn&quot;}\">\n\t\t\t\t\t\t\t<div class=\"elementor-background-overlay\"><\/div>\n\t\t\t\t\t\t\t<div class=\"elementor-container elementor-column-gap-default\">\n\t\t\t\t\t<div class=\"elementor-column elementor-col-100 elementor-top-column elementor-element elementor-element-3112ee69\" data-id=\"3112ee69\" data-element_type=\"column\" data-e-type=\"column\">\n\t\t\t<div class=\"elementor-widget-wrap elementor-element-populated\">\n\t\t\t\t\t\t<div class=\"elementor-element elementor-element-6400f3f9 elementor-icon-list--layout-inline elementor-list-item-link-inline elementor-align-center elementor-mobile-align-center elementor-invisible elementor-widget elementor-widget-icon-list\" data-id=\"6400f3f9\" data-element_type=\"widget\" data-e-type=\"widget\" data-settings=\"{&quot;_animation&quot;:&quot;fadeInUp&quot;}\" data-widget_type=\"icon-list.default\">\n\t\t\t\t\t\t\t<ul class=\"elementor-icon-list-items elementor-inline-items\">\n\t\t\t\t\t\t\t<li class=\"elementor-icon-list-item elementor-inline-item\">\n\t\t\t\t\t\t\t\t\t\t\t<span class=\"elementor-icon-list-icon\">\n\t\t\t\t\t\t\t<i aria-hidden=\"true\" class=\"icon icon-safety\"><\/i>\t\t\t\t\t\t<\/span>\n\t\t\t\t\t\t\t\t\t\t<span class=\"elementor-icon-list-text\">proje<\/span>\n\t\t\t\t\t\t\t\t\t<\/li>\n\t\t\t\t\t\t<\/ul>\n\t\t\t\t\t\t<\/div>\n\t\t\t\t<div class=\"elementor-element elementor-element-60dd54a9 elementor-invisible elementor-widget elementor-widget-heading\" data-id=\"60dd54a9\" data-element_type=\"widget\" data-e-type=\"widget\" data-settings=\"{&quot;_animation&quot;:&quot;fadeInUp&quot;}\" data-widget_type=\"heading.default\">\n\t\t\t\t\t<h1 class=\"elementor-heading-title elementor-size-default\">Pekin Daxing Uluslararas\u0131 Havaliman\u0131<\/h1>\t\t\t\t<\/div>\n\t\t\t\t<div class=\"elementor-element elementor-element-1de6a4e5 elementor-widget__width-initial elementor-invisible elementor-widget elementor-widget-text-editor\" data-id=\"1de6a4e5\" data-element_type=\"widget\" data-e-type=\"widget\" data-settings=\"{&quot;_animation&quot;:&quot;fadeInUp&quot;}\" data-widget_type=\"text-editor.default\">\n\t\t\t\t\t\t\t\t\t<p>Ecocrete\u2122 PP Mesh Fiber ile pist ve apron \u00e7atlak kontrol\u00fc<\/p>\t\t\t\t\t\t\t\t<\/div>\n\t\t\t\t\t<\/div>\n\t\t<\/div>\n\t\t\t\t\t<\/div>\n\t\t<\/section>\n\t\t\t\t<section class=\"elementor-section elementor-top-section elementor-element elementor-element-5000161d elementor-section-boxed elementor-section-height-default elementor-section-height-default\" data-id=\"5000161d\" data-element_type=\"section\" data-e-type=\"section\">\n\t\t\t\t\t\t<div class=\"elementor-container elementor-column-gap-default\">\n\t\t\t\t\t<div class=\"elementor-column elementor-col-50 elementor-top-column elementor-element elementor-element-26123f6b\" data-id=\"26123f6b\" data-element_type=\"column\" data-e-type=\"column\">\n\t\t\t<div class=\"elementor-widget-wrap elementor-element-populated\">\n\t\t\t\t\t\t<div class=\"elementor-element elementor-element-2128813b elementor-invisible elementor-widget elementor-widget-image\" data-id=\"2128813b\" data-element_type=\"widget\" data-e-type=\"widget\" data-settings=\"{&quot;_animation&quot;:&quot;fadeInUp&quot;}\" data-widget_type=\"image.default\">\n\t\t\t\t\t\t\t\t\t\t\t\t\t\t\t<img fetchpriority=\"high\" decoding=\"async\" width=\"2560\" height=\"1707\" src=\"https:\/\/ecocretefiber.com\/wp-content\/uploads\/2025\/09\/beijing-international-airport-2025-01-29-07-39-45-utc-scaled.jpg\" class=\"attachment-full size-full wp-image-424\" alt=\"Pekin Daxing Uluslararas\u0131 Havaliman\u0131&#039;nda y\u00fckseltilmi\u015f yollara sahip terminal \u00fczerinde u\u00e7ak\" srcset=\"https:\/\/ecocretefiber.com\/wp-content\/uploads\/2025\/09\/beijing-international-airport-2025-01-29-07-39-45-utc-scaled.jpg 2560w, https:\/\/ecocretefiber.com\/wp-content\/uploads\/2025\/09\/beijing-international-airport-2025-01-29-07-39-45-utc-300x200.jpg 300w, https:\/\/ecocretefiber.com\/wp-content\/uploads\/2025\/09\/beijing-international-airport-2025-01-29-07-39-45-utc-1024x683.jpg 1024w, https:\/\/ecocretefiber.com\/wp-content\/uploads\/2025\/09\/beijing-international-airport-2025-01-29-07-39-45-utc-768x512.jpg 768w, https:\/\/ecocretefiber.com\/wp-content\/uploads\/2025\/09\/beijing-international-airport-2025-01-29-07-39-45-utc-1536x1024.jpg 1536w, https:\/\/ecocretefiber.com\/wp-content\/uploads\/2025\/09\/beijing-international-airport-2025-01-29-07-39-45-utc-2048x1365.jpg 2048w\" sizes=\"(max-width: 2560px) 100vw, 2560px\" \/>\t\t\t\t\t\t\t\t\t\t\t\t\t\t\t<\/div>\n\t\t\t\t<div class=\"elementor-element elementor-element-12a636f3 elementor-invisible elementor-widget elementor-widget-heading\" data-id=\"12a636f3\" data-element_type=\"widget\" data-e-type=\"widget\" data-settings=\"{&quot;_animation&quot;:&quot;fadeInUp&quot;}\" data-widget_type=\"heading.default\">\n\t\t\t\t\t<h2 class=\"elementor-heading-title elementor-size-default\">Zorluklar ve \u00c7\u00f6z\u00fcmler<\/h2>\t\t\t\t<\/div>\n\t\t\t\t<div class=\"elementor-element elementor-element-36c7b028 elementor-invisible elementor-widget elementor-widget-text-editor\" data-id=\"36c7b028\" data-element_type=\"widget\" data-e-type=\"widget\" data-settings=\"{&quot;_animation&quot;:&quot;fadeInUp&quot;}\" data-widget_type=\"text-editor.default\">\n\t\t\t\t\t\t\t\t\t<h3><strong> Erken Ya\u015fta \u00c7atlama, A\u011f\u0131r Y\u00fckler, Donma-\u00c7\u00f6z\u00fclme - \u00c7\u00f6z\u00fcld\u00fc<\/strong><\/h3><p>Plastik b\u00fcz\u00fclme ve s\u0131cakl\u0131k de\u011fi\u015fimleri: PP \u00f6rg\u00fc elyaf, \u00e7atlak u\u00e7lar\u0131ndaki gerilimi azaltmak ve \u00e7atlak olu\u015fumunu s\u0131n\u0131rlamak i\u00e7in matris boyunca da\u011f\u0131l\u0131r.<\/p><p>A\u011f\u0131r hava ta\u015f\u0131tlar\u0131 ve fren b\u00f6lgeleri: Eklenen tokluk ve darbe direnci, kaplamalar\u0131n dinamik y\u00fckleri tolere etmesine ve a\u015f\u0131nmay\u0131 azaltmas\u0131na yard\u0131mc\u0131 olur.<\/p><p>Donma-\u00e7\u00f6z\u00fclme ve buz \u00e7\u00f6zmeye maruz kalma: A\u015f\u0131nd\u0131r\u0131c\u0131 olmayan, kimyasal olarak diren\u00e7li polipropilen elyaflar paslanma riski olmadan uzun s\u00fcreli dayan\u0131kl\u0131l\u0131\u011f\u0131 destekler.<\/p><p>Yerle\u015ftirme verimlili\u011fi: Elyaflar\u0131n dozlanmas\u0131 ve kar\u0131\u015ft\u0131r\u0131lmas\u0131 kolayd\u0131r; dispersiyon ad\u0131mlar\u0131 takip edildi\u011finde kayar kal\u0131p serme ve pompa yerle\u015ftirme ile uyumludur.<\/p>\t\t\t\t\t\t\t\t<\/div>\n\t\t\t\t<div class=\"elementor-element elementor-element-47cb1168 elementor-arrows-position-inside elementor-pagination-position-outside elementor-invisible elementor-widget elementor-widget-image-carousel\" data-id=\"47cb1168\" data-element_type=\"widget\" data-e-type=\"widget\" data-settings=\"{&quot;slides_to_show&quot;:&quot;1&quot;,&quot;slides_to_show_tablet&quot;:&quot;2&quot;,&quot;slides_to_show_mobile&quot;:&quot;1&quot;,&quot;_animation_mobile&quot;:&quot;fadeInUp&quot;,&quot;_animation&quot;:&quot;fadeInUp&quot;,&quot;navigation&quot;:&quot;both&quot;,&quot;autoplay&quot;:&quot;yes&quot;,&quot;pause_on_hover&quot;:&quot;yes&quot;,&quot;pause_on_interaction&quot;:&quot;yes&quot;,&quot;autoplay_speed&quot;:5000,&quot;infinite&quot;:&quot;yes&quot;,&quot;effect&quot;:&quot;slide&quot;,&quot;speed&quot;:500}\" data-widget_type=\"image-carousel.default\">\n\t\t\t\t\t\t\t<div class=\"elementor-image-carousel-wrapper swiper\" role=\"region\" aria-roledescription=\"carousel\" aria-label=\"\u56fe\u50cf\u8f6e\u64ad\" dir=\"ltr\">\n\t\t\t<div class=\"elementor-image-carousel swiper-wrapper\" aria-live=\"off\">\n\t\t\t\t\t\t\t\t<div class=\"swiper-slide\" role=\"group\" aria-roledescription=\"slide\" aria-label=\"5\u306e1\" data-no-translation-aria-label=\"\"><figure class=\"swiper-slide-inner\"><img decoding=\"async\" class=\"swiper-slide-image\" src=\"https:\/\/ecocretefiber.com\/wp-content\/uploads\/2025\/09\/empty-hk-airport-during-covid-19-pandemic-2024-11-26-10-21-20-utc-scaled.jpg\" alt=\"Izgara kabuk tavanl\u0131 ve temiz d\u00f6\u015feme ba\u011flant\u0131lar\u0131na sahip b\u00fcy\u00fck tonozlu havaalan\u0131 salonu\" \/><\/figure><\/div><div class=\"swiper-slide\" role=\"group\" aria-roledescription=\"slide\" aria-label=\"5\u306e2\" data-no-translation-aria-label=\"\"><figure class=\"swiper-slide-inner\"><img decoding=\"async\" class=\"swiper-slide-image\" src=\"https:\/\/ecocretefiber.com\/wp-content\/uploads\/2025\/09\/airport-drop-above-las-vegas-2024-11-27-18-14-50-utc-scaled.jpg\" alt=\"Fiber takviyeli beton ile in\u015fa edilen havaalan\u0131 kaplamas\u0131 ve tesisleri\" \/><\/figure><\/div><div class=\"swiper-slide\" role=\"group\" aria-roledescription=\"slide\" aria-label=\"5\u306e3\" data-no-translation-aria-label=\"\"><figure class=\"swiper-slide-inner\"><img decoding=\"async\" class=\"swiper-slide-image\" src=\"https:\/\/ecocretefiber.com\/wp-content\/uploads\/2025\/09\/airplane-on-the-runway-during-during-non-flying-we-2025-04-02-17-12-28-utc-scaled.jpg\" alt=\"Fiber takviyeli beton kaplama ile pist merkez hatt\u0131 \u00fczerinde hizalanm\u0131\u015f u\u00e7ak\" \/><\/figure><\/div><div class=\"swiper-slide\" role=\"group\" aria-roledescription=\"slide\" aria-label=\"5\u306e4\" data-no-translation-aria-label=\"\"><figure class=\"swiper-slide-inner\"><img decoding=\"async\" class=\"swiper-slide-image\" src=\"https:\/\/ecocretefiber.com\/wp-content\/uploads\/2025\/10\/roof-in-airport-2025-02-21-06-36-22-utc-scaled.jpg\" alt=\"Proje ekipleri, testere ile kesilen derzlerin daha temiz oldu\u011funu ve ini\u015f ve fren alanlar\u0131nda plans\u0131z onar\u0131mlar\u0131n azald\u0131\u011f\u0131n\u0131 bildirmi\u015ftir. Elyaf takviyeli beton, kritik kaplamalar\u0131n daha uzun s\u00fcre hizmette kalmas\u0131na yard\u0131mc\u0131 olur ve ya\u015fam d\u00f6ng\u00fcs\u00fc maliyetlerini d\u00fc\u015f\u00fcr\u00fcr.\" \/><\/figure><\/div><div class=\"swiper-slide\" role=\"group\" aria-roledescription=\"slide\" aria-label=\"5\u306e5\" data-no-translation-aria-label=\"\"><figure class=\"swiper-slide-inner\"><img decoding=\"async\" class=\"swiper-slide-image\" src=\"https:\/\/ecocretefiber.com\/wp-content\/uploads\/2025\/09\/city-2024-12-02-12-22-30-utc-scaled.jpg\" alt=\"Alt\u0131nda uzun, eklemli d\u00f6\u015feme bulunan havaalan\u0131 \u00e7at\u0131s\u0131 ve kiri\u015flerinin yak\u0131n \u00e7ekimi\" \/><\/figure><\/div>\t\t\t<\/div>\n\t\t\t\t\t\t\t\t\t\t\t\t<div class=\"elementor-swiper-button elementor-swiper-button-prev\" role=\"button\" tabindex=\"0\">\n\t\t\t\t\t\t<svg aria-hidden=\"true\" class=\"e-font-icon-svg e-eicon-chevron-left\" viewbox=\"0 0 1000 1000\" xmlns=\"http:\/\/www.w3.org\/2000\/svg\"><path d=\"M646 125C629 125 613 133 604 142L308 442C296 454 292 471 292 487 292 504 296 521 308 533L604 854C617 867 629 875 646 875 663 875 679 871 692 858 704 846 713 829 713 812 713 796 708 779 692 767L438 487 692 225C700 217 708 204 708 187 708 171 704 154 692 142 675 129 663 125 646 125Z\"><\/path><\/svg>\t\t\t\t\t<\/div>\n\t\t\t\t\t<div class=\"elementor-swiper-button elementor-swiper-button-next\" role=\"button\" tabindex=\"0\">\n\t\t\t\t\t\t<svg aria-hidden=\"true\" class=\"e-font-icon-svg e-eicon-chevron-right\" viewbox=\"0 0 1000 1000\" xmlns=\"http:\/\/www.w3.org\/2000\/svg\"><path d=\"M696 533C708 521 713 504 713 487 713 471 708 454 696 446L400 146C388 133 375 125 354 125 338 125 325 129 313 142 300 154 292 171 292 187 292 204 296 221 308 233L563 492 304 771C292 783 288 800 288 817 288 833 296 850 308 863 321 871 338 875 354 875 371 875 388 867 400 854L696 533Z\"><\/path><\/svg>\t\t\t\t\t<\/div>\n\t\t\t\t\n\t\t\t\t\t\t\t\t\t<div class=\"swiper-pagination\"><\/div>\n\t\t\t\t\t\t\t\t\t<\/div>\n\t\t\t\t\t\t<\/div>\n\t\t\t\t<div class=\"elementor-element elementor-element-08c6484 elementor-invisible elementor-widget elementor-widget-text-editor\" data-id=\"08c6484\" data-element_type=\"widget\" data-e-type=\"widget\" data-settings=\"{&quot;_animation&quot;:&quot;fadeInUp&quot;}\" data-widget_type=\"text-editor.default\">\n\t\t\t\t\t\t\t\t\t<h3><strong>Dayan\u0131kl\u0131 Beton, Daha Temiz Operasyonlar<\/strong><\/h3><p>Proje ekipleri daha dar \u00e7atlak geni\u015flikleri, daha temiz testere ile kesilmi\u015f derzler ve y\u00fcksek stresli b\u00f6lgelerde (ini\u015f ve frenleme alanlar\u0131) sa\u011flam d\u00f6\u015feme kenarlar\u0131 rapor etmi\u015ftir. Fiber yakla\u015f\u0131m\u0131, plans\u0131z onar\u0131mlar\u0131 azaltarak ve kritik kaplamay\u0131 daha uzun s\u00fcre hizmette tutarak ya\u015fam d\u00f6ng\u00fcs\u00fc maliyet tasarrufunu destekler.<\/p>\t\t\t\t\t\t\t\t<\/div>\n\t\t\t\t\t<\/div>\n\t\t<\/div>\n\t\t\t\t<div class=\"elementor-column elementor-col-50 elementor-top-column elementor-element elementor-element-108741a2\" data-id=\"108741a2\" data-element_type=\"column\" data-e-type=\"column\">\n\t\t\t<div class=\"elementor-widget-wrap elementor-element-populated\">\n\t\t\t\t\t\t<div class=\"elementor-element elementor-element-71636037 elementor-invisible elementor-widget elementor-widget-heading\" data-id=\"71636037\" data-element_type=\"widget\" data-e-type=\"widget\" data-settings=\"{&quot;_animation&quot;:&quot;fadeInUp&quot;}\" data-widget_type=\"heading.default\">\n\t\t\t\t\t<h2 class=\"elementor-heading-title elementor-size-default\">Projeye Genel Bak\u0131\u015f<\/h2>\t\t\t\t<\/div>\n\t\t\t\t<div class=\"elementor-element elementor-element-5d4e0728 elementor-invisible elementor-widget elementor-widget-text-editor\" data-id=\"5d4e0728\" data-element_type=\"widget\" data-e-type=\"widget\" data-settings=\"{&quot;_animation&quot;:&quot;fadeInUp&quot;}\" data-widget_type=\"text-editor.default\">\n\t\t\t\t\t\t\t\t\t<p><strong>Mega Hub i\u00e7in Daha G\u00fcvenli, Daha Uzun \u00d6m\u00fcrl\u00fc Kald\u0131r\u0131mlar<\/strong><\/p><p><b><\/b>Pekin Daxing Uluslararas\u0131 Havaliman\u0131 son derece y\u00fcksek trafi\u011fe ve a\u011f\u0131r tekerlek y\u00fcklerine sahiptir. Erken ya\u015f b\u00fcz\u00fclme \u00e7atlamas\u0131n\u0131 kontrol etmeye yard\u0131mc\u0131 olmak ve tekrarlanan kalk\u0131\u015flar, ini\u015fler ve FOD s\u00fcp\u00fcrme d\u00f6ng\u00fcleri alt\u0131nda dayan\u0131kl\u0131l\u0131\u011f\u0131 art\u0131rmak i\u00e7in beton kaplama kar\u0131\u015f\u0131m\u0131na Ecocrete\u2122 PP Mesh Fiber eklenmi\u015ftir. 3D fiber a\u011f\u0131, mikro \u00e7atlaklar\u0131n k\u00f6pr\u00fclenmesine yard\u0131mc\u0131 olur, darbe ve a\u015f\u0131nma direncini art\u0131r\u0131r ve pistler, taksi yollar\u0131 ve apronlar i\u00e7in uzun s\u00fcreli hizmet \u00f6mr\u00fcn\u00fc destekler.<\/p>\t\t\t\t\t\t\t\t<\/div>\n\t\t\t\t<div class=\"elementor-element elementor-element-26d8de8b elementor-widget-mobile__width-inherit elementor-icon-list--layout-traditional elementor-list-item-link-full_width elementor-invisible elementor-widget elementor-widget-icon-list\" data-id=\"26d8de8b\" data-element_type=\"widget\" data-e-type=\"widget\" data-settings=\"{&quot;_animation&quot;:&quot;fadeInUp&quot;}\" data-widget_type=\"icon-list.default\">\n\t\t\t\t\t\t\t<ul class=\"elementor-icon-list-items\">\n\t\t\t\t\t\t\t<li class=\"elementor-icon-list-item\">\n\t\t\t\t\t\t\t\t\t\t\t<span class=\"elementor-icon-list-icon\">\n\t\t\t\t\t\t\t<i aria-hidden=\"true\" class=\"icon icon-apartment1\"><\/i>\t\t\t\t\t\t<\/span>\n\t\t\t\t\t\t\t\t\t\t<span class=\"elementor-icon-list-text\">Uygulama: pist d\u00f6\u015femeleri, taksi yollar\u0131, apron standlar\u0131<\/span>\n\t\t\t\t\t\t\t\t\t<\/li>\n\t\t\t\t\t\t\t\t<li class=\"elementor-icon-list-item\">\n\t\t\t\t\t\t\t\t\t\t\t<span class=\"elementor-icon-list-icon\">\n\t\t\t\t\t\t\t<i aria-hidden=\"true\" class=\"icon icon-calendar3\"><\/i>\t\t\t\t\t\t<\/span>\n\t\t\t\t\t\t\t\t\t\t<span class=\"elementor-icon-list-text\">Elyaf t\u00fcr\u00fc: Ecocrete\u2122 PP Mesh Fiber (tipik uzunluk 12-19 mm)<\/span>\n\t\t\t\t\t\t\t\t\t<\/li>\n\t\t\t\t\t\t\t\t<li class=\"elementor-icon-list-item\">\n\t\t\t\t\t\t\t\t\t\t\t<span class=\"elementor-icon-list-icon\">\n\t\t\t\t\t\t\t<i aria-hidden=\"true\" class=\"icon icon-user\"><\/i>\t\t\t\t\t\t<\/span>\n\t\t\t\t\t\t\t\t\t\t<span class=\"elementor-icon-list-text\">Tipik dozaj: 1.0-2.0 kg\/m\u00b3 (kar\u0131\u015f\u0131m tasar\u0131m\u0131na ve iklime g\u00f6re ayarlay\u0131n)<\/span>\n\t\t\t\t\t\t\t\t\t<\/li>\n\t\t\t\t\t\t\t\t<li class=\"elementor-icon-list-item\">\n\t\t\t\t\t\t\t\t\t\t\t<span class=\"elementor-icon-list-icon\">\n\t\t\t\t\t\t\t<i aria-hidden=\"true\" class=\"icon icon-map-marker1\"><\/i>\t\t\t\t\t\t<\/span>\n\t\t\t\t\t\t\t\t\t\t<span class=\"elementor-icon-list-text\">Faydalar\u0131: \u00e7atlak kontrol\u00fc, geli\u015ftirilmi\u015f tokluk, daha iyi kenar dayan\u0131kl\u0131l\u0131\u011f\u0131, azalt\u0131lm\u0131\u015f d\u00f6k\u00fclme riski<\/span>\n\t\t\t\t\t\t\t\t\t<\/li>\n\t\t\t\t\t\t<\/ul>\n\t\t\t\t\t\t<\/div>\n\t\t\t\t<div class=\"elementor-element elementor-element-b951669 elementor-widget elementor-widget-button\" data-id=\"b951669\" data-element_type=\"widget\" data-e-type=\"widget\" data-widget_type=\"button.default\">\n\t\t\t\t\t\t\t\t\t\t<a class=\"elementor-button elementor-button-link elementor-size-sm\" href=\"#\">\n\t\t\t\t\t\t<span class=\"elementor-button-content-wrapper\">\n\t\t\t\t\t\t\t\t\t<span class=\"elementor-button-text\">\u0130leti\u015fim<\/span>\n\t\t\t\t\t<\/span>\n\t\t\t\t\t<\/a>\n\t\t\t\t\t\t\t\t<\/div>\n\t\t\t\t\t<\/div>\n\t\t<\/div>\n\t\t\t\t\t<\/div>\n\t\t<\/section>\n\t\t\t\t<\/div>","protected":false},"excerpt":{"rendered":"<p>project Beijing Daxing International Airport Runway &amp; apron crack control with Ecocrete\u2122 PP Mesh Fiber Challenges &amp; Solution Early-Age Cracking, Heavy Loads, Freeze\u2013Thaw \u2014 Solved Plastic shrinkage &amp; temperature gradients: PP mesh fiber distributes throughout the matrix to relieve stress at crack tips and limit crack formation. Heavy aircraft &amp; braking zones: Added toughness and [&hellip;]<\/p>","protected":false},"author":1,"featured_media":0,"parent":108,"menu_order":0,"comment_status":"closed","ping_status":"closed","template":"elementor_header_footer","meta":{"footnotes":""},"class_list":["post-165","page","type-page","status-publish","hentry"],"_links":{"self":[{"href":"https:\/\/ecocretefiber.com\/tr\/wp-json\/wp\/v2\/pages\/165","targetHints":{"allow":["GET"]}}],"collection":[{"href":"https:\/\/ecocretefiber.com\/tr\/wp-json\/wp\/v2\/pages"}],"about":[{"href":"https:\/\/ecocretefiber.com\/tr\/wp-json\/wp\/v2\/types\/page"}],"author":[{"embeddable":true,"href":"https:\/\/ecocretefiber.com\/tr\/wp-json\/wp\/v2\/users\/1"}],"replies":[{"embeddable":true,"href":"https:\/\/ecocretefiber.com\/tr\/wp-json\/wp\/v2\/comments?post=165"}],"version-history":[{"count":49,"href":"https:\/\/ecocretefiber.com\/tr\/wp-json\/wp\/v2\/pages\/165\/revisions"}],"predecessor-version":[{"id":1603,"href":"https:\/\/ecocretefiber.com\/tr\/wp-json\/wp\/v2\/pages\/165\/revisions\/1603"}],"up":[{"embeddable":true,"href":"https:\/\/ecocretefiber.com\/tr\/wp-json\/wp\/v2\/pages\/108"}],"wp:attachment":[{"href":"https:\/\/ecocretefiber.com\/tr\/wp-json\/wp\/v2\/media?parent=165"}],"curies":[{"name":"wp","href":"https:\/\/api.w.org\/{rel}","templated":true}]}}