{"id":1755,"date":"2025-11-01T07:56:39","date_gmt":"2025-11-01T07:56:39","guid":{"rendered":"https:\/\/ecocretefiber.com\/?page_id=1755"},"modified":"2026-05-03T03:41:09","modified_gmt":"2026-05-03T03:41:09","slug":"haberler","status":"publish","type":"page","link":"https:\/\/ecocretefiber.com\/tr\/haberler\/","title":{"rendered":"Haberler"},"content":{"rendered":"<div data-elementor-type=\"wp-page\" data-elementor-id=\"1755\" class=\"elementor elementor-1755\" data-elementor-post-type=\"page\">\n\t\t\t\t\t\t<section class=\"elementor-section elementor-top-section elementor-element elementor-element-7c987da3 elementor-reverse-mobile elementor-section-boxed elementor-section-height-default elementor-section-height-default elementor-invisible\" data-id=\"7c987da3\" data-element_type=\"section\" data-e-type=\"section\" data-settings=\"{&quot;background_background&quot;:&quot;classic&quot;,&quot;animation&quot;:&quot;fadeIn&quot;}\">\n\t\t\t\t\t\t\t<div class=\"elementor-background-overlay\"><\/div>\n\t\t\t\t\t\t\t<div class=\"elementor-container elementor-column-gap-default\">\n\t\t\t\t\t<div class=\"elementor-column elementor-col-100 elementor-top-column elementor-element elementor-element-32aa8340\" data-id=\"32aa8340\" data-element_type=\"column\" data-e-type=\"column\">\n\t\t\t<div class=\"elementor-widget-wrap elementor-element-populated\">\n\t\t\t\t\t\t<div class=\"elementor-element elementor-element-1d6f815b elementor-icon-list--layout-inline elementor-list-item-link-inline elementor-align-center elementor-mobile-align-center elementor-invisible elementor-widget elementor-widget-icon-list\" data-id=\"1d6f815b\" data-element_type=\"widget\" data-e-type=\"widget\" data-settings=\"{&quot;_animation&quot;:&quot;fadeInUp&quot;}\" data-widget_type=\"icon-list.default\">\n\t\t\t\t\t\t\t<ul class=\"elementor-icon-list-items elementor-inline-items\">\n\t\t\t\t\t\t\t<li class=\"elementor-icon-list-item elementor-inline-item\">\n\t\t\t\t\t\t\t\t\t\t\t<span class=\"elementor-icon-list-icon\">\n\t\t\t\t\t\t\t<i aria-hidden=\"true\" class=\"icon icon-safety\"><\/i>\t\t\t\t\t\t<\/span>\n\t\t\t\t\t\t\t\t\t\t<span class=\"elementor-icon-list-text\">Blog<\/span>\n\t\t\t\t\t\t\t\t\t<\/li>\n\t\t\t\t\t\t<\/ul>\n\t\t\t\t\t\t<\/div>\n\t\t\t\t<div class=\"elementor-element elementor-element-4dc3a6fa elementor-invisible elementor-widget elementor-widget-heading\" data-id=\"4dc3a6fa\" data-element_type=\"widget\" data-e-type=\"widget\" data-settings=\"{&quot;_animation&quot;:&quot;fadeInUp&quot;}\" data-widget_type=\"heading.default\">\n\t\t\t\t\t<h1 class=\"elementor-heading-title elementor-size-default\">Haberler &amp; G\u00fcncellemeler<\/h1>\t\t\t\t<\/div>\n\t\t\t\t<div class=\"elementor-element elementor-element-326c776c elementor-invisible elementor-widget elementor-widget-text-editor\" data-id=\"326c776c\" data-element_type=\"widget\" data-e-type=\"widget\" data-settings=\"{&quot;_animation&quot;:&quot;fadeInUp&quot;}\" data-widget_type=\"text-editor.default\">\n\t\t\t\t\t\t\t\t\t<p>Lorem ipsum dolor sit amet, consectetur adipiscing elit. Ut elit tellus, luctus nec ullam corper.<\/p>\t\t\t\t\t\t\t\t<\/div>\n\t\t\t\t\t<\/div>\n\t\t<\/div>\n\t\t\t\t\t<\/div>\n\t\t<\/section>\n\t\t<div class=\"elementor-element elementor-element-14c7525 e-flex e-con-boxed e-con e-parent\" data-id=\"14c7525\" data-element_type=\"container\" data-e-type=\"container\">\n\t\t\t\t\t<div class=\"e-con-inner\">\n\t\t\t\t<div class=\"elementor-element elementor-element-057b783 elementor-grid-1 elementor-grid-tablet-1 elementor-posts--align-left elementor-posts--thumbnail-left elementor-grid-mobile-1 elementor-widget elementor-widget-posts\" data-id=\"057b783\" data-element_type=\"widget\" data-e-type=\"widget\" data-settings=\"{&quot;classic_columns&quot;:&quot;1&quot;,&quot;classic_columns_tablet&quot;:&quot;1&quot;,&quot;pagination_type&quot;:&quot;numbers_and_prev_next&quot;,&quot;classic_columns_mobile&quot;:&quot;1&quot;,&quot;classic_row_gap&quot;:{&quot;unit&quot;:&quot;px&quot;,&quot;size&quot;:35,&quot;sizes&quot;:[]},&quot;classic_row_gap_widescreen&quot;:{&quot;unit&quot;:&quot;px&quot;,&quot;size&quot;:&quot;&quot;,&quot;sizes&quot;:[]},&quot;classic_row_gap_tablet&quot;:{&quot;unit&quot;:&quot;px&quot;,&quot;size&quot;:&quot;&quot;,&quot;sizes&quot;:[]},&quot;classic_row_gap_mobile&quot;:{&quot;unit&quot;:&quot;px&quot;,&quot;size&quot;:&quot;&quot;,&quot;sizes&quot;:[]}}\" data-widget_type=\"posts.classic\">\n\t\t\t\t<div class=\"elementor-widget-container\">\n\t\t\t\t\t\t\t<div class=\"elementor-posts-container elementor-posts elementor-posts--skin-classic elementor-grid\" role=\"list\">\n\t\t\t\t<article class=\"elementor-post elementor-grid-item post-2506 post type-post status-publish format-standard has-post-thumbnail hentry category-industry-news tag-fiberglass-react-with-acid\" role=\"listitem\">\n\t\t\t\t<a class=\"elementor-post__thumbnail__link\" href=\"https:\/\/ecocretefiber.com\/tr\/fiberglas-asitle-reaksiyona-girer-mi\/\" tabindex=\"-1\" >\n\t\t\t<div class=\"elementor-post__thumbnail\"><img fetchpriority=\"high\" decoding=\"async\" width=\"1672\" height=\"941\" src=\"https:\/\/ecocretefiber.com\/wp-content\/uploads\/2026\/05\/Fiberglass-and-Acid-Exposure-in-Construction-Materials.webp\" class=\"attachment-full size-full wp-image-2510\" alt=\"Fiberglas a\u011f, cam elyaflar ve kimyasal diren\u00e7 tablosu \u00e7imento ve re\u00e7ine \u00f6rneklerinin yan\u0131nda g\u00f6sterilmi\u015ftir.\" srcset=\"https:\/\/ecocretefiber.com\/wp-content\/uploads\/2026\/05\/Fiberglass-and-Acid-Exposure-in-Construction-Materials.webp 1672w, https:\/\/ecocretefiber.com\/wp-content\/uploads\/2026\/05\/Fiberglass-and-Acid-Exposure-in-Construction-Materials-300x169.webp 300w, https:\/\/ecocretefiber.com\/wp-content\/uploads\/2026\/05\/Fiberglass-and-Acid-Exposure-in-Construction-Materials-1024x576.webp 1024w, https:\/\/ecocretefiber.com\/wp-content\/uploads\/2026\/05\/Fiberglass-and-Acid-Exposure-in-Construction-Materials-768x432.webp 768w, https:\/\/ecocretefiber.com\/wp-content\/uploads\/2026\/05\/Fiberglass-and-Acid-Exposure-in-Construction-Materials-1536x864.webp 1536w, https:\/\/ecocretefiber.com\/wp-content\/uploads\/2026\/05\/Fiberglass-and-Acid-Exposure-in-Construction-Materials-18x10.webp 18w\" sizes=\"(max-width: 1672px) 100vw, 1672px\" \/><\/div>\n\t\t<\/a>\n\t\t\t\t<div class=\"elementor-post__text\">\n\t\t\t\t<h3 class=\"elementor-post__title\">\n\t\t\t<a href=\"https:\/\/ecocretefiber.com\/tr\/fiberglas-asitle-reaksiyona-girer-mi\/\" >\n\t\t\t\tFiberglas asit ile reaksiyona girer mi?\t\t\t<\/a>\n\t\t<\/h3>\n\t\t\t\t<div class=\"elementor-post__meta-data\">\n\t\t\t\t\t<span class=\"elementor-post-author\">\n\t\t\tinfo@ecocretefiber.com\t\t<\/span>\n\t\t\t\t<span class=\"elementor-post-date\">\n\t\t\t14 May\u0131s 2026\t\t<\/span>\n\t\t\t\t<\/div>\n\t\t\n\t\t<a class=\"elementor-post__read-more\" href=\"https:\/\/ecocretefiber.com\/tr\/fiberglas-asitle-reaksiyona-girer-mi\/\" aria-label=\"Read more about Does fiberglass react with acid?\" tabindex=\"-1\" >\n\t\t\tDaha Fazla Oku \u00bb\t\t<\/a>\n\n\t\t\t\t<\/div>\n\t\t\t\t<\/article>\n\t\t\t\t<article class=\"elementor-post elementor-grid-item post-2499 post type-post status-publish format-standard has-post-thumbnail hentry category-product-news tag-steel-fiber tag-steel-fiber-dosage-in-concrete\" role=\"listitem\">\n\t\t\t\t<a class=\"elementor-post__thumbnail__link\" href=\"https:\/\/ecocretefiber.com\/tr\/betonda-celi%cc%87k-li%cc%87f-dozaji\/\" tabindex=\"-1\" >\n\t\t\t<div class=\"elementor-post__thumbnail\"><img decoding=\"async\" width=\"1672\" height=\"941\" src=\"https:\/\/ecocretefiber.com\/wp-content\/uploads\/2026\/05\/steel-fiber-dosage-added-to-fresh-concrete.webp\" class=\"attachment-full size-full wp-image-2503\" alt=\"\u00c7elik lifler, \u00e7atlak kontrol\u00fcn\u00fc ve toklu\u011fu art\u0131rmak i\u00e7in taze betona eklenir.\" srcset=\"https:\/\/ecocretefiber.com\/wp-content\/uploads\/2026\/05\/steel-fiber-dosage-added-to-fresh-concrete.webp 1672w, https:\/\/ecocretefiber.com\/wp-content\/uploads\/2026\/05\/steel-fiber-dosage-added-to-fresh-concrete-300x169.webp 300w, https:\/\/ecocretefiber.com\/wp-content\/uploads\/2026\/05\/steel-fiber-dosage-added-to-fresh-concrete-1024x576.webp 1024w, https:\/\/ecocretefiber.com\/wp-content\/uploads\/2026\/05\/steel-fiber-dosage-added-to-fresh-concrete-768x432.webp 768w, https:\/\/ecocretefiber.com\/wp-content\/uploads\/2026\/05\/steel-fiber-dosage-added-to-fresh-concrete-1536x864.webp 1536w, https:\/\/ecocretefiber.com\/wp-content\/uploads\/2026\/05\/steel-fiber-dosage-added-to-fresh-concrete-18x10.webp 18w\" sizes=\"(max-width: 1672px) 100vw, 1672px\" \/><\/div>\n\t\t<\/a>\n\t\t\t\t<div class=\"elementor-post__text\">\n\t\t\t\t<h3 class=\"elementor-post__title\">\n\t\t\t<a href=\"https:\/\/ecocretefiber.com\/tr\/betonda-celi%cc%87k-li%cc%87f-dozaji\/\" >\n\t\t\t\tBetonda \u00c7elik Lif Dozaj\u0131: Hacim \u0130\u00e7eri\u011fi Ak\u0131\u015f\u0131, Da\u011f\u0131l\u0131m\u0131 ve \u00c7atlak Kontrol\u00fcn\u00fc Nas\u0131l Etkiler?\t\t\t<\/a>\n\t\t<\/h3>\n\t\t\t\t<div class=\"elementor-post__meta-data\">\n\t\t\t\t\t<span class=\"elementor-post-author\">\n\t\t\tinfo@ecocretefiber.com\t\t<\/span>\n\t\t\t\t<span class=\"elementor-post-date\">\n\t\t\t10 May\u0131s 2026\t\t<\/span>\n\t\t\t\t<\/div>\n\t\t\n\t\t<a class=\"elementor-post__read-more\" href=\"https:\/\/ecocretefiber.com\/tr\/betonda-celi%cc%87k-li%cc%87f-dozaji\/\" aria-label=\"Read more about Steel Fiber Dosage In Concrete: How Volume Content Affects Flow, Distribution, And Crack Control\" tabindex=\"-1\" >\n\t\t\tDaha Fazla Oku \u00bb\t\t<\/a>\n\n\t\t\t\t<\/div>\n\t\t\t\t<\/article>\n\t\t\t\t<article class=\"elementor-post elementor-grid-item post-2493 post type-post status-publish format-standard has-post-thumbnail hentry category-industry-news tag-hybrid-fiber-reinforced-concrete\" role=\"listitem\">\n\t\t\t\t<a class=\"elementor-post__thumbnail__link\" href=\"https:\/\/ecocretefiber.com\/tr\/hi%cc%87bri%cc%87t-elyaf-takvi%cc%87yeli%cc%87-beton\/\" tabindex=\"-1\" >\n\t\t\t<div class=\"elementor-post__thumbnail\"><img decoding=\"async\" width=\"1448\" height=\"1086\" src=\"https:\/\/ecocretefiber.com\/wp-content\/uploads\/2026\/05\/Hybrid-Fibers-Added-To-Fresh-Concrete.webp\" class=\"attachment-full size-full wp-image-2496\" alt=\"Hibrit lif takviyeli beton i\u00e7in taze betona \u00e7elik lifler ve polipropilen lifler eklenir.\" srcset=\"https:\/\/ecocretefiber.com\/wp-content\/uploads\/2026\/05\/Hybrid-Fibers-Added-To-Fresh-Concrete.webp 1448w, https:\/\/ecocretefiber.com\/wp-content\/uploads\/2026\/05\/Hybrid-Fibers-Added-To-Fresh-Concrete-300x225.webp 300w, https:\/\/ecocretefiber.com\/wp-content\/uploads\/2026\/05\/Hybrid-Fibers-Added-To-Fresh-Concrete-1024x768.webp 1024w, https:\/\/ecocretefiber.com\/wp-content\/uploads\/2026\/05\/Hybrid-Fibers-Added-To-Fresh-Concrete-768x576.webp 768w, https:\/\/ecocretefiber.com\/wp-content\/uploads\/2026\/05\/Hybrid-Fibers-Added-To-Fresh-Concrete-16x12.webp 16w\" sizes=\"(max-width: 1448px) 100vw, 1448px\" \/><\/div>\n\t\t<\/a>\n\t\t\t\t<div class=\"elementor-post__text\">\n\t\t\t\t<h3 class=\"elementor-post__title\">\n\t\t\t<a href=\"https:\/\/ecocretefiber.com\/tr\/hi%cc%87bri%cc%87t-elyaf-takvi%cc%87yeli%cc%87-beton\/\" >\n\t\t\t\tHibrit Elyaf Takviyeli Beton: \u00c7ok \u00d6l\u00e7ekli Elyaflar \u00c7atlak Kontrol\u00fcn\u00fc, Toklu\u011fu ve Beton Dayan\u0131kl\u0131l\u0131\u011f\u0131n\u0131 Nas\u0131l \u0130yile\u015ftirir?\t\t\t<\/a>\n\t\t<\/h3>\n\t\t\t\t<div class=\"elementor-post__meta-data\">\n\t\t\t\t\t<span class=\"elementor-post-author\">\n\t\t\tinfo@ecocretefiber.com\t\t<\/span>\n\t\t\t\t<span class=\"elementor-post-date\">\n\t\t\t9 May\u0131s 2026\t\t<\/span>\n\t\t\t\t<\/div>\n\t\t\n\t\t<a class=\"elementor-post__read-more\" href=\"https:\/\/ecocretefiber.com\/tr\/hi%cc%87bri%cc%87t-elyaf-takvi%cc%87yeli%cc%87-beton\/\" aria-label=\"Read more about Hybrid Fiber Reinforced Concrete: How Multi-Scale Fibers Improve Crack Control, Toughness, And Concrete Durability\" tabindex=\"-1\" >\n\t\t\tDaha Fazla Oku \u00bb\t\t<\/a>\n\n\t\t\t\t<\/div>\n\t\t\t\t<\/article>\n\t\t\t\t<article class=\"elementor-post elementor-grid-item post-2481 post type-post status-publish format-standard has-post-thumbnail hentry category-industry-news tag-microfiber tag-microfiber-cement\" role=\"listitem\">\n\t\t\t\t<a class=\"elementor-post__thumbnail__link\" href=\"https:\/\/ecocretefiber.com\/tr\/mikrofiber-cimento-ne-ise-yarar\/\" tabindex=\"-1\" >\n\t\t\t<div class=\"elementor-post__thumbnail\"><img loading=\"lazy\" decoding=\"async\" width=\"1448\" height=\"1086\" src=\"https:\/\/ecocretefiber.com\/wp-content\/uploads\/2026\/05\/Smooth-Microfiber-Cement-Surface-After-Finishing.webp\" class=\"attachment-full size-full wp-image-2483\" alt=\"Bitmi\u015f bir mikrofiber \u00e7imento zemin y\u00fczeyi, g\u00f6r\u00fcn\u00fcr \u00e7atlamalar\u0131n azald\u0131\u011f\u0131 p\u00fcr\u00fczs\u00fcz bir doku g\u00f6sterir.\" srcset=\"https:\/\/ecocretefiber.com\/wp-content\/uploads\/2026\/05\/Smooth-Microfiber-Cement-Surface-After-Finishing.webp 1448w, https:\/\/ecocretefiber.com\/wp-content\/uploads\/2026\/05\/Smooth-Microfiber-Cement-Surface-After-Finishing-300x225.webp 300w, https:\/\/ecocretefiber.com\/wp-content\/uploads\/2026\/05\/Smooth-Microfiber-Cement-Surface-After-Finishing-1024x768.webp 1024w, https:\/\/ecocretefiber.com\/wp-content\/uploads\/2026\/05\/Smooth-Microfiber-Cement-Surface-After-Finishing-768x576.webp 768w, https:\/\/ecocretefiber.com\/wp-content\/uploads\/2026\/05\/Smooth-Microfiber-Cement-Surface-After-Finishing-16x12.webp 16w\" sizes=\"(max-width: 1448px) 100vw, 1448px\" \/><\/div>\n\t\t<\/a>\n\t\t\t\t<div class=\"elementor-post__text\">\n\t\t\t\t<h3 class=\"elementor-post__title\">\n\t\t\t<a href=\"https:\/\/ecocretefiber.com\/tr\/mikrofiber-cimento-ne-ise-yarar\/\" >\n\t\t\t\tMikrofiber \u00e7imento ne i\u015fe yarar?\t\t\t<\/a>\n\t\t<\/h3>\n\t\t\t\t<div class=\"elementor-post__meta-data\">\n\t\t\t\t\t<span class=\"elementor-post-author\">\n\t\t\tinfo@ecocretefiber.com\t\t<\/span>\n\t\t\t\t<span class=\"elementor-post-date\">\n\t\t\t7 May\u0131s 2026\t\t<\/span>\n\t\t\t\t<\/div>\n\t\t\n\t\t<a class=\"elementor-post__read-more\" href=\"https:\/\/ecocretefiber.com\/tr\/mikrofiber-cimento-ne-ise-yarar\/\" aria-label=\"Read more about What is the use of microfiber cement?\" tabindex=\"-1\" >\n\t\t\tDaha Fazla Oku \u00bb\t\t<\/a>\n\n\t\t\t\t<\/div>\n\t\t\t\t<\/article>\n\t\t\t\t<article class=\"elementor-post elementor-grid-item post-2473 post type-post status-publish format-standard has-post-thumbnail hentry category-product-news tag-macro-fiber-in-concrete\" role=\"listitem\">\n\t\t\t\t<a class=\"elementor-post__thumbnail__link\" href=\"https:\/\/ecocretefiber.com\/tr\/betonda-makro-li%cc%87f-nedi%cc%87r\/\" tabindex=\"-1\" >\n\t\t\t<div class=\"elementor-post__thumbnail\"><img loading=\"lazy\" decoding=\"async\" width=\"1586\" height=\"992\" src=\"https:\/\/ecocretefiber.com\/wp-content\/uploads\/2026\/05\/Macro-Fibers-Mixed-Into-Structural-Concrete-.webp\" class=\"attachment-full size-full wp-image-2478\" alt=\"Taze beton ve bitmi\u015f bir d\u00f6\u015feme numunesinin yan\u0131nda uzun beton donat\u0131 lifleri.\" srcset=\"https:\/\/ecocretefiber.com\/wp-content\/uploads\/2026\/05\/Macro-Fibers-Mixed-Into-Structural-Concrete-.webp 1586w, https:\/\/ecocretefiber.com\/wp-content\/uploads\/2026\/05\/Macro-Fibers-Mixed-Into-Structural-Concrete--300x188.webp 300w, https:\/\/ecocretefiber.com\/wp-content\/uploads\/2026\/05\/Macro-Fibers-Mixed-Into-Structural-Concrete--1024x640.webp 1024w, https:\/\/ecocretefiber.com\/wp-content\/uploads\/2026\/05\/Macro-Fibers-Mixed-Into-Structural-Concrete--768x480.webp 768w, https:\/\/ecocretefiber.com\/wp-content\/uploads\/2026\/05\/Macro-Fibers-Mixed-Into-Structural-Concrete--1536x961.webp 1536w, https:\/\/ecocretefiber.com\/wp-content\/uploads\/2026\/05\/Macro-Fibers-Mixed-Into-Structural-Concrete--18x12.webp 18w\" sizes=\"(max-width: 1586px) 100vw, 1586px\" \/><\/div>\n\t\t<\/a>\n\t\t\t\t<div class=\"elementor-post__text\">\n\t\t\t\t<h3 class=\"elementor-post__title\">\n\t\t\t<a href=\"https:\/\/ecocretefiber.com\/tr\/betonda-makro-li%cc%87f-nedi%cc%87r\/\" >\n\t\t\t\tBetonda makro fiber nedir?\t\t\t<\/a>\n\t\t<\/h3>\n\t\t\t\t<div class=\"elementor-post__meta-data\">\n\t\t\t\t\t<span class=\"elementor-post-author\">\n\t\t\tinfo@ecocretefiber.com\t\t<\/span>\n\t\t\t\t<span class=\"elementor-post-date\">\n\t\t\t5 May\u0131s 2026\t\t<\/span>\n\t\t\t\t<\/div>\n\t\t\n\t\t<a class=\"elementor-post__read-more\" href=\"https:\/\/ecocretefiber.com\/tr\/betonda-makro-li%cc%87f-nedi%cc%87r\/\" aria-label=\"Read more about What is macro fiber in concrete?\" tabindex=\"-1\" >\n\t\t\tDaha Fazla Oku \u00bb\t\t<\/a>\n\n\t\t\t\t<\/div>\n\t\t\t\t<\/article>\n\t\t\t\t<article class=\"elementor-post elementor-grid-item post-2469 post type-post status-publish format-standard has-post-thumbnail hentry category-product-news tag-micro-fiber tag-micro-fiber-in-concrete\" role=\"listitem\">\n\t\t\t\t<a class=\"elementor-post__thumbnail__link\" href=\"https:\/\/ecocretefiber.com\/tr\/betonda-mi%cc%87kro-li%cc%87f-nedi%cc%87r\/\" tabindex=\"-1\" >\n\t\t\t<div class=\"elementor-post__thumbnail\"><img loading=\"lazy\" decoding=\"async\" width=\"1881\" height=\"836\" src=\"https:\/\/ecocretefiber.com\/wp-content\/uploads\/2026\/05\/polypropylene-micro-fiber-concrete-crack-control.webp\" class=\"attachment-full size-full wp-image-2471\" alt=\"Plastik b\u00fcz\u00fclmeyi ve oturma \u00e7atlamas\u0131n\u0131 azaltmak i\u00e7in betonda kullan\u0131lan ince polipropilen mikro fiberler\" srcset=\"https:\/\/ecocretefiber.com\/wp-content\/uploads\/2026\/05\/polypropylene-micro-fiber-concrete-crack-control.webp 1881w, https:\/\/ecocretefiber.com\/wp-content\/uploads\/2026\/05\/polypropylene-micro-fiber-concrete-crack-control-300x133.webp 300w, https:\/\/ecocretefiber.com\/wp-content\/uploads\/2026\/05\/polypropylene-micro-fiber-concrete-crack-control-1024x455.webp 1024w, https:\/\/ecocretefiber.com\/wp-content\/uploads\/2026\/05\/polypropylene-micro-fiber-concrete-crack-control-768x341.webp 768w, https:\/\/ecocretefiber.com\/wp-content\/uploads\/2026\/05\/polypropylene-micro-fiber-concrete-crack-control-1536x683.webp 1536w, https:\/\/ecocretefiber.com\/wp-content\/uploads\/2026\/05\/polypropylene-micro-fiber-concrete-crack-control-18x8.webp 18w\" sizes=\"(max-width: 1881px) 100vw, 1881px\" \/><\/div>\n\t\t<\/a>\n\t\t\t\t<div class=\"elementor-post__text\">\n\t\t\t\t<h3 class=\"elementor-post__title\">\n\t\t\t<a href=\"https:\/\/ecocretefiber.com\/tr\/betonda-mi%cc%87kro-li%cc%87f-nedi%cc%87r\/\" >\n\t\t\t\tBetonda mikro fiber nedir?\t\t\t<\/a>\n\t\t<\/h3>\n\t\t\t\t<div class=\"elementor-post__meta-data\">\n\t\t\t\t\t<span class=\"elementor-post-author\">\n\t\t\tinfo@ecocretefiber.com\t\t<\/span>\n\t\t\t\t<span class=\"elementor-post-date\">\n\t\t\t4 May\u0131s 2026\t\t<\/span>\n\t\t\t\t<\/div>\n\t\t\n\t\t<a class=\"elementor-post__read-more\" href=\"https:\/\/ecocretefiber.com\/tr\/betonda-mi%cc%87kro-li%cc%87f-nedi%cc%87r\/\" aria-label=\"Read more about What is micro fiber in concrete?\" tabindex=\"-1\" >\n\t\t\tDaha Fazla Oku \u00bb\t\t<\/a>\n\n\t\t\t\t<\/div>\n\t\t\t\t<\/article>\n\t\t\t\t<\/div>\n\t\t\n\t\t\t\t<div class=\"e-load-more-anchor\" data-page=\"1\" data-max-page=\"10\" data-next-page=\"https:\/\/ecocretefiber.com\/wp-json\/wp\/v2\/pages\/1755\/page\/2\/\"><\/div>\n\t\t\t\t<nav class=\"elementor-pagination\" aria-label=\"Pagination\">\n\t\t\t<span class=\"page-numbers prev\">\u00ab \u00d6nceki<\/span>\n<span aria-current=\"page\" class=\"page-numbers current\"><span class=\"elementor-screen-only\">Sayfa<\/span>1<\/span>\n<a class=\"page-numbers\" href=\"https:\/\/ecocretefiber.com\/wp-json\/wp\/v2\/pages\/1755\/page\/2\/\"><span class=\"elementor-screen-only\">Sayfa<\/span>2<\/a>\n<a class=\"page-numbers\" href=\"https:\/\/ecocretefiber.com\/wp-json\/wp\/v2\/pages\/1755\/page\/3\/\"><span class=\"elementor-screen-only\">Sayfa<\/span>3<\/a>\n<a class=\"page-numbers\" href=\"https:\/\/ecocretefiber.com\/wp-json\/wp\/v2\/pages\/1755\/page\/4\/\"><span class=\"elementor-screen-only\">Sayfa<\/span>4<\/a>\n<a class=\"page-numbers\" href=\"https:\/\/ecocretefiber.com\/wp-json\/wp\/v2\/pages\/1755\/page\/5\/\"><span class=\"elementor-screen-only\">Sayfa<\/span>5<\/a>\n<a class=\"page-numbers\" href=\"https:\/\/ecocretefiber.com\/wp-json\/wp\/v2\/pages\/1755\/page\/6\/\"><span class=\"elementor-screen-only\">Sayfa<\/span>6<\/a>\n<a class=\"page-numbers\" href=\"https:\/\/ecocretefiber.com\/wp-json\/wp\/v2\/pages\/1755\/page\/7\/\"><span class=\"elementor-screen-only\">Sayfa<\/span>7<\/a>\n<a class=\"page-numbers\" href=\"https:\/\/ecocretefiber.com\/wp-json\/wp\/v2\/pages\/1755\/page\/8\/\"><span class=\"elementor-screen-only\">Sayfa<\/span>8<\/a>\n<a class=\"page-numbers\" href=\"https:\/\/ecocretefiber.com\/wp-json\/wp\/v2\/pages\/1755\/page\/9\/\"><span class=\"elementor-screen-only\">Sayfa<\/span>9<\/a>\n<a class=\"page-numbers\" href=\"https:\/\/ecocretefiber.com\/wp-json\/wp\/v2\/pages\/1755\/page\/10\/\"><span class=\"elementor-screen-only\">Sayfa<\/span>10<\/a>\n<a class=\"page-numbers next\" href=\"https:\/\/ecocretefiber.com\/wp-json\/wp\/v2\/pages\/1755\/page\/2\/\">Sonraki \u00bb<\/a>\t\t<\/nav>\n\t\t\t\t\t\t<\/div>\n\t\t\t\t<\/div>\n\t\t\t\t\t<\/div>\n\t\t\t\t<\/div>\n\t\t\t\t<\/div>","protected":false},"excerpt":{"rendered":"<p>Blog News &amp; Updates Lorem ipsum dolor sit amet, consectetur adipiscing elit. Ut elit tellus, luctus nec ullam corper.<\/p>","protected":false},"author":2,"featured_media":0,"parent":0,"menu_order":0,"comment_status":"closed","ping_status":"closed","template":"","meta":{"footnotes":""},"class_list":["post-1755","page","type-page","status-publish","hentry"],"_links":{"self":[{"href":"https:\/\/ecocretefiber.com\/tr\/wp-json\/wp\/v2\/pages\/1755","targetHints":{"allow":["GET"]}}],"collection":[{"href":"https:\/\/ecocretefiber.com\/tr\/wp-json\/wp\/v2\/pages"}],"about":[{"href":"https:\/\/ecocretefiber.com\/tr\/wp-json\/wp\/v2\/types\/page"}],"author":[{"embeddable":true,"href":"https:\/\/ecocretefiber.com\/tr\/wp-json\/wp\/v2\/users\/2"}],"replies":[{"embeddable":true,"href":"https:\/\/ecocretefiber.com\/tr\/wp-json\/wp\/v2\/comments?post=1755"}],"version-history":[{"count":26,"href":"https:\/\/ecocretefiber.com\/tr\/wp-json\/wp\/v2\/pages\/1755\/revisions"}],"predecessor-version":[{"id":2466,"href":"https:\/\/ecocretefiber.com\/tr\/wp-json\/wp\/v2\/pages\/1755\/revisions\/2466"}],"wp:attachment":[{"href":"https:\/\/ecocretefiber.com\/tr\/wp-json\/wp\/v2\/media?parent=1755"}],"curies":[{"name":"wp","href":"https:\/\/api.w.org\/{rel}","templated":true}]}}