{"id":458,"date":"2025-10-04T08:14:52","date_gmt":"2025-10-04T08:14:52","guid":{"rendered":"https:\/\/ecocretefiber.com\/?page_id=458"},"modified":"2025-10-28T14:08:03","modified_gmt":"2025-10-28T14:08:03","slug":"qingdao-jiaozhou-korfezi%cc%87-tunel-projesi%cc%87","status":"publish","type":"page","link":"https:\/\/ecocretefiber.com\/tr\/projeler\/qingdao-jiaozhou-korfezi%cc%87-tunel-projesi%cc%87\/","title":{"rendered":"Qingdao Jiaozhou Bay Tunnel Project"},"content":{"rendered":"<div data-elementor-type=\"wp-page\" data-elementor-id=\"458\" class=\"elementor elementor-458\" data-elementor-post-type=\"page\">\n\t\t\t\t\t\t<section class=\"elementor-section elementor-top-section elementor-element elementor-element-1d68fafc elementor-reverse-mobile elementor-section-boxed elementor-section-height-default elementor-section-height-default elementor-invisible\" data-id=\"1d68fafc\" data-element_type=\"section\" data-e-type=\"section\" data-settings=\"{&quot;background_background&quot;:&quot;classic&quot;,&quot;animation&quot;:&quot;fadeIn&quot;}\">\n\t\t\t\t\t\t\t<div class=\"elementor-background-overlay\"><\/div>\n\t\t\t\t\t\t\t<div class=\"elementor-container elementor-column-gap-default\">\n\t\t\t\t\t<div class=\"elementor-column elementor-col-100 elementor-top-column elementor-element elementor-element-3112ee69\" data-id=\"3112ee69\" data-element_type=\"column\" data-e-type=\"column\">\n\t\t\t<div class=\"elementor-widget-wrap elementor-element-populated\">\n\t\t\t\t\t\t<div class=\"elementor-element elementor-element-6400f3f9 elementor-icon-list--layout-inline elementor-list-item-link-inline elementor-align-center elementor-mobile-align-center elementor-invisible elementor-widget elementor-widget-icon-list\" data-id=\"6400f3f9\" data-element_type=\"widget\" data-e-type=\"widget\" data-settings=\"{&quot;_animation&quot;:&quot;fadeInUp&quot;}\" data-widget_type=\"icon-list.default\">\n\t\t\t\t\t\t\t<ul class=\"elementor-icon-list-items elementor-inline-items\">\n\t\t\t\t\t\t\t<li class=\"elementor-icon-list-item elementor-inline-item\">\n\t\t\t\t\t\t\t\t\t\t\t<span class=\"elementor-icon-list-icon\">\n\t\t\t\t\t\t\t<i aria-hidden=\"true\" class=\"icon icon-safety\"><\/i>\t\t\t\t\t\t<\/span>\n\t\t\t\t\t\t\t\t\t\t<span class=\"elementor-icon-list-text\">proje<\/span>\n\t\t\t\t\t\t\t\t\t<\/li>\n\t\t\t\t\t\t<\/ul>\n\t\t\t\t\t\t<\/div>\n\t\t\t\t<div class=\"elementor-element elementor-element-60dd54a9 elementor-invisible elementor-widget elementor-widget-heading\" data-id=\"60dd54a9\" data-element_type=\"widget\" data-e-type=\"widget\" data-settings=\"{&quot;_animation&quot;:&quot;fadeInUp&quot;}\" data-widget_type=\"heading.default\">\n\t\t\t\t\t<h1 class=\"elementor-heading-title elementor-size-default\">Qingdao Jiaozhou K\u00f6rfezi Denizalt\u0131 T\u00fcneli<\/h1>\t\t\t\t<\/div>\n\t\t\t\t<div class=\"elementor-element elementor-element-1de6a4e5 elementor-widget__width-initial elementor-invisible elementor-widget elementor-widget-text-editor\" data-id=\"1de6a4e5\" data-element_type=\"widget\" data-e-type=\"widget\" data-settings=\"{&quot;_animation&quot;:&quot;fadeInUp&quot;}\" data-widget_type=\"text-editor.default\">\n\t\t\t\t\t\t\t\t\t<p>Ecocrete\u2122 Polyester Elyaf ile segment ve astar \u00e7atlak kontrol\u00fc<\/p>\t\t\t\t\t\t\t\t<\/div>\n\t\t\t\t\t<\/div>\n\t\t<\/div>\n\t\t\t\t\t<\/div>\n\t\t<\/section>\n\t\t\t\t<section class=\"elementor-section elementor-top-section elementor-element elementor-element-5000161d elementor-section-boxed elementor-section-height-default elementor-section-height-default\" data-id=\"5000161d\" data-element_type=\"section\" data-e-type=\"section\">\n\t\t\t\t\t\t<div class=\"elementor-container elementor-column-gap-default\">\n\t\t\t\t\t<div class=\"elementor-column elementor-col-50 elementor-top-column elementor-element elementor-element-26123f6b\" data-id=\"26123f6b\" data-element_type=\"column\" data-e-type=\"column\">\n\t\t\t<div class=\"elementor-widget-wrap elementor-element-populated\">\n\t\t\t\t\t\t<div class=\"elementor-element elementor-element-2128813b elementor-invisible elementor-widget elementor-widget-image\" data-id=\"2128813b\" data-element_type=\"widget\" data-e-type=\"widget\" data-settings=\"{&quot;_animation&quot;:&quot;fadeInUp&quot;}\" data-widget_type=\"image.default\">\n\t\t\t\t\t\t\t\t\t\t\t\t\t\t\t<img fetchpriority=\"high\" decoding=\"async\" width=\"1088\" height=\"685\" src=\"https:\/\/ecocretefiber.com\/wp-content\/uploads\/2025\/10\/4e8b069c758046f3b95353512488bbc9.jpeg\" class=\"attachment-full size-full wp-image-471\" alt=\"Ara\u00e7lar ve temiz d\u00f6\u015feme ba\u011flant\u0131lar\u0131 ile denizalt\u0131 t\u00fcnelinin i\u00e7inden gece g\u00f6r\u00fcn\u00fcm\u00fc\" srcset=\"https:\/\/ecocretefiber.com\/wp-content\/uploads\/2025\/10\/4e8b069c758046f3b95353512488bbc9.jpeg 1088w, https:\/\/ecocretefiber.com\/wp-content\/uploads\/2025\/10\/4e8b069c758046f3b95353512488bbc9-300x189.jpeg 300w, https:\/\/ecocretefiber.com\/wp-content\/uploads\/2025\/10\/4e8b069c758046f3b95353512488bbc9-1024x645.jpeg 1024w, https:\/\/ecocretefiber.com\/wp-content\/uploads\/2025\/10\/4e8b069c758046f3b95353512488bbc9-768x484.jpeg 768w\" sizes=\"(max-width: 1088px) 100vw, 1088px\" \/>\t\t\t\t\t\t\t\t\t\t\t\t\t\t\t<\/div>\n\t\t\t\t<div class=\"elementor-element elementor-element-12a636f3 elementor-invisible elementor-widget elementor-widget-heading\" data-id=\"12a636f3\" data-element_type=\"widget\" data-e-type=\"widget\" data-settings=\"{&quot;_animation&quot;:&quot;fadeInUp&quot;}\" data-widget_type=\"heading.default\">\n\t\t\t\t\t<h2 class=\"elementor-heading-title elementor-size-default\">Zorluklar ve \u00c7\u00f6z\u00fcmler<\/h2>\t\t\t\t<\/div>\n\t\t\t\t<div class=\"elementor-element elementor-element-36c7b028 elementor-invisible elementor-widget elementor-widget-text-editor\" data-id=\"36c7b028\" data-element_type=\"widget\" data-e-type=\"widget\" data-settings=\"{&quot;_animation&quot;:&quot;fadeInUp&quot;}\" data-widget_type=\"text-editor.default\">\n\t\t\t\t\t\t\t\t\t<h3><strong>Hidrostatik Bas\u0131n\u00e7, Klor\u00fcrler, S\u0131cakl\u0131k De\u011fi\u015fimleri - Kontroll\u00fc<\/strong><\/h3><p>Erken ya\u015fta \u00e7atlama kontrol\u00fc: Da\u011f\u0131t\u0131lm\u0131\u015f polyester mikro takviye, yo\u011fun, d\u00fc\u015f\u00fck w\/c kar\u0131\u015f\u0131mlarda plastik b\u00fcz\u00fclmeyi ve termal mikro \u00e7atlaklar\u0131 azaltmak i\u00e7in \u00e7atlak u\u00e7lar\u0131ndaki gerilme stresini azalt\u0131r.<\/p><p>Su ge\u00e7irmezlik ve ba\u011flant\u0131 kenarlar\u0131: Eklenen \u00e7atlak sonras\u0131 tokluk, contalar\u0131n etraf\u0131ndaki temiz arrisleri destekler ve nakliye ve montaj s\u0131ras\u0131nda kenar yuvarlanmas\u0131n\u0131 azalt\u0131r.<\/p><p>Deniz suyu ortam\u0131: Polyester elyaflar a\u015f\u0131nd\u0131r\u0131c\u0131 de\u011fildir ve d\u00fc\u015f\u00fck nem alma \u00f6zelli\u011fine sahiptir, bu da \u00e7elik mikro takviyeye k\u0131yasla uzun hizmet \u00f6mr\u00fcn\u00fc destekler.<\/p><p>Yerle\u015ftirme ve son i\u015flem: Ecocrete\u2122 PET elyaflar tamburlu veya merkezi kar\u0131\u015f\u0131ml\u0131 tesislerde h\u0131zla da\u011f\u0131l\u0131r ve standart da\u011f\u0131l\u0131m ad\u0131mlar\u0131 izlendi\u011finde pompa yerle\u015ftirme ve segment-kal\u0131p son i\u015flem ile uyumludur.<\/p>\t\t\t\t\t\t\t\t<\/div>\n\t\t\t\t<div class=\"elementor-element elementor-element-47cb1168 elementor-arrows-position-inside elementor-pagination-position-outside elementor-invisible elementor-widget elementor-widget-image-carousel\" data-id=\"47cb1168\" data-element_type=\"widget\" data-e-type=\"widget\" data-settings=\"{&quot;slides_to_show&quot;:&quot;1&quot;,&quot;slides_to_show_tablet&quot;:&quot;2&quot;,&quot;slides_to_show_mobile&quot;:&quot;1&quot;,&quot;_animation_mobile&quot;:&quot;fadeInUp&quot;,&quot;_animation&quot;:&quot;fadeInUp&quot;,&quot;navigation&quot;:&quot;both&quot;,&quot;autoplay&quot;:&quot;yes&quot;,&quot;pause_on_hover&quot;:&quot;yes&quot;,&quot;pause_on_interaction&quot;:&quot;yes&quot;,&quot;autoplay_speed&quot;:5000,&quot;infinite&quot;:&quot;yes&quot;,&quot;effect&quot;:&quot;slide&quot;,&quot;speed&quot;:500}\" data-widget_type=\"image-carousel.default\">\n\t\t\t\t\t\t\t<div class=\"elementor-image-carousel-wrapper swiper\" role=\"region\" aria-roledescription=\"carousel\" aria-label=\"\u56fe\u50cf\u8f6e\u64ad\" dir=\"ltr\">\n\t\t\t<div class=\"elementor-image-carousel swiper-wrapper\" aria-live=\"off\">\n\t\t\t\t\t\t\t\t<div class=\"swiper-slide\" role=\"group\" aria-roledescription=\"slide\" aria-label=\"4&#039;nin 1&#039;si\" data-no-translation-aria-label=\"\"><figure class=\"swiper-slide-inner\"><img decoding=\"async\" class=\"swiper-slide-image\" src=\"https:\/\/ecocretefiber.com\/wp-content\/uploads\/2025\/10\/60330d1dd23244c1967f4dfcb81340fc.png\" alt=\"Jiaozhou K\u00f6rfezi denizalt\u0131 t\u00fcnelinin tabela ve peyzajl\u0131 yama\u00e7lara sahip portal\u0131\" \/><\/figure><\/div><div class=\"swiper-slide\" role=\"group\" aria-roledescription=\"slide\" aria-label=\"4&#039;nin 2&#039;si\" data-no-translation-aria-label=\"\"><figure class=\"swiper-slide-inner\"><img decoding=\"async\" class=\"swiper-slide-image\" src=\"https:\/\/ecocretefiber.com\/wp-content\/uploads\/2025\/10\/\u6444\u56fe\u7f51_501591256_\u9752\u5c9b\u80f6\u5dde\u6e7e\u8de8\u6d77\u5927\u6865\u822a\u62cd\u975e\u4f01\u4e1a\u5546\u7528-scaled.jpg\" alt=\"Qingdao Jiaozhou K\u00f6rfezi k\u00f6pr\u00fc ve t\u00fcnel hizalamas\u0131n\u0131n havadan g\u00f6r\u00fcn\u00fcm\u00fc\" \/><\/figure><\/div><div class=\"swiper-slide\" role=\"group\" aria-roledescription=\"slide\" aria-label=\"4&#039;nin 3&#039;si\" data-no-translation-aria-label=\"\"><figure class=\"swiper-slide-inner\"><img decoding=\"async\" class=\"swiper-slide-image\" src=\"https:\/\/ecocretefiber.com\/wp-content\/uploads\/2025\/10\/992f59dc10274f0cac78e2412238aac1.png\" alt=\"\u0130n\u015faat kanopili ve kavisli beton kaplamal\u0131 t\u00fcnel kav\u015fa\u011f\u0131\" \/><\/figure><\/div><div class=\"swiper-slide\" role=\"group\" aria-roledescription=\"slide\" aria-label=\"4&#039;nin 4&#039;si\" data-no-translation-aria-label=\"\"><figure class=\"swiper-slide-inner\"><img decoding=\"async\" class=\"swiper-slide-image\" src=\"https:\/\/ecocretefiber.com\/wp-content\/uploads\/2025\/10\/1e3427e146614f86a33dada9bfd05e41.png\" alt=\"Jiaozhou K\u00f6rfezi&#039;ndeki t\u00fcnel portallar\u0131 ve yakla\u015f\u0131m yollar\u0131n\u0131n kavramsal \u00e7izimi\" \/><\/figure><\/div>\t\t\t<\/div>\n\t\t\t\t\t\t\t\t\t\t\t\t<div class=\"elementor-swiper-button elementor-swiper-button-prev\" role=\"button\" tabindex=\"0\">\n\t\t\t\t\t\t<svg aria-hidden=\"true\" class=\"e-font-icon-svg e-eicon-chevron-left\" viewbox=\"0 0 1000 1000\" xmlns=\"http:\/\/www.w3.org\/2000\/svg\"><path d=\"M646 125C629 125 613 133 604 142L308 442C296 454 292 471 292 487 292 504 296 521 308 533L604 854C617 867 629 875 646 875 663 875 679 871 692 858 704 846 713 829 713 812 713 796 708 779 692 767L438 487 692 225C700 217 708 204 708 187 708 171 704 154 692 142 675 129 663 125 646 125Z\"><\/path><\/svg>\t\t\t\t\t<\/div>\n\t\t\t\t\t<div class=\"elementor-swiper-button elementor-swiper-button-next\" role=\"button\" tabindex=\"0\">\n\t\t\t\t\t\t<svg aria-hidden=\"true\" class=\"e-font-icon-svg e-eicon-chevron-right\" viewbox=\"0 0 1000 1000\" xmlns=\"http:\/\/www.w3.org\/2000\/svg\"><path d=\"M696 533C708 521 713 504 713 487 713 471 708 454 696 446L400 146C388 133 375 125 354 125 338 125 325 129 313 142 300 154 292 171 292 187 292 204 296 221 308 233L563 492 304 771C292 783 288 800 288 817 288 833 296 850 308 863 321 871 338 875 354 875 371 875 388 867 400 854L696 533Z\"><\/path><\/svg>\t\t\t\t\t<\/div>\n\t\t\t\t\n\t\t\t\t\t\t\t\t\t<div class=\"swiper-pagination\"><\/div>\n\t\t\t\t\t\t\t\t\t<\/div>\n\t\t\t\t\t\t<\/div>\n\t\t\t\t<div class=\"elementor-element elementor-element-08c6484 elementor-invisible elementor-widget elementor-widget-text-editor\" data-id=\"08c6484\" data-element_type=\"widget\" data-e-type=\"widget\" data-settings=\"{&quot;_animation&quot;:&quot;fadeInUp&quot;}\" data-widget_type=\"text-editor.default\">\n\t\t\t\t\t\t\t\t\t<h3><strong>Daha S\u0131k\u0131 \u00c7atlaklar, Daha Temiz Eklemler, G\u00fcvenilir Astar<\/strong><\/h3><p>Proje ekipleri, \u0131s\u0131dan etkilenen d\u00f6k\u00fcmlerde daha dar \u00e7atlak geni\u015flikleri ve segmentlerde ve yerinde kaplamada tutarl\u0131 y\u00fczey kalitesi g\u00f6zlemledi. Polyester elyaf takviyesi s\u0131zd\u0131rmazl\u0131k performans\u0131n\u0131 destekler, r\u00f6tu\u015f s\u0131kl\u0131\u011f\u0131n\u0131 azalt\u0131r ve klor\u00fcr ortam\u0131nda uzun s\u00fcreli dayan\u0131kl\u0131l\u0131\u011f\u0131n korunmas\u0131na yard\u0131mc\u0131 olur.<\/p>\t\t\t\t\t\t\t\t<\/div>\n\t\t\t\t\t<\/div>\n\t\t<\/div>\n\t\t\t\t<div class=\"elementor-column elementor-col-50 elementor-top-column elementor-element elementor-element-108741a2\" data-id=\"108741a2\" data-element_type=\"column\" data-e-type=\"column\">\n\t\t\t<div class=\"elementor-widget-wrap elementor-element-populated\">\n\t\t\t\t\t\t<div class=\"elementor-element elementor-element-71636037 elementor-invisible elementor-widget elementor-widget-heading\" data-id=\"71636037\" data-element_type=\"widget\" data-e-type=\"widget\" data-settings=\"{&quot;_animation&quot;:&quot;fadeInUp&quot;}\" data-widget_type=\"heading.default\">\n\t\t\t\t\t<h2 class=\"elementor-heading-title elementor-size-default\">Projeye Genel Bak\u0131\u015f<\/h2>\t\t\t\t<\/div>\n\t\t\t\t<div class=\"elementor-element elementor-element-5d4e0728 elementor-invisible elementor-widget elementor-widget-text-editor\" data-id=\"5d4e0728\" data-element_type=\"widget\" data-e-type=\"widget\" data-settings=\"{&quot;_animation&quot;:&quot;fadeInUp&quot;}\" data-widget_type=\"text-editor.default\">\n\t\t\t\t\t\t\t\t\t<p><strong>Y\u00fcksek Su Bas\u0131nc\u0131 Alt\u0131nda Dayan\u0131kl\u0131 T\u00fcnel Betonu<\/strong><\/p><p><b><\/b>Jiaozhou K\u00f6rfezi Denizalt\u0131 T\u00fcneli, Qingdao'yu k\u00f6rfez boyunca s\u00fcrekli hidrostatik bas\u0131nca ve klor\u00fcr bak\u0131m\u0131ndan zengin deniz suyuna maruz kalan uzun dald\u0131rma ve delme t\u00fcnellerle birbirine ba\u011flamaktad\u0131r. Segmentlerde, ikincil kaplamada ve p\u00fcsk\u00fcrtme beton onar\u0131mlar\u0131nda plastik b\u00fcz\u00fclmeyi ve erken termal \u00e7atlamay\u0131 s\u0131n\u0131rlamak i\u00e7in kar\u0131\u015f\u0131mda Ecocrete\u2122 Polyester Elyaf (PET) kullan\u0131lm\u0131\u015ft\u0131r. \u0130nce, 3D fiber a\u011f\u0131, mikro \u00e7atlaklar\u0131 kayna\u011f\u0131nda durdurmaya yard\u0131mc\u0131 olarak su ge\u00e7irmezli\u011fi, derz b\u00fct\u00fcnl\u00fc\u011f\u00fcn\u00fc ve uzun vadeli dayan\u0131kl\u0131l\u0131\u011f\u0131 destekler.<\/p>\t\t\t\t\t\t\t\t<\/div>\n\t\t\t\t<div class=\"elementor-element elementor-element-26d8de8b elementor-widget-mobile__width-inherit elementor-icon-list--layout-traditional elementor-list-item-link-full_width elementor-invisible elementor-widget elementor-widget-icon-list\" data-id=\"26d8de8b\" data-element_type=\"widget\" data-e-type=\"widget\" data-settings=\"{&quot;_animation&quot;:&quot;fadeInUp&quot;}\" data-widget_type=\"icon-list.default\">\n\t\t\t\t\t\t\t<ul class=\"elementor-icon-list-items\">\n\t\t\t\t\t\t\t<li class=\"elementor-icon-list-item\">\n\t\t\t\t\t\t\t\t\t\t\t<span class=\"elementor-icon-list-icon\">\n\t\t\t\t\t\t\t<i aria-hidden=\"true\" class=\"icon icon-apartment1\"><\/i>\t\t\t\t\t\t<\/span>\n\t\t\t\t\t\t\t\t\t\t<span class=\"elementor-icon-list-text\">Uygulama: prekast segmentler, yerinde astarlama, p\u00fcsk\u00fcrtme beton r\u00f6tu\u015flar\u0131<\/span>\n\t\t\t\t\t\t\t\t\t<\/li>\n\t\t\t\t\t\t\t\t<li class=\"elementor-icon-list-item\">\n\t\t\t\t\t\t\t\t\t\t\t<span class=\"elementor-icon-list-icon\">\n\t\t\t\t\t\t\t<i aria-hidden=\"true\" class=\"icon icon-calendar3\"><\/i>\t\t\t\t\t\t<\/span>\n\t\t\t\t\t\t\t\t\t\t<span class=\"elementor-icon-list-text\">Elyaf t\u00fcr\u00fc: Ecocrete\u2122 Polyester Elyaf (tipik uzunluklar\u0131 6-12 mm)<\/span>\n\t\t\t\t\t\t\t\t\t<\/li>\n\t\t\t\t\t\t\t\t<li class=\"elementor-icon-list-item\">\n\t\t\t\t\t\t\t\t\t\t\t<span class=\"elementor-icon-list-icon\">\n\t\t\t\t\t\t\t<i aria-hidden=\"true\" class=\"icon icon-user\"><\/i>\t\t\t\t\t\t<\/span>\n\t\t\t\t\t\t\t\t\t\t<span class=\"elementor-icon-list-text\">Tipik dozaj: 0,6-1,5 kg\/m\u00b3 (kar\u0131\u015f\u0131m tasar\u0131m\u0131 ve yerle\u015ftirmeye g\u00f6re optimize edin)<\/span>\n\t\t\t\t\t\t\t\t\t<\/li>\n\t\t\t\t\t\t\t\t<li class=\"elementor-icon-list-item\">\n\t\t\t\t\t\t\t\t\t\t\t<span class=\"elementor-icon-list-icon\">\n\t\t\t\t\t\t\t<i aria-hidden=\"true\" class=\"icon icon-map-marker1\"><\/i>\t\t\t\t\t\t<\/span>\n\t\t\t\t\t\t\t\t\t\t<span class=\"elementor-icon-list-text\">Faydalar\u0131: s\u0131n\u0131rland\u0131r\u0131lm\u0131\u015f \u00e7atlak olu\u015fumu, daha dar \u00e7atlak geni\u015flikleri, geli\u015ftirilmi\u015f tokluk, korozif olmayan performans<\/span>\n\t\t\t\t\t\t\t\t\t<\/li>\n\t\t\t\t\t\t<\/ul>\n\t\t\t\t\t\t<\/div>\n\t\t\t\t<div class=\"elementor-element elementor-element-b951669 elementor-widget elementor-widget-button\" data-id=\"b951669\" data-element_type=\"widget\" data-e-type=\"widget\" data-widget_type=\"button.default\">\n\t\t\t\t\t\t\t\t\t\t<a class=\"elementor-button elementor-button-link elementor-size-sm\" href=\"#\">\n\t\t\t\t\t\t<span class=\"elementor-button-content-wrapper\">\n\t\t\t\t\t\t\t\t\t<span class=\"elementor-button-text\">\u0130leti\u015fim<\/span>\n\t\t\t\t\t<\/span>\n\t\t\t\t\t<\/a>\n\t\t\t\t\t\t\t\t<\/div>\n\t\t\t\t\t<\/div>\n\t\t<\/div>\n\t\t\t\t\t<\/div>\n\t\t<\/section>\n\t\t\t\t<\/div>","protected":false},"excerpt":{"rendered":"<p>project Qingdao Jiaozhou Bay Subsea Tunnel Segment &amp; lining crack control with Ecocrete\u2122 Polyester Fiber Challenges &amp; Solution Hydrostatic Pressure, Chlorides, Temperature Gradients \u2014 Controlled Early-age cracking control: Distributed polyester micro-reinforcement relieves tensile stress at crack tips to reduce plastic shrinkage and thermal micro-cracks in dense, low-w\/c mixes. Watertightness &amp; joint edges: Added post-crack toughness [&hellip;]<\/p>","protected":false},"author":2,"featured_media":0,"parent":108,"menu_order":0,"comment_status":"closed","ping_status":"closed","template":"elementor_header_footer","meta":{"footnotes":""},"class_list":["post-458","page","type-page","status-publish","hentry"],"_links":{"self":[{"href":"https:\/\/ecocretefiber.com\/tr\/wp-json\/wp\/v2\/pages\/458","targetHints":{"allow":["GET"]}}],"collection":[{"href":"https:\/\/ecocretefiber.com\/tr\/wp-json\/wp\/v2\/pages"}],"about":[{"href":"https:\/\/ecocretefiber.com\/tr\/wp-json\/wp\/v2\/types\/page"}],"author":[{"embeddable":true,"href":"https:\/\/ecocretefiber.com\/tr\/wp-json\/wp\/v2\/users\/2"}],"replies":[{"embeddable":true,"href":"https:\/\/ecocretefiber.com\/tr\/wp-json\/wp\/v2\/comments?post=458"}],"version-history":[{"count":14,"href":"https:\/\/ecocretefiber.com\/tr\/wp-json\/wp\/v2\/pages\/458\/revisions"}],"predecessor-version":[{"id":1606,"href":"https:\/\/ecocretefiber.com\/tr\/wp-json\/wp\/v2\/pages\/458\/revisions\/1606"}],"up":[{"embeddable":true,"href":"https:\/\/ecocretefiber.com\/tr\/wp-json\/wp\/v2\/pages\/108"}],"wp:attachment":[{"href":"https:\/\/ecocretefiber.com\/tr\/wp-json\/wp\/v2\/media?parent=458"}],"curies":[{"name":"wp","href":"https:\/\/api.w.org\/{rel}","templated":true}]}}