{"id":460,"date":"2025-10-04T10:09:00","date_gmt":"2025-10-04T10:09:00","guid":{"rendered":"https:\/\/ecocretefiber.com\/?page_id=460"},"modified":"2025-10-28T14:08:43","modified_gmt":"2025-10-28T14:08:43","slug":"endonezya-hsr-projesi%cc%87","status":"publish","type":"page","link":"https:\/\/ecocretefiber.com\/tr\/projeler\/endonezya-hsr-projesi%cc%87\/","title":{"rendered":"Jakarta\u2013Bandung HSR Project"},"content":{"rendered":"<div data-elementor-type=\"wp-page\" data-elementor-id=\"460\" class=\"elementor elementor-460\" data-elementor-post-type=\"page\">\n\t\t\t\t\t\t<section class=\"elementor-section elementor-top-section elementor-element elementor-element-1d68fafc elementor-reverse-mobile elementor-section-boxed elementor-section-height-default elementor-section-height-default elementor-invisible\" data-id=\"1d68fafc\" data-element_type=\"section\" data-e-type=\"section\" data-settings=\"{&quot;background_background&quot;:&quot;classic&quot;,&quot;animation&quot;:&quot;fadeIn&quot;}\">\n\t\t\t\t\t\t\t<div class=\"elementor-background-overlay\"><\/div>\n\t\t\t\t\t\t\t<div class=\"elementor-container elementor-column-gap-default\">\n\t\t\t\t\t<div class=\"elementor-column elementor-col-100 elementor-top-column elementor-element elementor-element-3112ee69\" data-id=\"3112ee69\" data-element_type=\"column\" data-e-type=\"column\">\n\t\t\t<div class=\"elementor-widget-wrap elementor-element-populated\">\n\t\t\t\t\t\t<div class=\"elementor-element elementor-element-6400f3f9 elementor-icon-list--layout-inline elementor-list-item-link-inline elementor-align-center elementor-mobile-align-center elementor-invisible elementor-widget elementor-widget-icon-list\" data-id=\"6400f3f9\" data-element_type=\"widget\" data-e-type=\"widget\" data-settings=\"{&quot;_animation&quot;:&quot;fadeInUp&quot;}\" data-widget_type=\"icon-list.default\">\n\t\t\t\t\t\t\t<ul class=\"elementor-icon-list-items elementor-inline-items\">\n\t\t\t\t\t\t\t<li class=\"elementor-icon-list-item elementor-inline-item\">\n\t\t\t\t\t\t\t\t\t\t\t<span class=\"elementor-icon-list-icon\">\n\t\t\t\t\t\t\t<i aria-hidden=\"true\" class=\"icon icon-safety\"><\/i>\t\t\t\t\t\t<\/span>\n\t\t\t\t\t\t\t\t\t\t<span class=\"elementor-icon-list-text\">proje<\/span>\n\t\t\t\t\t\t\t\t\t<\/li>\n\t\t\t\t\t\t<\/ul>\n\t\t\t\t\t\t<\/div>\n\t\t\t\t<div class=\"elementor-element elementor-element-60dd54a9 elementor-invisible elementor-widget elementor-widget-heading\" data-id=\"60dd54a9\" data-element_type=\"widget\" data-e-type=\"widget\" data-settings=\"{&quot;_animation&quot;:&quot;fadeInUp&quot;}\" data-widget_type=\"heading.default\">\n\t\t\t\t\t<h1 class=\"elementor-heading-title elementor-size-default\">Jakarta-Bandung Y\u00fcksek H\u0131zl\u0131 Demiryolu<\/h1>\t\t\t\t<\/div>\n\t\t\t\t<div class=\"elementor-element elementor-element-1de6a4e5 elementor-widget__width-initial elementor-invisible elementor-widget elementor-widget-text-editor\" data-id=\"1de6a4e5\" data-element_type=\"widget\" data-e-type=\"widget\" data-settings=\"{&quot;_animation&quot;:&quot;fadeInUp&quot;}\" data-widget_type=\"text-editor.default\">\n\t\t\t\t\t\t\t\t\t<p>Ecocrete\u2122 PP Monofilament Fiber ile g\u00fc\u00e7lendirilmi\u015f balasts\u0131z pist d\u00f6\u015femeleri ve yap\u0131lar\u0131<\/p>\t\t\t\t\t\t\t\t<\/div>\n\t\t\t\t\t<\/div>\n\t\t<\/div>\n\t\t\t\t\t<\/div>\n\t\t<\/section>\n\t\t\t\t<section class=\"elementor-section elementor-top-section elementor-element elementor-element-5000161d elementor-section-boxed elementor-section-height-default elementor-section-height-default\" data-id=\"5000161d\" data-element_type=\"section\" data-e-type=\"section\">\n\t\t\t\t\t\t<div class=\"elementor-container elementor-column-gap-default\">\n\t\t\t\t\t<div class=\"elementor-column elementor-col-50 elementor-top-column elementor-element elementor-element-26123f6b\" data-id=\"26123f6b\" data-element_type=\"column\" data-e-type=\"column\">\n\t\t\t<div class=\"elementor-widget-wrap elementor-element-populated\">\n\t\t\t\t\t\t<div class=\"elementor-element elementor-element-2128813b elementor-invisible elementor-widget elementor-widget-image\" data-id=\"2128813b\" data-element_type=\"widget\" data-e-type=\"widget\" data-settings=\"{&quot;_animation&quot;:&quot;fadeInUp&quot;}\" data-widget_type=\"image.default\">\n\t\t\t\t\t\t\t\t\t\t\t\t\t\t\t<img fetchpriority=\"high\" decoding=\"async\" width=\"2560\" height=\"1707\" src=\"https:\/\/ecocretefiber.com\/wp-content\/uploads\/2025\/10\/shinkansen-train-in-kyoto-japan-2025-03-09-06-08-34-utc-scaled.jpg\" class=\"attachment-full size-full wp-image-489\" alt=\"Y\u00fcksek h\u0131zl\u0131 tren, katener ve beton hatl\u0131 bir kentsel istasyondan ge\u00e7iyor\" srcset=\"https:\/\/ecocretefiber.com\/wp-content\/uploads\/2025\/10\/shinkansen-train-in-kyoto-japan-2025-03-09-06-08-34-utc-scaled.jpg 2560w, https:\/\/ecocretefiber.com\/wp-content\/uploads\/2025\/10\/shinkansen-train-in-kyoto-japan-2025-03-09-06-08-34-utc-300x200.jpg 300w, https:\/\/ecocretefiber.com\/wp-content\/uploads\/2025\/10\/shinkansen-train-in-kyoto-japan-2025-03-09-06-08-34-utc-1024x683.jpg 1024w, https:\/\/ecocretefiber.com\/wp-content\/uploads\/2025\/10\/shinkansen-train-in-kyoto-japan-2025-03-09-06-08-34-utc-768x512.jpg 768w, https:\/\/ecocretefiber.com\/wp-content\/uploads\/2025\/10\/shinkansen-train-in-kyoto-japan-2025-03-09-06-08-34-utc-1536x1024.jpg 1536w, https:\/\/ecocretefiber.com\/wp-content\/uploads\/2025\/10\/shinkansen-train-in-kyoto-japan-2025-03-09-06-08-34-utc-2048x1365.jpg 2048w\" sizes=\"(max-width: 2560px) 100vw, 2560px\" \/>\t\t\t\t\t\t\t\t\t\t\t\t\t\t\t<\/div>\n\t\t\t\t<div class=\"elementor-element elementor-element-12a636f3 elementor-invisible elementor-widget elementor-widget-heading\" data-id=\"12a636f3\" data-element_type=\"widget\" data-e-type=\"widget\" data-settings=\"{&quot;_animation&quot;:&quot;fadeInUp&quot;}\" data-widget_type=\"heading.default\">\n\t\t\t\t\t<h2 class=\"elementor-heading-title elementor-size-default\">Zorluklar ve \u00c7\u00f6z\u00fcmler<\/h2>\t\t\t\t<\/div>\n\t\t\t\t<div class=\"elementor-element elementor-element-36c7b028 elementor-invisible elementor-widget elementor-widget-text-editor\" data-id=\"36c7b028\" data-element_type=\"widget\" data-e-type=\"widget\" data-settings=\"{&quot;_animation&quot;:&quot;fadeInUp&quot;}\" data-widget_type=\"text-editor.default\">\n\t\t\t\t\t\t\t\t\t<h3><strong>Y\u00fcksek Is\u0131, H\u0131zl\u0131 D\u00f6ng\u00fcler ve S\u0131k\u0131 Toleranslar - Y\u00f6netilen<\/strong><\/h3><p>Tropikal \u0131s\u0131 ve r\u00fczgar: PP monofilamentler, s\u0131cak havada yerle\u015ftirme s\u0131ras\u0131nda plastik b\u00fcz\u00fclmesini s\u0131n\u0131rlayan ve harita \u00e7atlamas\u0131n\u0131 en aza indirmeye yard\u0131mc\u0131 olan bir 3D a\u011f olu\u015fturur.<\/p><p>Balasts\u0131z ray toleranslar\u0131: Eklenen \u00e7atlak sonras\u0131 tokluk, ankrajlarda, d\u00fcbellerde ve ray yuvalar\u0131nda kenar b\u00fct\u00fcnl\u00fc\u011f\u00fcn\u00fc destekler, d\u00f6k\u00fclmeleri ve yamalar\u0131 azalt\u0131r.<\/p><p>Prekast \u00fcretim: Elyaflar h\u0131zl\u0131 kar\u0131\u015f\u0131r, pompa dostudur ve paslanmayarak depolama, nakliye ve montaj s\u0131ras\u0131nda segmentleri korur.<\/p><p>Bak\u0131m dayan\u0131kl\u0131l\u0131\u011f\u0131: Geli\u015ftirilmi\u015f darbe ve a\u015f\u0131nma direnci, palet plakalar\u0131n\u0131n tekrarlanan eri\u015fim, ta\u015flama ve temizleme i\u015flemlerine dayanmas\u0131na yard\u0131mc\u0131 olur.<\/p>\t\t\t\t\t\t\t\t<\/div>\n\t\t\t\t<div class=\"elementor-element elementor-element-47cb1168 elementor-arrows-position-inside elementor-pagination-position-outside elementor-invisible elementor-widget elementor-widget-image-carousel\" data-id=\"47cb1168\" data-element_type=\"widget\" data-e-type=\"widget\" data-settings=\"{&quot;slides_to_show&quot;:&quot;1&quot;,&quot;slides_to_show_tablet&quot;:&quot;2&quot;,&quot;slides_to_show_mobile&quot;:&quot;1&quot;,&quot;_animation_mobile&quot;:&quot;fadeInUp&quot;,&quot;_animation&quot;:&quot;fadeInUp&quot;,&quot;navigation&quot;:&quot;both&quot;,&quot;autoplay&quot;:&quot;yes&quot;,&quot;pause_on_hover&quot;:&quot;yes&quot;,&quot;pause_on_interaction&quot;:&quot;yes&quot;,&quot;autoplay_speed&quot;:5000,&quot;infinite&quot;:&quot;yes&quot;,&quot;effect&quot;:&quot;slide&quot;,&quot;speed&quot;:500}\" data-widget_type=\"image-carousel.default\">\n\t\t\t\t\t\t\t<div class=\"elementor-image-carousel-wrapper swiper\" role=\"region\" aria-roledescription=\"carousel\" aria-label=\"\u56fe\u50cf\u8f6e\u64ad\" dir=\"ltr\">\n\t\t\t<div class=\"elementor-image-carousel swiper-wrapper\" aria-live=\"off\">\n\t\t\t\t\t\t\t\t<div class=\"swiper-slide\" role=\"group\" aria-roledescription=\"slide\" aria-label=\"1 de 3\" data-no-translation-aria-label=\"\"><figure class=\"swiper-slide-inner\"><img decoding=\"async\" class=\"swiper-slide-image\" src=\"https:\/\/ecocretefiber.com\/wp-content\/uploads\/2025\/10\/movement-of-high-speed-rail-2025-03-25-16-15-20-utc-scaled.jpg\" alt=\"Hareket perspektifli y\u00fcksek h\u0131zl\u0131 demiryolu \u00e7ift hatt\u0131\" \/><\/figure><\/div><div class=\"swiper-slide\" role=\"group\" aria-roledescription=\"slide\" aria-label=\"2 de 3\" data-no-translation-aria-label=\"\"><figure class=\"swiper-slide-inner\"><img decoding=\"async\" class=\"swiper-slide-image\" src=\"https:\/\/ecocretefiber.com\/wp-content\/uploads\/2025\/10\/kuala-lumpur-downtown-malaysia-urban-city-in-asi-2024-10-18-08-58-14-utc-scaled.jpg\" alt=\"Yo\u011fun bir G\u00fcneydo\u011fu Asya \u015fehir manzaras\u0131 boyunca uzanan y\u00fckseltilmi\u015f demiryolu\" \/><\/figure><\/div><div class=\"swiper-slide\" role=\"group\" aria-roledescription=\"slide\" aria-label=\"3 de 3\" data-no-translation-aria-label=\"\"><figure class=\"swiper-slide-inner\"><img decoding=\"async\" class=\"swiper-slide-image\" src=\"https:\/\/ecocretefiber.com\/wp-content\/uploads\/2025\/10\/high-speed-rail-2025-04-02-06-38-49-utc-scaled.jpg\" alt=\"\u0130rtibat hatt\u0131 direkleri ile tarlalar boyunca y\u00fckseltilmi\u015f YHT viyad\u00fc\u011f\u00fc\" \/><\/figure><\/div>\t\t\t<\/div>\n\t\t\t\t\t\t\t\t\t\t\t\t<div class=\"elementor-swiper-button elementor-swiper-button-prev\" role=\"button\" tabindex=\"0\">\n\t\t\t\t\t\t<svg aria-hidden=\"true\" class=\"e-font-icon-svg e-eicon-chevron-left\" viewbox=\"0 0 1000 1000\" xmlns=\"http:\/\/www.w3.org\/2000\/svg\"><path d=\"M646 125C629 125 613 133 604 142L308 442C296 454 292 471 292 487 292 504 296 521 308 533L604 854C617 867 629 875 646 875 663 875 679 871 692 858 704 846 713 829 713 812 713 796 708 779 692 767L438 487 692 225C700 217 708 204 708 187 708 171 704 154 692 142 675 129 663 125 646 125Z\"><\/path><\/svg>\t\t\t\t\t<\/div>\n\t\t\t\t\t<div class=\"elementor-swiper-button elementor-swiper-button-next\" role=\"button\" tabindex=\"0\">\n\t\t\t\t\t\t<svg aria-hidden=\"true\" class=\"e-font-icon-svg e-eicon-chevron-right\" viewbox=\"0 0 1000 1000\" xmlns=\"http:\/\/www.w3.org\/2000\/svg\"><path d=\"M696 533C708 521 713 504 713 487 713 471 708 454 696 446L400 146C388 133 375 125 354 125 338 125 325 129 313 142 300 154 292 171 292 187 292 204 296 221 308 233L563 492 304 771C292 783 288 800 288 817 288 833 296 850 308 863 321 871 338 875 354 875 371 875 388 867 400 854L696 533Z\"><\/path><\/svg>\t\t\t\t\t<\/div>\n\t\t\t\t\n\t\t\t\t\t\t\t\t\t<div class=\"swiper-pagination\"><\/div>\n\t\t\t\t\t\t\t\t\t<\/div>\n\t\t\t\t\t\t<\/div>\n\t\t\t\t<div class=\"elementor-element elementor-element-08c6484 elementor-invisible elementor-widget elementor-widget-text-editor\" data-id=\"08c6484\" data-element_type=\"widget\" data-e-type=\"widget\" data-settings=\"{&quot;_animation&quot;:&quot;fadeInUp&quot;}\" data-widget_type=\"text-editor.default\">\n\t\t\t\t\t\t\t\t\t<h3><strong>Daha P\u00fcr\u00fczs\u00fcz Y\u00fczeyler, Daha S\u0131k\u0131 Ba\u011flant\u0131lar, Daha Az R\u00f6tu\u015f<\/strong><\/h3><p>\u0130n\u015faat ekipleri, s\u0131cak d\u00f6k\u00fcmlerde s\u0131k\u0131 \u00e7atlak kontrol\u00fc, keskin testere kesimli derzler ve ba\u011flant\u0131 eleman\u0131 cepleri etraf\u0131ndaki kenar onar\u0131mlar\u0131n\u0131n azald\u0131\u011f\u0131n\u0131 bildirdi. Fiber takviye, kozmetik yama ve plans\u0131z bak\u0131m i\u015flemlerini azaltarak kullan\u0131m \u00f6mr\u00fc maliyet tasarrufunu desteklemekte ve \u00f6nemli hat b\u00f6l\u00fcmlerini devreye alma ve servis i\u00e7in haz\u0131r tutmaktad\u0131r.<\/p>\t\t\t\t\t\t\t\t<\/div>\n\t\t\t\t\t<\/div>\n\t\t<\/div>\n\t\t\t\t<div class=\"elementor-column elementor-col-50 elementor-top-column elementor-element elementor-element-108741a2\" data-id=\"108741a2\" data-element_type=\"column\" data-e-type=\"column\">\n\t\t\t<div class=\"elementor-widget-wrap elementor-element-populated\">\n\t\t\t\t\t\t<div class=\"elementor-element elementor-element-71636037 elementor-invisible elementor-widget elementor-widget-heading\" data-id=\"71636037\" data-element_type=\"widget\" data-e-type=\"widget\" data-settings=\"{&quot;_animation&quot;:&quot;fadeInUp&quot;}\" data-widget_type=\"heading.default\">\n\t\t\t\t\t<h2 class=\"elementor-heading-title elementor-size-default\">Projeye Genel Bak\u0131\u015f<\/h2>\t\t\t\t<\/div>\n\t\t\t\t<div class=\"elementor-element elementor-element-5d4e0728 elementor-invisible elementor-widget elementor-widget-text-editor\" data-id=\"5d4e0728\" data-element_type=\"widget\" data-e-type=\"widget\" data-settings=\"{&quot;_animation&quot;:&quot;fadeInUp&quot;}\" data-widget_type=\"text-editor.default\">\n\t\t\t\t\t\t\t\t\t<p><strong>Balasts\u0131z Ray ve Prekast Elemanlar i\u00e7in \u00c7atlak Kontrol\u00fc<\/strong><\/p><p><b><\/b>Jakarta-Bandung YHT hatt\u0131 uzun viyad\u00fckler, t\u00fcneller ve karma\u015f\u0131k kentsel aray\u00fczlerden ge\u00e7mektedir. Erken ya\u015f b\u00fcz\u00fclme \u00e7atlamas\u0131n\u0131 azaltmak ve balasts\u0131z ray d\u00f6\u015femelerinde, prekast kiri\u015flerde, iskele ba\u015fl\u0131klar\u0131nda ve istasyon platformlar\u0131nda y\u00fczey kalitesini art\u0131rmak i\u00e7in beton kar\u0131\u015f\u0131m\u0131nda Ecocrete\u2122 Polipropilen Monofilament Elyaf kullan\u0131lm\u0131\u015ft\u0131r. D\u00fczg\u00fcn bir \u015fekilde da\u011f\u0131lm\u0131\u015f mikro fiberler, mikro \u00e7atlaklar\u0131n ba\u015flang\u0131c\u0131nda durdurulmas\u0131na yard\u0131mc\u0131 olur, daha temiz derz arrislerini destekler ve in\u015faat trafi\u011fi ve bak\u0131m d\u00f6ng\u00fclerinden kaynaklanan a\u015f\u0131nma ve darbe direncini art\u0131r\u0131r.<\/p>\t\t\t\t\t\t\t\t<\/div>\n\t\t\t\t<div class=\"elementor-element elementor-element-26d8de8b elementor-widget-mobile__width-inherit elementor-icon-list--layout-traditional elementor-list-item-link-full_width elementor-invisible elementor-widget elementor-widget-icon-list\" data-id=\"26d8de8b\" data-element_type=\"widget\" data-e-type=\"widget\" data-settings=\"{&quot;_animation&quot;:&quot;fadeInUp&quot;}\" data-widget_type=\"icon-list.default\">\n\t\t\t\t\t\t\t<ul class=\"elementor-icon-list-items\">\n\t\t\t\t\t\t\t<li class=\"elementor-icon-list-item\">\n\t\t\t\t\t\t\t\t\t\t\t<span class=\"elementor-icon-list-icon\">\n\t\t\t\t\t\t\t<i aria-hidden=\"true\" class=\"icon icon-apartment1\"><\/i>\t\t\t\t\t\t<\/span>\n\t\t\t\t\t\t\t\t\t\t<span class=\"elementor-icon-list-text\">Uygulama: balasts\u0131z ray d\u00f6\u015femeleri, ray yata\u011f\u0131 betonu, prekast kiri\u015fler\/piyer ba\u015fl\u0131klar\u0131, platformlar<\/span>\n\t\t\t\t\t\t\t\t\t<\/li>\n\t\t\t\t\t\t\t\t<li class=\"elementor-icon-list-item\">\n\t\t\t\t\t\t\t\t\t\t\t<span class=\"elementor-icon-list-icon\">\n\t\t\t\t\t\t\t<i aria-hidden=\"true\" class=\"icon icon-calendar3\"><\/i>\t\t\t\t\t\t<\/span>\n\t\t\t\t\t\t\t\t\t\t<span class=\"elementor-icon-list-text\">Elyaf tipi: Ecocrete\u2122 PP Monofilament Elyaf (tipik uzunluklar 6-12 mm)<\/span>\n\t\t\t\t\t\t\t\t\t<\/li>\n\t\t\t\t\t\t\t\t<li class=\"elementor-icon-list-item\">\n\t\t\t\t\t\t\t\t\t\t\t<span class=\"elementor-icon-list-icon\">\n\t\t\t\t\t\t\t<i aria-hidden=\"true\" class=\"icon icon-user\"><\/i>\t\t\t\t\t\t<\/span>\n\t\t\t\t\t\t\t\t\t\t<span class=\"elementor-icon-list-text\">Tipik dozaj: 0,6-1,2 kg\/m\u00b3 (kar\u0131\u015f\u0131m tasar\u0131m\u0131, iklim ve yerle\u015ftirme y\u00f6ntemine g\u00f6re ayarlan\u0131r)<\/span>\n\t\t\t\t\t\t\t\t\t<\/li>\n\t\t\t\t\t\t\t\t<li class=\"elementor-icon-list-item\">\n\t\t\t\t\t\t\t\t\t\t\t<span class=\"elementor-icon-list-icon\">\n\t\t\t\t\t\t\t<i aria-hidden=\"true\" class=\"icon icon-map-marker1\"><\/i>\t\t\t\t\t\t<\/span>\n\t\t\t\t\t\t\t\t\t\t<span class=\"elementor-icon-list-text\">Faydalar\u0131: plastik b\u00fcz\u00fclme kontrol\u00fc, daha dar \u00e7atlak geni\u015flikleri, daha iyi kenar dayan\u0131kl\u0131l\u0131\u011f\u0131, korozif olmayan performans<\/span>\n\t\t\t\t\t\t\t\t\t<\/li>\n\t\t\t\t\t\t<\/ul>\n\t\t\t\t\t\t<\/div>\n\t\t\t\t<div class=\"elementor-element elementor-element-b951669 elementor-widget elementor-widget-button\" data-id=\"b951669\" data-element_type=\"widget\" data-e-type=\"widget\" data-widget_type=\"button.default\">\n\t\t\t\t\t\t\t\t\t\t<a class=\"elementor-button elementor-button-link elementor-size-sm\" href=\"#\">\n\t\t\t\t\t\t<span class=\"elementor-button-content-wrapper\">\n\t\t\t\t\t\t\t\t\t<span class=\"elementor-button-text\">\u0130leti\u015fim<\/span>\n\t\t\t\t\t<\/span>\n\t\t\t\t\t<\/a>\n\t\t\t\t\t\t\t\t<\/div>\n\t\t\t\t\t<\/div>\n\t\t<\/div>\n\t\t\t\t\t<\/div>\n\t\t<\/section>\n\t\t\t\t<\/div>","protected":false},"excerpt":{"rendered":"<p>project Jakarta\u2013Bandung High-Speed Railway Ballastless track slabs &amp; structures reinforced with Ecocrete\u2122 PP Monofilament Fiber Challenges &amp; Solution High Heat, Fast Cycles, and Tight Tolerances \u2014 Managed Tropical heat &amp; wind: PP monofilaments create a 3D network that limits plastic shrinkage during hot-weather placement, helping minimize map cracking. Ballastless track tolerances: Added post-crack toughness supports [&hellip;]<\/p>","protected":false},"author":2,"featured_media":0,"parent":108,"menu_order":0,"comment_status":"closed","ping_status":"closed","template":"elementor_header_footer","meta":{"footnotes":""},"class_list":["post-460","page","type-page","status-publish","hentry"],"_links":{"self":[{"href":"https:\/\/ecocretefiber.com\/tr\/wp-json\/wp\/v2\/pages\/460","targetHints":{"allow":["GET"]}}],"collection":[{"href":"https:\/\/ecocretefiber.com\/tr\/wp-json\/wp\/v2\/pages"}],"about":[{"href":"https:\/\/ecocretefiber.com\/tr\/wp-json\/wp\/v2\/types\/page"}],"author":[{"embeddable":true,"href":"https:\/\/ecocretefiber.com\/tr\/wp-json\/wp\/v2\/users\/2"}],"replies":[{"embeddable":true,"href":"https:\/\/ecocretefiber.com\/tr\/wp-json\/wp\/v2\/comments?post=460"}],"version-history":[{"count":15,"href":"https:\/\/ecocretefiber.com\/tr\/wp-json\/wp\/v2\/pages\/460\/revisions"}],"predecessor-version":[{"id":1609,"href":"https:\/\/ecocretefiber.com\/tr\/wp-json\/wp\/v2\/pages\/460\/revisions\/1609"}],"up":[{"embeddable":true,"href":"https:\/\/ecocretefiber.com\/tr\/wp-json\/wp\/v2\/pages\/108"}],"wp:attachment":[{"href":"https:\/\/ecocretefiber.com\/tr\/wp-json\/wp\/v2\/media?parent=460"}],"curies":[{"name":"wp","href":"https:\/\/api.w.org\/{rel}","templated":true}]}}