{"id":462,"date":"2025-10-04T10:39:04","date_gmt":"2025-10-04T10:39:04","guid":{"rendered":"https:\/\/ecocretefiber.com\/?page_id=462"},"modified":"2025-10-28T14:09:49","modified_gmt":"2025-10-28T14:09:49","slug":"jinwei-yuksek-hizli-demi%cc%87ryolu","status":"publish","type":"page","link":"https:\/\/ecocretefiber.com\/tr\/projeler\/jinwei-yuksek-hizli-demi%cc%87ryolu\/","title":{"rendered":"Jinwei High-Speed Railway"},"content":{"rendered":"<div data-elementor-type=\"wp-page\" data-elementor-id=\"462\" class=\"elementor elementor-462\" data-elementor-post-type=\"page\">\n\t\t\t\t\t\t<section class=\"elementor-section elementor-top-section elementor-element elementor-element-1d68fafc elementor-reverse-mobile elementor-section-boxed elementor-section-height-default elementor-section-height-default elementor-invisible\" data-id=\"1d68fafc\" data-element_type=\"section\" data-e-type=\"section\" data-settings=\"{&quot;background_background&quot;:&quot;classic&quot;,&quot;animation&quot;:&quot;fadeIn&quot;}\">\n\t\t\t\t\t\t\t<div class=\"elementor-background-overlay\"><\/div>\n\t\t\t\t\t\t\t<div class=\"elementor-container elementor-column-gap-default\">\n\t\t\t\t\t<div class=\"elementor-column elementor-col-100 elementor-top-column elementor-element elementor-element-3112ee69\" data-id=\"3112ee69\" data-element_type=\"column\" data-e-type=\"column\">\n\t\t\t<div class=\"elementor-widget-wrap elementor-element-populated\">\n\t\t\t\t\t\t<div class=\"elementor-element elementor-element-6400f3f9 elementor-icon-list--layout-inline elementor-list-item-link-inline elementor-align-center elementor-mobile-align-center elementor-invisible elementor-widget elementor-widget-icon-list\" data-id=\"6400f3f9\" data-element_type=\"widget\" data-e-type=\"widget\" data-settings=\"{&quot;_animation&quot;:&quot;fadeInUp&quot;}\" data-widget_type=\"icon-list.default\">\n\t\t\t\t\t\t\t<ul class=\"elementor-icon-list-items elementor-inline-items\">\n\t\t\t\t\t\t\t<li class=\"elementor-icon-list-item elementor-inline-item\">\n\t\t\t\t\t\t\t\t\t\t\t<span class=\"elementor-icon-list-icon\">\n\t\t\t\t\t\t\t<i aria-hidden=\"true\" class=\"icon icon-safety\"><\/i>\t\t\t\t\t\t<\/span>\n\t\t\t\t\t\t\t\t\t\t<span class=\"elementor-icon-list-text\">proje<\/span>\n\t\t\t\t\t\t\t\t\t<\/li>\n\t\t\t\t\t\t<\/ul>\n\t\t\t\t\t\t<\/div>\n\t\t\t\t<div class=\"elementor-element elementor-element-60dd54a9 elementor-invisible elementor-widget elementor-widget-heading\" data-id=\"60dd54a9\" data-element_type=\"widget\" data-e-type=\"widget\" data-settings=\"{&quot;_animation&quot;:&quot;fadeInUp&quot;}\" data-widget_type=\"heading.default\">\n\t\t\t\t\t<h1 class=\"elementor-heading-title elementor-size-default\">Jinwei Y\u00fcksek H\u0131zl\u0131 Demiryolu Projesi<\/h1>\t\t\t\t<\/div>\n\t\t\t\t<div class=\"elementor-element elementor-element-1de6a4e5 elementor-widget__width-initial elementor-invisible elementor-widget elementor-widget-text-editor\" data-id=\"1de6a4e5\" data-element_type=\"widget\" data-e-type=\"widget\" data-settings=\"{&quot;_animation&quot;:&quot;fadeInUp&quot;}\" data-widget_type=\"text-editor.default\">\n\t\t\t\t\t\t\t\t\t<p>Ecocrete\u2122 Sel\u00fcloz Elyaf ile daha p\u00fcr\u00fczs\u00fcz, \u00e7atlamaya dayan\u0131kl\u0131 betonlar<\/p>\t\t\t\t\t\t\t\t<\/div>\n\t\t\t\t\t<\/div>\n\t\t<\/div>\n\t\t\t\t\t<\/div>\n\t\t<\/section>\n\t\t\t\t<section class=\"elementor-section elementor-top-section elementor-element elementor-element-5000161d elementor-section-boxed elementor-section-height-default elementor-section-height-default\" data-id=\"5000161d\" data-element_type=\"section\" data-e-type=\"section\">\n\t\t\t\t\t\t<div class=\"elementor-container elementor-column-gap-default\">\n\t\t\t\t\t<div class=\"elementor-column elementor-col-50 elementor-top-column elementor-element elementor-element-26123f6b\" data-id=\"26123f6b\" data-element_type=\"column\" data-e-type=\"column\">\n\t\t\t<div class=\"elementor-widget-wrap elementor-element-populated\">\n\t\t\t\t\t\t<div class=\"elementor-element elementor-element-2128813b elementor-invisible elementor-widget elementor-widget-image\" data-id=\"2128813b\" data-element_type=\"widget\" data-e-type=\"widget\" data-settings=\"{&quot;_animation&quot;:&quot;fadeInUp&quot;}\" data-widget_type=\"image.default\">\n\t\t\t\t\t\t\t\t\t\t\t\t\t\t\t<img fetchpriority=\"high\" decoding=\"async\" width=\"2560\" height=\"1707\" src=\"https:\/\/ecocretefiber.com\/wp-content\/uploads\/2025\/10\/\u6444\u56fe\u7f51_501996248_\u9ad8\u94c1\u7ad9\u9ad8\u94c1\u5217\u8f66\u975e\u4f01\u4e1a\u5546\u7528-scaled.jpg\" class=\"attachment-full size-full wp-image-499\" alt=\"Yans\u0131t\u0131c\u0131 bitmi\u015f beton y\u00fczeyli platformda h\u0131zl\u0131 tren\" srcset=\"https:\/\/ecocretefiber.com\/wp-content\/uploads\/2025\/10\/\u6444\u56fe\u7f51_501996248_\u9ad8\u94c1\u7ad9\u9ad8\u94c1\u5217\u8f66\u975e\u4f01\u4e1a\u5546\u7528-scaled.jpg 2560w, https:\/\/ecocretefiber.com\/wp-content\/uploads\/2025\/10\/\u6444\u56fe\u7f51_501996248_\u9ad8\u94c1\u7ad9\u9ad8\u94c1\u5217\u8f66\u975e\u4f01\u4e1a\u5546\u7528-300x200.jpg 300w, https:\/\/ecocretefiber.com\/wp-content\/uploads\/2025\/10\/\u6444\u56fe\u7f51_501996248_\u9ad8\u94c1\u7ad9\u9ad8\u94c1\u5217\u8f66\u975e\u4f01\u4e1a\u5546\u7528-1024x683.jpg 1024w, https:\/\/ecocretefiber.com\/wp-content\/uploads\/2025\/10\/\u6444\u56fe\u7f51_501996248_\u9ad8\u94c1\u7ad9\u9ad8\u94c1\u5217\u8f66\u975e\u4f01\u4e1a\u5546\u7528-768x512.jpg 768w, https:\/\/ecocretefiber.com\/wp-content\/uploads\/2025\/10\/\u6444\u56fe\u7f51_501996248_\u9ad8\u94c1\u7ad9\u9ad8\u94c1\u5217\u8f66\u975e\u4f01\u4e1a\u5546\u7528-1536x1024.jpg 1536w, https:\/\/ecocretefiber.com\/wp-content\/uploads\/2025\/10\/\u6444\u56fe\u7f51_501996248_\u9ad8\u94c1\u7ad9\u9ad8\u94c1\u5217\u8f66\u975e\u4f01\u4e1a\u5546\u7528-2048x1365.jpg 2048w\" sizes=\"(max-width: 2560px) 100vw, 2560px\" \/>\t\t\t\t\t\t\t\t\t\t\t\t\t\t\t<\/div>\n\t\t\t\t<div class=\"elementor-element elementor-element-12a636f3 elementor-invisible elementor-widget elementor-widget-heading\" data-id=\"12a636f3\" data-element_type=\"widget\" data-e-type=\"widget\" data-settings=\"{&quot;_animation&quot;:&quot;fadeInUp&quot;}\" data-widget_type=\"heading.default\">\n\t\t\t\t\t<h2 class=\"elementor-heading-title elementor-size-default\">Zorluklar ve \u00c7\u00f6z\u00fcmler<\/h2>\t\t\t\t<\/div>\n\t\t\t\t<div class=\"elementor-element elementor-element-36c7b028 elementor-invisible elementor-widget elementor-widget-text-editor\" data-id=\"36c7b028\" data-element_type=\"widget\" data-e-type=\"widget\" data-settings=\"{&quot;_animation&quot;:&quot;fadeInUp&quot;}\" data-widget_type=\"text-editor.default\">\n\t\t\t\t\t\t\t\t\t<h3><strong>H\u0131zl\u0131 D\u00f6k\u00fcmler, R\u00fczgar ve S\u0131k\u0131 Toleranslar - Kontrol Alt\u0131nda<\/strong><\/h3><p>S\u0131cak\/r\u00fczgarl\u0131 yerle\u015fimler: Sel\u00fcloz mikro fiberler, plastik b\u00fcz\u00fclmesini azaltan ve a\u00e7\u0131kta kalan g\u00fcverte ve plakalarda erken mikro \u00e7atlaklar\u0131 s\u0131n\u0131rlayan da\u011f\u0131t\u0131lm\u0131\u015f bir a\u011f olu\u015fturur.<\/p><p>Son kat kalitesi ve kenarlar: Daha iyi reoloji ve ayr\u0131\u015fmay\u0131 \u00f6nleme, daha az r\u00f6tu\u015fla derzlerde, ankrajlarda, drenajlarda ve parapet kenarlar\u0131nda daha temiz y\u00fczeyler sa\u011flar.<\/p><p>Pompalama ve s\u0131k\u0131\u015ft\u0131rma: Elyaflar kar\u0131\u015f\u0131m stabilitesini artt\u0131r\u0131r, ta\u015fma suyunu azalt\u0131r ve plaka ray taban katmanlar\u0131 i\u00e7in tutarl\u0131 y\u00fczey dokusu elde edilmesine yard\u0131mc\u0131 olur.<\/p><p>Korozif olmayan dayan\u0131kl\u0131l\u0131k: Organik sel\u00fcloz elyaflar paslanmaz ve YHT i\u015flerinde yayg\u0131n olarak kullan\u0131lan tamamlay\u0131c\u0131 \u00e7imentolu malzemelerle uyumludur.<\/p>\t\t\t\t\t\t\t\t<\/div>\n\t\t\t\t<div class=\"elementor-element elementor-element-47cb1168 elementor-arrows-position-inside elementor-pagination-position-outside elementor-invisible elementor-widget elementor-widget-image-carousel\" data-id=\"47cb1168\" data-element_type=\"widget\" data-e-type=\"widget\" data-settings=\"{&quot;slides_to_show&quot;:&quot;1&quot;,&quot;slides_to_show_tablet&quot;:&quot;2&quot;,&quot;slides_to_show_mobile&quot;:&quot;1&quot;,&quot;_animation_mobile&quot;:&quot;fadeInUp&quot;,&quot;_animation&quot;:&quot;fadeInUp&quot;,&quot;navigation&quot;:&quot;both&quot;,&quot;autoplay&quot;:&quot;yes&quot;,&quot;pause_on_hover&quot;:&quot;yes&quot;,&quot;pause_on_interaction&quot;:&quot;yes&quot;,&quot;autoplay_speed&quot;:5000,&quot;infinite&quot;:&quot;yes&quot;,&quot;effect&quot;:&quot;slide&quot;,&quot;speed&quot;:500}\" data-widget_type=\"image-carousel.default\">\n\t\t\t\t\t\t\t<div class=\"elementor-image-carousel-wrapper swiper\" role=\"region\" aria-roledescription=\"carousel\" aria-label=\"\u56fe\u50cf\u8f6e\u64ad\" dir=\"ltr\">\n\t\t\t<div class=\"elementor-image-carousel swiper-wrapper\" aria-live=\"off\">\n\t\t\t\t\t\t\t\t<div class=\"swiper-slide\" role=\"group\" aria-roledescription=\"slide\" aria-label=\"1 \/ 4\"><figure class=\"swiper-slide-inner\"><img decoding=\"async\" class=\"swiper-slide-image\" src=\"https:\/\/ecocretefiber.com\/wp-content\/uploads\/2025\/10\/train-or-tram-on-railway-in-urban-city-in-public-t-2024-10-22-07-28-05-utc-scaled.jpg\" alt=\"Kentsel bir YHT koridorunda y\u00fckseltilmi\u015f yap\u0131lar alt\u0131nda balasts\u0131z ray hatlar\u0131\" \/><\/figure><\/div><div class=\"swiper-slide\" role=\"group\" aria-roledescription=\"slide\" aria-label=\"2\/4\"><figure class=\"swiper-slide-inner\"><img decoding=\"async\" class=\"swiper-slide-image\" src=\"https:\/\/ecocretefiber.com\/wp-content\/uploads\/2025\/10\/\u6444\u56fe\u7f51_401653912_\u5915\u9633\u4e0b\u590d\u5174\u53f7\u9ad8\u94c1\u573a\u666f\u975e\u4f01\u4e1a\u5546\u7528-scaled.jpg\" alt=\"Viyad\u00fck yakla\u015f\u0131m\u0131nda g\u00fcn bat\u0131m\u0131nda y\u00fcksek h\u0131zl\u0131 tren seti\" \/><\/figure><\/div><div class=\"swiper-slide\" role=\"group\" aria-roledescription=\"slide\" aria-label=\"3\/4\"><figure class=\"swiper-slide-inner\"><img decoding=\"async\" class=\"swiper-slide-image\" src=\"https:\/\/ecocretefiber.com\/wp-content\/uploads\/2025\/10\/\u6444\u56fe\u7f51_501355466_\u6df1\u5733\u5317\u7ad9\u9ad8\u94c1\u7ad9\u53f0\u591c\u666f\u975e\u4f01\u4e1a\u5546\u7528-scaled.jpg\" alt=\"Demiryolu toprak i\u015fleri ve fiberlerle g\u00fc\u00e7lendirilmi\u015f yap\u0131lar\" \/><\/figure><\/div><div class=\"swiper-slide\" role=\"group\" aria-roledescription=\"slide\" aria-label=\"4 \/ 4\"><figure class=\"swiper-slide-inner\"><img decoding=\"async\" class=\"swiper-slide-image\" src=\"https:\/\/ecocretefiber.com\/wp-content\/uploads\/2025\/10\/\u6444\u56fe\u7f51_500815490_\u9ad8\u901f\u94c1\u8def\u9ad8\u94c1\u975e\u4f01\u4e1a\u5546\u7528-scaled.jpg\" alt=\"Yo\u011fun bir \u015fehirdeki \u00e7ok katmanl\u0131 y\u00fckseltilmi\u015f demiryolu a\u011f\u0131n\u0131n havadan g\u00f6r\u00fcn\u00fcm\u00fc\" \/><\/figure><\/div>\t\t\t<\/div>\n\t\t\t\t\t\t\t\t\t\t\t\t<div class=\"elementor-swiper-button elementor-swiper-button-prev\" role=\"button\" tabindex=\"0\">\n\t\t\t\t\t\t<svg aria-hidden=\"true\" class=\"e-font-icon-svg e-eicon-chevron-left\" viewbox=\"0 0 1000 1000\" xmlns=\"http:\/\/www.w3.org\/2000\/svg\"><path d=\"M646 125C629 125 613 133 604 142L308 442C296 454 292 471 292 487 292 504 296 521 308 533L604 854C617 867 629 875 646 875 663 875 679 871 692 858 704 846 713 829 713 812 713 796 708 779 692 767L438 487 692 225C700 217 708 204 708 187 708 171 704 154 692 142 675 129 663 125 646 125Z\"><\/path><\/svg>\t\t\t\t\t<\/div>\n\t\t\t\t\t<div class=\"elementor-swiper-button elementor-swiper-button-next\" role=\"button\" tabindex=\"0\">\n\t\t\t\t\t\t<svg aria-hidden=\"true\" class=\"e-font-icon-svg e-eicon-chevron-right\" viewbox=\"0 0 1000 1000\" xmlns=\"http:\/\/www.w3.org\/2000\/svg\"><path d=\"M696 533C708 521 713 504 713 487 713 471 708 454 696 446L400 146C388 133 375 125 354 125 338 125 325 129 313 142 300 154 292 171 292 187 292 204 296 221 308 233L563 492 304 771C292 783 288 800 288 817 288 833 296 850 308 863 321 871 338 875 354 875 371 875 388 867 400 854L696 533Z\"><\/path><\/svg>\t\t\t\t\t<\/div>\n\t\t\t\t\n\t\t\t\t\t\t\t\t\t<div class=\"swiper-pagination\"><\/div>\n\t\t\t\t\t\t\t\t\t<\/div>\n\t\t\t\t\t\t<\/div>\n\t\t\t\t<div class=\"elementor-element elementor-element-08c6484 elementor-invisible elementor-widget elementor-widget-text-editor\" data-id=\"08c6484\" data-element_type=\"widget\" data-e-type=\"widget\" data-settings=\"{&quot;_animation&quot;:&quot;fadeInUp&quot;}\" data-widget_type=\"text-editor.default\">\n\t\t\t\t\t\t\t\t\t<h3><strong>Daha S\u0131k\u0131 \u00c7atlak Kontrol\u00fc, Daha Temiz Y\u00fczeyler, Daha Az Yama Onar\u0131m\u0131<\/strong><\/h3><p>\u0130n\u015faat ekipleri, \u00f6zellikle parapetler ve platform \u00fcst kaplamalar\u0131 olmak \u00fczere, a\u00e7\u0131kta yap\u0131lan d\u00f6k\u00fcmlerde plastik \u00e7atlamas\u0131n\u0131n azald\u0131\u011f\u0131n\u0131, daha az akma oldu\u011funu ve d\u00fczg\u00fcn y\u00fczey kalitesi elde edildi\u011fini bildirmi\u015ftir. Elyaf modifiyeli kar\u0131\u015f\u0131mlar, kozmetik yama ve yeniden i\u015fleme i\u015flemlerinin azalt\u0131lmas\u0131na yard\u0131mc\u0131 olarak programa uygun teslimat\u0131 destekledi.<\/p>\t\t\t\t\t\t\t\t<\/div>\n\t\t\t\t\t<\/div>\n\t\t<\/div>\n\t\t\t\t<div class=\"elementor-column elementor-col-50 elementor-top-column elementor-element elementor-element-108741a2\" data-id=\"108741a2\" data-element_type=\"column\" data-e-type=\"column\">\n\t\t\t<div class=\"elementor-widget-wrap elementor-element-populated\">\n\t\t\t\t\t\t<div class=\"elementor-element elementor-element-71636037 elementor-invisible elementor-widget elementor-widget-heading\" data-id=\"71636037\" data-element_type=\"widget\" data-e-type=\"widget\" data-settings=\"{&quot;_animation&quot;:&quot;fadeInUp&quot;}\" data-widget_type=\"heading.default\">\n\t\t\t\t\t<h2 class=\"elementor-heading-title elementor-size-default\">Projeye Genel Bak\u0131\u015f<\/h2>\t\t\t\t<\/div>\n\t\t\t\t<div class=\"elementor-element elementor-element-5d4e0728 elementor-invisible elementor-widget elementor-widget-text-editor\" data-id=\"5d4e0728\" data-element_type=\"widget\" data-e-type=\"widget\" data-settings=\"{&quot;_animation&quot;:&quot;fadeInUp&quot;}\" data-widget_type=\"text-editor.default\">\n\t\t\t\t\t\t\t\t\t<p><strong>Viyad\u00fckler ve D\u00f6\u015feme Hatlar\u0131 i\u00e7in B\u00fcz\u00fclme Kontrol\u00fc ve Daha \u0130yi Kaplama<\/strong><\/p><p><b><\/b>Jinwei YHT koridorunda, uzun y\u00fckseltilmi\u015f b\u00f6l\u00fcmler, yakla\u015f\u0131m plakalar\u0131 ve istasyon platformlar\u0131, h\u0131zl\u0131 in\u015faat d\u00f6ng\u00fcleri alt\u0131nda s\u0131k\u0131 \u00e7atlak kontrol\u00fc ve temiz y\u00fczey kalitesi gerektiriyordu. Projede, plastik b\u00fcz\u00fclme \u00e7atlamas\u0131n\u0131 azaltmak ve finisaj ve kenar detaylar\u0131 i\u00e7in reolojiyi iyile\u015ftirmek amac\u0131yla belirli kar\u0131\u015f\u0131mlarda (\u00f6zellikle d\u00f6\u015feme ray taban\u0131 betonu, k\u00f6pr\u00fc tabliyeleri\/yakla\u015fma plakalar\u0131, parapet ve bariyer yerinde d\u00f6k\u00fcm\u00fc ve derzler\/s\u0131valar) Ecocrete\u2122 Sel\u00fcloz Elyaf kullan\u0131lm\u0131\u015ft\u0131r. \u0130nce sel\u00fcloz a\u011f\u0131 kohezyonu art\u0131r\u0131r, akmay\u0131\/ayr\u0131\u015fmay\u0131 s\u0131n\u0131rlar ve y\u00fcksek h\u0131zda \u00e7al\u0131\u015fma i\u00e7in dayan\u0131kl\u0131 y\u00fczeyleri destekler.<\/p>\t\t\t\t\t\t\t\t<\/div>\n\t\t\t\t<div class=\"elementor-element elementor-element-26d8de8b elementor-widget-mobile__width-inherit elementor-icon-list--layout-traditional elementor-list-item-link-full_width elementor-invisible elementor-widget elementor-widget-icon-list\" data-id=\"26d8de8b\" data-element_type=\"widget\" data-e-type=\"widget\" data-settings=\"{&quot;_animation&quot;:&quot;fadeInUp&quot;}\" data-widget_type=\"icon-list.default\">\n\t\t\t\t\t\t\t<ul class=\"elementor-icon-list-items\">\n\t\t\t\t\t\t\t<li class=\"elementor-icon-list-item\">\n\t\t\t\t\t\t\t\t\t\t\t<span class=\"elementor-icon-list-icon\">\n\t\t\t\t\t\t\t<i aria-hidden=\"true\" class=\"icon icon-apartment1\"><\/i>\t\t\t\t\t\t<\/span>\n\t\t\t\t\t\t\t\t\t\t<span class=\"elementor-icon-list-text\">Uygulama: d\u00f6\u015feme ray taban betonu, k\u00f6pr\u00fc tabliyeleri ve parapetler, platform kaplamalar\u0131, tamir har\u00e7lar\u0131<\/span>\n\t\t\t\t\t\t\t\t\t<\/li>\n\t\t\t\t\t\t\t\t<li class=\"elementor-icon-list-item\">\n\t\t\t\t\t\t\t\t\t\t\t<span class=\"elementor-icon-list-icon\">\n\t\t\t\t\t\t\t<i aria-hidden=\"true\" class=\"icon icon-calendar3\"><\/i>\t\t\t\t\t\t<\/span>\n\t\t\t\t\t\t\t\t\t\t<span class=\"elementor-icon-list-text\">Elyaf t\u00fcr\u00fc: Ecocrete\u2122 Sel\u00fcloz Elyaf (tipik uzunluk 3-6 mm)<\/span>\n\t\t\t\t\t\t\t\t\t<\/li>\n\t\t\t\t\t\t\t\t<li class=\"elementor-icon-list-item\">\n\t\t\t\t\t\t\t\t\t\t\t<span class=\"elementor-icon-list-icon\">\n\t\t\t\t\t\t\t<i aria-hidden=\"true\" class=\"icon icon-user\"><\/i>\t\t\t\t\t\t<\/span>\n\t\t\t\t\t\t\t\t\t\t<span class=\"elementor-icon-list-text\">Tipik dozaj: 0,3-1,0 kg\/m\u00b3 (kar\u0131\u015f\u0131m tasar\u0131m\u0131na ve yerle\u015ftirme y\u00f6ntemine g\u00f6re ayarlay\u0131n)<\/span>\n\t\t\t\t\t\t\t\t\t<\/li>\n\t\t\t\t\t\t\t\t<li class=\"elementor-icon-list-item\">\n\t\t\t\t\t\t\t\t\t\t\t<span class=\"elementor-icon-list-icon\">\n\t\t\t\t\t\t\t<i aria-hidden=\"true\" class=\"icon icon-map-marker1\"><\/i>\t\t\t\t\t\t<\/span>\n\t\t\t\t\t\t\t\t\t\t<span class=\"elementor-icon-list-text\">Faydalar\u0131: plastik b\u00fcz\u00fclme \u00e7atlak kontrol\u00fc, geli\u015ftirilmi\u015f kohezyon ve finisaj, azalt\u0131lm\u0131\u015f kanama, korozif olmayan<\/span>\n\t\t\t\t\t\t\t\t\t<\/li>\n\t\t\t\t\t\t<\/ul>\n\t\t\t\t\t\t<\/div>\n\t\t\t\t<div class=\"elementor-element elementor-element-b951669 elementor-widget elementor-widget-button\" data-id=\"b951669\" data-element_type=\"widget\" data-e-type=\"widget\" data-widget_type=\"button.default\">\n\t\t\t\t\t\t\t\t\t\t<a class=\"elementor-button elementor-button-link elementor-size-sm\" href=\"#\">\n\t\t\t\t\t\t<span class=\"elementor-button-content-wrapper\">\n\t\t\t\t\t\t\t\t\t<span class=\"elementor-button-text\">\u0130leti\u015fim<\/span>\n\t\t\t\t\t<\/span>\n\t\t\t\t\t<\/a>\n\t\t\t\t\t\t\t\t<\/div>\n\t\t\t\t\t<\/div>\n\t\t<\/div>\n\t\t\t\t\t<\/div>\n\t\t<\/section>\n\t\t\t\t<\/div>","protected":false},"excerpt":{"rendered":"<p>project Jinwei High-Speed Railway Project Smoother, crack-resistant concretes with Ecocrete\u2122 Cellulose Fiber Challenges &amp; Solution Fast Pours, Wind, and Tight Tolerances \u2014 Under Control Hot\/windy placements: Cellulose micro-fibers form a distributed network that reduces plastic shrinkage and limits early micro-cracks on exposed decks and slabs. Finish quality &amp; edges: Better rheology and anti-segregation deliver cleaner [&hellip;]<\/p>","protected":false},"author":2,"featured_media":0,"parent":108,"menu_order":0,"comment_status":"closed","ping_status":"closed","template":"elementor_header_footer","meta":{"footnotes":""},"class_list":["post-462","page","type-page","status-publish","hentry"],"_links":{"self":[{"href":"https:\/\/ecocretefiber.com\/tr\/wp-json\/wp\/v2\/pages\/462","targetHints":{"allow":["GET"]}}],"collection":[{"href":"https:\/\/ecocretefiber.com\/tr\/wp-json\/wp\/v2\/pages"}],"about":[{"href":"https:\/\/ecocretefiber.com\/tr\/wp-json\/wp\/v2\/types\/page"}],"author":[{"embeddable":true,"href":"https:\/\/ecocretefiber.com\/tr\/wp-json\/wp\/v2\/users\/2"}],"replies":[{"embeddable":true,"href":"https:\/\/ecocretefiber.com\/tr\/wp-json\/wp\/v2\/comments?post=462"}],"version-history":[{"count":11,"href":"https:\/\/ecocretefiber.com\/tr\/wp-json\/wp\/v2\/pages\/462\/revisions"}],"predecessor-version":[{"id":1612,"href":"https:\/\/ecocretefiber.com\/tr\/wp-json\/wp\/v2\/pages\/462\/revisions\/1612"}],"up":[{"embeddable":true,"href":"https:\/\/ecocretefiber.com\/tr\/wp-json\/wp\/v2\/pages\/108"}],"wp:attachment":[{"href":"https:\/\/ecocretefiber.com\/tr\/wp-json\/wp\/v2\/media?parent=462"}],"curies":[{"name":"wp","href":"https:\/\/api.w.org\/{rel}","templated":true}]}}