{"id":464,"date":"2025-10-04T11:12:49","date_gmt":"2025-10-04T11:12:49","guid":{"rendered":"https:\/\/ecocretefiber.com\/?page_id=464"},"modified":"2025-10-28T14:10:19","modified_gmt":"2025-10-28T14:10:19","slug":"xiamen-shenzhen-demi%cc%87ryolu","status":"publish","type":"page","link":"https:\/\/ecocretefiber.com\/tr\/projeler\/xiamen-shenzhen-demi%cc%87ryolu\/","title":{"rendered":"Xiamen\u2013Shenzhen Railway Project"},"content":{"rendered":"<div data-elementor-type=\"wp-page\" data-elementor-id=\"464\" class=\"elementor elementor-464\" data-elementor-post-type=\"page\">\n\t\t\t\t\t\t<section class=\"elementor-section elementor-top-section elementor-element elementor-element-1d68fafc elementor-reverse-mobile elementor-section-boxed elementor-section-height-default elementor-section-height-default elementor-invisible\" data-id=\"1d68fafc\" data-element_type=\"section\" data-e-type=\"section\" data-settings=\"{&quot;background_background&quot;:&quot;classic&quot;,&quot;animation&quot;:&quot;fadeIn&quot;}\">\n\t\t\t\t\t\t\t<div class=\"elementor-background-overlay\"><\/div>\n\t\t\t\t\t\t\t<div class=\"elementor-container elementor-column-gap-default\">\n\t\t\t\t\t<div class=\"elementor-column elementor-col-100 elementor-top-column elementor-element elementor-element-3112ee69\" data-id=\"3112ee69\" data-element_type=\"column\" data-e-type=\"column\">\n\t\t\t<div class=\"elementor-widget-wrap elementor-element-populated\">\n\t\t\t\t\t\t<div class=\"elementor-element elementor-element-6400f3f9 elementor-icon-list--layout-inline elementor-list-item-link-inline elementor-align-center elementor-mobile-align-center elementor-invisible elementor-widget elementor-widget-icon-list\" data-id=\"6400f3f9\" data-element_type=\"widget\" data-e-type=\"widget\" data-settings=\"{&quot;_animation&quot;:&quot;fadeInUp&quot;}\" data-widget_type=\"icon-list.default\">\n\t\t\t\t\t\t\t<ul class=\"elementor-icon-list-items elementor-inline-items\">\n\t\t\t\t\t\t\t<li class=\"elementor-icon-list-item elementor-inline-item\">\n\t\t\t\t\t\t\t\t\t\t\t<span class=\"elementor-icon-list-icon\">\n\t\t\t\t\t\t\t<i aria-hidden=\"true\" class=\"icon icon-safety\"><\/i>\t\t\t\t\t\t<\/span>\n\t\t\t\t\t\t\t\t\t\t<span class=\"elementor-icon-list-text\">proje<\/span>\n\t\t\t\t\t\t\t\t\t<\/li>\n\t\t\t\t\t\t<\/ul>\n\t\t\t\t\t\t<\/div>\n\t\t\t\t<div class=\"elementor-element elementor-element-60dd54a9 elementor-invisible elementor-widget elementor-widget-heading\" data-id=\"60dd54a9\" data-element_type=\"widget\" data-e-type=\"widget\" data-settings=\"{&quot;_animation&quot;:&quot;fadeInUp&quot;}\" data-widget_type=\"heading.default\">\n\t\t\t\t\t<h1 class=\"elementor-heading-title elementor-size-default\">Xiamen-Shenzhen Demiryolu<\/h1>\t\t\t\t<\/div>\n\t\t\t\t<div class=\"elementor-element elementor-element-1de6a4e5 elementor-widget__width-initial elementor-invisible elementor-widget elementor-widget-text-editor\" data-id=\"1de6a4e5\" data-element_type=\"widget\" data-e-type=\"widget\" data-settings=\"{&quot;_animation&quot;:&quot;fadeInUp&quot;}\" data-widget_type=\"text-editor.default\">\n\t\t\t\t\t\t\t\t\t<p>Ecocrete\u2122 PAN Fiber ile \u00e7atlak kontrol\u00fc ve tokluk<\/p>\t\t\t\t\t\t\t\t<\/div>\n\t\t\t\t\t<\/div>\n\t\t<\/div>\n\t\t\t\t\t<\/div>\n\t\t<\/section>\n\t\t\t\t<section class=\"elementor-section elementor-top-section elementor-element elementor-element-5000161d elementor-section-boxed elementor-section-height-default elementor-section-height-default\" data-id=\"5000161d\" data-element_type=\"section\" data-e-type=\"section\">\n\t\t\t\t\t\t<div class=\"elementor-container elementor-column-gap-default\">\n\t\t\t\t\t<div class=\"elementor-column elementor-col-50 elementor-top-column elementor-element elementor-element-26123f6b\" data-id=\"26123f6b\" data-element_type=\"column\" data-e-type=\"column\">\n\t\t\t<div class=\"elementor-widget-wrap elementor-element-populated\">\n\t\t\t\t\t\t<div class=\"elementor-element elementor-element-12a636f3 elementor-invisible elementor-widget elementor-widget-heading\" data-id=\"12a636f3\" data-element_type=\"widget\" data-e-type=\"widget\" data-settings=\"{&quot;_animation&quot;:&quot;fadeInUp&quot;}\" data-widget_type=\"heading.default\">\n\t\t\t\t\t<h2 class=\"elementor-heading-title elementor-size-default\">Zorluklar ve \u00c7\u00f6z\u00fcmler<\/h2>\t\t\t\t<\/div>\n\t\t\t\t<div class=\"elementor-element elementor-element-2128813b elementor-invisible elementor-widget elementor-widget-image\" data-id=\"2128813b\" data-element_type=\"widget\" data-e-type=\"widget\" data-settings=\"{&quot;_animation&quot;:&quot;fadeInUp&quot;}\" data-widget_type=\"image.default\">\n\t\t\t\t\t\t\t\t\t\t\t\t\t\t\t<img fetchpriority=\"high\" decoding=\"async\" width=\"2560\" height=\"1280\" src=\"https:\/\/ecocretefiber.com\/wp-content\/uploads\/2025\/10\/\u6444\u56fe\u7f51_401891730_\u6625\u8fd0\u9ad8\u94c1\u573a\u666f\u975e\u4f01\u4e1a\u5546\u7528-scaled.jpg\" class=\"attachment-full size-full wp-image-506\" alt=\"Temiz beton y\u00fczeyli istasyon \u00e7at\u0131s\u0131 alt\u0131nda h\u0131zl\u0131 tren\" srcset=\"https:\/\/ecocretefiber.com\/wp-content\/uploads\/2025\/10\/\u6444\u56fe\u7f51_401891730_\u6625\u8fd0\u9ad8\u94c1\u573a\u666f\u975e\u4f01\u4e1a\u5546\u7528-scaled.jpg 2560w, https:\/\/ecocretefiber.com\/wp-content\/uploads\/2025\/10\/\u6444\u56fe\u7f51_401891730_\u6625\u8fd0\u9ad8\u94c1\u573a\u666f\u975e\u4f01\u4e1a\u5546\u7528-300x150.jpg 300w, https:\/\/ecocretefiber.com\/wp-content\/uploads\/2025\/10\/\u6444\u56fe\u7f51_401891730_\u6625\u8fd0\u9ad8\u94c1\u573a\u666f\u975e\u4f01\u4e1a\u5546\u7528-1024x512.jpg 1024w, https:\/\/ecocretefiber.com\/wp-content\/uploads\/2025\/10\/\u6444\u56fe\u7f51_401891730_\u6625\u8fd0\u9ad8\u94c1\u573a\u666f\u975e\u4f01\u4e1a\u5546\u7528-768x384.jpg 768w, https:\/\/ecocretefiber.com\/wp-content\/uploads\/2025\/10\/\u6444\u56fe\u7f51_401891730_\u6625\u8fd0\u9ad8\u94c1\u573a\u666f\u975e\u4f01\u4e1a\u5546\u7528-1536x768.jpg 1536w, https:\/\/ecocretefiber.com\/wp-content\/uploads\/2025\/10\/\u6444\u56fe\u7f51_401891730_\u6625\u8fd0\u9ad8\u94c1\u573a\u666f\u975e\u4f01\u4e1a\u5546\u7528-2048x1024.jpg 2048w\" sizes=\"(max-width: 2560px) 100vw, 2560px\" \/>\t\t\t\t\t\t\t\t\t\t\t\t\t\t\t<\/div>\n\t\t\t\t<div class=\"elementor-element elementor-element-36c7b028 elementor-invisible elementor-widget elementor-widget-text-editor\" data-id=\"36c7b028\" data-element_type=\"widget\" data-e-type=\"widget\" data-settings=\"{&quot;_animation&quot;:&quot;fadeInUp&quot;}\" data-widget_type=\"text-editor.default\">\n\t\t\t\t\t\t\t\t\t<h3><strong>Denize Maruz Kalma, Is\u0131 ve S\u0131k\u0131 Toleranslar - Y\u00f6netilen<\/strong><\/h3><p>K\u0131y\u0131 ortam\u0131: PAN elyaflar a\u015f\u0131nd\u0131r\u0131c\u0131 de\u011fildir ve alkali sald\u0131r\u0131lar\u0131na kar\u015f\u0131 diren\u00e7lidir, klor\u00fcr a\u00e7\u0131s\u0131ndan zengin b\u00f6lgelerde uzun s\u00fcreli dayan\u0131kl\u0131l\u0131\u011f\u0131 destekler.<\/p><p>S\u0131cak, r\u00fczgarl\u0131 d\u00f6k\u00fcmler: PAN'\u0131n 3D a\u011f\u0131, d\u00fc\u015f\u00fck w\/c'li, h\u0131zl\u0131 kar\u0131\u015f\u0131mlarda plastik b\u00fcz\u00fclmeyi ve erken termal mikro \u00e7atlaklar\u0131 s\u0131n\u0131rlar.<\/p><p>Hassas d\u00f6\u015feme izi: Eklenen \u00e7atlak sonras\u0131 tokluk, ankrajlar, d\u00fcbeller ve ray yuvalar\u0131 etraf\u0131ndaki arrislerin korunmas\u0131na yard\u0131mc\u0131 olarak d\u00f6k\u00fclmeleri ve r\u00f6tu\u015flar\u0131 azalt\u0131r.<\/p><p>Pompalama ve son i\u015flem: Elyaflar h\u0131zla da\u011f\u0131l\u0131r, pompa dostudur ve homojen doku ve daha temiz testere kesimleri i\u00e7in kar\u0131\u015f\u0131m\u0131 stabilize etmeye yard\u0131mc\u0131 olur.<\/p>\t\t\t\t\t\t\t\t<\/div>\n\t\t\t\t<div class=\"elementor-element elementor-element-47cb1168 elementor-arrows-position-inside elementor-pagination-position-outside elementor-invisible elementor-widget elementor-widget-image-carousel\" data-id=\"47cb1168\" data-element_type=\"widget\" data-e-type=\"widget\" data-settings=\"{&quot;slides_to_show&quot;:&quot;1&quot;,&quot;slides_to_show_tablet&quot;:&quot;2&quot;,&quot;slides_to_show_mobile&quot;:&quot;1&quot;,&quot;_animation_mobile&quot;:&quot;fadeInUp&quot;,&quot;_animation&quot;:&quot;fadeInUp&quot;,&quot;navigation&quot;:&quot;both&quot;,&quot;autoplay&quot;:&quot;yes&quot;,&quot;pause_on_hover&quot;:&quot;yes&quot;,&quot;pause_on_interaction&quot;:&quot;yes&quot;,&quot;autoplay_speed&quot;:5000,&quot;infinite&quot;:&quot;yes&quot;,&quot;effect&quot;:&quot;slide&quot;,&quot;speed&quot;:500}\" data-widget_type=\"image-carousel.default\">\n\t\t\t\t\t\t\t<div class=\"elementor-image-carousel-wrapper swiper\" role=\"region\" aria-roledescription=\"carousel\" aria-label=\"\u56fe\u50cf\u8f6e\u64ad\" dir=\"ltr\">\n\t\t\t<div class=\"elementor-image-carousel swiper-wrapper\" aria-live=\"off\">\n\t\t\t\t\t\t\t\t<div class=\"swiper-slide\" role=\"group\" aria-roledescription=\"slide\" aria-label=\"1 de 5\" data-no-translation-aria-label=\"\"><figure class=\"swiper-slide-inner\"><img decoding=\"async\" class=\"swiper-slide-image\" src=\"https:\/\/ecocretefiber.com\/wp-content\/uploads\/2025\/10\/\u6444\u56fe\u7f51_501623069_\u52a8\u8f66\u548c\u8c10\u53f7\u975e\u4f01\u4e1a\u5546\u7528-scaled.jpg\" alt=\"K\u0131lavuz tabelal\u0131 h\u0131zl\u0131 tren kalk\u0131\u015f platformu\" \/><\/figure><\/div><div class=\"swiper-slide\" role=\"group\" aria-roledescription=\"slide\" aria-label=\"2 de 5\" data-no-translation-aria-label=\"\"><figure class=\"swiper-slide-inner\"><img decoding=\"async\" class=\"swiper-slide-image\" src=\"https:\/\/ecocretefiber.com\/wp-content\/uploads\/2025\/10\/modern-futuristic-railway-station-with-illuminatio-2024-11-27-10-44-58-utc-scaled.jpg\" alt=\"Xiamen-Shenzhen Demiryolunu temsil eden y\u00fcksek h\u0131zl\u0131 tren istasyonu kanopisinin gece g\u00f6r\u00fcn\u00fcm\u00fc\" \/><\/figure><\/div><div class=\"swiper-slide\" role=\"group\" aria-roledescription=\"slide\" aria-label=\"3 de 5\" data-no-translation-aria-label=\"\"><figure class=\"swiper-slide-inner\"><img decoding=\"async\" class=\"swiper-slide-image\" src=\"https:\/\/ecocretefiber.com\/wp-content\/uploads\/2025\/10\/\u6444\u56fe\u7f51_501996218_\u9ad8\u94c1\u7ad9\u5217\u8f66\u8f68\u9053\u975e\u4f01\u4e1a\u5546\u7528-scaled.jpg\" alt=\"K\u0131y\u0131daki bir YHT koridorunda balasts\u0131z ray ve platform kenarlar\u0131\" \/><\/figure><\/div><div class=\"swiper-slide\" role=\"group\" aria-roledescription=\"slide\" aria-label=\"4 de 5\" data-no-translation-aria-label=\"\"><figure class=\"swiper-slide-inner\"><img decoding=\"async\" class=\"swiper-slide-image\" src=\"https:\/\/ecocretefiber.com\/wp-content\/uploads\/2025\/10\/\u6444\u56fe\u7f51_500133932_\u673a\u573a\u5efa\u8bbe\u5efa\u7b51\u975e\u4f01\u4e1a\u5546\u7528-scaled.jpg\" alt=\"Temiz testere ile kesilmi\u015f betona sahip kapal\u0131 yaya\/transfer ge\u00e7idi\" \/><\/figure><\/div><div class=\"swiper-slide\" role=\"group\" aria-roledescription=\"slide\" aria-label=\"5 de 5\" data-no-translation-aria-label=\"\"><figure class=\"swiper-slide-inner\"><img decoding=\"async\" class=\"swiper-slide-image\" src=\"https:\/\/ecocretefiber.com\/wp-content\/uploads\/2025\/10\/high-speed-train-in-motion-on-the-railway-station-2024-12-05-08-02-23-utc-scaled.jpg\" alt=\"I\u015f\u0131kland\u0131r\u0131lm\u0131\u015f istasyon kanopisi alt\u0131nda hareket halindeki y\u00fcksek h\u0131zl\u0131 tren\" \/><\/figure><\/div>\t\t\t<\/div>\n\t\t\t\t\t\t\t\t\t\t\t\t<div class=\"elementor-swiper-button elementor-swiper-button-prev\" role=\"button\" tabindex=\"0\">\n\t\t\t\t\t\t<svg aria-hidden=\"true\" class=\"e-font-icon-svg e-eicon-chevron-left\" viewbox=\"0 0 1000 1000\" xmlns=\"http:\/\/www.w3.org\/2000\/svg\"><path d=\"M646 125C629 125 613 133 604 142L308 442C296 454 292 471 292 487 292 504 296 521 308 533L604 854C617 867 629 875 646 875 663 875 679 871 692 858 704 846 713 829 713 812 713 796 708 779 692 767L438 487 692 225C700 217 708 204 708 187 708 171 704 154 692 142 675 129 663 125 646 125Z\"><\/path><\/svg>\t\t\t\t\t<\/div>\n\t\t\t\t\t<div class=\"elementor-swiper-button elementor-swiper-button-next\" role=\"button\" tabindex=\"0\">\n\t\t\t\t\t\t<svg aria-hidden=\"true\" class=\"e-font-icon-svg e-eicon-chevron-right\" viewbox=\"0 0 1000 1000\" xmlns=\"http:\/\/www.w3.org\/2000\/svg\"><path d=\"M696 533C708 521 713 504 713 487 713 471 708 454 696 446L400 146C388 133 375 125 354 125 338 125 325 129 313 142 300 154 292 171 292 187 292 204 296 221 308 233L563 492 304 771C292 783 288 800 288 817 288 833 296 850 308 863 321 871 338 875 354 875 371 875 388 867 400 854L696 533Z\"><\/path><\/svg>\t\t\t\t\t<\/div>\n\t\t\t\t\n\t\t\t\t\t\t\t\t\t<div class=\"swiper-pagination\"><\/div>\n\t\t\t\t\t\t\t\t\t<\/div>\n\t\t\t\t\t\t<\/div>\n\t\t\t\t<div class=\"elementor-element elementor-element-08c6484 elementor-invisible elementor-widget elementor-widget-text-editor\" data-id=\"08c6484\" data-element_type=\"widget\" data-e-type=\"widget\" data-settings=\"{&quot;_animation&quot;:&quot;fadeInUp&quot;}\" data-widget_type=\"text-editor.default\">\n\t\t\t\t\t\t\t\t\t<h3><strong>Daha S\u0131k\u0131 \u00c7atlaklar, Daha Temiz Eklemler, Daha Az Yeniden \u0130\u015fleme<\/strong><\/h3><p>Saha ekipleri s\u0131cak hava ko\u015fullar\u0131nda s\u0131k\u0131 \u00e7atlak kontrol\u00fc, keskin derz kenarlar\u0131 ve ba\u011flant\u0131 eleman\u0131 ceplerinde ve parapet detaylar\u0131nda onar\u0131m s\u0131kl\u0131\u011f\u0131n\u0131n azald\u0131\u011f\u0131n\u0131 bildirmi\u015ftir. Fiber modifiyeli betonlar, deniz ortam\u0131nda daha d\u00fc\u015f\u00fck ya\u015fam d\u00f6ng\u00fcs\u00fc bak\u0131m\u0131n\u0131 ve g\u00fcvenilir performans\u0131 destekler.<\/p>\t\t\t\t\t\t\t\t<\/div>\n\t\t\t\t\t<\/div>\n\t\t<\/div>\n\t\t\t\t<div class=\"elementor-column elementor-col-50 elementor-top-column elementor-element elementor-element-108741a2\" data-id=\"108741a2\" data-element_type=\"column\" data-e-type=\"column\">\n\t\t\t<div class=\"elementor-widget-wrap elementor-element-populated\">\n\t\t\t\t\t\t<div class=\"elementor-element elementor-element-71636037 elementor-invisible elementor-widget elementor-widget-heading\" data-id=\"71636037\" data-element_type=\"widget\" data-e-type=\"widget\" data-settings=\"{&quot;_animation&quot;:&quot;fadeInUp&quot;}\" data-widget_type=\"heading.default\">\n\t\t\t\t\t<h2 class=\"elementor-heading-title elementor-size-default\">Projeye Genel Bak\u0131\u015f<\/h2>\t\t\t\t<\/div>\n\t\t\t\t<div class=\"elementor-element elementor-element-5d4e0728 elementor-invisible elementor-widget elementor-widget-text-editor\" data-id=\"5d4e0728\" data-element_type=\"widget\" data-e-type=\"widget\" data-settings=\"{&quot;_animation&quot;:&quot;fadeInUp&quot;}\" data-widget_type=\"text-editor.default\">\n\t\t\t\t\t\t\t\t\t<p><strong>Nemli, Deniz \u0130kliminde Dayan\u0131kl\u0131 D\u00f6\u015feme Yolu ve K\u0131y\u0131 Yap\u0131lar\u0131<\/strong><\/p><p>\u00c7in'in g\u00fcneydo\u011fu k\u0131y\u0131 \u015feridi boyunca uzanan Xiamen-Shenzhen Demiryolu y\u00fcksek nem, tuz y\u00fckl\u00fc r\u00fczgarlar ve s\u0131k ya\u011f\u0131\u015flarla kar\u015f\u0131 kar\u015f\u0131yad\u0131r. Y\u00fckleniciler, balasts\u0131z ray d\u00f6\u015femelerinde, k\u00f6pr\u00fc tabliyelerinde, t\u00fcnel kaplamalar\u0131nda ve istasyon platformlar\u0131nda plastik b\u00fcz\u00fclmesini ve erken termal \u00e7atlamay\u0131 azaltmak i\u00e7in Ecocrete\u2122 Poliakrilonitril (PAN) Elyaf\u0131 kulland\u0131. Y\u00fcksek mod\u00fcll\u00fc PAN mikro fiberler, mikro \u00e7atlaklar\u0131 k\u00f6pr\u00fclemek i\u00e7in e\u015fit olarak da\u011f\u0131l\u0131r, \u00e7atlak sonras\u0131 toklu\u011fu art\u0131r\u0131r ve temiz y\u00fczey kalitesi ile derz b\u00fct\u00fcnl\u00fc\u011f\u00fcn\u00fc destekler.<\/p>\t\t\t\t\t\t\t\t<\/div>\n\t\t\t\t<div class=\"elementor-element elementor-element-26d8de8b elementor-widget-mobile__width-inherit elementor-icon-list--layout-traditional elementor-list-item-link-full_width elementor-invisible elementor-widget elementor-widget-icon-list\" data-id=\"26d8de8b\" data-element_type=\"widget\" data-e-type=\"widget\" data-settings=\"{&quot;_animation&quot;:&quot;fadeInUp&quot;}\" data-widget_type=\"icon-list.default\">\n\t\t\t\t\t\t\t<ul class=\"elementor-icon-list-items\">\n\t\t\t\t\t\t\t<li class=\"elementor-icon-list-item\">\n\t\t\t\t\t\t\t\t\t\t\t<span class=\"elementor-icon-list-icon\">\n\t\t\t\t\t\t\t<i aria-hidden=\"true\" class=\"icon icon-apartment1\"><\/i>\t\t\t\t\t\t<\/span>\n\t\t\t\t\t\t\t\t\t\t<span class=\"elementor-icon-list-text\">Uygulama: balasts\u0131z ray taban plakalar\u0131, k\u00f6pr\u00fc tabliyeleri\/parapetler, t\u00fcnel kaplamas\u0131 p\u00fcsk\u00fcrtme betonu, platform kaplamalar\u0131<\/span>\n\t\t\t\t\t\t\t\t\t<\/li>\n\t\t\t\t\t\t\t\t<li class=\"elementor-icon-list-item\">\n\t\t\t\t\t\t\t\t\t\t\t<span class=\"elementor-icon-list-icon\">\n\t\t\t\t\t\t\t<i aria-hidden=\"true\" class=\"icon icon-calendar3\"><\/i>\t\t\t\t\t\t<\/span>\n\t\t\t\t\t\t\t\t\t\t<span class=\"elementor-icon-list-text\">Elyaf t\u00fcr\u00fc: Ecocrete\u2122 PAN Fiber (tipik uzunluklar\u0131 6-12 mm)<\/span>\n\t\t\t\t\t\t\t\t\t<\/li>\n\t\t\t\t\t\t\t\t<li class=\"elementor-icon-list-item\">\n\t\t\t\t\t\t\t\t\t\t\t<span class=\"elementor-icon-list-icon\">\n\t\t\t\t\t\t\t<i aria-hidden=\"true\" class=\"icon icon-user\"><\/i>\t\t\t\t\t\t<\/span>\n\t\t\t\t\t\t\t\t\t\t<span class=\"elementor-icon-list-text\">Tipik dozaj: 0,6-1,5 kg\/m\u00b3 (kar\u0131\u015f\u0131m tasar\u0131m\u0131na, iklime ve yerle\u015ftirmeye g\u00f6re optimize edin)<\/span>\n\t\t\t\t\t\t\t\t\t<\/li>\n\t\t\t\t\t\t\t\t<li class=\"elementor-icon-list-item\">\n\t\t\t\t\t\t\t\t\t\t\t<span class=\"elementor-icon-list-icon\">\n\t\t\t\t\t\t\t<i aria-hidden=\"true\" class=\"icon icon-map-marker1\"><\/i>\t\t\t\t\t\t<\/span>\n\t\t\t\t\t\t\t\t\t\t<span class=\"elementor-icon-list-text\">Faydalar\u0131: k\u0131s\u0131tlanm\u0131\u015f \u00e7atlak olu\u015fumu, art\u0131r\u0131lm\u0131\u015f tokluk, geli\u015ftirilmi\u015f kenar dayan\u0131kl\u0131l\u0131\u011f\u0131, korozif olmayan ve alkaliye dayan\u0131kl\u0131<\/span>\n\t\t\t\t\t\t\t\t\t<\/li>\n\t\t\t\t\t\t<\/ul>\n\t\t\t\t\t\t<\/div>\n\t\t\t\t<div class=\"elementor-element elementor-element-b951669 elementor-widget elementor-widget-button\" data-id=\"b951669\" data-element_type=\"widget\" data-e-type=\"widget\" data-widget_type=\"button.default\">\n\t\t\t\t\t\t\t\t\t\t<a class=\"elementor-button elementor-button-link elementor-size-sm\" href=\"#\">\n\t\t\t\t\t\t<span class=\"elementor-button-content-wrapper\">\n\t\t\t\t\t\t\t\t\t<span class=\"elementor-button-text\">\u0130leti\u015fim<\/span>\n\t\t\t\t\t<\/span>\n\t\t\t\t\t<\/a>\n\t\t\t\t\t\t\t\t<\/div>\n\t\t\t\t\t<\/div>\n\t\t<\/div>\n\t\t\t\t\t<\/div>\n\t\t<\/section>\n\t\t\t\t<\/div>","protected":false},"excerpt":{"rendered":"<p>project Xiamen\u2013Shenzhen Railway Crack control &amp; toughness with Ecocrete\u2122 PAN Fiber Challenges &amp; Solution Marine Exposure, Heat, and Tight Tolerances \u2014 Managed Coastal environment: PAN fibers are non-corrosive and resist alkali attack, supporting long-term durability in chloride-rich zones. Hot, windy pours: PAN\u2019s 3D network limits plastic shrinkage and early thermal micro-cracks in low-w\/c, fast-track mixes. [&hellip;]<\/p>","protected":false},"author":2,"featured_media":0,"parent":108,"menu_order":0,"comment_status":"closed","ping_status":"closed","template":"elementor_header_footer","meta":{"footnotes":""},"class_list":["post-464","page","type-page","status-publish","hentry"],"_links":{"self":[{"href":"https:\/\/ecocretefiber.com\/tr\/wp-json\/wp\/v2\/pages\/464","targetHints":{"allow":["GET"]}}],"collection":[{"href":"https:\/\/ecocretefiber.com\/tr\/wp-json\/wp\/v2\/pages"}],"about":[{"href":"https:\/\/ecocretefiber.com\/tr\/wp-json\/wp\/v2\/types\/page"}],"author":[{"embeddable":true,"href":"https:\/\/ecocretefiber.com\/tr\/wp-json\/wp\/v2\/users\/2"}],"replies":[{"embeddable":true,"href":"https:\/\/ecocretefiber.com\/tr\/wp-json\/wp\/v2\/comments?post=464"}],"version-history":[{"count":14,"href":"https:\/\/ecocretefiber.com\/tr\/wp-json\/wp\/v2\/pages\/464\/revisions"}],"predecessor-version":[{"id":1615,"href":"https:\/\/ecocretefiber.com\/tr\/wp-json\/wp\/v2\/pages\/464\/revisions\/1615"}],"up":[{"embeddable":true,"href":"https:\/\/ecocretefiber.com\/tr\/wp-json\/wp\/v2\/pages\/108"}],"wp:attachment":[{"href":"https:\/\/ecocretefiber.com\/tr\/wp-json\/wp\/v2\/media?parent=464"}],"curies":[{"name":"wp","href":"https:\/\/api.w.org\/{rel}","templated":true}]}}