{"id":466,"date":"2025-10-04T12:38:36","date_gmt":"2025-10-04T12:38:36","guid":{"rendered":"https:\/\/ecocretefiber.com\/?page_id=466"},"modified":"2025-10-28T14:10:26","modified_gmt":"2025-10-28T14:10:26","slug":"shidao-korfezi%cc%87-nukleer-enerji%cc%87-santrali%cc%87","status":"publish","type":"page","link":"https:\/\/ecocretefiber.com\/tr\/projeler\/shidao-korfezi%cc%87-nukleer-enerji%cc%87-santrali%cc%87\/","title":{"rendered":"Shidao Bay N\u00fckleer G\u00fc\u00e7 Santrali"},"content":{"rendered":"<div data-elementor-type=\"wp-page\" data-elementor-id=\"466\" class=\"elementor elementor-466\" data-elementor-post-type=\"page\">\n\t\t\t\t\t\t<section class=\"elementor-section elementor-top-section elementor-element elementor-element-1d68fafc elementor-reverse-mobile elementor-section-boxed elementor-section-height-default elementor-section-height-default elementor-invisible\" data-id=\"1d68fafc\" data-element_type=\"section\" data-e-type=\"section\" data-settings=\"{&quot;background_background&quot;:&quot;classic&quot;,&quot;animation&quot;:&quot;fadeIn&quot;}\">\n\t\t\t\t\t\t\t<div class=\"elementor-background-overlay\"><\/div>\n\t\t\t\t\t\t\t<div class=\"elementor-container elementor-column-gap-default\">\n\t\t\t\t\t<div class=\"elementor-column elementor-col-100 elementor-top-column elementor-element elementor-element-3112ee69\" data-id=\"3112ee69\" data-element_type=\"column\" data-e-type=\"column\">\n\t\t\t<div class=\"elementor-widget-wrap elementor-element-populated\">\n\t\t\t\t\t\t<div class=\"elementor-element elementor-element-6400f3f9 elementor-icon-list--layout-inline elementor-list-item-link-inline elementor-align-center elementor-mobile-align-center elementor-invisible elementor-widget elementor-widget-icon-list\" data-id=\"6400f3f9\" data-element_type=\"widget\" data-e-type=\"widget\" data-settings=\"{&quot;_animation&quot;:&quot;fadeInUp&quot;}\" data-widget_type=\"icon-list.default\">\n\t\t\t\t\t\t\t<ul class=\"elementor-icon-list-items elementor-inline-items\">\n\t\t\t\t\t\t\t<li class=\"elementor-icon-list-item elementor-inline-item\">\n\t\t\t\t\t\t\t\t\t\t\t<span class=\"elementor-icon-list-icon\">\n\t\t\t\t\t\t\t<i aria-hidden=\"true\" class=\"icon icon-safety\"><\/i>\t\t\t\t\t\t<\/span>\n\t\t\t\t\t\t\t\t\t\t<span class=\"elementor-icon-list-text\">proje<\/span>\n\t\t\t\t\t\t\t\t\t<\/li>\n\t\t\t\t\t\t<\/ul>\n\t\t\t\t\t\t<\/div>\n\t\t\t\t<div class=\"elementor-element elementor-element-60dd54a9 elementor-invisible elementor-widget elementor-widget-heading\" data-id=\"60dd54a9\" data-element_type=\"widget\" data-e-type=\"widget\" data-settings=\"{&quot;_animation&quot;:&quot;fadeInUp&quot;}\" data-widget_type=\"heading.default\">\n\t\t\t\t\t<h1 class=\"elementor-heading-title elementor-size-default\">Shidao Bay N\u00fckleer G\u00fc\u00e7 Santrali<\/h1>\t\t\t\t<\/div>\n\t\t\t\t<div class=\"elementor-element elementor-element-1de6a4e5 elementor-widget__width-initial elementor-invisible elementor-widget elementor-widget-text-editor\" data-id=\"1de6a4e5\" data-element_type=\"widget\" data-e-type=\"widget\" data-settings=\"{&quot;_animation&quot;:&quot;fadeInUp&quot;}\" data-widget_type=\"text-editor.default\">\n\t\t\t\t\t\t\t\t\t<p>Ecocrete\u2122 PP Monofilament Fiber ile k\u00fctle ve yap\u0131sal betonlar i\u00e7in \u00e7atlak kontrol\u00fc<\/p>\t\t\t\t\t\t\t\t<\/div>\n\t\t\t\t\t<\/div>\n\t\t<\/div>\n\t\t\t\t\t<\/div>\n\t\t<\/section>\n\t\t\t\t<section class=\"elementor-section elementor-top-section elementor-element elementor-element-5000161d elementor-section-boxed elementor-section-height-default elementor-section-height-default\" data-id=\"5000161d\" data-element_type=\"section\" data-e-type=\"section\">\n\t\t\t\t\t\t<div class=\"elementor-container elementor-column-gap-default\">\n\t\t\t\t\t<div class=\"elementor-column elementor-col-50 elementor-top-column elementor-element elementor-element-26123f6b\" data-id=\"26123f6b\" data-element_type=\"column\" data-e-type=\"column\">\n\t\t\t<div class=\"elementor-widget-wrap elementor-element-populated\">\n\t\t\t\t\t\t<div class=\"elementor-element elementor-element-2128813b elementor-invisible elementor-widget elementor-widget-image\" data-id=\"2128813b\" data-element_type=\"widget\" data-e-type=\"widget\" data-settings=\"{&quot;_animation&quot;:&quot;fadeInUp&quot;}\" data-widget_type=\"image.default\">\n\t\t\t\t\t\t\t\t\t\t\t\t\t\t\t<img fetchpriority=\"high\" decoding=\"async\" width=\"2560\" height=\"1705\" src=\"https:\/\/ecocretefiber.com\/wp-content\/uploads\/2025\/10\/futuristic-view-inside-of-cooling-tower-of-unfinis-2025-01-08-06-08-00-utc-scaled.jpg\" class=\"attachment-full size-full wp-image-519\" alt=\"\u0130n\u015faat halindeki bir so\u011futma kulesinin iskele ve beton kolonlarla i\u00e7ten g\u00f6r\u00fcn\u00fcm\u00fc\" srcset=\"https:\/\/ecocretefiber.com\/wp-content\/uploads\/2025\/10\/futuristic-view-inside-of-cooling-tower-of-unfinis-2025-01-08-06-08-00-utc-scaled.jpg 2560w, https:\/\/ecocretefiber.com\/wp-content\/uploads\/2025\/10\/futuristic-view-inside-of-cooling-tower-of-unfinis-2025-01-08-06-08-00-utc-300x200.jpg 300w, https:\/\/ecocretefiber.com\/wp-content\/uploads\/2025\/10\/futuristic-view-inside-of-cooling-tower-of-unfinis-2025-01-08-06-08-00-utc-1024x682.jpg 1024w, https:\/\/ecocretefiber.com\/wp-content\/uploads\/2025\/10\/futuristic-view-inside-of-cooling-tower-of-unfinis-2025-01-08-06-08-00-utc-768x512.jpg 768w, https:\/\/ecocretefiber.com\/wp-content\/uploads\/2025\/10\/futuristic-view-inside-of-cooling-tower-of-unfinis-2025-01-08-06-08-00-utc-1536x1023.jpg 1536w, https:\/\/ecocretefiber.com\/wp-content\/uploads\/2025\/10\/futuristic-view-inside-of-cooling-tower-of-unfinis-2025-01-08-06-08-00-utc-2048x1364.jpg 2048w\" sizes=\"(max-width: 2560px) 100vw, 2560px\" \/>\t\t\t\t\t\t\t\t\t\t\t\t\t\t\t<\/div>\n\t\t\t\t<div class=\"elementor-element elementor-element-12a636f3 elementor-invisible elementor-widget elementor-widget-heading\" data-id=\"12a636f3\" data-element_type=\"widget\" data-e-type=\"widget\" data-settings=\"{&quot;_animation&quot;:&quot;fadeInUp&quot;}\" data-widget_type=\"heading.default\">\n\t\t\t\t\t<h2 class=\"elementor-heading-title elementor-size-default\">Zorluklar ve \u00c7\u00f6z\u00fcmler<\/h2>\t\t\t\t<\/div>\n\t\t\t\t<div class=\"elementor-element elementor-element-36c7b028 elementor-invisible elementor-widget elementor-widget-text-editor\" data-id=\"36c7b028\" data-element_type=\"widget\" data-e-type=\"widget\" data-settings=\"{&quot;_animation&quot;:&quot;fadeInUp&quot;}\" data-widget_type=\"text-editor.default\">\n\t\t\t\t\t\t\t\t\t<h3><strong>B\u00fcy\u00fck D\u00f6k\u00fcmler, S\u0131k\u0131\u015f\u0131k \u0130n\u015faat Demiri, K\u0131y\u0131ya Maruz Kalma - Y\u00f6netilen<\/strong><\/h3><p>K\u00fctle\/raft d\u00f6k\u00fcmlerinde erken ya\u015fta \u00e7atlama: PP monofilamentler, termal gradyanlar geli\u015ftik\u00e7e plastik b\u00fcz\u00fclmeyi s\u0131n\u0131rlayan ve \u00e7atlak geni\u015fliklerini dar tutmaya yard\u0131mc\u0131 olan bir 3D a\u011f olu\u015fturur.<\/p><p>Penetrasyonlar ve kenarlar: Eklenen \u00e7atlak sonras\u0131 tokluk, d\u00f6k\u00fclmeleri ve kozmetik yamalar\u0131 azaltmak i\u00e7in man\u015fonlar\u0131n, g\u00f6mmelerin, ankraj ceplerinin ve testere kesimlerinin etraf\u0131ndaki arrisleri destekler.<\/p><p>K\u0131y\u0131 ortam\u0131: Polipropilen korozif de\u011fildir ve klor\u00fcrlere\/alkalilere kar\u015f\u0131 diren\u00e7lidir, metalik mikro takviyeye kar\u015f\u0131 uzun s\u00fcreli dayan\u0131kl\u0131l\u0131\u011f\u0131 destekler.<\/p><p>Yerle\u015ftirme verimlili\u011fi: Elyaflar merkezi kar\u0131\u015f\u0131mda veya yerinde harmanlamada h\u0131zla da\u011f\u0131l\u0131r, pompa dostudur ve tutarl\u0131 doku ve derz kalitesi i\u00e7in y\u00fczeylerin stabilize edilmesine yard\u0131mc\u0131 olur.<\/p>\t\t\t\t\t\t\t\t<\/div>\n\t\t\t\t<div class=\"elementor-element elementor-element-47cb1168 elementor-arrows-position-inside elementor-pagination-position-outside elementor-invisible elementor-widget elementor-widget-image-carousel\" data-id=\"47cb1168\" data-element_type=\"widget\" data-e-type=\"widget\" data-settings=\"{&quot;slides_to_show&quot;:&quot;1&quot;,&quot;slides_to_show_tablet&quot;:&quot;2&quot;,&quot;slides_to_show_mobile&quot;:&quot;1&quot;,&quot;_animation_mobile&quot;:&quot;fadeInUp&quot;,&quot;_animation&quot;:&quot;fadeInUp&quot;,&quot;navigation&quot;:&quot;both&quot;,&quot;autoplay&quot;:&quot;yes&quot;,&quot;pause_on_hover&quot;:&quot;yes&quot;,&quot;pause_on_interaction&quot;:&quot;yes&quot;,&quot;autoplay_speed&quot;:5000,&quot;infinite&quot;:&quot;yes&quot;,&quot;effect&quot;:&quot;slide&quot;,&quot;speed&quot;:500}\" data-widget_type=\"image-carousel.default\">\n\t\t\t\t\t\t\t<div class=\"elementor-image-carousel-wrapper swiper\" role=\"region\" aria-roledescription=\"carousel\" aria-label=\"\u56fe\u50cf\u8f6e\u64ad\" dir=\"ltr\">\n\t\t\t<div class=\"elementor-image-carousel swiper-wrapper\" aria-live=\"off\">\n\t\t\t\t\t\t\t\t<div class=\"swiper-slide\" role=\"group\" aria-roledescription=\"slide\" aria-label=\"1\uc758 4\" data-no-translation-aria-label=\"\"><figure class=\"swiper-slide-inner\"><img decoding=\"async\" class=\"swiper-slide-image\" src=\"https:\/\/ecocretefiber.com\/wp-content\/uploads\/2025\/10\/\u6444\u56fe\u7f51_501405437_\u5c71\u4e1c\u5a01\u6d77\u77f3\u5c9b\u6e7e\u975e\u4f01\u4e1a\u5546\u7528-scaled.jpg\" alt=\"N\u00fckleer santral sahas\u0131 yak\u0131n\u0131ndaki Shidao K\u00f6rfezi k\u0131y\u0131 \u015feridinin havadan g\u00f6r\u00fcn\u00fcm\u00fc\" \/><\/figure><\/div><div class=\"swiper-slide\" role=\"group\" aria-roledescription=\"slide\" aria-label=\"2\uc758 4\" data-no-translation-aria-label=\"\"><figure class=\"swiper-slide-inner\"><img decoding=\"async\" class=\"swiper-slide-image\" src=\"https:\/\/ecocretefiber.com\/wp-content\/uploads\/2025\/10\/oil-and-gas-refinery-plant-form-industry-zone-aer-2025-01-08-23-13-15-utc-scaled.jpg\" alt=\"Giri\u015f ve \u00e7\u0131k\u0131\u015f kanallar\u0131 ile k\u0131y\u0131 enerji \/ hizmet kompleksi\" \/><\/figure><\/div><div class=\"swiper-slide\" role=\"group\" aria-roledescription=\"slide\" aria-label=\"3\uc758 4\" data-no-translation-aria-label=\"\"><figure class=\"swiper-slide-inner\"><img decoding=\"async\" class=\"swiper-slide-image\" src=\"https:\/\/ecocretefiber.com\/wp-content\/uploads\/2025\/10\/heavy-industrial-coal-power-electricity-plant-with-2024-12-08-01-05-49-utc-scaled.jpg\" alt=\"Depolama sahalar\u0131 ve yard\u0131mc\u0131 binalar\u0131 ile end\u00fcstriyel enerji santrali kompleksi\" \/><\/figure><\/div><div class=\"swiper-slide\" role=\"group\" aria-roledescription=\"slide\" aria-label=\"4\uc758 4\" data-no-translation-aria-label=\"\"><figure class=\"swiper-slide-inner\"><img decoding=\"async\" class=\"swiper-slide-image\" src=\"https:\/\/ecocretefiber.com\/wp-content\/uploads\/2025\/10\/solar-power-in-the-desert-2025-02-22-15-05-34-utc-scaled.jpg\" alt=\"Dayan\u0131kl\u0131 beton gereksinimlerini g\u00f6steren enerji altyap\u0131s\u0131 manzaras\u0131\" \/><\/figure><\/div>\t\t\t<\/div>\n\t\t\t\t\t\t\t\t\t\t\t\t<div class=\"elementor-swiper-button elementor-swiper-button-prev\" role=\"button\" tabindex=\"0\">\n\t\t\t\t\t\t<svg aria-hidden=\"true\" class=\"e-font-icon-svg e-eicon-chevron-left\" viewbox=\"0 0 1000 1000\" xmlns=\"http:\/\/www.w3.org\/2000\/svg\"><path d=\"M646 125C629 125 613 133 604 142L308 442C296 454 292 471 292 487 292 504 296 521 308 533L604 854C617 867 629 875 646 875 663 875 679 871 692 858 704 846 713 829 713 812 713 796 708 779 692 767L438 487 692 225C700 217 708 204 708 187 708 171 704 154 692 142 675 129 663 125 646 125Z\"><\/path><\/svg>\t\t\t\t\t<\/div>\n\t\t\t\t\t<div class=\"elementor-swiper-button elementor-swiper-button-next\" role=\"button\" tabindex=\"0\">\n\t\t\t\t\t\t<svg aria-hidden=\"true\" class=\"e-font-icon-svg e-eicon-chevron-right\" viewbox=\"0 0 1000 1000\" xmlns=\"http:\/\/www.w3.org\/2000\/svg\"><path d=\"M696 533C708 521 713 504 713 487 713 471 708 454 696 446L400 146C388 133 375 125 354 125 338 125 325 129 313 142 300 154 292 171 292 187 292 204 296 221 308 233L563 492 304 771C292 783 288 800 288 817 288 833 296 850 308 863 321 871 338 875 354 875 371 875 388 867 400 854L696 533Z\"><\/path><\/svg>\t\t\t\t\t<\/div>\n\t\t\t\t\n\t\t\t\t\t\t\t\t\t<div class=\"swiper-pagination\"><\/div>\n\t\t\t\t\t\t\t\t\t<\/div>\n\t\t\t\t\t\t<\/div>\n\t\t\t\t<div class=\"elementor-element elementor-element-08c6484 elementor-invisible elementor-widget elementor-widget-text-editor\" data-id=\"08c6484\" data-element_type=\"widget\" data-e-type=\"widget\" data-settings=\"{&quot;_animation&quot;:&quot;fadeInUp&quot;}\" data-widget_type=\"text-editor.default\">\n\t\t\t\t\t\t\t\t\t<h3><strong>Daha S\u0131k\u0131 \u00c7atlaklar, Daha Temiz Ba\u011flant\u0131lar, Daha Az Yeniden \u0130\u015fleme<\/strong><\/h3><p>Ekipler, a\u00e7\u0131kta kalan d\u00f6\u015feme ve \u00fcst kaplamalarda plastik b\u00fcz\u00fclme \u00e7atlamas\u0131n\u0131n daha iyi kontrol edildi\u011fini, derz kenarlar\u0131n\u0131n daha keskin oldu\u011funu ve ge\u00e7i\u015fler ve in\u015faat derzleri etraf\u0131nda daha az k\u00fc\u00e7\u00fck alan onar\u0131m\u0131 yap\u0131ld\u0131\u011f\u0131n\u0131 bildirmi\u015ftir. Elyaf modifiyeli kar\u0131\u015f\u0131mlar, kritik beton varl\u0131klarda program g\u00fcvenilirli\u011fini ve daha d\u00fc\u015f\u00fck ya\u015fam d\u00f6ng\u00fcs\u00fc bak\u0131m\u0131n\u0131 destekler.<\/p>\t\t\t\t\t\t\t\t<\/div>\n\t\t\t\t\t<\/div>\n\t\t<\/div>\n\t\t\t\t<div class=\"elementor-column elementor-col-50 elementor-top-column elementor-element elementor-element-108741a2\" data-id=\"108741a2\" data-element_type=\"column\" data-e-type=\"column\">\n\t\t\t<div class=\"elementor-widget-wrap elementor-element-populated\">\n\t\t\t\t\t\t<div class=\"elementor-element elementor-element-71636037 elementor-invisible elementor-widget elementor-widget-heading\" data-id=\"71636037\" data-element_type=\"widget\" data-e-type=\"widget\" data-settings=\"{&quot;_animation&quot;:&quot;fadeInUp&quot;}\" data-widget_type=\"heading.default\">\n\t\t\t\t\t<h2 class=\"elementor-heading-title elementor-size-default\">Projeye Genel Bak\u0131\u015f<\/h2>\t\t\t\t<\/div>\n\t\t\t\t<div class=\"elementor-element elementor-element-5d4e0728 elementor-invisible elementor-widget elementor-widget-text-editor\" data-id=\"5d4e0728\" data-element_type=\"widget\" data-e-type=\"widget\" data-settings=\"{&quot;_animation&quot;:&quot;fadeInUp&quot;}\" data-widget_type=\"text-editor.default\">\n\t\t\t\t\t\t\t\t\t<p><strong>G\u00fcvenlik A\u00e7\u0131s\u0131ndan Kritik G\u00fcvenilirlik i\u00e7in Fiberle G\u00fc\u00e7lendirilmi\u015f BetonK\u00fctlesel D\u00f6k\u00fcmler, S\u0131k\u0131\u015f\u0131k \u0130n\u015faat Demiri, K\u0131y\u0131ya Maruz Kalma - Y\u00f6netilen<\/strong><b><\/b><\/p><p>Shidao K\u00f6rfezi'nde, temel in\u015faat i\u015fleri -temeller, yard\u0131mc\u0131 binalar, so\u011futma suyu yap\u0131lar\u0131 ve a\u011f\u0131r hizmet kaplamalar\u0131- s\u0131k\u0131 \u00e7atlak kontrol\u00fc, stabil y\u00fczeyler ve uzun hizmet \u00f6mr\u00fc gerektirmektedir. Yo\u011fun, d\u00fc\u015f\u00fck w\/c kar\u0131\u015f\u0131mlarda plastik b\u00fcz\u00fclmesini ve erken mikro \u00e7atlamalar\u0131 azaltmaya yard\u0131mc\u0131 olmak i\u00e7in projede Ecocrete\u2122 Polipropilen Monofilament Elyaf kullan\u0131lm\u0131\u015ft\u0131r. D\u00fczg\u00fcn bir \u015fekilde da\u011f\u0131lm\u0131\u015f mikro fiberler, ba\u015flang\u0131\u00e7taki mikro \u00e7atlaklar\u0131 k\u00f6pr\u00fcler, derzlerde ve penetrasyonlarda y\u00fczey b\u00fct\u00fcnl\u00fc\u011f\u00fcn\u00fc iyile\u015ftirir ve in\u015faat ve bak\u0131m trafi\u011fi i\u00e7in a\u015f\u0131nma \/ darbe direnci ekler.<\/p>\t\t\t\t\t\t\t\t<\/div>\n\t\t\t\t<div class=\"elementor-element elementor-element-26d8de8b elementor-widget-mobile__width-inherit elementor-icon-list--layout-traditional elementor-list-item-link-full_width elementor-invisible elementor-widget elementor-widget-icon-list\" data-id=\"26d8de8b\" data-element_type=\"widget\" data-e-type=\"widget\" data-settings=\"{&quot;_animation&quot;:&quot;fadeInUp&quot;}\" data-widget_type=\"icon-list.default\">\n\t\t\t\t\t\t\t<ul class=\"elementor-icon-list-items\">\n\t\t\t\t\t\t\t<li class=\"elementor-icon-list-item\">\n\t\t\t\t\t\t\t\t\t\t\t<span class=\"elementor-icon-list-icon\">\n\t\t\t\t\t\t\t<i aria-hidden=\"true\" class=\"icon icon-apartment1\"><\/i>\t\t\t\t\t\t<\/span>\n\t\t\t\t\t\t\t\t\t\t<span class=\"elementor-icon-list-text\">Uygulama: temel ve radye d\u00f6k\u00fcmleri, yard\u0131mc\u0131 binalar, giri\u015f\/\u00e7\u0131k\u0131\u015f yap\u0131lar\u0131, koruyucu kaplamalar, a\u011f\u0131r hizmet kaplamalar\u0131<\/span>\n\t\t\t\t\t\t\t\t\t<\/li>\n\t\t\t\t\t\t\t\t<li class=\"elementor-icon-list-item\">\n\t\t\t\t\t\t\t\t\t\t\t<span class=\"elementor-icon-list-icon\">\n\t\t\t\t\t\t\t<i aria-hidden=\"true\" class=\"icon icon-calendar3\"><\/i>\t\t\t\t\t\t<\/span>\n\t\t\t\t\t\t\t\t\t\t<span class=\"elementor-icon-list-text\">Elyaf tipi: Ecocrete\u2122 PP Monofilament Elyaf (tipik uzunluklar 6-12 mm)<\/span>\n\t\t\t\t\t\t\t\t\t<\/li>\n\t\t\t\t\t\t\t\t<li class=\"elementor-icon-list-item\">\n\t\t\t\t\t\t\t\t\t\t\t<span class=\"elementor-icon-list-icon\">\n\t\t\t\t\t\t\t<i aria-hidden=\"true\" class=\"icon icon-user\"><\/i>\t\t\t\t\t\t<\/span>\n\t\t\t\t\t\t\t\t\t\t<span class=\"elementor-icon-list-text\">Tipik dozaj: 0,6-1,2 kg\/m\u00b3 (kar\u0131\u015f\u0131m tasar\u0131m\u0131na, yerle\u015ftirme y\u00f6ntemine ve iklime g\u00f6re optimize edin)<\/span>\n\t\t\t\t\t\t\t\t\t<\/li>\n\t\t\t\t\t\t\t\t<li class=\"elementor-icon-list-item\">\n\t\t\t\t\t\t\t\t\t\t\t<span class=\"elementor-icon-list-icon\">\n\t\t\t\t\t\t\t<i aria-hidden=\"true\" class=\"icon icon-map-marker1\"><\/i>\t\t\t\t\t\t<\/span>\n\t\t\t\t\t\t\t\t\t\t<span class=\"elementor-icon-list-text\">Faydalar\u0131: plastik b\u00fcz\u00fclme \u00e7atlak kontrol\u00fc, daha dar \u00e7atlak geni\u015flikleri, daha temiz arrisler, korozif olmayan ve kimyasal olarak inert<\/span>\n\t\t\t\t\t\t\t\t\t<\/li>\n\t\t\t\t\t\t<\/ul>\n\t\t\t\t\t\t<\/div>\n\t\t\t\t<div class=\"elementor-element elementor-element-b951669 elementor-widget elementor-widget-button\" data-id=\"b951669\" data-element_type=\"widget\" data-e-type=\"widget\" data-widget_type=\"button.default\">\n\t\t\t\t\t\t\t\t\t\t<a class=\"elementor-button elementor-button-link elementor-size-sm\" href=\"#\">\n\t\t\t\t\t\t<span class=\"elementor-button-content-wrapper\">\n\t\t\t\t\t\t\t\t\t<span class=\"elementor-button-text\">\u0130leti\u015fim<\/span>\n\t\t\t\t\t<\/span>\n\t\t\t\t\t<\/a>\n\t\t\t\t\t\t\t\t<\/div>\n\t\t\t\t\t<\/div>\n\t\t<\/div>\n\t\t\t\t\t<\/div>\n\t\t<\/section>\n\t\t\t\t<\/div>","protected":false},"excerpt":{"rendered":"<p>project Shidao Bay Nuclear Power Plant Crack control for mass and structural concretes with Ecocrete\u2122 PP Monofilament Fiber Challenges &amp; Solution Massive Pours, Congested Rebar, Coastal Exposure \u2014 Managed Early-age cracking in mass\/raft pours: PP monofilaments form a 3D network that limits plastic shrinkage as thermal gradients develop, helping keep crack widths tight. Penetrations &amp; [&hellip;]<\/p>","protected":false},"author":2,"featured_media":0,"parent":108,"menu_order":0,"comment_status":"closed","ping_status":"closed","template":"elementor_header_footer","meta":{"footnotes":""},"class_list":["post-466","page","type-page","status-publish","hentry"],"_links":{"self":[{"href":"https:\/\/ecocretefiber.com\/tr\/wp-json\/wp\/v2\/pages\/466","targetHints":{"allow":["GET"]}}],"collection":[{"href":"https:\/\/ecocretefiber.com\/tr\/wp-json\/wp\/v2\/pages"}],"about":[{"href":"https:\/\/ecocretefiber.com\/tr\/wp-json\/wp\/v2\/types\/page"}],"author":[{"embeddable":true,"href":"https:\/\/ecocretefiber.com\/tr\/wp-json\/wp\/v2\/users\/2"}],"replies":[{"embeddable":true,"href":"https:\/\/ecocretefiber.com\/tr\/wp-json\/wp\/v2\/comments?post=466"}],"version-history":[{"count":12,"href":"https:\/\/ecocretefiber.com\/tr\/wp-json\/wp\/v2\/pages\/466\/revisions"}],"predecessor-version":[{"id":1618,"href":"https:\/\/ecocretefiber.com\/tr\/wp-json\/wp\/v2\/pages\/466\/revisions\/1618"}],"up":[{"embeddable":true,"href":"https:\/\/ecocretefiber.com\/tr\/wp-json\/wp\/v2\/pages\/108"}],"wp:attachment":[{"href":"https:\/\/ecocretefiber.com\/tr\/wp-json\/wp\/v2\/media?parent=466"}],"curies":[{"name":"wp","href":"https:\/\/api.w.org\/{rel}","templated":true}]}}