{"id":468,"date":"2025-10-04T12:59:54","date_gmt":"2025-10-04T12:59:54","guid":{"rendered":"https:\/\/ecocretefiber.com\/?page_id=468"},"modified":"2025-10-28T13:49:42","modified_gmt":"2025-10-28T13:49:42","slug":"qian-cao-otoyol-projesi%cc%87","status":"publish","type":"page","link":"https:\/\/ecocretefiber.com\/tr\/projeler\/qian-cao-otoyol-projesi%cc%87\/","title":{"rendered":"Qian-Cao Expressway project"},"content":{"rendered":"<div data-elementor-type=\"wp-page\" data-elementor-id=\"468\" class=\"elementor elementor-468\" data-elementor-post-type=\"page\">\n\t\t\t\t\t\t<section class=\"elementor-section elementor-top-section elementor-element elementor-element-1d68fafc elementor-reverse-mobile elementor-section-boxed elementor-section-height-default elementor-section-height-default elementor-invisible\" data-id=\"1d68fafc\" data-element_type=\"section\" data-e-type=\"section\" data-settings=\"{&quot;background_background&quot;:&quot;classic&quot;,&quot;animation&quot;:&quot;fadeIn&quot;}\">\n\t\t\t\t\t\t\t<div class=\"elementor-background-overlay\"><\/div>\n\t\t\t\t\t\t\t<div class=\"elementor-container elementor-column-gap-default\">\n\t\t\t\t\t<div class=\"elementor-column elementor-col-100 elementor-top-column elementor-element elementor-element-3112ee69\" data-id=\"3112ee69\" data-element_type=\"column\" data-e-type=\"column\">\n\t\t\t<div class=\"elementor-widget-wrap elementor-element-populated\">\n\t\t\t\t\t\t<div class=\"elementor-element elementor-element-6400f3f9 elementor-icon-list--layout-inline elementor-list-item-link-inline elementor-align-center elementor-mobile-align-center elementor-invisible elementor-widget elementor-widget-icon-list\" data-id=\"6400f3f9\" data-element_type=\"widget\" data-e-type=\"widget\" data-settings=\"{&quot;_animation&quot;:&quot;fadeInUp&quot;}\" data-widget_type=\"icon-list.default\">\n\t\t\t\t\t\t\t<ul class=\"elementor-icon-list-items elementor-inline-items\">\n\t\t\t\t\t\t\t<li class=\"elementor-icon-list-item elementor-inline-item\">\n\t\t\t\t\t\t\t\t\t\t\t<span class=\"elementor-icon-list-icon\">\n\t\t\t\t\t\t\t<i aria-hidden=\"true\" class=\"icon icon-safety\"><\/i>\t\t\t\t\t\t<\/span>\n\t\t\t\t\t\t\t\t\t\t<span class=\"elementor-icon-list-text\">proje<\/span>\n\t\t\t\t\t\t\t\t\t<\/li>\n\t\t\t\t\t\t<\/ul>\n\t\t\t\t\t\t<\/div>\n\t\t\t\t<div class=\"elementor-element elementor-element-60dd54a9 elementor-invisible elementor-widget elementor-widget-heading\" data-id=\"60dd54a9\" data-element_type=\"widget\" data-e-type=\"widget\" data-settings=\"{&quot;_animation&quot;:&quot;fadeInUp&quot;}\" data-widget_type=\"heading.default\">\n\t\t\t\t\t<h1 class=\"elementor-heading-title elementor-size-default\">Qian'an-Caofeidian Otoyolu\n<\/h1>\t\t\t\t<\/div>\n\t\t\t\t<div class=\"elementor-element elementor-element-1de6a4e5 elementor-widget__width-initial elementor-invisible elementor-widget elementor-widget-text-editor\" data-id=\"1de6a4e5\" data-element_type=\"widget\" data-e-type=\"widget\" data-settings=\"{&quot;_animation&quot;:&quot;fadeInUp&quot;}\" data-widget_type=\"text-editor.default\">\n\t\t\t\t\t\t\t\t\t<p>Alt ba\u015fl\u0131k: Ecocrete\u2122 PP Monofilament Fiber ile g\u00fc\u00e7lendirilmi\u015f kaplamalar ve k\u00f6pr\u00fc tabliyeleri<\/p>\t\t\t\t\t\t\t\t<\/div>\n\t\t\t\t\t<\/div>\n\t\t<\/div>\n\t\t\t\t\t<\/div>\n\t\t<\/section>\n\t\t\t\t<section class=\"elementor-section elementor-top-section elementor-element elementor-element-5000161d elementor-section-boxed elementor-section-height-default elementor-section-height-default\" data-id=\"5000161d\" data-element_type=\"section\" data-e-type=\"section\">\n\t\t\t\t\t\t<div class=\"elementor-container elementor-column-gap-default\">\n\t\t\t\t\t<div class=\"elementor-column elementor-col-50 elementor-top-column elementor-element elementor-element-26123f6b\" data-id=\"26123f6b\" data-element_type=\"column\" data-e-type=\"column\">\n\t\t\t<div class=\"elementor-widget-wrap elementor-element-populated\">\n\t\t\t\t\t\t<div class=\"elementor-element elementor-element-2128813b elementor-invisible elementor-widget elementor-widget-image\" data-id=\"2128813b\" data-element_type=\"widget\" data-e-type=\"widget\" data-settings=\"{&quot;_animation&quot;:&quot;fadeInUp&quot;}\" data-widget_type=\"image.default\">\n\t\t\t\t\t\t\t\t\t\t\t\t\t\t\t<img fetchpriority=\"high\" decoding=\"async\" width=\"2560\" height=\"1705\" src=\"https:\/\/ecocretefiber.com\/wp-content\/uploads\/2025\/10\/aerial-view-of-high-speed-trains-in-rural-autumn-l-2025-01-29-05-31-41-utc-scaled.jpg\" class=\"attachment-full size-full wp-image-528\" alt=\"Otoyol koridoru boyunca k\u0131rsal alanlardan ge\u00e7en y\u00fckseltilmi\u015f viyad\u00fck\" srcset=\"https:\/\/ecocretefiber.com\/wp-content\/uploads\/2025\/10\/aerial-view-of-high-speed-trains-in-rural-autumn-l-2025-01-29-05-31-41-utc-scaled.jpg 2560w, https:\/\/ecocretefiber.com\/wp-content\/uploads\/2025\/10\/aerial-view-of-high-speed-trains-in-rural-autumn-l-2025-01-29-05-31-41-utc-300x200.jpg 300w, https:\/\/ecocretefiber.com\/wp-content\/uploads\/2025\/10\/aerial-view-of-high-speed-trains-in-rural-autumn-l-2025-01-29-05-31-41-utc-1024x682.jpg 1024w, https:\/\/ecocretefiber.com\/wp-content\/uploads\/2025\/10\/aerial-view-of-high-speed-trains-in-rural-autumn-l-2025-01-29-05-31-41-utc-768x512.jpg 768w, https:\/\/ecocretefiber.com\/wp-content\/uploads\/2025\/10\/aerial-view-of-high-speed-trains-in-rural-autumn-l-2025-01-29-05-31-41-utc-1536x1023.jpg 1536w, https:\/\/ecocretefiber.com\/wp-content\/uploads\/2025\/10\/aerial-view-of-high-speed-trains-in-rural-autumn-l-2025-01-29-05-31-41-utc-2048x1364.jpg 2048w\" sizes=\"(max-width: 2560px) 100vw, 2560px\" \/>\t\t\t\t\t\t\t\t\t\t\t\t\t\t\t<\/div>\n\t\t\t\t<div class=\"elementor-element elementor-element-12a636f3 elementor-invisible elementor-widget elementor-widget-heading\" data-id=\"12a636f3\" data-element_type=\"widget\" data-e-type=\"widget\" data-settings=\"{&quot;_animation&quot;:&quot;fadeInUp&quot;}\" data-widget_type=\"heading.default\">\n\t\t\t\t\t<h2 class=\"elementor-heading-title elementor-size-default\">Zorluklar ve \u00c7\u00f6z\u00fcmler<\/h2>\t\t\t\t<\/div>\n\t\t\t\t<div class=\"elementor-element elementor-element-36c7b028 elementor-invisible elementor-widget elementor-widget-text-editor\" data-id=\"36c7b028\" data-element_type=\"widget\" data-e-type=\"widget\" data-settings=\"{&quot;_animation&quot;:&quot;fadeInUp&quot;}\" data-widget_type=\"text-editor.default\">\n\t\t\t\t\t\t\t\t\t<h3><strong>H\u0131zl\u0131 Asfaltlama, A\u011f\u0131r Aks Y\u00fckleri, K\u0131y\u0131 \u0130klimi - Y\u00f6netilen<\/strong><\/h3>\n<p>S\u0131cak\/r\u00fczgarl\u0131 yerle\u015ftirmeler: PP monofilamentler, plastik b\u00fcz\u00fclmeyi s\u0131n\u0131rlayan ve h\u0131zl\u0131 asfaltlama g\u00fcnlerinde harita \u00e7atlamas\u0131n\u0131 azaltan bir 3D a\u011f olu\u015fturur.<\/p>\n<p>K\u00f6pr\u00fc tabliyesi ve derz dayan\u0131kl\u0131l\u0131\u011f\u0131: Eklenen \u00e7atlak sonras\u0131 tokluk, d\u00fcbellerin, genle\u015fme derzlerinin, drenajlar\u0131n ve ankrajlar\u0131n etraf\u0131ndaki kenarlar\u0131 korur - d\u00f6k\u00fclmeleri ve yamalar\u0131 keser.<\/p>\n<p>Y\u00fcksek trafik a\u015f\u0131nmas\u0131: Geli\u015ftirilmi\u015f darbe\/a\u015f\u0131nma direnci, plakalar\u0131n \u00fccretli ge\u00e7i\u015f b\u00f6lgelerine ve rampa e\u011frili\u011fi a\u015f\u0131nmas\u0131na dayanmas\u0131na yard\u0131mc\u0131 olur.<\/p>\n<p>K\u0131y\u0131 maruziyeti: Polipropilen a\u015f\u0131nd\u0131r\u0131c\u0131 de\u011fildir ve alkali\/kimyasal maddelere dayan\u0131kl\u0131d\u0131r, deniz ortamlar\u0131nda uzun s\u00fcreli performans\u0131 destekler.<\/p>\t\t\t\t\t\t\t\t<\/div>\n\t\t\t\t<div class=\"elementor-element elementor-element-47cb1168 elementor-arrows-position-inside elementor-pagination-position-outside elementor-invisible elementor-widget elementor-widget-image-carousel\" data-id=\"47cb1168\" data-element_type=\"widget\" data-e-type=\"widget\" data-settings=\"{&quot;slides_to_show&quot;:&quot;1&quot;,&quot;slides_to_show_tablet&quot;:&quot;2&quot;,&quot;slides_to_show_mobile&quot;:&quot;1&quot;,&quot;_animation_mobile&quot;:&quot;fadeInUp&quot;,&quot;_animation&quot;:&quot;fadeInUp&quot;,&quot;navigation&quot;:&quot;both&quot;,&quot;autoplay&quot;:&quot;yes&quot;,&quot;pause_on_hover&quot;:&quot;yes&quot;,&quot;pause_on_interaction&quot;:&quot;yes&quot;,&quot;autoplay_speed&quot;:5000,&quot;infinite&quot;:&quot;yes&quot;,&quot;effect&quot;:&quot;slide&quot;,&quot;speed&quot;:500}\" data-widget_type=\"image-carousel.default\">\n\t\t\t\t\t\t\t<div class=\"elementor-image-carousel-wrapper swiper\" role=\"region\" aria-roledescription=\"carousel\" aria-label=\"\u56fe\u50cf\u8f6e\u64ad\" dir=\"ltr\">\n\t\t\t<div class=\"elementor-image-carousel swiper-wrapper\" aria-live=\"off\">\n\t\t\t\t\t\t\t\t<div class=\"swiper-slide\" role=\"group\" aria-roledescription=\"slide\" aria-label=\"1 de 4\" data-no-translation-aria-label=\"\"><figure class=\"swiper-slide-inner\"><img decoding=\"async\" class=\"swiper-slide-image\" src=\"https:\/\/ecocretefiber.com\/wp-content\/uploads\/2025\/10\/the-empty-train-station-platfrom-public-transport-2025-01-27-04-05-13-utc-scaled.jpg\" alt=\"Temiz testere ile kesilmi\u015f derzlere sahip kapal\u0131 y\u00fcr\u00fcme yolu ve platform levhas\u0131\" \/><\/figure><\/div><div class=\"swiper-slide\" role=\"group\" aria-roledescription=\"slide\" aria-label=\"2 de 4\" data-no-translation-aria-label=\"\"><figure class=\"swiper-slide-inner\"><img decoding=\"async\" class=\"swiper-slide-image\" src=\"https:\/\/ecocretefiber.com\/wp-content\/uploads\/2025\/10\/roads-and-highways-in-dubai-united-arab-emirates-2025-02-17-15-48-45-utc-scaled.jpg\" alt=\"K\u00f6pr\u00fc tabliyeleri ve yakla\u015f\u0131m plakalar\u0131 ile \u00e7ok katl\u0131 otoyol kav\u015fa\u011f\u0131\" \/><\/figure><\/div><div class=\"swiper-slide\" role=\"group\" aria-roledescription=\"slide\" aria-label=\"3 de 4\" data-no-translation-aria-label=\"\"><figure class=\"swiper-slide-inner\"><img decoding=\"async\" class=\"swiper-slide-image\" src=\"https:\/\/ecocretefiber.com\/wp-content\/uploads\/2025\/10\/train-in-urban-train-station-2025-04-03-13-42-14-utc-scaled.jpg\" alt=\"D\u00f6\u015feme betonu \u00fczerinde parapet ve kenar detaylar\u0131n\u0131 g\u00f6steren kentsel istasyon platformu\" \/><\/figure><\/div><div class=\"swiper-slide\" role=\"group\" aria-roledescription=\"slide\" aria-label=\"4 de 4\" data-no-translation-aria-label=\"\"><figure class=\"swiper-slide-inner\"><img decoding=\"async\" class=\"swiper-slide-image\" src=\"https:\/\/ecocretefiber.com\/wp-content\/uploads\/2025\/10\/kenya-railways-corporation-mombasa-nairobi-standar-2024-10-21-11-57-10-utc-scaled.jpg\" alt=\"A\u011f\u0131r hizmet tipi tabliye ve rampa geometrisini g\u00f6steren y\u00fckseltilmi\u015f koridor ve dolgu\" \/><\/figure><\/div>\t\t\t<\/div>\n\t\t\t\t\t\t\t\t\t\t\t\t<div class=\"elementor-swiper-button elementor-swiper-button-prev\" role=\"button\" tabindex=\"0\">\n\t\t\t\t\t\t<svg aria-hidden=\"true\" class=\"e-font-icon-svg e-eicon-chevron-left\" viewbox=\"0 0 1000 1000\" xmlns=\"http:\/\/www.w3.org\/2000\/svg\"><path d=\"M646 125C629 125 613 133 604 142L308 442C296 454 292 471 292 487 292 504 296 521 308 533L604 854C617 867 629 875 646 875 663 875 679 871 692 858 704 846 713 829 713 812 713 796 708 779 692 767L438 487 692 225C700 217 708 204 708 187 708 171 704 154 692 142 675 129 663 125 646 125Z\"><\/path><\/svg>\t\t\t\t\t<\/div>\n\t\t\t\t\t<div class=\"elementor-swiper-button elementor-swiper-button-next\" role=\"button\" tabindex=\"0\">\n\t\t\t\t\t\t<svg aria-hidden=\"true\" class=\"e-font-icon-svg e-eicon-chevron-right\" viewbox=\"0 0 1000 1000\" xmlns=\"http:\/\/www.w3.org\/2000\/svg\"><path d=\"M696 533C708 521 713 504 713 487 713 471 708 454 696 446L400 146C388 133 375 125 354 125 338 125 325 129 313 142 300 154 292 171 292 187 292 204 296 221 308 233L563 492 304 771C292 783 288 800 288 817 288 833 296 850 308 863 321 871 338 875 354 875 371 875 388 867 400 854L696 533Z\"><\/path><\/svg>\t\t\t\t\t<\/div>\n\t\t\t\t\n\t\t\t\t\t\t\t\t\t<div class=\"swiper-pagination\"><\/div>\n\t\t\t\t\t\t\t\t\t<\/div>\n\t\t\t\t\t\t<\/div>\n\t\t\t\t<div class=\"elementor-element elementor-element-08c6484 elementor-invisible elementor-widget elementor-widget-text-editor\" data-id=\"08c6484\" data-element_type=\"widget\" data-e-type=\"widget\" data-settings=\"{&quot;_animation&quot;:&quot;fadeInUp&quot;}\" data-widget_type=\"text-editor.default\">\n\t\t\t\t\t\t\t\t\t<h3><strong>Daha S\u0131k\u0131 \u00c7atlaklar, Daha Temiz Eklemler, Daha D\u00fc\u015f\u00fck Ya\u015fam D\u00f6ng\u00fcs\u00fc Onar\u0131mlar\u0131<\/strong><\/h3>\n<p>Asfaltlama ekipleri s\u0131cak d\u00f6k\u00fcmlerde plastik \u00e7atlamalar\u0131n azald\u0131\u011f\u0131n\u0131, derz kenarlar\u0131n\u0131n daha keskin oldu\u011funu ve derz\/d\u00f6\u015feme yerlerinde ve parapet detaylar\u0131nda daha az k\u00fc\u00e7\u00fck alanl\u0131 onar\u0131m yap\u0131ld\u0131\u011f\u0131n\u0131 bildirmi\u015ftir. Elyaf modifiyeli kar\u0131\u015f\u0131mlar, y\u00fcksek y\u00fckl\u00fc otoyol kesimlerinde program g\u00fcvenilirli\u011fini ve daha az bak\u0131m\u0131 destekler.<\/p>\t\t\t\t\t\t\t\t<\/div>\n\t\t\t\t\t<\/div>\n\t\t<\/div>\n\t\t\t\t<div class=\"elementor-column elementor-col-50 elementor-top-column elementor-element elementor-element-108741a2\" data-id=\"108741a2\" data-element_type=\"column\" data-e-type=\"column\">\n\t\t\t<div class=\"elementor-widget-wrap elementor-element-populated\">\n\t\t\t\t\t\t<div class=\"elementor-element elementor-element-71636037 elementor-invisible elementor-widget elementor-widget-heading\" data-id=\"71636037\" data-element_type=\"widget\" data-e-type=\"widget\" data-settings=\"{&quot;_animation&quot;:&quot;fadeInUp&quot;}\" data-widget_type=\"heading.default\">\n\t\t\t\t\t<h2 class=\"elementor-heading-title elementor-size-default\">Projeye Genel Bak\u0131\u015f<\/h2>\t\t\t\t<\/div>\n\t\t\t\t<div class=\"elementor-element elementor-element-5d4e0728 elementor-invisible elementor-widget elementor-widget-text-editor\" data-id=\"5d4e0728\" data-element_type=\"widget\" data-e-type=\"widget\" data-settings=\"{&quot;_animation&quot;:&quot;fadeInUp&quot;}\" data-widget_type=\"text-editor.default\">\n\t\t\t\t\t\t\t\t\t<p><strong>A\u011f\u0131r Hizmet Tipi Karayolu Yap\u0131lar\u0131 i\u00e7in \u00c7atlamaya Dayan\u0131kl\u0131 Beton<\/strong><\/p><p>Qian-Cao Otoyolu, end\u00fcstriyel merkezleri ve k\u0131y\u0131 limanlar\u0131n\u0131 uzun viyad\u00fckler, kav\u015faklar ve gi\u015fe-plaza kaplamalar\u0131 ile birbirine ba\u011flamaktad\u0131r. Plastik b\u00fcz\u00fclmeyi s\u0131n\u0131rlamak ve ana hat kaplamas\u0131nda, k\u00f6pr\u00fc tabliyelerinde, parapetlerde ve yakla\u015f\u0131m plakalar\u0131nda y\u00fczey b\u00fct\u00fcnl\u00fc\u011f\u00fcn\u00fc iyile\u015ftirmek i\u00e7in y\u00fckleniciler Ecocrete\u2122 Polipropilen Monofilament Elyaf\u0131 benimsedi. D\u00fczg\u00fcn bir \u015fekilde da\u011f\u0131lm\u0131\u015f mikro fiberler, ba\u015flang\u0131\u00e7ta mikro \u00e7atlaklar\u0131 durdurmaya, derzlerde ve d\u00fcbellerde kenarlar\u0131 korumaya ve sabit trafik y\u00fckleri alt\u0131nda a\u015f\u0131nma \/ darbe direncini art\u0131rmaya yard\u0131mc\u0131 olur.<\/p>\t\t\t\t\t\t\t\t<\/div>\n\t\t\t\t<div class=\"elementor-element elementor-element-26d8de8b elementor-widget-mobile__width-inherit elementor-icon-list--layout-traditional elementor-list-item-link-full_width elementor-invisible elementor-widget elementor-widget-icon-list\" data-id=\"26d8de8b\" data-element_type=\"widget\" data-e-type=\"widget\" data-settings=\"{&quot;_animation&quot;:&quot;fadeInUp&quot;}\" data-widget_type=\"icon-list.default\">\n\t\t\t\t\t\t\t<ul class=\"elementor-icon-list-items\">\n\t\t\t\t\t\t\t<li class=\"elementor-icon-list-item\">\n\t\t\t\t\t\t\t\t\t\t\t<span class=\"elementor-icon-list-icon\">\n\t\t\t\t\t\t\t<i aria-hidden=\"true\" class=\"icon icon-apartment1\"><\/i>\t\t\t\t\t\t<\/span>\n\t\t\t\t\t\t\t\t\t\t<span class=\"elementor-icon-list-text\">Uygulama: ana hat ve rampa kaplamalar\u0131, k\u00f6pr\u00fc tabliyeleri\/parapetleri, yakla\u015f\u0131m d\u00f6\u015femeleri, gi\u015fe-plaza d\u00f6\u015femeleri, menfez \u00fcst duvarlar\u0131<\/span>\n\t\t\t\t\t\t\t\t\t<\/li>\n\t\t\t\t\t\t\t\t<li class=\"elementor-icon-list-item\">\n\t\t\t\t\t\t\t\t\t\t\t<span class=\"elementor-icon-list-icon\">\n\t\t\t\t\t\t\t<i aria-hidden=\"true\" class=\"icon icon-calendar3\"><\/i>\t\t\t\t\t\t<\/span>\n\t\t\t\t\t\t\t\t\t\t<span class=\"elementor-icon-list-text\">Elyaf tipi: Ecocrete\u2122 PP Monofilament Elyaf (tipik uzunluklar 6-12 mm)<\/span>\n\t\t\t\t\t\t\t\t\t<\/li>\n\t\t\t\t\t\t\t\t<li class=\"elementor-icon-list-item\">\n\t\t\t\t\t\t\t\t\t\t\t<span class=\"elementor-icon-list-icon\">\n\t\t\t\t\t\t\t<i aria-hidden=\"true\" class=\"icon icon-user\"><\/i>\t\t\t\t\t\t<\/span>\n\t\t\t\t\t\t\t\t\t\t<span class=\"elementor-icon-list-text\">Tipik dozaj: 0,6-1,2 kg\/m\u00b3 (kar\u0131\u015f\u0131m tasar\u0131m\u0131, iklim ve yerle\u015ftirmeye g\u00f6re ayarlan\u0131r)<\/span>\n\t\t\t\t\t\t\t\t\t<\/li>\n\t\t\t\t\t\t\t\t<li class=\"elementor-icon-list-item\">\n\t\t\t\t\t\t\t\t\t\t\t<span class=\"elementor-icon-list-icon\">\n\t\t\t\t\t\t\t<i aria-hidden=\"true\" class=\"icon icon-map-marker1\"><\/i>\t\t\t\t\t\t<\/span>\n\t\t\t\t\t\t\t\t\t\t<span class=\"elementor-icon-list-text\">Faydalar\u0131: plastik b\u00fcz\u00fclme \u00e7atlak kontrol\u00fc, daha dar \u00e7atlak geni\u015flikleri, daha temiz arrisler, korozif olmayan performans<\/span>\n\t\t\t\t\t\t\t\t\t<\/li>\n\t\t\t\t\t\t<\/ul>\n\t\t\t\t\t\t<\/div>\n\t\t\t\t<div class=\"elementor-element elementor-element-b951669 elementor-widget elementor-widget-button\" data-id=\"b951669\" data-element_type=\"widget\" data-e-type=\"widget\" data-widget_type=\"button.default\">\n\t\t\t\t\t\t\t\t\t\t<a class=\"elementor-button elementor-button-link elementor-size-sm\" href=\"#\">\n\t\t\t\t\t\t<span class=\"elementor-button-content-wrapper\">\n\t\t\t\t\t\t\t\t\t<span class=\"elementor-button-text\">\u0130leti\u015fim<\/span>\n\t\t\t\t\t<\/span>\n\t\t\t\t\t<\/a>\n\t\t\t\t\t\t\t\t<\/div>\n\t\t\t\t\t<\/div>\n\t\t<\/div>\n\t\t\t\t\t<\/div>\n\t\t<\/section>\n\t\t\t\t<\/div>","protected":false},"excerpt":{"rendered":"<p>project Qian\u2019an\u2013Caofeidian Expressway Subheading: Pavements &amp; bridge decks reinforced with Ecocrete\u2122 PP Monofilament Fiber Challenges &amp; Solution Fast Paving, Heavy Axle Loads, Coastal Climate \u2014 Managed Hot\/windy placements: PP monofilaments create a 3D network that limits plastic shrinkage, reducing map cracking on fast-track paving days. Bridge deck &amp; joint durability: Added post-crack toughness protects edges [&hellip;]<\/p>","protected":false},"author":2,"featured_media":0,"parent":108,"menu_order":0,"comment_status":"closed","ping_status":"closed","template":"elementor_header_footer","meta":{"footnotes":""},"class_list":["post-468","page","type-page","status-publish","hentry"],"_links":{"self":[{"href":"https:\/\/ecocretefiber.com\/tr\/wp-json\/wp\/v2\/pages\/468","targetHints":{"allow":["GET"]}}],"collection":[{"href":"https:\/\/ecocretefiber.com\/tr\/wp-json\/wp\/v2\/pages"}],"about":[{"href":"https:\/\/ecocretefiber.com\/tr\/wp-json\/wp\/v2\/types\/page"}],"author":[{"embeddable":true,"href":"https:\/\/ecocretefiber.com\/tr\/wp-json\/wp\/v2\/users\/2"}],"replies":[{"embeddable":true,"href":"https:\/\/ecocretefiber.com\/tr\/wp-json\/wp\/v2\/comments?post=468"}],"version-history":[{"count":9,"href":"https:\/\/ecocretefiber.com\/tr\/wp-json\/wp\/v2\/pages\/468\/revisions"}],"predecessor-version":[{"id":1583,"href":"https:\/\/ecocretefiber.com\/tr\/wp-json\/wp\/v2\/pages\/468\/revisions\/1583"}],"up":[{"embeddable":true,"href":"https:\/\/ecocretefiber.com\/tr\/wp-json\/wp\/v2\/pages\/108"}],"wp:attachment":[{"href":"https:\/\/ecocretefiber.com\/tr\/wp-json\/wp\/v2\/media?parent=468"}],"curies":[{"name":"wp","href":"https:\/\/api.w.org\/{rel}","templated":true}]}}