{"id":754,"date":"2025-10-07T03:13:37","date_gmt":"2025-10-07T03:13:37","guid":{"rendered":"https:\/\/ecocretefiber.com\/?page_id=754"},"modified":"2025-10-28T13:59:33","modified_gmt":"2025-10-28T13:59:33","slug":"fengxin-pompaj-depolamali","status":"publish","type":"page","link":"https:\/\/ecocretefiber.com\/tr\/projeler\/fengxin-pompaj-depolamali\/","title":{"rendered":"Fengxin pumped-storage"},"content":{"rendered":"<div data-elementor-type=\"wp-page\" data-elementor-id=\"754\" class=\"elementor elementor-754\" data-elementor-post-type=\"page\">\n\t\t\t\t\t\t<section class=\"elementor-section elementor-top-section elementor-element elementor-element-1d68fafc elementor-reverse-mobile elementor-section-boxed elementor-section-height-default elementor-section-height-default elementor-invisible\" data-id=\"1d68fafc\" data-element_type=\"section\" data-e-type=\"section\" data-settings=\"{&quot;background_background&quot;:&quot;classic&quot;,&quot;animation&quot;:&quot;fadeIn&quot;}\">\n\t\t\t\t\t\t\t<div class=\"elementor-background-overlay\"><\/div>\n\t\t\t\t\t\t\t<div class=\"elementor-container elementor-column-gap-default\">\n\t\t\t\t\t<div class=\"elementor-column elementor-col-100 elementor-top-column elementor-element elementor-element-3112ee69\" data-id=\"3112ee69\" data-element_type=\"column\" data-e-type=\"column\">\n\t\t\t<div class=\"elementor-widget-wrap elementor-element-populated\">\n\t\t\t\t\t\t<div class=\"elementor-element elementor-element-6400f3f9 elementor-icon-list--layout-inline elementor-list-item-link-inline elementor-align-center elementor-mobile-align-center elementor-invisible elementor-widget elementor-widget-icon-list\" data-id=\"6400f3f9\" data-element_type=\"widget\" data-e-type=\"widget\" data-settings=\"{&quot;_animation&quot;:&quot;fadeInUp&quot;}\" data-widget_type=\"icon-list.default\">\n\t\t\t\t\t\t\t<ul class=\"elementor-icon-list-items elementor-inline-items\">\n\t\t\t\t\t\t\t<li class=\"elementor-icon-list-item elementor-inline-item\">\n\t\t\t\t\t\t\t\t\t\t\t<span class=\"elementor-icon-list-icon\">\n\t\t\t\t\t\t\t<i aria-hidden=\"true\" class=\"icon icon-safety\"><\/i>\t\t\t\t\t\t<\/span>\n\t\t\t\t\t\t\t\t\t\t<span class=\"elementor-icon-list-text\">proje<\/span>\n\t\t\t\t\t\t\t\t\t<\/li>\n\t\t\t\t\t\t<\/ul>\n\t\t\t\t\t\t<\/div>\n\t\t\t\t<div class=\"elementor-element elementor-element-60dd54a9 elementor-invisible elementor-widget elementor-widget-heading\" data-id=\"60dd54a9\" data-element_type=\"widget\" data-e-type=\"widget\" data-settings=\"{&quot;_animation&quot;:&quot;fadeInUp&quot;}\" data-widget_type=\"heading.default\">\n\t\t\t\t\t<h1 class=\"elementor-heading-title elementor-size-default\">Fengxin Pompaj Depolamal\u0131 Elektrik Santrali<\/h1>\t\t\t\t<\/div>\n\t\t\t\t<div class=\"elementor-element elementor-element-1de6a4e5 elementor-widget__width-initial elementor-invisible elementor-widget elementor-widget-text-editor\" data-id=\"1de6a4e5\" data-element_type=\"widget\" data-e-type=\"widget\" data-settings=\"{&quot;_animation&quot;:&quot;fadeInUp&quot;}\" data-widget_type=\"text-editor.default\">\n\t\t\t\t\t\t\t\t\t<p>Ecocrete\u2122 PP Makro \u201c\u00c7elik Benzeri\u201d Elyaf ile \u00e7atlak kontrol\u00fc ve tokluk<\/p>\t\t\t\t\t\t\t\t<\/div>\n\t\t\t\t\t<\/div>\n\t\t<\/div>\n\t\t\t\t\t<\/div>\n\t\t<\/section>\n\t\t\t\t<section class=\"elementor-section elementor-top-section elementor-element elementor-element-5000161d elementor-section-boxed elementor-section-height-default elementor-section-height-default\" data-id=\"5000161d\" data-element_type=\"section\" data-e-type=\"section\">\n\t\t\t\t\t\t<div class=\"elementor-container elementor-column-gap-default\">\n\t\t\t\t\t<div class=\"elementor-column elementor-col-50 elementor-top-column elementor-element elementor-element-26123f6b\" data-id=\"26123f6b\" data-element_type=\"column\" data-e-type=\"column\">\n\t\t\t<div class=\"elementor-widget-wrap elementor-element-populated\">\n\t\t\t\t\t\t<div class=\"elementor-element elementor-element-2128813b elementor-invisible elementor-widget elementor-widget-image\" data-id=\"2128813b\" data-element_type=\"widget\" data-e-type=\"widget\" data-settings=\"{&quot;_animation&quot;:&quot;fadeInUp&quot;}\" data-widget_type=\"image.default\">\n\t\t\t\t\t\t\t\t\t\t\t\t\t\t\t<img fetchpriority=\"high\" decoding=\"async\" width=\"673\" height=\"431\" src=\"https:\/\/ecocretefiber.com\/wp-content\/uploads\/2025\/10\/08543283241959.png\" class=\"attachment-full size-full wp-image-757\" alt=\"Eri\u015fim yollar\u0131 ve drenaj \u00e7al\u0131\u015fmalar\u0131 ile \u00fcst rezervuar alan\u0131n\u0131n havadan g\u00f6r\u00fcn\u00fcm\u00fc\" srcset=\"https:\/\/ecocretefiber.com\/wp-content\/uploads\/2025\/10\/08543283241959.png 673w, https:\/\/ecocretefiber.com\/wp-content\/uploads\/2025\/10\/08543283241959-300x192.png 300w\" sizes=\"(max-width: 673px) 100vw, 673px\" \/>\t\t\t\t\t\t\t\t\t\t\t\t\t\t\t<\/div>\n\t\t\t\t<div class=\"elementor-element elementor-element-12a636f3 elementor-invisible elementor-widget elementor-widget-heading\" data-id=\"12a636f3\" data-element_type=\"widget\" data-e-type=\"widget\" data-settings=\"{&quot;_animation&quot;:&quot;fadeInUp&quot;}\" data-widget_type=\"heading.default\">\n\t\t\t\t\t<h2 class=\"elementor-heading-title elementor-size-default\">Zorluklar ve \u00c7\u00f6z\u00fcmler<\/h2>\t\t\t\t<\/div>\n\t\t\t\t<div class=\"elementor-element elementor-element-36c7b028 elementor-invisible elementor-widget elementor-widget-text-editor\" data-id=\"36c7b028\" data-element_type=\"widget\" data-e-type=\"widget\" data-settings=\"{&quot;_animation&quot;:&quot;fadeInUp&quot;}\" data-widget_type=\"text-editor.default\">\n\t\t\t\t\t\t\t\t\t<h3><strong>D\u00f6ng\u00fcsel Islak-Kuru, Termal Gradyanlar, A\u011f\u0131r Bak\u0131m Trafi\u011fi - Y\u00f6netilen<\/strong><\/h3><p>Su seviyesi d\u00f6ng\u00fcs\u00fc ve kurutma: Makro PP elyaflar, k\u0131s\u0131tlama ve s\u0131cakl\u0131k dalgalanmalar\u0131 nedeniyle olu\u015fan \u00e7atlak geni\u015fliklerini s\u0131n\u0131rlayarak y\u00fczeylerin s\u0131k\u0131 ve servis verilebilir kalmas\u0131na yard\u0131mc\u0131 olur.<\/p><p>Darbe ve a\u015f\u0131nma: Eklenen tokluk, su kaynakl\u0131 d\u00f6k\u00fcnt\u00fclerden ve tepe yolundaki ara\u00e7 trafi\u011finden kaynaklanan a\u015f\u0131nmaya kar\u015f\u0131 dayan\u0131kl\u0131d\u0131r.<\/p><p>Ankrajlar, drenajlar, derzler: Elyaflar drenaj \u00e7\u0131k\u0131\u015flar\u0131, ankraj cepleri ve derz detaylar\u0131 etraf\u0131ndaki arrisleri koruyarak d\u00f6k\u00fclmeleri ve yamalar\u0131 azalt\u0131r.<\/p><p>Korozyonsuz dayan\u0131kl\u0131l\u0131k: Polipropilen makro fiberler paslanmaz, \u00e7elik fiberlere k\u0131yasla doymu\u015f b\u00f6lgeler ve s\u0131\u00e7rama alanlar\u0131 i\u00e7in idealdir.<\/p>\t\t\t\t\t\t\t\t<\/div>\n\t\t\t\t<div class=\"elementor-element elementor-element-47cb1168 elementor-arrows-position-inside elementor-pagination-position-outside elementor-invisible elementor-widget elementor-widget-image-carousel\" data-id=\"47cb1168\" data-element_type=\"widget\" data-e-type=\"widget\" data-settings=\"{&quot;slides_to_show&quot;:&quot;1&quot;,&quot;slides_to_show_tablet&quot;:&quot;2&quot;,&quot;slides_to_show_mobile&quot;:&quot;1&quot;,&quot;_animation_mobile&quot;:&quot;fadeInUp&quot;,&quot;_animation&quot;:&quot;fadeInUp&quot;,&quot;navigation&quot;:&quot;both&quot;,&quot;autoplay&quot;:&quot;yes&quot;,&quot;pause_on_hover&quot;:&quot;yes&quot;,&quot;pause_on_interaction&quot;:&quot;yes&quot;,&quot;autoplay_speed&quot;:5000,&quot;infinite&quot;:&quot;yes&quot;,&quot;effect&quot;:&quot;slide&quot;,&quot;speed&quot;:500}\" data-widget_type=\"image-carousel.default\">\n\t\t\t\t\t\t\t<div class=\"elementor-image-carousel-wrapper swiper\" role=\"region\" aria-roledescription=\"carousel\" aria-label=\"\u56fe\u50cf\u8f6e\u64ad\" dir=\"ltr\">\n\t\t\t<div class=\"elementor-image-carousel swiper-wrapper\" aria-live=\"off\">\n\t\t\t\t\t\t\t\t<div class=\"swiper-slide\" role=\"group\" aria-roledescription=\"slide\" aria-label=\"1 de 4\" data-no-translation-aria-label=\"\"><figure class=\"swiper-slide-inner\"><img decoding=\"async\" class=\"swiper-slide-image\" src=\"https:\/\/ecocretefiber.com\/wp-content\/uploads\/2025\/10\/08550266241959.png\" alt=\"K\u0131rm\u0131z\u0131 pankartlarla pompaj depolamal\u0131 projede devreye alma t\u00f6reni\" \/><\/figure><\/div><div class=\"swiper-slide\" role=\"group\" aria-roledescription=\"slide\" aria-label=\"2 de 4\" data-no-translation-aria-label=\"\"><figure class=\"swiper-slide-inner\"><img decoding=\"async\" class=\"swiper-slide-image\" src=\"https:\/\/ecocretefiber.com\/wp-content\/uploads\/2025\/10\/94be8d25705f4e3ea49b61bdc81a6529-scaled.jpg\" alt=\"Hafriyat kaz\u0131s\u0131 ve saha \u00e7evresinde nakliye yollar\u0131 ile banklar\" \/><\/figure><\/div><div class=\"swiper-slide\" role=\"group\" aria-roledescription=\"slide\" aria-label=\"3 de 4\" data-no-translation-aria-label=\"\"><figure class=\"swiper-slide-inner\"><img decoding=\"async\" class=\"swiper-slide-image\" src=\"https:\/\/ecocretefiber.com\/wp-content\/uploads\/2025\/10\/08544417241959.png\" alt=\"Proje yak\u0131n\u0131ndaki ormanl\u0131k vadi ve alt rezervuar\" \/><\/figure><\/div><div class=\"swiper-slide\" role=\"group\" aria-roledescription=\"slide\" aria-label=\"4 de 4\" data-no-translation-aria-label=\"\"><figure class=\"swiper-slide-inner\"><img decoding=\"async\" class=\"swiper-slide-image\" src=\"https:\/\/ecocretefiber.com\/wp-content\/uploads\/2025\/10\/20250718144840514051.png\" alt=\"20250718144840514051\" \/><\/figure><\/div>\t\t\t<\/div>\n\t\t\t\t\t\t\t\t\t\t\t\t<div class=\"elementor-swiper-button elementor-swiper-button-prev\" role=\"button\" tabindex=\"0\">\n\t\t\t\t\t\t<svg aria-hidden=\"true\" class=\"e-font-icon-svg e-eicon-chevron-left\" viewbox=\"0 0 1000 1000\" xmlns=\"http:\/\/www.w3.org\/2000\/svg\"><path d=\"M646 125C629 125 613 133 604 142L308 442C296 454 292 471 292 487 292 504 296 521 308 533L604 854C617 867 629 875 646 875 663 875 679 871 692 858 704 846 713 829 713 812 713 796 708 779 692 767L438 487 692 225C700 217 708 204 708 187 708 171 704 154 692 142 675 129 663 125 646 125Z\"><\/path><\/svg>\t\t\t\t\t<\/div>\n\t\t\t\t\t<div class=\"elementor-swiper-button elementor-swiper-button-next\" role=\"button\" tabindex=\"0\">\n\t\t\t\t\t\t<svg aria-hidden=\"true\" class=\"e-font-icon-svg e-eicon-chevron-right\" viewbox=\"0 0 1000 1000\" xmlns=\"http:\/\/www.w3.org\/2000\/svg\"><path d=\"M696 533C708 521 713 504 713 487 713 471 708 454 696 446L400 146C388 133 375 125 354 125 338 125 325 129 313 142 300 154 292 171 292 187 292 204 296 221 308 233L563 492 304 771C292 783 288 800 288 817 288 833 296 850 308 863 321 871 338 875 354 875 371 875 388 867 400 854L696 533Z\"><\/path><\/svg>\t\t\t\t\t<\/div>\n\t\t\t\t\n\t\t\t\t\t\t\t\t\t<div class=\"swiper-pagination\"><\/div>\n\t\t\t\t\t\t\t\t\t<\/div>\n\t\t\t\t\t\t<\/div>\n\t\t\t\t<div class=\"elementor-element elementor-element-08c6484 elementor-invisible elementor-widget elementor-widget-text-editor\" data-id=\"08c6484\" data-element_type=\"widget\" data-e-type=\"widget\" data-settings=\"{&quot;_animation&quot;:&quot;fadeInUp&quot;}\" data-widget_type=\"text-editor.default\">\n\t\t\t\t\t\t\t\t\t<h3><strong>Daha S\u0131k\u0131 \u00c7atlaklar, Daha Y\u00fcksek Tokluk, Daha Az Bak\u0131m<\/strong><\/h3><p>\u0130n\u015faat ekipleri, s\u0131cakl\u0131k de\u011fi\u015fimlerinden sonra daha dar \u00e7atlak geni\u015flikleri, drenajlarda ve ankrajlarda daha temiz derz kenarlar\u0131 ve kret kaplamalar\u0131nda a\u015f\u0131nma direncinin artt\u0131\u011f\u0131n\u0131 bildirdi. Elyafla modifiye edilmi\u015f kesitler daha uzun bak\u0131m aral\u0131klar\u0131n\u0131 ve g\u00fcvenilir rezervuar i\u015fletimini destekler.<\/p>\t\t\t\t\t\t\t\t<\/div>\n\t\t\t\t\t<\/div>\n\t\t<\/div>\n\t\t\t\t<div class=\"elementor-column elementor-col-50 elementor-top-column elementor-element elementor-element-108741a2\" data-id=\"108741a2\" data-element_type=\"column\" data-e-type=\"column\">\n\t\t\t<div class=\"elementor-widget-wrap elementor-element-populated\">\n\t\t\t\t\t\t<div class=\"elementor-element elementor-element-71636037 elementor-invisible elementor-widget elementor-widget-heading\" data-id=\"71636037\" data-element_type=\"widget\" data-e-type=\"widget\" data-settings=\"{&quot;_animation&quot;:&quot;fadeInUp&quot;}\" data-widget_type=\"heading.default\">\n\t\t\t\t\t<h2 class=\"elementor-heading-title elementor-size-default\">Projeye Genel Bak\u0131\u015f<\/h2>\t\t\t\t<\/div>\n\t\t\t\t<div class=\"elementor-element elementor-element-5d4e0728 elementor-invisible elementor-widget elementor-widget-text-editor\" data-id=\"5d4e0728\" data-element_type=\"widget\" data-e-type=\"widget\" data-settings=\"{&quot;_animation&quot;:&quot;fadeInUp&quot;}\" data-widget_type=\"text-editor.default\">\n\t\t\t\t\t\t\t\t\t<p><strong>Baraj Kret ve Dolusavak \u00c7al\u0131\u015fmalar\u0131 i\u00e7in Sert, \u00c7atlamaya Dayan\u0131kl\u0131 Beton<\/strong><\/p>\n<p><b><\/b>Fengxin \u00fcst rezervuar\u0131, d\u00f6ng\u00fcsel su seviyelerine, s\u0131cakl\u0131k de\u011fi\u015fimlerine ve ara\u00e7 y\u00fcklerine maruz kalan baraj kret d\u00f6\u015femelerini, dolusavak oluklar\u0131n\u0131, yakla\u015f\u0131m kanallar\u0131n\u0131 ve bak\u0131m kaplamalar\u0131n\u0131 i\u00e7ermektedir. B\u00fcz\u00fclme\/s\u0131cakl\u0131k \u00e7atlamas\u0131n\u0131 s\u0131n\u0131rlamak ve korozyon riski olmadan yap\u0131sal tokluk eklemek i\u00e7in kar\u0131\u015f\u0131mda Ecocrete\u2122 PP Makro \u201c\u00c7elik Benzeri\u201d Elyaf kullan\u0131lm\u0131\u015ft\u0131r. Kabartmal\u0131 makro teller, daha geni\u015f \u00e7atlaklar\u0131 k\u00f6pr\u00fcleyen, darbe\/a\u015f\u0131nma direncini art\u0131ran ve \u0131slak-kuru ortamlarda uzun hizmet \u00f6mr\u00fcn\u00fc destekleyen birbirine kenetlenen bir a\u011f olu\u015fturur.<\/p>\t\t\t\t\t\t\t\t<\/div>\n\t\t\t\t<div class=\"elementor-element elementor-element-26d8de8b elementor-widget-mobile__width-inherit elementor-icon-list--layout-traditional elementor-list-item-link-full_width elementor-invisible elementor-widget elementor-widget-icon-list\" data-id=\"26d8de8b\" data-element_type=\"widget\" data-e-type=\"widget\" data-settings=\"{&quot;_animation&quot;:&quot;fadeInUp&quot;}\" data-widget_type=\"icon-list.default\">\n\t\t\t\t\t\t\t<ul class=\"elementor-icon-list-items\">\n\t\t\t\t\t\t\t<li class=\"elementor-icon-list-item\">\n\t\t\t\t\t\t\t\t\t\t\t<span class=\"elementor-icon-list-icon\">\n\t\t\t\t\t\t\t<i aria-hidden=\"true\" class=\"icon icon-apartment1\"><\/i>\t\t\t\t\t\t<\/span>\n\t\t\t\t\t\t\t\t\t\t<span class=\"elementor-icon-list-text\">Uygulama: baraj kret\/y\u00fczey plakalar\u0131, dolusavak ve oluk betonu, yakla\u015f\u0131m kanallar\u0131, bak\u0131m kaplamalar\u0131, ankraj b\u00f6lgeleri<\/span>\n\t\t\t\t\t\t\t\t\t<\/li>\n\t\t\t\t\t\t\t\t<li class=\"elementor-icon-list-item\">\n\t\t\t\t\t\t\t\t\t\t\t<span class=\"elementor-icon-list-icon\">\n\t\t\t\t\t\t\t<i aria-hidden=\"true\" class=\"icon icon-calendar3\"><\/i>\t\t\t\t\t\t<\/span>\n\t\t\t\t\t\t\t\t\t\t<span class=\"elementor-icon-list-text\">Elyaf tipi: Ecocrete\u2122 PP Makro (\u00e7elik benzeri) Elyaf (tipik uzunluk 38-54 mm)<\/span>\n\t\t\t\t\t\t\t\t\t<\/li>\n\t\t\t\t\t\t\t\t<li class=\"elementor-icon-list-item\">\n\t\t\t\t\t\t\t\t\t\t\t<span class=\"elementor-icon-list-icon\">\n\t\t\t\t\t\t\t<i aria-hidden=\"true\" class=\"icon icon-user\"><\/i>\t\t\t\t\t\t<\/span>\n\t\t\t\t\t\t\t\t\t\t<span class=\"elementor-icon-list-text\">Tipik dozaj: 3.0-6.0 kg\/m\u00b3 (kesit kal\u0131nl\u0131\u011f\u0131na ve tasar\u0131ma g\u00f6re optimize edin)<\/span>\n\t\t\t\t\t\t\t\t\t<\/li>\n\t\t\t\t\t\t\t\t<li class=\"elementor-icon-list-item\">\n\t\t\t\t\t\t\t\t\t\t\t<span class=\"elementor-icon-list-icon\">\n\t\t\t\t\t\t\t<i aria-hidden=\"true\" class=\"icon icon-map-marker1\"><\/i>\t\t\t\t\t\t<\/span>\n\t\t\t\t\t\t\t\t\t\t<span class=\"elementor-icon-list-text\">Faydalar\u0131: s\u0131cakl\u0131k\/b\u00fcz\u00fclme \u00e7atlak kontrol\u00fc, art\u0131r\u0131lm\u0131\u015f \u00e7atlak sonras\u0131 y\u00fck kapasitesi, geli\u015ftirilmi\u015f kenar dayan\u0131kl\u0131l\u0131\u011f\u0131, \u00e7elik mikro fiberlere a\u015f\u0131nd\u0131r\u0131c\u0131 olmayan alternatif<\/span>\n\t\t\t\t\t\t\t\t\t<\/li>\n\t\t\t\t\t\t<\/ul>\n\t\t\t\t\t\t<\/div>\n\t\t\t\t<div class=\"elementor-element elementor-element-b951669 elementor-widget elementor-widget-button\" data-id=\"b951669\" data-element_type=\"widget\" data-e-type=\"widget\" data-widget_type=\"button.default\">\n\t\t\t\t\t\t\t\t\t\t<a class=\"elementor-button elementor-button-link elementor-size-sm\" href=\"#elementor-action%3Aaction%3Dpopup%3Aopen%26settings%3DeyJpZCI6IjI0OSIsInRvZ2dsZSI6ZmFsc2V9\">\n\t\t\t\t\t\t<span class=\"elementor-button-content-wrapper\">\n\t\t\t\t\t\t\t\t\t<span class=\"elementor-button-text\">\u0130leti\u015fim<\/span>\n\t\t\t\t\t<\/span>\n\t\t\t\t\t<\/a>\n\t\t\t\t\t\t\t\t<\/div>\n\t\t\t\t\t<\/div>\n\t\t<\/div>\n\t\t\t\t\t<\/div>\n\t\t<\/section>\n\t\t\t\t<\/div>","protected":false},"excerpt":{"rendered":"<p>project Fengxin Pumped-Storage Power Station Crack control &amp; toughness with Ecocrete\u2122 PP Macro \u201cSteel-Like\u201d Fiber Challenges &amp; Solution Cyclic Wet\u2013Dry, Thermal Gradients, Heavy Maintenance Traffic \u2014 Managed Water-level cycling &amp; drying: Macro PP fibers limit crack widths formed by restraint and temperature swings, helping keep surfaces tight and serviceable. Impact &amp; abrasion: Added toughness resists [&hellip;]<\/p>","protected":false},"author":1,"featured_media":0,"parent":108,"menu_order":0,"comment_status":"closed","ping_status":"closed","template":"elementor_header_footer","meta":{"footnotes":""},"class_list":["post-754","page","type-page","status-publish","hentry"],"_links":{"self":[{"href":"https:\/\/ecocretefiber.com\/tr\/wp-json\/wp\/v2\/pages\/754","targetHints":{"allow":["GET"]}}],"collection":[{"href":"https:\/\/ecocretefiber.com\/tr\/wp-json\/wp\/v2\/pages"}],"about":[{"href":"https:\/\/ecocretefiber.com\/tr\/wp-json\/wp\/v2\/types\/page"}],"author":[{"embeddable":true,"href":"https:\/\/ecocretefiber.com\/tr\/wp-json\/wp\/v2\/users\/1"}],"replies":[{"embeddable":true,"href":"https:\/\/ecocretefiber.com\/tr\/wp-json\/wp\/v2\/comments?post=754"}],"version-history":[{"count":8,"href":"https:\/\/ecocretefiber.com\/tr\/wp-json\/wp\/v2\/pages\/754\/revisions"}],"predecessor-version":[{"id":1587,"href":"https:\/\/ecocretefiber.com\/tr\/wp-json\/wp\/v2\/pages\/754\/revisions\/1587"}],"up":[{"embeddable":true,"href":"https:\/\/ecocretefiber.com\/tr\/wp-json\/wp\/v2\/pages\/108"}],"wp:attachment":[{"href":"https:\/\/ecocretefiber.com\/tr\/wp-json\/wp\/v2\/media?parent=754"}],"curies":[{"name":"wp","href":"https:\/\/api.w.org\/{rel}","templated":true}]}}