{"id":766,"date":"2025-10-07T03:47:01","date_gmt":"2025-10-07T03:47:01","guid":{"rendered":"https:\/\/ecocretefiber.com\/?page_id=766"},"modified":"2025-10-28T14:06:58","modified_gmt":"2025-10-28T14:06:58","slug":"royal-garden-garaj-zemi%cc%87ni%cc%87","status":"publish","type":"page","link":"https:\/\/ecocretefiber.com\/tr\/projeler\/royal-garden-garaj-zemi%cc%87ni%cc%87\/","title":{"rendered":"Royal Garden Garage Floor"},"content":{"rendered":"<div data-elementor-type=\"wp-page\" data-elementor-id=\"766\" class=\"elementor elementor-766\" data-elementor-post-type=\"page\">\n\t\t\t\t\t\t<section class=\"elementor-section elementor-top-section elementor-element elementor-element-1d68fafc elementor-reverse-mobile elementor-section-boxed elementor-section-height-default elementor-section-height-default elementor-invisible\" data-id=\"1d68fafc\" data-element_type=\"section\" data-e-type=\"section\" data-settings=\"{&quot;background_background&quot;:&quot;classic&quot;,&quot;animation&quot;:&quot;fadeIn&quot;}\">\n\t\t\t\t\t\t\t<div class=\"elementor-background-overlay\"><\/div>\n\t\t\t\t\t\t\t<div class=\"elementor-container elementor-column-gap-default\">\n\t\t\t\t\t<div class=\"elementor-column elementor-col-100 elementor-top-column elementor-element elementor-element-3112ee69\" data-id=\"3112ee69\" data-element_type=\"column\" data-e-type=\"column\">\n\t\t\t<div class=\"elementor-widget-wrap elementor-element-populated\">\n\t\t\t\t\t\t<div class=\"elementor-element elementor-element-6400f3f9 elementor-icon-list--layout-inline elementor-list-item-link-inline elementor-align-center elementor-mobile-align-center elementor-invisible elementor-widget elementor-widget-icon-list\" data-id=\"6400f3f9\" data-element_type=\"widget\" data-e-type=\"widget\" data-settings=\"{&quot;_animation&quot;:&quot;fadeInUp&quot;}\" data-widget_type=\"icon-list.default\">\n\t\t\t\t\t\t\t<ul class=\"elementor-icon-list-items elementor-inline-items\">\n\t\t\t\t\t\t\t<li class=\"elementor-icon-list-item elementor-inline-item\">\n\t\t\t\t\t\t\t\t\t\t\t<span class=\"elementor-icon-list-icon\">\n\t\t\t\t\t\t\t<i aria-hidden=\"true\" class=\"icon icon-safety\"><\/i>\t\t\t\t\t\t<\/span>\n\t\t\t\t\t\t\t\t\t\t<span class=\"elementor-icon-list-text\">proje<\/span>\n\t\t\t\t\t\t\t\t\t<\/li>\n\t\t\t\t\t\t<\/ul>\n\t\t\t\t\t\t<\/div>\n\t\t\t\t<div class=\"elementor-element elementor-element-60dd54a9 elementor-invisible elementor-widget elementor-widget-heading\" data-id=\"60dd54a9\" data-element_type=\"widget\" data-e-type=\"widget\" data-settings=\"{&quot;_animation&quot;:&quot;fadeInUp&quot;}\" data-widget_type=\"heading.default\">\n\t\t\t\t\t<h1 class=\"elementor-heading-title elementor-size-default\">Renhe - Kraliyet Bah\u00e7esi - Kapal\u0131 Otopark Kat\u0131<\/h1>\t\t\t\t<\/div>\n\t\t\t\t<div class=\"elementor-element elementor-element-1de6a4e5 elementor-widget__width-initial elementor-invisible elementor-widget elementor-widget-text-editor\" data-id=\"1de6a4e5\" data-element_type=\"widget\" data-e-type=\"widget\" data-settings=\"{&quot;_animation&quot;:&quot;fadeInUp&quot;}\" data-widget_type=\"text-editor.default\">\n\t\t\t\t\t\t\t\t\t<p>Ecocrete\u2122 Gri B\u00fck\u00fclm\u00fc\u015f Demet PP Elyaf ile \u00e7atlamaya dayan\u0131kl\u0131, sa\u011flam zeminler<\/p>\t\t\t\t\t\t\t\t<\/div>\n\t\t\t\t\t<\/div>\n\t\t<\/div>\n\t\t\t\t\t<\/div>\n\t\t<\/section>\n\t\t\t\t<section class=\"elementor-section elementor-top-section elementor-element elementor-element-5000161d elementor-section-boxed elementor-section-height-default elementor-section-height-default\" data-id=\"5000161d\" data-element_type=\"section\" data-e-type=\"section\">\n\t\t\t\t\t\t<div class=\"elementor-container elementor-column-gap-default\">\n\t\t\t\t\t<div class=\"elementor-column elementor-col-50 elementor-top-column elementor-element elementor-element-26123f6b\" data-id=\"26123f6b\" data-element_type=\"column\" data-e-type=\"column\">\n\t\t\t<div class=\"elementor-widget-wrap elementor-element-populated\">\n\t\t\t\t\t\t<div class=\"elementor-element elementor-element-2128813b elementor-invisible elementor-widget elementor-widget-image\" data-id=\"2128813b\" data-element_type=\"widget\" data-e-type=\"widget\" data-settings=\"{&quot;_animation&quot;:&quot;fadeInUp&quot;}\" data-widget_type=\"image.default\">\n\t\t\t\t\t\t\t\t\t\t\t\t\t\t\t<img fetchpriority=\"high\" decoding=\"async\" width=\"2560\" height=\"1709\" src=\"https:\/\/ecocretefiber.com\/wp-content\/uploads\/2025\/10\/the-underground-garage-2025-03-14-21-13-13-utc-scaled.jpg\" class=\"attachment-full size-full wp-image-768\" alt=\"Sprinkler\/MEP borular\u0131 ve temiz testere ile kesilmi\u015f ba\u011flant\u0131lar\u0131 olan kapal\u0131 otopark \u015feritleri\" srcset=\"https:\/\/ecocretefiber.com\/wp-content\/uploads\/2025\/10\/the-underground-garage-2025-03-14-21-13-13-utc-scaled.jpg 2560w, https:\/\/ecocretefiber.com\/wp-content\/uploads\/2025\/10\/the-underground-garage-2025-03-14-21-13-13-utc-300x200.jpg 300w, https:\/\/ecocretefiber.com\/wp-content\/uploads\/2025\/10\/the-underground-garage-2025-03-14-21-13-13-utc-1024x683.jpg 1024w, https:\/\/ecocretefiber.com\/wp-content\/uploads\/2025\/10\/the-underground-garage-2025-03-14-21-13-13-utc-768x513.jpg 768w, https:\/\/ecocretefiber.com\/wp-content\/uploads\/2025\/10\/the-underground-garage-2025-03-14-21-13-13-utc-1536x1025.jpg 1536w, https:\/\/ecocretefiber.com\/wp-content\/uploads\/2025\/10\/the-underground-garage-2025-03-14-21-13-13-utc-2048x1367.jpg 2048w\" sizes=\"(max-width: 2560px) 100vw, 2560px\" \/>\t\t\t\t\t\t\t\t\t\t\t\t\t\t\t<\/div>\n\t\t\t\t<div class=\"elementor-element elementor-element-12a636f3 elementor-invisible elementor-widget elementor-widget-heading\" data-id=\"12a636f3\" data-element_type=\"widget\" data-e-type=\"widget\" data-settings=\"{&quot;_animation&quot;:&quot;fadeInUp&quot;}\" data-widget_type=\"heading.default\">\n\t\t\t\t\t<h2 class=\"elementor-heading-title elementor-size-default\">Zorluklar ve \u00c7\u00f6z\u00fcmler<\/h2>\t\t\t\t<\/div>\n\t\t\t\t<div class=\"elementor-element elementor-element-36c7b028 elementor-invisible elementor-widget elementor-widget-text-editor\" data-id=\"36c7b028\" data-element_type=\"widget\" data-e-type=\"widget\" data-settings=\"{&quot;_animation&quot;:&quot;fadeInUp&quot;}\" data-widget_type=\"text-editor.default\">\n\t\t\t\t\t\t\t\t\t<h3><strong>B\u00fcz\u00fclme, K\u0131vr\u0131lma, Lastik A\u015f\u0131nmas\u0131 - Y\u00f6netilen<\/strong><\/h3><p>Erken ya\u015fta b\u00fcz\u00fclme: B\u00fck\u00fclm\u00fc\u015f Bundle makro PP elyaflar gerilimleri da\u011f\u0131t\u0131r ve k\u00fcrleme s\u0131ras\u0131nda \u00e7atlak olu\u015fumunu s\u0131n\u0131rlar.<\/p><p>Kenar dayan\u0131kl\u0131l\u0131\u011f\u0131: Eklenen sa\u011flaml\u0131k, ba\u011flant\u0131 arrislerini, rampa d\u00f6n\u00fc\u015flerini ve kolon pedi k\u00f6\u015felerini darbe ve direksiyon y\u00fcklerinden korur.<\/p><p>A\u015f\u0131nma ve lekelenme: Makro elyaflar a\u015f\u0131nma direncini art\u0131r\u0131r; y\u00fczey yo\u011funla\u015ft\u0131r\u0131c\u0131lar\/m\u00fch\u00fcrleyiciler (ayr\u0131ca belirtilir) toz kontrol\u00fcn\u00fc ve leke direncini sa\u011flar.<\/p><p>Bak\u0131m: A\u015f\u0131nd\u0131r\u0131c\u0131 olmayan elyaflar paslanmaya ba\u011fl\u0131 d\u00f6k\u00fclmeleri azalt\u0131r; daha az kozmetik yama, m\u00fclk y\u00f6neticisi i\u00e7in daha d\u00fc\u015f\u00fck ya\u015fam d\u00f6ng\u00fcs\u00fc maliyetleri anlam\u0131na gelir.<\/p>\t\t\t\t\t\t\t\t<\/div>\n\t\t\t\t<div class=\"elementor-element elementor-element-47cb1168 elementor-arrows-position-inside elementor-pagination-position-outside elementor-invisible elementor-widget elementor-widget-image-carousel\" data-id=\"47cb1168\" data-element_type=\"widget\" data-e-type=\"widget\" data-settings=\"{&quot;slides_to_show&quot;:&quot;1&quot;,&quot;slides_to_show_tablet&quot;:&quot;2&quot;,&quot;slides_to_show_mobile&quot;:&quot;1&quot;,&quot;_animation_mobile&quot;:&quot;fadeInUp&quot;,&quot;_animation&quot;:&quot;fadeInUp&quot;,&quot;navigation&quot;:&quot;both&quot;,&quot;autoplay&quot;:&quot;yes&quot;,&quot;pause_on_hover&quot;:&quot;yes&quot;,&quot;pause_on_interaction&quot;:&quot;yes&quot;,&quot;autoplay_speed&quot;:5000,&quot;infinite&quot;:&quot;yes&quot;,&quot;effect&quot;:&quot;slide&quot;,&quot;speed&quot;:500}\" data-widget_type=\"image-carousel.default\">\n\t\t\t\t\t\t\t<div class=\"elementor-image-carousel-wrapper swiper\" role=\"region\" aria-roledescription=\"carousel\" aria-label=\"\u56fe\u50cf\u8f6e\u64ad\" dir=\"ltr\">\n\t\t\t<div class=\"elementor-image-carousel swiper-wrapper\" aria-live=\"off\">\n\t\t\t\t\t\t\t\t<div class=\"swiper-slide\" role=\"group\" aria-roledescription=\"slide\" aria-label=\"1 \/ 4\"><figure class=\"swiper-slide-inner\"><img decoding=\"async\" class=\"swiper-slide-image\" src=\"https:\/\/ecocretefiber.com\/wp-content\/uploads\/2025\/10\/the-underground-garage-2025-03-17-14-35-32-utc-scaled.jpg\" alt=\"Bir otopark bodrumunda k\u0131rm\u0131z\u0131\/mavi MEP \u00e7izgileri alt\u0131nda kolon \u0131zgaras\u0131 ve s\u00fcr\u00fc\u015f koridoru\" \/><\/figure><\/div><div class=\"swiper-slide\" role=\"group\" aria-roledescription=\"slide\" aria-label=\"2\/4\"><figure class=\"swiper-slide-inner\"><img decoding=\"async\" class=\"swiper-slide-image\" src=\"https:\/\/ecocretefiber.com\/wp-content\/uploads\/2025\/10\/the-underground-garage-2025-03-16-09-12-27-utc-scaled.jpg\" alt=\"Genle\u015fme derzleri ve A b\u00f6lgesi i\u015faretlemeleri, parlak ayd\u0131nlatma ile park g\u00fcvertesi\" \/><\/figure><\/div><div class=\"swiper-slide\" role=\"group\" aria-roledescription=\"slide\" aria-label=\"3\/4\"><figure class=\"swiper-slide-inner\"><img decoding=\"async\" class=\"swiper-slide-image\" src=\"https:\/\/ecocretefiber.com\/wp-content\/uploads\/2025\/10\/the-underground-garage-2025-03-15-23-07-10-utc-scaled.jpg\" alt=\"Keskin \u015feritleme ve tek tip zemin kaplamas\u0131 ile geni\u015f park alan\u0131\" \/><\/figure><\/div><div class=\"swiper-slide\" role=\"group\" aria-roledescription=\"slide\" aria-label=\"4 \/ 4\"><figure class=\"swiper-slide-inner\"><img decoding=\"async\" class=\"swiper-slide-image\" src=\"https:\/\/ecocretefiber.com\/wp-content\/uploads\/2025\/10\/the-underground-garage-2025-03-15-00-53-40-utc-scaled.jpg\" alt=\"S\u00fcr\u00fc\u015f koridorlar\u0131 ve koruyucu s\u00fctunlara sahip yeralt\u0131 garaj\u0131, su ge\u00e7irmez zemin\" \/><\/figure><\/div>\t\t\t<\/div>\n\t\t\t\t\t\t\t\t\t\t\t\t<div class=\"elementor-swiper-button elementor-swiper-button-prev\" role=\"button\" tabindex=\"0\">\n\t\t\t\t\t\t<svg aria-hidden=\"true\" class=\"e-font-icon-svg e-eicon-chevron-left\" viewbox=\"0 0 1000 1000\" xmlns=\"http:\/\/www.w3.org\/2000\/svg\"><path d=\"M646 125C629 125 613 133 604 142L308 442C296 454 292 471 292 487 292 504 296 521 308 533L604 854C617 867 629 875 646 875 663 875 679 871 692 858 704 846 713 829 713 812 713 796 708 779 692 767L438 487 692 225C700 217 708 204 708 187 708 171 704 154 692 142 675 129 663 125 646 125Z\"><\/path><\/svg>\t\t\t\t\t<\/div>\n\t\t\t\t\t<div class=\"elementor-swiper-button elementor-swiper-button-next\" role=\"button\" tabindex=\"0\">\n\t\t\t\t\t\t<svg aria-hidden=\"true\" class=\"e-font-icon-svg e-eicon-chevron-right\" viewbox=\"0 0 1000 1000\" xmlns=\"http:\/\/www.w3.org\/2000\/svg\"><path d=\"M696 533C708 521 713 504 713 487 713 471 708 454 696 446L400 146C388 133 375 125 354 125 338 125 325 129 313 142 300 154 292 171 292 187 292 204 296 221 308 233L563 492 304 771C292 783 288 800 288 817 288 833 296 850 308 863 321 871 338 875 354 875 371 875 388 867 400 854L696 533Z\"><\/path><\/svg>\t\t\t\t\t<\/div>\n\t\t\t\t\n\t\t\t\t\t\t\t\t\t<div class=\"swiper-pagination\"><\/div>\n\t\t\t\t\t\t\t\t\t<\/div>\n\t\t\t\t\t\t<\/div>\n\t\t\t\t<div class=\"elementor-element elementor-element-08c6484 elementor-invisible elementor-widget elementor-widget-text-editor\" data-id=\"08c6484\" data-element_type=\"widget\" data-e-type=\"widget\" data-settings=\"{&quot;_animation&quot;:&quot;fadeInUp&quot;}\" data-widget_type=\"text-editor.default\">\n\t\t\t\t\t\t\t\t\t<h3><strong>S\u0131k\u0131 \u00c7atlaklar, Gevrek Eklemler, D\u00fc\u015f\u00fck Bak\u0131m<\/strong><\/h3><p>Yerle\u015ftirme sonras\u0131 yap\u0131lan incelemelerde dar \u00e7atlak geni\u015flikleri, s\u00fcr\u00fc\u015f \u015feritleri ve rampalar boyunca keskin ba\u011flant\u0131 kenarlar\u0131 ve lastik s\u00fcrt\u00fcnmesine kar\u015f\u0131 iyile\u015ftirilmi\u015f y\u00fczey dayan\u0131kl\u0131l\u0131\u011f\u0131 kaydedildi. Fiber \u00e7\u00f6z\u00fcm, daha uzun bak\u0131m aral\u0131klar\u0131n\u0131 ve b\u00f6lge sakinleri ve ziyaret\u00e7iler i\u00e7in tutarl\u0131 bir g\u00f6r\u00fcn\u00fcm\u00fc desteklemektedir.<\/p>\t\t\t\t\t\t\t\t<\/div>\n\t\t\t\t\t<\/div>\n\t\t<\/div>\n\t\t\t\t<div class=\"elementor-column elementor-col-50 elementor-top-column elementor-element elementor-element-108741a2\" data-id=\"108741a2\" data-element_type=\"column\" data-e-type=\"column\">\n\t\t\t<div class=\"elementor-widget-wrap elementor-element-populated\">\n\t\t\t\t\t\t<div class=\"elementor-element elementor-element-71636037 elementor-invisible elementor-widget elementor-widget-heading\" data-id=\"71636037\" data-element_type=\"widget\" data-e-type=\"widget\" data-settings=\"{&quot;_animation&quot;:&quot;fadeInUp&quot;}\" data-widget_type=\"heading.default\">\n\t\t\t\t\t<h2 class=\"elementor-heading-title elementor-size-default\">Projeye Genel Bak\u0131\u015f<\/h2>\t\t\t\t<\/div>\n\t\t\t\t<div class=\"elementor-element elementor-element-5d4e0728 elementor-invisible elementor-widget elementor-widget-text-editor\" data-id=\"5d4e0728\" data-element_type=\"widget\" data-e-type=\"widget\" data-settings=\"{&quot;_animation&quot;:&quot;fadeInUp&quot;}\" data-widget_type=\"text-editor.default\">\n\t\t\t\t\t\t\t\t\t<p><strong>G\u00fcnl\u00fck Trafik i\u00e7in Daha Temiz Derzler ve Daha Sert Y\u00fczeyler<\/strong><\/p>\n<p>Renhe - Royal Garden'daki yeralt\u0131 park yap\u0131s\u0131, s\u00fcrekli lastik a\u015f\u0131nmas\u0131, ara s\u0131ra olu\u015fan noktasal y\u00fckler ve havaland\u0131rma d\u00f6ng\u00fclerinden kaynaklanan s\u0131cakl\u0131k de\u011fi\u015fimleri alt\u0131nda uzun \u00f6m\u00fcrl\u00fc, az bak\u0131m gerektiren beton zeminler gerektirmektedir. Plastik b\u00fcz\u00fclmesini azaltmak ve korozyon riski olmadan \u00e7atlak sonras\u0131 tokluk eklemek i\u00e7in kar\u0131\u015f\u0131mda, matrise kilitlenen mente\u015fe-kaburga profiline sahip makro sentetik bir elyaf olan Ecocrete\u2122 Gri B\u00fck\u00fclm\u00fc\u015f Demet PP Elyaf kullan\u0131lm\u0131\u015ft\u0131r. Birbirine kenetlenen a\u011f, b\u00fcz\u00fclme\/s\u0131cakl\u0131k \u00e7atlaklar\u0131n\u0131 kontrol etmeye yard\u0131mc\u0131 olur, derz arrislerini korur ve darbe ve a\u015f\u0131nma direncini art\u0131r\u0131r.<\/p>\t\t\t\t\t\t\t\t<\/div>\n\t\t\t\t<div class=\"elementor-element elementor-element-26d8de8b elementor-widget-mobile__width-inherit elementor-icon-list--layout-traditional elementor-list-item-link-full_width elementor-invisible elementor-widget elementor-widget-icon-list\" data-id=\"26d8de8b\" data-element_type=\"widget\" data-e-type=\"widget\" data-settings=\"{&quot;_animation&quot;:&quot;fadeInUp&quot;}\" data-widget_type=\"icon-list.default\">\n\t\t\t\t\t\t\t<ul class=\"elementor-icon-list-items\">\n\t\t\t\t\t\t\t<li class=\"elementor-icon-list-item\">\n\t\t\t\t\t\t\t\t\t\t\t<span class=\"elementor-icon-list-icon\">\n\t\t\t\t\t\t\t<i aria-hidden=\"true\" class=\"icon icon-apartment1\"><\/i>\t\t\t\t\t\t<\/span>\n\t\t\t\t\t\t\t\t\t\t<span class=\"elementor-icon-list-text\">Uygulama: asma ve yer \u00fcst\u00fc garaj d\u00f6\u015femeleri, rampalar, derz kenarlar\u0131, kolon yast\u0131klar\u0131<\/span>\n\t\t\t\t\t\t\t\t\t<\/li>\n\t\t\t\t\t\t\t\t<li class=\"elementor-icon-list-item\">\n\t\t\t\t\t\t\t\t\t\t\t<span class=\"elementor-icon-list-icon\">\n\t\t\t\t\t\t\t<i aria-hidden=\"true\" class=\"icon icon-calendar3\"><\/i>\t\t\t\t\t\t<\/span>\n\t\t\t\t\t\t\t\t\t\t<span class=\"elementor-icon-list-text\">Elyaf tipi: Ecocrete\u2122 Gri B\u00fck\u00fcml\u00fc Demet PP Elyaf (tip. uzunluk 38-54 mm)<\/span>\n\t\t\t\t\t\t\t\t\t<\/li>\n\t\t\t\t\t\t\t\t<li class=\"elementor-icon-list-item\">\n\t\t\t\t\t\t\t\t\t\t\t<span class=\"elementor-icon-list-icon\">\n\t\t\t\t\t\t\t<i aria-hidden=\"true\" class=\"icon icon-user\"><\/i>\t\t\t\t\t\t<\/span>\n\t\t\t\t\t\t\t\t\t\t<span class=\"elementor-icon-list-text\">Tipik dozaj: 3.0-5.0 kg\/m\u00b3 (d\u00f6\u015feme kal\u0131nl\u0131\u011f\u0131na, derz aral\u0131\u011f\u0131na ve y\u00fcke g\u00f6re ayarlay\u0131n)<\/span>\n\t\t\t\t\t\t\t\t\t<\/li>\n\t\t\t\t\t\t\t\t<li class=\"elementor-icon-list-item\">\n\t\t\t\t\t\t\t\t\t\t\t<span class=\"elementor-icon-list-icon\">\n\t\t\t\t\t\t\t<i aria-hidden=\"true\" class=\"icon icon-map-marker1\"><\/i>\t\t\t\t\t\t<\/span>\n\t\t\t\t\t\t\t\t\t\t<span class=\"elementor-icon-list-text\">Faydalar\u0131: daha dar \u00e7atlak geni\u015flikleri, daha y\u00fcksek tokluk, daha temiz testere kesimleri, korozif olmayan dayan\u0131kl\u0131l\u0131k<\/span>\n\t\t\t\t\t\t\t\t\t<\/li>\n\t\t\t\t\t\t<\/ul>\n\t\t\t\t\t\t<\/div>\n\t\t\t\t<div class=\"elementor-element elementor-element-b951669 elementor-widget elementor-widget-button\" data-id=\"b951669\" data-element_type=\"widget\" data-e-type=\"widget\" data-widget_type=\"button.default\">\n\t\t\t\t\t\t\t\t\t\t<a class=\"elementor-button elementor-button-link elementor-size-sm\" href=\"#\">\n\t\t\t\t\t\t<span class=\"elementor-button-content-wrapper\">\n\t\t\t\t\t\t\t\t\t<span class=\"elementor-button-text\">\u0130leti\u015fim<\/span>\n\t\t\t\t\t<\/span>\n\t\t\t\t\t<\/a>\n\t\t\t\t\t\t\t\t<\/div>\n\t\t\t\t\t<\/div>\n\t\t<\/div>\n\t\t\t\t\t<\/div>\n\t\t<\/section>\n\t\t\t\t<\/div>","protected":false},"excerpt":{"rendered":"<p>project Renhe \u2022 Royal Garden \u2013 Parking Garage Floor Crack-resistant, tough floors with Ecocrete\u2122 Gray Twisted Bundle PP Fiber Challenges &amp; Solution Shrinkage, Curling, Tire Abrasion \u2014 Managed Early-age shrinkage:Twisted Bundle macro PP fibers distribute stresses and limit crack initiation during curing. Edge durability: Added toughness protects joint arrises, ramp turns, and column pad corners [&hellip;]<\/p>","protected":false},"author":1,"featured_media":0,"parent":108,"menu_order":0,"comment_status":"closed","ping_status":"closed","template":"elementor_header_footer","meta":{"footnotes":""},"class_list":["post-766","page","type-page","status-publish","hentry"],"_links":{"self":[{"href":"https:\/\/ecocretefiber.com\/tr\/wp-json\/wp\/v2\/pages\/766","targetHints":{"allow":["GET"]}}],"collection":[{"href":"https:\/\/ecocretefiber.com\/tr\/wp-json\/wp\/v2\/pages"}],"about":[{"href":"https:\/\/ecocretefiber.com\/tr\/wp-json\/wp\/v2\/types\/page"}],"author":[{"embeddable":true,"href":"https:\/\/ecocretefiber.com\/tr\/wp-json\/wp\/v2\/users\/1"}],"replies":[{"embeddable":true,"href":"https:\/\/ecocretefiber.com\/tr\/wp-json\/wp\/v2\/comments?post=766"}],"version-history":[{"count":11,"href":"https:\/\/ecocretefiber.com\/tr\/wp-json\/wp\/v2\/pages\/766\/revisions"}],"predecessor-version":[{"id":1600,"href":"https:\/\/ecocretefiber.com\/tr\/wp-json\/wp\/v2\/pages\/766\/revisions\/1600"}],"up":[{"embeddable":true,"href":"https:\/\/ecocretefiber.com\/tr\/wp-json\/wp\/v2\/pages\/108"}],"wp:attachment":[{"href":"https:\/\/ecocretefiber.com\/tr\/wp-json\/wp\/v2\/media?parent=766"}],"curies":[{"name":"wp","href":"https:\/\/api.w.org\/{rel}","templated":true}]}}